{"id":945,"date":"2021-09-14T18:18:20","date_gmt":"2021-09-14T18:18:20","guid":{"rendered":"https:\/\/tecnoglobalgt.com\/es\/?post_type=product&#038;p=945"},"modified":"2025-09-13T18:32:39","modified_gmt":"2025-09-13T18:32:39","slug":"teclado-esencial-klip-xtreme-kks-050s","status":"publish","type":"product","link":"https:\/\/tecnoglobalgt.com\/es\/product\/teclado-esencial-klip-xtreme-kks-050s\/","title":{"rendered":"Teclado esencial Klip Xtreme KKS-050S"},"content":{"rendered":"<p>El teclado KKS-050S de Klip Xtreme\u00ae es perfecto para todas tus necesidades b\u00e1sicas de mecanograf\u00eda, con calidad y durabilidad garantizadas. Simplemente con\u00e9ctalo para empezar a usarlo: no es necesario perder tiempo con una configuraci\u00f3n ni instalaci\u00f3n complicada. El dise\u00f1o delgado facilita el transporte y uso del teclado donde quieras que vayas. Material de larga duraci\u00f3n y resistente al agua lo protege de los efectos de derrames y accidentes. Su estilo elegante y color negro azabache realza cualquier espacio de trabajo en tu hogar u oficina. \u00a1Complementa tu PC o port\u00e1til con este pr\u00e1ctico teclado, y comienza a digitar de inmediato!<\/p>\n<ul>\n<li>Toda la precisi\u00f3n de un teclado dise\u00f1ado con las especificaciones t\u00e9cnicas que garantizan duraci\u00f3n y calidad<\/li>\n<li>Dise\u00f1o delgado: funcionalidad y conveniencia.<\/li>\n<li>Durable, resistente a derrame de l\u00edquidos: proteja su teclado de derrames y salpicaduras accidentales<\/li>\n<li>Sin complicaciones: conecte y use. No pierda tiempo con configuraciones complejas<\/li>\n<li>Elegante estilo en color negro para realzar su espacio de trabajo en el hogar o en la oficina<\/li>\n<\/ul>\n","protected":false},"excerpt":{"rendered":"<h6 class=\"font-weight-bolder d-inline-block pl-2\">Especificaciones<\/h6>\n<hr \/>\n<div>\n<ul>\n<li>Tipo: Teclado de tama\u00f1o natural en ingles<\/li>\n<li>N\u00famero de controles: 103 teclas est\u00e1ndar<\/li>\n<li>Conectividad: USB<\/li>\n<li>Peso neto: 520 +\/-20g<\/li>\n<li>Dimensiones: 44,4&#215;16,7&#215;2,2cm<\/li>\n<li>Compatibilidad: Windows\u00ae XP, Vista y Windows\u00ae 7<\/li>\n<li>Color: Negro<\/li>\n<\/ul>\n<\/div>\n","protected":false},"featured_media":946,"comment_status":"open","ping_status":"closed","template":"","meta":[],"product_cat":[173,175],"product_tag":[],"class_list":{"0":"post-945","1":"product","2":"type-product","3":"status-publish","4":"has-post-thumbnail","6":"product_cat-perifericos","7":"product_cat-teclados","9":"first","10":"outofstock","11":"taxable","12":"shipping-taxable","13":"purchasable","14":"product-type-simple"},"_links":{"self":[{"href":"https:\/\/tecnoglobalgt.com\/es\/wp-json\/wp\/v2\/product\/945","targetHints":{"allow":["GET"]}}],"collection":[{"href":"https:\/\/tecnoglobalgt.com\/es\/wp-json\/wp\/v2\/product"}],"about":[{"href":"https:\/\/tecnoglobalgt.com\/es\/wp-json\/wp\/v2\/types\/product"}],"replies":[{"embeddable":true,"href":"https:\/\/tecnoglobalgt.com\/es\/wp-json\/wp\/v2\/comments?post=945"}],"wp:featuredmedia":[{"embeddable":true,"href":"https:\/\/tecnoglobalgt.com\/es\/wp-json\/wp\/v2\/media\/946"}],"wp:attachment":[{"href":"https:\/\/tecnoglobalgt.com\/es\/wp-json\/wp\/v2\/media?parent=945"}],"wp:term":[{"taxonomy":"product_cat","embeddable":true,"href":"https:\/\/tecnoglobalgt.com\/es\/wp-json\/wp\/v2\/product_cat?post=945"},{"taxonomy":"product_tag","embeddable":true,"href":"https:\/\/tecnoglobalgt.com\/es\/wp-json\/wp\/v2\/product_tag?post=945"}],"curies":[{"name":"wp","href":"https:\/\/api.w.org\/{rel}","templated":true}]}}