{"id":852,"date":"2021-05-27T22:15:28","date_gmt":"2021-05-27T22:15:28","guid":{"rendered":"https:\/\/tecnoglobalgt.com\/es\/?post_type=product&#038;p=852"},"modified":"2025-01-24T16:04:15","modified_gmt":"2025-01-24T16:04:15","slug":"impresora-canon-multifuncional-g2110-resma-de-papel","status":"publish","type":"product","link":"https:\/\/tecnoglobalgt.com\/es\/product\/impresora-canon-multifuncional-g2110-resma-de-papel\/","title":{"rendered":"Impresora Canon Multifuncional G2110 + MOCHILA KEEP"},"content":{"rendered":"<div class=\"content_container service_and_support clearfix\">\n<h2>Especificaciones<\/h2>\n<div class=\"specs2\">\n<table>\n<tbody>\n<tr>\n<td class=\"section label\">Impresora<\/td>\n<td><\/td>\n<\/tr>\n<tr>\n<td>Velocidad de impresi\u00f3n (hasta)<\/td>\n<td>Fotograf\u00eda sin bordes 10 x 15 cm: aprox. 60 segundos<sup>2,5<\/sup><br \/>\nNegro: ESAT: aprox. 8.8 ipm\u00a0<sup>2, 5<\/sup><br \/>\nColor: ESAT: aprox. 5.0 ipm<sup>2, 5<\/sup><\/td>\n<\/tr>\n<tr>\n<td>Cantidad de boquillas<\/td>\n<td>Color: 1,152\/ Pigmento Negro: 320\/total: 1,472<\/td>\n<\/tr>\n<tr>\n<td>Tama\u00f1o en picolitros (en color)<\/td>\n<td>2, 5 y 25<\/td>\n<\/tr>\n<tr>\n<td>Resoluci\u00f3n de impresi\u00f3n (hasta)<\/td>\n<td>Color: hasta 4800 x 1200 dpi<sup>4<\/sup><br \/>\nNegro: hasta 600 x 600 dpi<sup>4<\/sup><\/td>\n<\/tr>\n<tr>\n<td>Compatibilidad de tinta<\/td>\n<td><b>Tipo de Tinta<\/b><br \/>\nGI- 190 Negra: Tinta pigmento negra<br \/>\nGI- 190 Cian\/Magenta\/Amarillo: Tinta de colores a base de tintesGI-190 Botella de Tinta Negra (135 ml)<br \/>\nGI-190 Botella de Tinta Cian (70 ml)<br \/>\nGI-190 Botella de Tinta Magenta (70 ml)<br \/>\nGI-190 Botella de Tinta Amarilla (70 ml)<\/td>\n<\/tr>\n<tr>\n<td>Tama\u00f1os de papel<\/td>\n<td>A4, A5, B5, Carta, Oficio, Sobres U.S. N\u00fam. 10, 4\u201d x 6\u201d (10 x 15 cm), 5\u201d x 7\u201d (13 x 18 cm), tama\u00f1o personalizado (anchura de 101.6 mm a 215.9 mm: longitud de 152.4 mm a 676 mm)<\/td>\n<\/tr>\n<tr>\n<td>Compatibilidad de papel<\/td>\n<td><b>Com\u00fan:\u00a0<\/b>Papel Com\u00fan, Papel de Alta Resoluci\u00f3n;<br \/>\n<b>Brilloso:\u00a0<\/b>Papel Fotogr\u00e1fico Brilloso Plus II, Papel Fotogr\u00e1fico Brilloso;<br \/>\n<b>Papel Mate:\u00a0<\/b>Papel Fotogr\u00e1fico Mate;<br \/>\n<b>Sobres:\u00a0<\/b>Sobres U.S. N\u00fam. 10<\/td>\n<\/tr>\n<tr>\n<td>Caracter\u00edsticas de la impresora<\/td>\n<td>Correcci\u00f3n Autom\u00e1tica de Im\u00e1genes II, Impresi\u00f3n sin Bordes<sup>1<\/sup>, Impresi\u00f3n de Documentos, Impresi\u00f3n Fotogr\u00e1fica, Easy-PhotoPrint+<sup>8<\/sup>, Impresi\u00f3n Completa de Escenas de Videos en HD<sup>9<\/sup>, My Image Garden<sup>7<\/sup>, Modo Silencioso, Efectos de Filtros Divertidos, Poster Artist Lite (compatible)<\/td>\n<\/tr>\n<tr>\n<td>Capacidad de la bandeja de salida<\/td>\n<td>100 hojas de papel com\u00fan o 20 hojas de Papel Fotogr\u00e1fico 4\u201dx 6\u201d \/ 10 hojas de Papel Fotogr\u00e1fico 5\u201d x 7\u201d<\/td>\n<\/tr>\n<tr>\n<td class=\"section label\">Copiadora<\/td>\n<td><\/td>\n<\/tr>\n<tr>\n<td>Velocidad de copiado (hasta)<\/td>\n<td>sESAT(Color): Aprox. 1.7 ipm<sup>3<\/sup><\/p>\n<p>sFCOT(Color): Aprox. 32 segundos<sup>3<\/sup><\/td>\n<\/tr>\n<tr>\n<td>Caracter\u00edsticas de copiado<\/td>\n<td>Copiado Est\u00e1ndar<\/td>\n<\/tr>\n<tr>\n<td class=\"section label\">Esc\u00e1ner<\/td>\n<td><\/td>\n<\/tr>\n<tr>\n<td>Tipo de esc\u00e1ner<\/td>\n<td>Esc\u00e1ner plano<\/td>\n<\/tr>\n<tr>\n<td>Elemento de escaneo<\/td>\n<td>Sensor de imagen por contacto (CIS, por su sigla en ingl\u00e9s)<\/td>\n<\/tr>\n<tr>\n<td>Resoluci\u00f3n m\u00e1xima<\/td>\n<td>\u00d3ptical: 600 x 1200 dpi<sup>6<\/sup><br \/>\nInterpolada: 19,200 x 19,200 dpi<sup>6<\/sup><\/td>\n<\/tr>\n<tr>\n<td>Caracter\u00edsticas del esc\u00e1ner<\/td>\n<td>Modo de Escaneo Autom\u00e1tico<sup>10<\/sup><\/td>\n<\/tr>\n<tr>\n<td>Profundidad de color<\/td>\n<td>48 bits (entrada)\/24 bits (salida)<\/td>\n<\/tr>\n<tr>\n<td>Tama\u00f1o m\u00e1ximo del documento<\/td>\n<td>Carta \/ A4 (21.6 cm x 29.7 cm)<\/td>\n<\/tr>\n<tr>\n<td class=\"section label\">General<\/td>\n<td><\/td>\n<\/tr>\n<tr>\n<td>Otras caracter\u00edsticas<\/td>\n<td>Sistema de Tinta Integrado &#8211; 4 colores, Sistema de Tintas H\u00edbrido, Alto Rendimiento de P\u00e1gina de 6,000 p\u00e1ginas<sup>11<\/sup>\u00a0en blanco y negro y 7,000 p\u00e1ginas<sup>10<\/sup>\u00a0a color, Texto N\u00edtido, Clasificaci\u00f3n EPEAT Plata, Encendido\/Apagado Autom\u00e1tico, Modo Silencioso<\/td>\n<\/tr>\n<tr>\n<td>Compatibilidad con sistemas operativos<\/td>\n<td><b>Sistemas Operativos de Computadoras:<\/b><br \/>\n<b>Windows:<\/b><sup>12<\/sup><br \/>\nWindows\u00ae 10, Windows 8.1, Windows 7 SP1<\/td>\n<\/tr>\n<tr>\n<td>Interfaz est\u00e1ndar<\/td>\n<td>USB de Alta Velocidad<\/td>\n<\/tr>\n<tr>\n<td>Software incluido<\/td>\n<td>(WINDOWS<sup>11<\/sup>)<br \/>\nSoftware de instalaci\u00f3n y Manual del Usuario con CD-ROM<br \/>\nDrivers de la impresora multifuncional PIXMA G2110<br \/>\nMy Image Garden<sup>7<\/sup>\u00a0(Acceso a Full HD Movie Print<sup>9<\/sup>, Filtros Especiales, Correcci\u00f3n de Imagen y Esc\u00e1neo a trav\u00e9s de My Image Garden)<br \/>\nMen\u00fa R\u00e1pido (Quick Menu)<\/td>\n<\/tr>\n<tr>\n<td>Dimensiones (An. x Pr. x Al.)<\/td>\n<td>44.5 cm (An.) x 33.0 cm (Pr.) x 16.3 cm (Al.)<\/td>\n<\/tr>\n<tr>\n<td>Peso<\/td>\n<td>6.3 kg<\/td>\n<\/tr>\n<\/tbody>\n<\/table>\n<\/div>\n<h2>Informaci\u00f3n General<\/h2>\n<p class=\"prod_overview_0901e02481548694\">La nueva impresora Multifuncional de Inyecci\u00f3n de Tinta PIXMA G2110 proporciona la capacidad de imprimir, copiar y escanear. Su nueva pantalla LCD de 3.05 cm permite hacer copias f\u00e1cilmente. Esta impresora tambi\u00e9n proporciona muchas de las funciones populares que se encuentran en los modelos anteriores tal como el sistema de tinta h\u00edbrido integrado, dise\u00f1o compacto y capacidades de impresi\u00f3n sin bordes.<sup>1<\/sup>\u00a0El sistema de tinta h\u00edbrido de la nueva impresora PIXMA G2110 utiliza tintas con pigmentos y colorantes h\u00edbridos que produce una calidad de imagen mejorada para negros m\u00e1s oscuros para as\u00ed lograr un texto de gran nitidez y colores vibrantes que dan como resultado impresiones con gran impacto visual. Esta impresora incorpora una almohadilla de tinta m\u00e1s amplia que permite absorber m\u00e1s desperdicio de tinta para as\u00ed incrementar el volumen de impresi\u00f3n. La G2110 sigue ofreciendo un tubo herm\u00e9tico, de alta calidad, duradero y flexible que evita que la tinta se seque cuando la impresora no est\u00e1 en uso.<\/p>\n<p>Este m\u00e9todo de recarga de tinta ofrece un menor costo por p\u00e1gina y una mayor producci\u00f3n de p\u00e1ginas, produciendo hasta 6.000 p\u00e1ginas en blanco y negro por botella y un total de hasta 7.000 p\u00e1ginas en color.<sup>11<\/sup>\u00a0Las botellas de tinta ofrecen una capacidad de tinta sustancial con 135 ml en la botella de color negro y 70 ml por cada botella de tinta de color. Otras caracter\u00edsticas de valor presentes en la PIXMA G2110 incluyen una resoluci\u00f3n de impresi\u00f3n m\u00e1xima de 4800 dpi, una resoluci\u00f3n \u00f3ptica de escaneo de 600 x 1200 dpi<sup>6<\/sup>\u00a0y un tiempo de configuraci\u00f3n inicial de tinta de aproximadamente seis minutos<sup>14<\/sup>. Adicionalmente, ofrece velocidades de impresi\u00f3n de hasta 8.8 im\u00e1genes por minuto (ipm)<sup>2<\/sup>\u00a0en B\/N y 5.O ipm<sup>2<\/sup>\u00a0en color, puede producir fotograf\u00edas sin bordes<sup>1<\/sup>\u00a0de 10 x 15 cm en aproximadamente 60 segundos y sacar copias a color con una velocidad de hasta 1.7 ipm.<sup>3<\/sup><\/p>\n<p>Con todas sus bondades y ventajas, la nueva PIXMA G2110 es la impresora multifuncional perfecta para todos aquellos que a\u00f1oran una alta productividad sin sacrificar una calidad de impresi\u00f3n autentica y que al mismo tiempo quieren beneficiarse de la comodidad de un sistema de tinta integrado de f\u00e1cil recarga.<\/p>\n<\/div>\n<div class=\"content_container_footer logos_0901e02481548694\">\n<div class=\"logos clearfix\"><img decoding=\"async\" title=\"Esat 8.8 5.5\" src=\"https:\/\/www.cla.canon.com\/es_PA\/app\/images\/logos\/printers\/ESAT_8.8_5.0-logo.png\" alt=\"Esat 8.8 5.5\" border=\"0\" \/><img decoding=\"async\" title=\"FCOT 32 seg\" src=\"https:\/\/www.cla.canon.com\/es_PA\/app\/images\/logos\/printers\/FCOT_32sec.jpg\" alt=\"FCOT 32 seg\" border=\"0\" \/><img decoding=\"async\" title=\"4800 dpi Maximum : Maximum print resolution - Realizes the maximum resolution of 4800 x 1200dpi. Provides premium photo quality, combined with microscopic ink droplets.\" src=\"https:\/\/www.cla.canon.com\/es_PA\/app\/images\/4800dpi.jpg\" alt=\"4800 dpi Maximum : Maximum print resolution - Realizes the maximum resolution of 4800 x 1200dpi. Provides premium photo quality, combined with microscopic ink droplets.\" border=\"0\" \/><img decoding=\"async\" title=\"\" src=\"https:\/\/www.cla.canon.com\/es_PA\/app\/images\/2pl_technology.jpg\" alt=\"\" border=\"0\" \/><img decoding=\"async\" title=\"4x6 60 sec\" src=\"https:\/\/www.cla.canon.com\/es_PA\/app\/images\/logos\/printers\/4x6_60sec_borderless_logo.png\" alt=\"4x6 60 sec\" border=\"0\" \/><img decoding=\"async\" title=\"Fine Technology : Integrated print head and ink tank Keep the body compact and allows the cartridges to be replaced with a single touch.\" src=\"https:\/\/www.cla.canon.com\/es_PA\/app\/images\/FINECartridge.jpg\" alt=\"Fine Technology : Integrated print head and ink tank Keep the body compact and allows the cartridges to be replaced with a single touch.\" border=\"0\" \/><img decoding=\"async\" title=\"Scan 600x1200dpi\" src=\"https:\/\/www.cla.canon.com\/es_PA\/app\/images\/logos\/printers\/scan_600x1200.jpg\" alt=\"Scan 600x1200dpi\" border=\"0\" \/><img decoding=\"async\" title=\"Hybrid Ink System\" src=\"https:\/\/www.cla.canon.com\/es_PA\/app\/images\/logos\/printers\/Hybrid_Ink_System.jpg\" alt=\"Hybrid Ink System\" border=\"0\" \/><img decoding=\"async\" title=\"Integrated Ink Tanks\" src=\"https:\/\/www.cla.canon.com\/es_PA\/app\/images\/logos\/printers\/Integrated_ink_tanks.png\" alt=\"Integrated Ink Tanks\" border=\"0\" \/><img decoding=\"async\" title=\"Sharp Black Text\" src=\"https:\/\/www.cla.canon.com\/es_PA\/app\/images\/logos\/printers\/Sharp_black_text.png\" alt=\"Sharp Black Text\" border=\"0\" \/><img decoding=\"async\" title=\"Borderless Printing : Borderless printing is possible on a wide variety of paper sizes and types.\" src=\"https:\/\/www.cla.canon.com\/es_PA\/app\/images\/borderless_printing.jpg\" alt=\"Borderless Printing : Borderless printing is possible on a wide variety of paper sizes and types.\" border=\"0\" \/><img decoding=\"async\" title=\"Quiet Mode\" src=\"https:\/\/www.cla.canon.com\/es_PA\/app\/images\/logos\/printers\/Quiet_Mode.jpg\" alt=\"Quiet Mode\" border=\"0\" \/><img decoding=\"async\" title=\"Auto Power On (USB)\" src=\"https:\/\/www.cla.canon.com\/es_PA\/app\/images\/logos\/printers\/Auto_Power_On(USB).jpg\" alt=\"Auto Power On (USB)\" border=\"0\" \/><img decoding=\"async\" title=\"Hi-Speed USB : Scanner optical resolution - The CCD and CIS systems of fl at-bed scanning are available. Achieved maximum resolution of 4800 x 4800\" src=\"https:\/\/www.cla.canon.com\/es_PA\/app\/images\/logos\/Scanners\/-hi-Speed_USB.gif\" alt=\"Hi-Speed USB : Scanner optical resolution - The CCD and CIS systems of fl at-bed scanning are available. Achieved maximum resolution of 4800 x 4800\" border=\"0\" \/><img decoding=\"async\" title=\"My Image Garden\" src=\"https:\/\/www.cla.canon.com\/es_PA\/app\/images\/logos\/printers\/My_Image_Garden.jpg\" alt=\"My Image Garden\" border=\"0\" \/><img decoding=\"async\" title=\"Compatible with Easy-Photo Print+\" src=\"https:\/\/www.cla.canon.com\/en_US\/app\/images\/logos\/printers\/EEP+.png\" alt=\"Compatible with Easy-Photo Print+\" border=\"0\" \/><img decoding=\"async\" title=\"Fun Filter Effect\" src=\"https:\/\/www.cla.canon.com\/es_PA\/app\/images\/logos\/printers\/logo_fun_filter_effect.jpg\" alt=\"Fun Filter Effect\" border=\"0\" \/><img decoding=\"async\" title=\"All new Full HD Movie Print software turns your favorite moments from your captured HD movies into beautiful prints\" src=\"https:\/\/www.cla.canon.com\/es_PA\/app\/images\/logos\/printers\/logo-full_hd_movie_print.jpg\" alt=\"All new Full HD Movie Print software turns your favorite moments from your captured HD movies into beautiful prints\" border=\"0\" \/><img decoding=\"async\" title=\"Square Media\" src=\"https:\/\/www.cla.canon.com\/es_PA\/app\/images\/logos\/printers\/Square_media_104x54.jpg\" alt=\"Square Media\" border=\"0\" \/><\/div>\n<\/div>\n<div><\/div>\n<div>\n<p>Las especificaciones est\u00e1n sujetas a cambio sin aviso previo. Todos los ejemplos e im\u00e1genes de impresi\u00f3n son simuladas.<\/p>\n<ol>\n<li>Los sobres y el papel de alta resoluci\u00f3n NO son compatibles con la Impresi\u00f3n sin Bordes<\/li>\n<li>Las velocidades de impresi\u00f3n de documentos son un promedio de ESAT (Rendimiento Saturado Estimado) en la Prueba de Categor\u00eda de Oficina para el modo predeterminado ISO\/IEC 24734.3.<\/li>\n<li>La velocidad de copiado es el promedio de sFCOT y sESAT de acuerdo a la norma ISO\/IEC 29183. La velocidad de copiado puede variar dependiendo de la complejidad del documento, del modo de copiado, de la cobertura de p\u00e1gina, del tipo de papel utilizado, etc., y no toma en cuenta el tiempo de calentamiento durante la preparaci\u00f3n de la m\u00e1quina.<\/li>\n<li>Es posible que var\u00ede la resoluci\u00f3n con base en las configuraciones del software controlador de impresi\u00f3n. Las gotitas de tinta de color se pueden colocar con una separaci\u00f3n horizontal de 1\/4800 de pulgada como m\u00ednimo.<\/li>\n<li>Las velocidades de impresi\u00f3n de fotograf\u00edas est\u00e1n basadas en la configuraci\u00f3n del modo est\u00e1ndar usando la norma ISO\/JIS-SCID N2 en Papel Fotogr\u00e1fico Brilloso Plus II, sin tomar en cuenta el tiempo de procesamiento de datos en la computadora principal. La velocidad de impresi\u00f3n puede variar seg\u00fan la configuraci\u00f3n del sistema, la interfaz, el software, la complejidad de los documentos, el modo de impresi\u00f3n, el tipo de papel utilizado y la cobertura de p\u00e1gina.<\/li>\n<li>La resoluci\u00f3n \u00f3ptica es una medida de la resoluci\u00f3n m\u00e1xima de muestreo del hardware en base a la norma ISO 14473.<\/li>\n<li>Se requiere el uso de .NET Framework 4 para la instalaci\u00f3n con el sistema operativo Windows\u00ae. Los formatos compatibles son PDF (creado solo con PDF Creator de Canon), JPEG (Exif), TIFF y PNG. Los formatos de video compatibles son MOV (solamente de ciertas c\u00e1maras digitales Canon) y MP4 (solamente de ciertas videoc\u00e1maras digitales Canon).<\/li>\n<li>Los trabajos que se hayan editado mediante el uso de esta aplicaci\u00f3n no pueden mostrarse, editarse ni imprimirse sin esta aplicaci\u00f3n. Compatible con dispositivos Android de 7 pulgadas o m\u00e1s que usen Chrome (la versi\u00f3n m\u00e1s reciente que sea compatible con su versi\u00f3n actual de Sistema operativo Android), dispositivos iOS de 7 pulgadas o m\u00e1s que usen Safari 5.1 o posterior, Windows PC (excluyendo RT) que use Internet Explorer 10 o posterior de la versi\u00f3n de interfaz de usuario moderna de Microsoft, Microsoft Internet Explorer 9 o posterior, Mozilla Firefox 31 o posterior o Google Chrome, versi\u00f3n 36 o posterior, y con dispositivos Mac OS X 10.6.8 o posterior que usen Safari 5.1 o posterior.<\/li>\n<li>Impresi\u00f3n Completa de Escenas de Video en HD est\u00e1 disponible en archivos de pel\u00edculas \u201cMOV\u201d y \u201cMP4\u201d creadas por ciertas c\u00e1maras y videoc\u00e1maras digitales EOS, PowerShot y VIXIA de Canon. Requiere una PC o Mac con procesador Intel\u00ae y ZoomBrowser EX 6.5 o posterior de Canon o ImageBrowser 6.5 o posterior de Canon para archivos \u201cMOV\u201d o ImageBrowser EX 1.0 o posterior de Canon para archivos \u201cMOV\u201d o \u201cMP4\u201d. La resoluci\u00f3n del video determina la calidad de la impresi\u00f3n. La funci\u00f3n no mejora la calidad de la resoluci\u00f3n del video.<\/li>\n<li>Para los usuarios de red, el Modo de Escaneo Autom\u00e1tico est\u00e1 disponible solamente al escanear en una computadora mediante el software My Image Garden y al seleccionar la caracter\u00edstica de 1 clic, luego \u201cGuardar en la PC\u201d.<\/li>\n<li>El rendimiento de p\u00e1ginas es el valor estimado basado en el m\u00e9todo de ensayo individual de Canon utilizando la tabla se la norma ISO\/IEC 24712 y la simulaci\u00f3n de impresi\u00f3n continua con el reemplazo despu\u00e9s de la configuraci\u00f3n inicial.<\/li>\n<li>Solo se puede garantizar la operaci\u00f3n en una PC con Windows 8.1, Windows 8, Windows 7, Vista o XP previamente instalados. Se requiere el uso de.NET Framework 4.5.2 o 4.6.<\/li>\n<li>Algunas funciones podr\u00edan no estar disponibles con este sistema operativo. Por favor consultar el manual o nuestro sitio web para m\u00e1s detalles.<\/li>\n<li>Ajuste inicial de la instalaci\u00f3n de la tinta para tener la impresora lista para imprimir. Este tiempo de instalaci\u00f3n no incluye el tiempo de configuraci\u00f3n de la impresora ni la instalaci\u00f3n del controlador de la maquina (CD-ROM).<\/li>\n<\/ol>\n<\/div>\n","protected":false},"excerpt":{"rendered":"<p>Especificaciones Impresora Velocidad de impresi\u00f3n (hasta) Fotograf\u00eda sin bordes 10 x 15 cm: aprox. 60 segundos2,5 Negro: ESAT: aprox. 8.8 ipm\u00a02, 5 Color: ESAT: aprox. 5.0 ipm2, 5 Cantidad de boquillas Color: 1,152\/ Pigmento Negro: 320\/total: 1,472 Tama\u00f1o en picolitros (en color) 2, 5 y 25 Resoluci\u00f3n de impresi\u00f3n (hasta) Color: hasta 4800 x 1200 [&#8230;]\n","protected":false},"featured_media":853,"comment_status":"open","ping_status":"closed","template":"","meta":[],"product_brand":[],"product_cat":[183,184],"product_tag":[],"class_list":{"0":"post-852","1":"product","2":"type-product","3":"status-publish","4":"has-post-thumbnail","6":"product_cat-impresoras","7":"product_cat-multifuncionales","9":"first","10":"instock","11":"taxable","12":"shipping-taxable","13":"purchasable","14":"product-type-simple"},"_links":{"self":[{"href":"https:\/\/tecnoglobalgt.com\/es\/wp-json\/wp\/v2\/product\/852","targetHints":{"allow":["GET"]}}],"collection":[{"href":"https:\/\/tecnoglobalgt.com\/es\/wp-json\/wp\/v2\/product"}],"about":[{"href":"https:\/\/tecnoglobalgt.com\/es\/wp-json\/wp\/v2\/types\/product"}],"replies":[{"embeddable":true,"href":"https:\/\/tecnoglobalgt.com\/es\/wp-json\/wp\/v2\/comments?post=852"}],"wp:featuredmedia":[{"embeddable":true,"href":"https:\/\/tecnoglobalgt.com\/es\/wp-json\/wp\/v2\/media\/853"}],"wp:attachment":[{"href":"https:\/\/tecnoglobalgt.com\/es\/wp-json\/wp\/v2\/media?parent=852"}],"wp:term":[{"taxonomy":"product_brand","embeddable":true,"href":"https:\/\/tecnoglobalgt.com\/es\/wp-json\/wp\/v2\/product_brand?post=852"},{"taxonomy":"product_cat","embeddable":true,"href":"https:\/\/tecnoglobalgt.com\/es\/wp-json\/wp\/v2\/product_cat?post=852"},{"taxonomy":"product_tag","embeddable":true,"href":"https:\/\/tecnoglobalgt.com\/es\/wp-json\/wp\/v2\/product_tag?post=852"}],"curies":[{"name":"wp","href":"https:\/\/api.w.org\/{rel}","templated":true}]}}