{"id":849,"date":"2021-05-07T21:27:08","date_gmt":"2021-05-07T21:27:08","guid":{"rendered":"https:\/\/tecnoglobalgt.com\/es\/?post_type=product&#038;p=849"},"modified":"2023-06-27T22:57:54","modified_gmt":"2023-06-27T22:57:54","slug":"botella-de-tinta-hp-gt53-negro-original","status":"publish","type":"product","link":"https:\/\/tecnoglobalgt.com\/es\/product\/botella-de-tinta-hp-gt53-negro-original\/","title":{"rendered":"Botella de Tinta HP GT53 Negro Original"},"content":{"rendered":"<section class=\"main-container\">\n<div class=\"main-wrap\">\n<div class=\"left\"><img decoding=\"async\" class=\"icons\" src=\"https:\/\/d22k5h68hofcrd.cloudfront.net\/wysiwyg\/product\/inks\/icon1.png\" alt=\"\" \/><\/p>\n<div class=\"content-text\">\n<h3>Confiabilidad probada<\/h3>\n<p>Aproveche al m\u00e1ximo cada memoria cuando utiliza cartuchos de tinta HP originales para sus fotograf\u00edas, ya que cada impresi\u00f3n se desarrolla con la calidad en mente<\/p>\n<\/div>\n<\/div>\n<div class=\"right\"><img decoding=\"async\" class=\"icons\" src=\"https:\/\/d22k5h68hofcrd.cloudfront.net\/wysiwyg\/product\/inks\/icon2.png\" alt=\"\" \/><\/p>\n<div class=\"content-text\">\n<h3>Mejor asequibilidad<\/h3>\n<p>Reviva grandes experiencias de impresiones resistentes al desvanecimiento que duran toda la vida cuando se utiliza tinta HP original.<\/p>\n<\/div>\n<\/div>\n<div class=\"left\"><img decoding=\"async\" class=\"icons\" src=\"https:\/\/d22k5h68hofcrd.cloudfront.net\/wysiwyg\/product\/inks\/icon3.png\" alt=\"\" \/><\/p>\n<div class=\"content-text\">\n<h3>Calidad superior<\/h3>\n<p>Capture m\u00e1s momentos con mayor rendimiento de p\u00e1gina y mayor rentabilidad cuando imprime con cartuchos originales HP Ink XL.<\/p>\n<\/div>\n<\/div>\n<div class=\"right\"><img decoding=\"async\" class=\"icons\" src=\"https:\/\/d22k5h68hofcrd.cloudfront.net\/wysiwyg\/product\/inks\/icon4.png\" alt=\"\" \/><\/p>\n<div class=\"content-text\">\n<h3>Imprime de forma responsable<\/h3>\n<p>Mantenga los cartuchos fuera del vertedero mediante el servicio gratuito de reciclaje de HP con cartuchos de recolecci\u00f3n de Cartridges 4 Planet Ark en la mayor\u00eda de las tiendas minoristas.<\/p>\n<\/div>\n<div class=\"block widget block-container block-key-selling-points\">\n<div class=\"block-content\">\n<h4>Imprima miles de p\u00e1ginas a un costo por p\u00e1gina extremadamente bajo[1]. Es sencillo con este sistema de tanques de tinta HP de alta capacidad.<\/h4>\n<p>Imprima todo lo que quiera sin preocuparse por el costo de la tinta utilizando botellas de tinta original HP de alta capacidad[1].<\/p>\n<p>Imprima una y otra vez. Imprima miles de p\u00e1ginas gracias a las botellas de tinta HP original.[2]\n<p>Trabaje con menos interrupciones: imprima p\u00e1gina tras p\u00e1gina sin preocuparse por recargar tinta.<\/p>\n<h4>Impresione con la excelente calidad y confiabilidad de impresi\u00f3n de HP. Con las tintas originales HP, imprima documentos definidos con texto negro n\u00edtido que conserve su legibilidad muchos a\u00f1os.[4]<\/h4>\n<p>Las impresiones en papeles normales con tinta negra de pigmento HP para impresoras de tanque de tinta HP se mantienen legibles durante muchos a\u00f1os.[4]\n<p>Obtenga textos y gr\u00e1ficos definidos y n\u00edtidos para todos sus informes, documentos y folletos, d\u00eda tras d\u00eda.<\/p>\n<p>Disfrute de rendimiento confiable: las tintas originales HP est\u00e1n dise\u00f1adas para ofrecer impresiones excepcionales, siempre.<\/p>\n<h4>Usted decide cu\u00e1ndo agregar m\u00e1s tinta. Rellene de manera sencilla cuando sea conveniente para usted. Imprima sin preocupaci\u00f3n, sabiendo que las tintas originales HP se dise\u00f1aron para la impresora HP Ink Tank.<\/h4>\n<p>Gestione los niveles de tinta y decida cu\u00e1ndo agregar m\u00e1s f\u00e1cilmente: no hay que adivinar ni esperar a que no quede suficiente.<\/p>\n<\/div>\n<\/div>\n<div class=\"block widget block-container product-desc-features block-desc-feature\">\n<div class=\"block-content\">\n<ul>\n<li class=\"filter_cartcolor\">Negro<\/li>\n<li class=\"filter_prnttech\">Tinta<\/li>\n<li class=\"prodsubgrp\">Cartuchos de tinta de capacidad est\u00e1ndar<\/li>\n<\/ul>\n<\/div>\n<\/div>\n<div class=\"block widget block-container\">\n<div class=\"block-content\"><\/div>\n<\/div>\n<div class=\"block widget block-container block-what-in-the-box\">\n<div class=\"block-title\"><strong>Qu\u00e9 hay en la caja<\/strong><\/div>\n<div class=\"block-content\">\n<ul class=\"what-in-the-box-lists\">\n<li>Botella de t\u00f3ner<\/li>\n<\/ul>\n<\/div>\n<\/div>\n<\/div>\n<\/div>\n<\/section>\n","protected":false},"excerpt":{"rendered":"<div class=\"product info detailed\">\n<div class=\"product data items\" role=\"tablist\">\n<div id=\"additional\" class=\"data item content\" role=\"tabpanel\" aria-labelledby=\"tab-label-additional\" data-role=\"content\" aria-hidden=\"false\">\n<div class=\"additional-attributes-wrapper table-wrapper\">\n<div class=\"additional-attributes-title\">Especificaciones<\/div>\n<table id=\"product-attribute-specs-table\" class=\"data table additional-attributes\">\n<caption class=\"table-caption\">M\u00e1s informaci\u00f3n<\/caption>\n<tbody>\n<tr class=\"group\">\n<th class=\"col label\" colspan=\"2\" scope=\"row\">SKU<\/th>\n<\/tr>\n<tr class=\"item\">\n<th class=\"col label\" scope=\"row\">Sku<\/th>\n<td class=\"col data\" data-th=\"sku\">1VV22AL<\/td>\n<\/tr>\n<tr class=\"group\">\n<th class=\"col label\" colspan=\"2\" scope=\"row\">CARTUCHOS Y CABEZALES DE IMPRESI\u00d3N<\/th>\n<\/tr>\n<tr class=\"item\">\n<th class=\"col label\" scope=\"row\">Rendimiento<\/th>\n<td class=\"col data\" data-th=\"Rendimiento\">4000<\/td>\n<\/tr>\n<tr class=\"item\">\n<th class=\"col label\" scope=\"row\">Rendimiento de la p\u00e1gina (blanco y negro)<\/th>\n<td class=\"col data\" data-th=\"Rendimiento de la p\u00e1gina (blanco y negro)\">~4.000 p\u00e1ginas<\/td>\n<\/tr>\n<tr class=\"item\">\n<th class=\"col label\" scope=\"row\">Color(es) de consumibles de impresi\u00f3n<\/th>\n<td class=\"col data\" data-th=\"Color(es) de consumibles de impresi\u00f3n\">Negro<\/td>\n<\/tr>\n<tr class=\"item\">\n<th class=\"col label\" scope=\"row\">Tipos de tinta<\/th>\n<td class=\"col data\" data-th=\"Tipos de tinta\">Con base de pigmento<\/td>\n<\/tr>\n<tr class=\"group\">\n<th class=\"col label\" colspan=\"2\" scope=\"row\">MEDIOS DE IMPRESI\u00d3N<\/th>\n<\/tr>\n<tr class=\"item\">\n<th class=\"col label\" scope=\"row\">Vida \u00fatil en almac\u00e9n<\/th>\n<td class=\"col data\" data-th=\"Vida \u00fatil en almac\u00e9n\">18 meses<\/td>\n<\/tr>\n<tr class=\"group\">\n<th class=\"col label\" colspan=\"2\" scope=\"row\">NOMBRES DE PRODUCTOS<\/th>\n<\/tr>\n<tr class=\"item\">\n<th class=\"col label\" scope=\"row\">Subgrupo de producto<\/th>\n<td class=\"col data\" data-th=\"Subgrupo de producto\">Cartuchos de tinta de capacidad est\u00e1ndar<\/td>\n<\/tr>\n<tr class=\"group\">\n<th class=\"col label\" colspan=\"2\" scope=\"row\">DIMENSIONES<\/th>\n<\/tr>\n<tr class=\"item\">\n<th class=\"col label\" scope=\"row\">Dimensiones m\u00ednimas (anch. x prof. x alt.)<\/th>\n<td class=\"col data\" data-th=\"Dimensiones m\u00ednimas (anch. x prof. x alt.)\">47\u00a0x\u00a047\u00a0x\u00a0150 mm<\/td>\n<\/tr>\n<tr class=\"item\">\n<th class=\"col label\" scope=\"row\">Dimensiones del embalaje (An x F x Al)<\/th>\n<td class=\"col data\" data-th=\"Dimensiones del embalaje (An x F x Al)\">47\u00a0x\u00a047\u00a0x\u00a0150 mm<\/td>\n<\/tr>\n<tr class=\"item\">\n<th class=\"col label\" scope=\"row\">Dimensiones m\u00ednimas (anch. x prof. x alt.)<\/th>\n<td class=\"col data\" data-th=\"Dimensiones m\u00ednimas (anch. x prof. x alt.)\">1,85 x 1,85 x 5,91 pulgadas<\/td>\n<\/tr>\n<tr class=\"item\">\n<th class=\"col label\" scope=\"row\">Dimensiones del embalaje (An x F x Al)<\/th>\n<td class=\"col data\" data-th=\"Dimensiones del embalaje (An x F x Al)\">1,85 x 1,85 x 5,91 pulgadas<\/td>\n<\/tr>\n<tr class=\"group\">\n<th class=\"col label\" colspan=\"2\" scope=\"row\">AMBIENTAL<\/th>\n<\/tr>\n<tr class=\"item\">\n<th class=\"col label\" scope=\"row\">Margen de temperaturas operativas<\/th>\n<td class=\"col data\" data-th=\"Margen de temperaturas operativas\">15 a 30\u00b0C<\/td>\n<\/tr>\n<tr class=\"item\">\n<th class=\"col label\" scope=\"row\">Humedad durante almacenamiento<\/th>\n<td class=\"col data\" data-th=\"Humedad durante almacenamiento\">De 20 a 80% HR<\/td>\n<\/tr>\n<tr class=\"item\">\n<th class=\"col label\" scope=\"row\">Intervalo de humedad en funcionamiento<\/th>\n<td class=\"col data\" data-th=\"Intervalo de humedad en funcionamiento\">De 20 a 80% HR<\/td>\n<\/tr>\n<tr class=\"item\">\n<th class=\"col label\" scope=\"row\">Temperatura de almacenamiento: l\u00edmites<\/th>\n<td class=\"col data\" data-th=\"Temperatura de almacenamiento: l\u00edmites\">-40 a 60\u00b0C<\/td>\n<\/tr>\n<tr class=\"group\">\n<th class=\"col label\" colspan=\"2\" scope=\"row\">GEOGRAF\u00cdA<\/th>\n<\/tr>\n<tr class=\"item\">\n<th class=\"col label\" scope=\"row\">Pa\u00eds de origen<\/th>\n<td class=\"col data\" data-th=\"Pa\u00eds de origen\">Fabricado en Malasia<\/td>\n<\/tr>\n<tr class=\"group\">\n<th class=\"col label\" colspan=\"2\" scope=\"row\">COMPATIBILIDAD<\/th>\n<\/tr>\n<tr class=\"item\">\n<th class=\"col label\" scope=\"row\">Compatibilidad con hardware<\/th>\n<td class=\"col data\" data-th=\"Compatibilidad con hardware\">Impresoras HP Smart Tank serie 510, HP Smart Tank Plus serie 550, HP Smart Tank Plus serie 610<\/td>\n<\/tr>\n<tr class=\"group\">\n<th class=\"col label\" colspan=\"2\" scope=\"row\">PESOS<\/th>\n<\/tr>\n<tr class=\"item\">\n<th class=\"col label\" scope=\"row\">Peso<\/th>\n<td class=\"col data\" data-th=\"Peso\">0,12 kg<\/td>\n<\/tr>\n<tr class=\"item\">\n<th class=\"col label\" scope=\"row\">Peso del embalaje<\/th>\n<td class=\"col data\" data-th=\"Peso del embalaje\">0,13 kg<\/td>\n<\/tr>\n<tr class=\"item\">\n<th class=\"col label\" scope=\"row\">Peso del embalaje<\/th>\n<td class=\"col data\" data-th=\"Peso del embalaje\">0,29 lb<\/td>\n<\/tr>\n<tr class=\"group\">\n<th class=\"col label\" colspan=\"2\" scope=\"row\">ESPECIFICACIONES DE LA IMPRESORA<\/th>\n<\/tr>\n<tr class=\"item\">\n<th class=\"col label\" scope=\"row\">Tecnolog\u00eda de impresi\u00f3n<\/th>\n<td class=\"col data\" data-th=\"Tecnolog\u00eda de impresi\u00f3n\">Inyecci\u00f3n t\u00e9rmica de tinta HP<\/td>\n<\/tr>\n<tr class=\"group\">\n<th class=\"col label\" colspan=\"2\" scope=\"row\">APARIENCIA<\/th>\n<\/tr>\n<tr class=\"item\">\n<th class=\"col label\" scope=\"row\">Color<\/th>\n<td class=\"col data\" data-th=\"Color\">Black<\/td>\n<\/tr>\n<\/tbody>\n<\/table>\n<\/div>\n<\/div>\n<div id=\"tab-label-product.view.tab.related.links\" class=\"data item title\" tabindex=\"0\" role=\"tab\" data-role=\"collapsible\" data-collapsible=\"true\" aria-controls=\"product.view.tab.related.links\" aria-selected=\"false\" aria-expanded=\"false\"><\/div>\n<\/div>\n<\/div>\n<div class=\"register-offer\">\n<div data-content-type=\"row\" data-appearance=\"full-bleed\" data-enable-parallax=\"0\" data-parallax-speed=\"0.5\" data-background-images=\"{}\" data-element=\"main\">\n<div data-content-type=\"text\" data-appearance=\"default\" data-element=\"main\"><\/div>\n<\/div>\n<\/div>\n<div><\/div>\n<div class=\"product-recent-view\"><\/div>\n<div class=\"register-offer bottom\">\n<div data-content-type=\"row\" data-appearance=\"full-bleed\" data-enable-parallax=\"0\" data-parallax-speed=\"0.5\" data-background-images=\"{}\" data-element=\"main\">\n<div data-content-type=\"text\" data-appearance=\"default\" data-element=\"main\"><\/div>\n<\/div>\n<\/div>\n<div class=\"foot-notes\">\n<div class=\"block widget block-foot-notes\">\n<div class=\"block-content\"><\/div>\n<\/div>\n<\/div>\n","protected":false},"featured_media":850,"comment_status":"open","ping_status":"closed","template":"","meta":[],"product_cat":[166,182,232],"product_tag":[],"class_list":{"0":"post-849","1":"product","2":"type-product","3":"status-publish","4":"has-post-thumbnail","6":"product_cat-suministros","7":"product_cat-tintas","8":"product_cat-tintas-originales","10":"first","11":"instock","12":"taxable","13":"shipping-taxable","14":"purchasable","15":"product-type-simple"},"_links":{"self":[{"href":"https:\/\/tecnoglobalgt.com\/es\/wp-json\/wp\/v2\/product\/849","targetHints":{"allow":["GET"]}}],"collection":[{"href":"https:\/\/tecnoglobalgt.com\/es\/wp-json\/wp\/v2\/product"}],"about":[{"href":"https:\/\/tecnoglobalgt.com\/es\/wp-json\/wp\/v2\/types\/product"}],"replies":[{"embeddable":true,"href":"https:\/\/tecnoglobalgt.com\/es\/wp-json\/wp\/v2\/comments?post=849"}],"wp:featuredmedia":[{"embeddable":true,"href":"https:\/\/tecnoglobalgt.com\/es\/wp-json\/wp\/v2\/media\/850"}],"wp:attachment":[{"href":"https:\/\/tecnoglobalgt.com\/es\/wp-json\/wp\/v2\/media?parent=849"}],"wp:term":[{"taxonomy":"product_cat","embeddable":true,"href":"https:\/\/tecnoglobalgt.com\/es\/wp-json\/wp\/v2\/product_cat?post=849"},{"taxonomy":"product_tag","embeddable":true,"href":"https:\/\/tecnoglobalgt.com\/es\/wp-json\/wp\/v2\/product_tag?post=849"}],"curies":[{"name":"wp","href":"https:\/\/api.w.org\/{rel}","templated":true}]}}