{"id":792,"date":"2021-04-07T03:40:17","date_gmt":"2021-04-07T03:40:17","guid":{"rendered":"https:\/\/tecnoglobalgt.com\/es\/?post_type=product&#038;p=792"},"modified":"2025-09-12T21:01:31","modified_gmt":"2025-09-12T21:01:31","slug":"soporte-de-muneca-en-gel-kmp-100b-klip-xtreme","status":"publish","type":"product","link":"https:\/\/tecnoglobalgt.com\/es\/product\/soporte-de-muneca-en-gel-kmp-100b-klip-xtreme\/","title":{"rendered":"Soporte de mu\u00f1eca en gel KMP-100B Klip Xtreme"},"content":{"rendered":"<div>\n<h2>El descanso que necesitan tus mu\u00f1ecas<\/h2>\n<\/div>\n<p>Ya no hay justificaci\u00f3n para sufrir de t\u00fanel carpiano o de calambres. La alfombrilla de gel KKP-100B de KlipXtreme\u00ae se adapta al contorno de la mu\u00f1eca cuando la apoyas para escribir con el teclado, recuperando su forma original al levantar la mano. Al reducir los puntos de presi\u00f3n, evita el dolor de la mu\u00f1eca al mismo tiempo que fomenta una postura ergon\u00f3micamente correcta del brazo.<\/p>\n<ul>\n<li>Alfombrilla ergon\u00f3mica dise\u00f1ada para usar con el mouse<\/li>\n<li>Gel con memoria: soporte relleno de gel, el cual se adapta perfectamente a la forma de la mu\u00f1eca durante el uso<\/li>\n<li>Reduce los puntos de presi\u00f3n al fomentar la posici\u00f3n ergon\u00f3micamente correcta de la mano<\/li>\n<li>Su dise\u00f1o \u00fanico y redondeado complementa cualquier estaci\u00f3n de trabajo<\/li>\n<li>Superficie con tela suave y muy duradera<\/li>\n<\/ul>\n","protected":false},"excerpt":{"rendered":"<div><strong>\u00a0<span class=\"title-specs\">Especificaciones:<\/span><\/strong><\/div>\n<ul>\n<li>Dimensiones: 250x215x20mm<\/li>\n<li>Color: Negro<\/li>\n<\/ul>\n","protected":false},"featured_media":794,"comment_status":"open","ping_status":"closed","template":"","meta":[],"product_brand":[],"product_cat":[90,180],"product_tag":[],"class_list":{"0":"post-792","1":"product","2":"type-product","3":"status-publish","4":"has-post-thumbnail","6":"product_cat-accesorios","7":"product_cat-mouse-pad","9":"first","10":"instock","11":"taxable","12":"shipping-taxable","13":"purchasable","14":"product-type-simple"},"_links":{"self":[{"href":"https:\/\/tecnoglobalgt.com\/es\/wp-json\/wp\/v2\/product\/792","targetHints":{"allow":["GET"]}}],"collection":[{"href":"https:\/\/tecnoglobalgt.com\/es\/wp-json\/wp\/v2\/product"}],"about":[{"href":"https:\/\/tecnoglobalgt.com\/es\/wp-json\/wp\/v2\/types\/product"}],"replies":[{"embeddable":true,"href":"https:\/\/tecnoglobalgt.com\/es\/wp-json\/wp\/v2\/comments?post=792"}],"wp:featuredmedia":[{"embeddable":true,"href":"https:\/\/tecnoglobalgt.com\/es\/wp-json\/wp\/v2\/media\/794"}],"wp:attachment":[{"href":"https:\/\/tecnoglobalgt.com\/es\/wp-json\/wp\/v2\/media?parent=792"}],"wp:term":[{"taxonomy":"product_brand","embeddable":true,"href":"https:\/\/tecnoglobalgt.com\/es\/wp-json\/wp\/v2\/product_brand?post=792"},{"taxonomy":"product_cat","embeddable":true,"href":"https:\/\/tecnoglobalgt.com\/es\/wp-json\/wp\/v2\/product_cat?post=792"},{"taxonomy":"product_tag","embeddable":true,"href":"https:\/\/tecnoglobalgt.com\/es\/wp-json\/wp\/v2\/product_tag?post=792"}],"curies":[{"name":"wp","href":"https:\/\/api.w.org\/{rel}","templated":true}]}}