{"id":694,"date":"2021-03-22T22:52:53","date_gmt":"2021-03-22T22:52:53","guid":{"rendered":"https:\/\/tecnoglobalgt.com\/es\/?post_type=product&#038;p=694"},"modified":"2025-09-12T20:41:35","modified_gmt":"2025-09-12T20:41:35","slug":"soporte-para-tv-ktm-876-klip-xtreme","status":"publish","type":"product","link":"https:\/\/tecnoglobalgt.com\/es\/product\/soporte-para-tv-ktm-876-klip-xtreme\/","title":{"rendered":"Soporte para TV KTM-876 Klip Xtreme"},"content":{"rendered":"<h3>\u00d3ptima flexibilidad de visi\u00f3n para m\u00e1xima comodidad<\/h3>\n<p>Aumenta tu \u00e1ngulo de visi\u00f3n con nuestro soporte totalmente articulado, dise\u00f1ado para televisores con pantallas planas y curvas de 32 a 60 pulgadas. Este soporte de excelente calidad es ideal para instalar sistemas de cine en el hogar, ya que te permitir\u00e1 ubicar la pantalla de tu televisor en un \u00e1ngulo de visi\u00f3n \u00f3ptimo, sin importar si est\u00e1s sentado, de pie o reclinado en el sof\u00e1. Cuenta con una estructura met\u00e1lica duradera, una base giratoria y cuatro extensiones para acomodar patrones de montaje de pantallas de mayor tama\u00f1o. Este pr\u00e1ctico soporte, compatible con VESA, es muy f\u00e1cil de instalar, de modo que podr\u00e1s configurarlo y comenzar a disfrutar de tus pel\u00edculas y programas favoritos en s\u00f3lo minutos.<\/p>\n<ul>\n<li>Soporte para TV completamente articulado para televisores con pantallas planas de 32 a 60 pulgadas, y con un peso de hasta 30kg<\/li>\n<li>Dise\u00f1o de inclinaci\u00f3n y giro completamente flexible para un m\u00e1ximo \u00e1ngulo de visi\u00f3n<\/li>\n<li>Estructura abierta que ofrece m\u00e1xima ventilaci\u00f3n y f\u00e1cil acceso a los cables<\/li>\n<li>Incluye placas de extensi\u00f3n compatibles con VESA<\/li>\n<li>Construcci\u00f3n s\u00f3lida, fabricado con acero resistente<\/li>\n<\/ul>\n","protected":false},"excerpt":{"rendered":"<div class=\"col-lg-6\">\n<div><i class=\"interna_icon\"><img decoding=\"async\" title=\"Caracter\u00edsticas\" src=\"https:\/\/www.klipxtreme.com\/media\/Icon-Features-grupo.png\" alt=\"Icon-Features-grupo.png\" \/>\u00a0<span class=\"title-specs\">Caracter\u00edsticas<\/span><\/i><\/div>\n<ul>\n<li><strong>Tipo y tama\u00f1o del TV:\u00a0<\/strong>Pantalla plana y curva, de 32 a 60 pulgadas<\/li>\n<li><strong>Capacidad de carga:\u00a0<\/strong>30kg<\/li>\n<li><strong>Compatibilidad VESA:\u00a0<\/strong>100&#215;100,200&#215;100,200&#215;200,300&#215;200,300&#215;300, 400&#215;200,400&#215;400<\/li>\n<li><strong>\u00c1ngulo de inclinaci\u00f3n:\u00a0<\/strong>+3\u00b0~-10\u00b0<\/li>\n<li><strong>\u00c1ngulo de giro:\u00a0<\/strong>+90\u00b0~-90\u00b0<\/li>\n<li><strong>Perfil:\u00a0<\/strong>62-422mm<\/li>\n<\/ul>\n<\/div>\n<div class=\"col-lg-6\">\n<div><i class=\"interna_icon\"><img decoding=\"async\" title=\"Caracter\u00edsticas f\u00edsicas\" src=\"https:\/\/www.klipxtreme.com\/media\/Icon-Physical-appearance-grupo.png\" alt=\"Icon-Physical-appearance-grupo.png\" \/>\u00a0<span class=\"title-specs\">Caracter\u00edsticas f\u00edsicas<\/span><\/i><\/div>\n<ul>\n<li><strong>Dimensiones de la unidad:\u00a0<\/strong>422x431x431mm\u00a0<strong>\u00a0<\/strong><\/li>\n<li><strong>Material:\u00a0<\/strong>Acero y pl\u00e1stico<\/li>\n<li><strong>Peso:\u00a0<\/strong>2,46kg<\/li>\n<li><strong>Color:\u00a0<\/strong>Negro<\/li>\n<\/ul>\n<\/div>\n<div class=\"col-lg-6\">\n<div><i class=\"interna_icon\"><img decoding=\"async\" title=\"Informaci\u00f3n adicional\" src=\"https:\/\/www.klipxtreme.com\/media\/Icon-Additional-information-grupo.png\" alt=\"Icon-Additional-information-grupo.png\" \/>\u00a0<span class=\"title-specs\">Informaci\u00f3n adicional<\/span><\/i><\/div>\n<ul>\n<li><strong>Garant\u00eda:\u00a0<\/strong>De por vida.<\/li>\n<\/ul>\n<\/div>\n","protected":false},"featured_media":696,"comment_status":"open","ping_status":"closed","template":"","meta":[],"product_cat":[90,170],"product_tag":[],"class_list":{"0":"post-694","1":"product","2":"type-product","3":"status-publish","4":"has-post-thumbnail","6":"product_cat-accesorios","7":"product_cat-accesorios-para-monitores","9":"first","10":"instock","11":"taxable","12":"shipping-taxable","13":"purchasable","14":"product-type-simple"},"_links":{"self":[{"href":"https:\/\/tecnoglobalgt.com\/es\/wp-json\/wp\/v2\/product\/694","targetHints":{"allow":["GET"]}}],"collection":[{"href":"https:\/\/tecnoglobalgt.com\/es\/wp-json\/wp\/v2\/product"}],"about":[{"href":"https:\/\/tecnoglobalgt.com\/es\/wp-json\/wp\/v2\/types\/product"}],"replies":[{"embeddable":true,"href":"https:\/\/tecnoglobalgt.com\/es\/wp-json\/wp\/v2\/comments?post=694"}],"wp:featuredmedia":[{"embeddable":true,"href":"https:\/\/tecnoglobalgt.com\/es\/wp-json\/wp\/v2\/media\/696"}],"wp:attachment":[{"href":"https:\/\/tecnoglobalgt.com\/es\/wp-json\/wp\/v2\/media?parent=694"}],"wp:term":[{"taxonomy":"product_cat","embeddable":true,"href":"https:\/\/tecnoglobalgt.com\/es\/wp-json\/wp\/v2\/product_cat?post=694"},{"taxonomy":"product_tag","embeddable":true,"href":"https:\/\/tecnoglobalgt.com\/es\/wp-json\/wp\/v2\/product_tag?post=694"}],"curies":[{"name":"wp","href":"https:\/\/api.w.org\/{rel}","templated":true}]}}