{"id":686,"date":"2021-03-22T22:47:52","date_gmt":"2021-03-22T22:47:52","guid":{"rendered":"https:\/\/tecnoglobalgt.com\/es\/?post_type=product&#038;p=686"},"modified":"2025-09-12T20:42:13","modified_gmt":"2025-09-12T20:42:13","slug":"soporte-articulado-con-inclinacion-y-giro-xta-410","status":"publish","type":"product","link":"https:\/\/tecnoglobalgt.com\/es\/product\/soporte-articulado-con-inclinacion-y-giro-xta-410\/","title":{"rendered":"Soporte articulado con inclinaci\u00f3n y giro XTA-410"},"content":{"rendered":"<div class=\"col-md-4\">\n<p><strong class=\"azul\">Tama\u00f1o de la pantalla:\u00a0<\/strong>20 a 70 pulgadas<\/p>\n<\/div>\n<div class=\"col-md-4\">\n<p><strong class=\"azul\">Carga m\u00e1xima permitida :\u00a0<\/strong>50kg<\/p>\n<\/div>\n<div class=\"col-md-4\">\n<p><strong class=\"azul\">Especificaci\u00f3n m\u00e1x. VESA:\u00a0<\/strong>400x400mm<\/p>\n<\/div>\n","protected":false},"excerpt":{"rendered":"<div>\n<h3>Caracter\u00edsticas<\/h3>\n<ul>\n<li>Dise\u00f1ado para montar pantallas LED\/LCD y plasma<\/li>\n<li>Construcci\u00f3n s\u00f3lida, fabricado con acero resistente<\/li>\n<li>Compatible con VESA<\/li>\n<li>Para televisores con pantallas de 20 a 70 pulgadas<\/li>\n<li>Inclinaci\u00f3n de hasta 15 grados para el \u00e1ngulo de visi\u00f3n perfecto<\/li>\n<li>Capacidad de carga de hasta 50kg<\/li>\n<\/ul>\n<\/div>\n<div>\n<h3>Especificaciones<\/h3>\n<ul>\n<li>Tipo: Soporte articulado con inclinaci\u00f3n y giro para TV<\/li>\n<li>Tama\u00f1o de la pantalla: 20 a 70 pulgadas<\/li>\n<li>Capacidad de carga: 50kg<\/li>\n<li>Especificaci\u00f3n m\u00e1x. VESA: 400x400mm<\/li>\n<li>Perfil: 62-300mm de distancia de la pared<\/li>\n<li>\u00c1ngulo de inclinaci\u00f3n: -5+15\u00b0<\/li>\n<li>\u00c1ngulo de giro: 180\u00ba<\/li>\n<li>Articulaci\u00f3n: 180\u00ba<\/li>\n<li>Kit de herrajes: Incluido<\/li>\n<\/ul>\n<p><strong>Caracter\u00edsticas f\u00edsicas<\/strong><\/p>\n<ul>\n<li>Material: Acero con capa de pintura electrost\u00e1tica<\/li>\n<li>Color: Negro<\/li>\n<li>Dimensiones: 42,3X42,3X(6,2-30)cm<\/li>\n<li>Peso: 2kg<\/li>\n<\/ul>\n<p><strong>Informaci\u00f3n adicional<\/strong><\/p>\n<ul>\n<li>Garant\u00eda: Un a\u00f1o<\/li>\n<\/ul>\n<\/div>\n","protected":false},"featured_media":687,"comment_status":"open","ping_status":"closed","template":"","meta":[],"product_brand":[],"product_cat":[90,170],"product_tag":[],"class_list":{"0":"post-686","1":"product","2":"type-product","3":"status-publish","4":"has-post-thumbnail","6":"product_cat-accesorios","7":"product_cat-accesorios-para-monitores","9":"first","10":"instock","11":"taxable","12":"shipping-taxable","13":"purchasable","14":"product-type-simple"},"_links":{"self":[{"href":"https:\/\/tecnoglobalgt.com\/es\/wp-json\/wp\/v2\/product\/686","targetHints":{"allow":["GET"]}}],"collection":[{"href":"https:\/\/tecnoglobalgt.com\/es\/wp-json\/wp\/v2\/product"}],"about":[{"href":"https:\/\/tecnoglobalgt.com\/es\/wp-json\/wp\/v2\/types\/product"}],"replies":[{"embeddable":true,"href":"https:\/\/tecnoglobalgt.com\/es\/wp-json\/wp\/v2\/comments?post=686"}],"wp:featuredmedia":[{"embeddable":true,"href":"https:\/\/tecnoglobalgt.com\/es\/wp-json\/wp\/v2\/media\/687"}],"wp:attachment":[{"href":"https:\/\/tecnoglobalgt.com\/es\/wp-json\/wp\/v2\/media?parent=686"}],"wp:term":[{"taxonomy":"product_brand","embeddable":true,"href":"https:\/\/tecnoglobalgt.com\/es\/wp-json\/wp\/v2\/product_brand?post=686"},{"taxonomy":"product_cat","embeddable":true,"href":"https:\/\/tecnoglobalgt.com\/es\/wp-json\/wp\/v2\/product_cat?post=686"},{"taxonomy":"product_tag","embeddable":true,"href":"https:\/\/tecnoglobalgt.com\/es\/wp-json\/wp\/v2\/product_tag?post=686"}],"curies":[{"name":"wp","href":"https:\/\/api.w.org\/{rel}","templated":true}]}}