{"id":552,"date":"2020-10-20T03:02:21","date_gmt":"2020-10-20T03:02:21","guid":{"rendered":"https:\/\/tecnoglobalgt.com\/es\/?post_type=product&#038;p=552"},"modified":"2021-03-08T17:07:00","modified_gmt":"2021-03-08T17:07:00","slug":"xts-650","status":"publish","type":"product","link":"https:\/\/tecnoglobalgt.com\/es\/product\/xts-650\/","title":{"rendered":"XTS-650"},"content":{"rendered":"<p style=\"text-align: center;\">XTS-650<\/p>\n<h3 style=\"text-align: center;\"><b>BARRA DE SONIDO <\/b><b>STYX<\/b><\/h3>\n<p style=\"text-align: center;\">Barra de sonido con reloj despertador Compatible con Bluetooth\u00ae<\/p>\n<p style=\"text-align: center;\">\n","protected":false},"excerpt":{"rendered":"<ul>\n<li><b>30W<\/b> de potencia total RMS<\/li>\n<li>Barra de sonido con reloj digital, tecnolog\u00eda inal\u00e1mbrica y micr\u00f3fono integrado para conversaciones con manos libres<\/li>\n<li>Reproducci\u00f3n de m\u00fasica sin cables hasta 10 metros de distancia de la fuente de audio<\/li>\n<li>Reproducci\u00f3n de archivos de audio de un dispositivo de memoria USB, una microtarjeta de memoria de marca SDTM (TF) y puerto auxiliar<\/li>\n<li>6 botones de mando (Modo, Pista anterior\/Vol.-, Reproducci\u00f3n\/Pausa\/Auricular, Pr\u00f3x. pista\/Vol. +, Reloj, Silenciar alarma\/Atenuador\/Ecualizador)<\/li>\n<li>Entrada auxiliar de audio permite la conexi\u00f3n directa a cualquier dispositivo equipado con un conector de 3,5 mm (para la reproducci\u00f3n con cable)<\/li>\n<li>Cl\u00e1sico y refinado dise\u00f1o acentuado con una cubierta de tela tramada y pantalla de LCD<\/li>\n<\/ul>\n","protected":false},"featured_media":553,"comment_status":"open","ping_status":"closed","template":"","meta":[],"product_cat":[90,127],"product_tag":[134,133],"class_list":{"0":"post-552","1":"product","2":"type-product","3":"status-publish","4":"has-post-thumbnail","6":"product_cat-accesorios","7":"product_cat-audio","8":"product_tag-barra-de-sonido","9":"product_tag-bocinas","11":"first","12":"instock","13":"taxable","14":"shipping-taxable","15":"product-type-simple"},"_links":{"self":[{"href":"https:\/\/tecnoglobalgt.com\/es\/wp-json\/wp\/v2\/product\/552","targetHints":{"allow":["GET"]}}],"collection":[{"href":"https:\/\/tecnoglobalgt.com\/es\/wp-json\/wp\/v2\/product"}],"about":[{"href":"https:\/\/tecnoglobalgt.com\/es\/wp-json\/wp\/v2\/types\/product"}],"replies":[{"embeddable":true,"href":"https:\/\/tecnoglobalgt.com\/es\/wp-json\/wp\/v2\/comments?post=552"}],"wp:featuredmedia":[{"embeddable":true,"href":"https:\/\/tecnoglobalgt.com\/es\/wp-json\/wp\/v2\/media\/553"}],"wp:attachment":[{"href":"https:\/\/tecnoglobalgt.com\/es\/wp-json\/wp\/v2\/media?parent=552"}],"wp:term":[{"taxonomy":"product_cat","embeddable":true,"href":"https:\/\/tecnoglobalgt.com\/es\/wp-json\/wp\/v2\/product_cat?post=552"},{"taxonomy":"product_tag","embeddable":true,"href":"https:\/\/tecnoglobalgt.com\/es\/wp-json\/wp\/v2\/product_tag?post=552"}],"curies":[{"name":"wp","href":"https:\/\/api.w.org\/{rel}","templated":true}]}}