{"id":513,"date":"2020-10-19T21:03:39","date_gmt":"2020-10-19T21:03:39","guid":{"rendered":"https:\/\/tecnoglobalgt.com\/es\/?post_type=product&#038;p=513"},"modified":"2020-10-19T21:16:08","modified_gmt":"2020-10-19T21:16:08","slug":"xth-620","status":"publish","type":"product","link":"https:\/\/tecnoglobalgt.com\/es\/product\/xth-620\/","title":{"rendered":"XTH-620"},"content":{"rendered":"<p style=\"text-align: center;\">XTH-620<\/p>\n<h3 style=\"text-align: center;\"><b>AURICULARES BLUETOOTH <\/b><b>SPHERE<\/b><\/h3>\n<p style=\"text-align: center;\">\n","protected":false},"excerpt":{"rendered":"<ul>\n<li>Avanzada plataforma Bluetooth<\/li>\n<li>Microparlanes de 40mm<\/li>\n<li>C\u00e1psulas se giratorias y dise\u00f1o plegable<\/li>\n<li>Controles de conexi\u00f3n, para gesti\u00f3n de m\u00fasica o llamadas integrados en la unidad<\/li>\n<li>Micr\u00f3fono omnidireccional<\/li>\n<li>Hasta 12 horas de funcionamiento normal y aproximadamente 30 horas en modo de pausa<\/li>\n<\/ul>\n","protected":false},"featured_media":514,"comment_status":"open","ping_status":"closed","template":"","meta":[],"product_cat":[90,127,139,81],"product_tag":[136,137],"class_list":{"0":"post-513","1":"product","2":"type-product","3":"status-publish","4":"has-post-thumbnail","6":"product_cat-accesorios","7":"product_cat-audio","8":"product_cat-auriculares","9":"product_cat-equipo-de-computo","10":"product_tag-audifonos","11":"product_tag-auriculares","13":"first","14":"instock","15":"taxable","16":"shipping-taxable","17":"product-type-simple"},"_links":{"self":[{"href":"https:\/\/tecnoglobalgt.com\/es\/wp-json\/wp\/v2\/product\/513","targetHints":{"allow":["GET"]}}],"collection":[{"href":"https:\/\/tecnoglobalgt.com\/es\/wp-json\/wp\/v2\/product"}],"about":[{"href":"https:\/\/tecnoglobalgt.com\/es\/wp-json\/wp\/v2\/types\/product"}],"replies":[{"embeddable":true,"href":"https:\/\/tecnoglobalgt.com\/es\/wp-json\/wp\/v2\/comments?post=513"}],"wp:featuredmedia":[{"embeddable":true,"href":"https:\/\/tecnoglobalgt.com\/es\/wp-json\/wp\/v2\/media\/514"}],"wp:attachment":[{"href":"https:\/\/tecnoglobalgt.com\/es\/wp-json\/wp\/v2\/media?parent=513"}],"wp:term":[{"taxonomy":"product_cat","embeddable":true,"href":"https:\/\/tecnoglobalgt.com\/es\/wp-json\/wp\/v2\/product_cat?post=513"},{"taxonomy":"product_tag","embeddable":true,"href":"https:\/\/tecnoglobalgt.com\/es\/wp-json\/wp\/v2\/product_tag?post=513"}],"curies":[{"name":"wp","href":"https:\/\/api.w.org\/{rel}","templated":true}]}}