{"id":490,"date":"2020-10-19T17:32:01","date_gmt":"2020-10-19T17:32:01","guid":{"rendered":"https:\/\/tecnoglobalgt.com\/es\/?post_type=product&#038;p=490"},"modified":"2020-10-19T17:36:23","modified_gmt":"2020-10-19T17:36:23","slug":"xt-gmr1","status":"publish","type":"product","link":"https:\/\/tecnoglobalgt.com\/es\/product\/xt-gmr1\/","title":{"rendered":"XT-GMR1 DELIRIUM"},"content":{"rendered":"<p style=\"text-align: center;\">XT-GMR1<\/p>\n<h3 style=\"text-align: center;\"><b>GABINETE GAMER DELIRIUM<\/b><\/h3>\n<p style=\"text-align: center;\">\n","protected":false},"excerpt":{"rendered":"<ul>\n<li>Gran capacidad de expansi\u00f3n:<\/li>\n<li>2 unidades de disco \u00f3ptico (ODD) de 5,25in<\/li>\n<li>3 unidades de disco duro (HDD) de 3,5in<\/li>\n<li>2 unidades de disco de estado s\u00f3lido (SDD) de 2,5in<\/li>\n<li>Espacio disponible para siete ventiladores,<\/li>\n<li><b>incluye una unidad preinstalada de 120mm con LED Azul <\/b><\/li>\n<li>Un puerto USB 3.0 integrado en el panel frontal, para la transferencia ultrarr\u00e1pida de datos<\/li>\n<li>Dos pr\u00e1cticos puertos USB, m\u00e1s dos entradas auxiliares para audio de alta definici\u00f3n<\/li>\n<li>Panel lateral de acr\u00edlico<\/li>\n<\/ul>\n","protected":false},"featured_media":491,"comment_status":"open","ping_status":"closed","template":"","meta":[],"product_cat":[81,143,84],"product_tag":[146,145,142],"class_list":{"0":"post-490","1":"product","2":"type-product","3":"status-publish","4":"has-post-thumbnail","6":"product_cat-equipo-de-computo","7":"product_cat-gabinete","8":"product_cat-gamers","9":"product_tag-caja","10":"product_tag-gabinete","11":"product_tag-gamer","13":"first","14":"instock","15":"taxable","16":"shipping-taxable","17":"product-type-simple"},"_links":{"self":[{"href":"https:\/\/tecnoglobalgt.com\/es\/wp-json\/wp\/v2\/product\/490","targetHints":{"allow":["GET"]}}],"collection":[{"href":"https:\/\/tecnoglobalgt.com\/es\/wp-json\/wp\/v2\/product"}],"about":[{"href":"https:\/\/tecnoglobalgt.com\/es\/wp-json\/wp\/v2\/types\/product"}],"replies":[{"embeddable":true,"href":"https:\/\/tecnoglobalgt.com\/es\/wp-json\/wp\/v2\/comments?post=490"}],"wp:featuredmedia":[{"embeddable":true,"href":"https:\/\/tecnoglobalgt.com\/es\/wp-json\/wp\/v2\/media\/491"}],"wp:attachment":[{"href":"https:\/\/tecnoglobalgt.com\/es\/wp-json\/wp\/v2\/media?parent=490"}],"wp:term":[{"taxonomy":"product_cat","embeddable":true,"href":"https:\/\/tecnoglobalgt.com\/es\/wp-json\/wp\/v2\/product_cat?post=490"},{"taxonomy":"product_tag","embeddable":true,"href":"https:\/\/tecnoglobalgt.com\/es\/wp-json\/wp\/v2\/product_tag?post=490"}],"curies":[{"name":"wp","href":"https:\/\/api.w.org\/{rel}","templated":true}]}}