{"id":462,"date":"2020-10-17T06:34:39","date_gmt":"2020-10-17T06:34:39","guid":{"rendered":"https:\/\/tecnoglobalgt.com\/es\/?post_type=product&#038;p=462"},"modified":"2020-10-17T06:45:47","modified_gmt":"2020-10-17T06:45:47","slug":"xth-340","status":"publish","type":"product","link":"https:\/\/tecnoglobalgt.com\/es\/product\/xth-340\/","title":{"rendered":"XTH-340"},"content":{"rendered":"<p style=\"text-align: center;\">XTH-340<\/p>\n<h3 style=\"text-align: center;\"><b>AURICULARES CABLEADOS ALLOY\u00a0<\/b><\/h3>\n<p style=\"text-align: center;\">Auriculares Est\u00e9reo con Micr\u00f3fono<\/p>\n<p style=\"text-align: center;\">\n","protected":false},"excerpt":{"rendered":"<ul>\n<li>Dise\u00f1o plegable<\/li>\n<li>Microparlantes de 40mm<\/li>\n<li>S\u00f3lida estructura que cuenta con articulaciones reforzadas en la diadema<\/li>\n<li>C\u00e1psula de mando en l\u00ednea con micr\u00f3fono integrado permite controlar tu m\u00fasica y llamadas<\/li>\n<li>Tipo de conexi\u00f3n: 3.5mm<\/li>\n<\/ul>\n","protected":false},"featured_media":464,"comment_status":"open","ping_status":"closed","template":"","meta":[],"product_cat":[90,127,139,81],"product_tag":[136,137],"class_list":{"0":"post-462","1":"product","2":"type-product","3":"status-publish","4":"has-post-thumbnail","6":"product_cat-accesorios","7":"product_cat-audio","8":"product_cat-auriculares","9":"product_cat-equipo-de-computo","10":"product_tag-audifonos","11":"product_tag-auriculares","13":"first","14":"instock","15":"taxable","16":"shipping-taxable","17":"product-type-simple"},"_links":{"self":[{"href":"https:\/\/tecnoglobalgt.com\/es\/wp-json\/wp\/v2\/product\/462","targetHints":{"allow":["GET"]}}],"collection":[{"href":"https:\/\/tecnoglobalgt.com\/es\/wp-json\/wp\/v2\/product"}],"about":[{"href":"https:\/\/tecnoglobalgt.com\/es\/wp-json\/wp\/v2\/types\/product"}],"replies":[{"embeddable":true,"href":"https:\/\/tecnoglobalgt.com\/es\/wp-json\/wp\/v2\/comments?post=462"}],"wp:featuredmedia":[{"embeddable":true,"href":"https:\/\/tecnoglobalgt.com\/es\/wp-json\/wp\/v2\/media\/464"}],"wp:attachment":[{"href":"https:\/\/tecnoglobalgt.com\/es\/wp-json\/wp\/v2\/media?parent=462"}],"wp:term":[{"taxonomy":"product_cat","embeddable":true,"href":"https:\/\/tecnoglobalgt.com\/es\/wp-json\/wp\/v2\/product_cat?post=462"},{"taxonomy":"product_tag","embeddable":true,"href":"https:\/\/tecnoglobalgt.com\/es\/wp-json\/wp\/v2\/product_tag?post=462"}],"curies":[{"name":"wp","href":"https:\/\/api.w.org\/{rel}","templated":true}]}}