{"id":455,"date":"2020-10-17T06:26:47","date_gmt":"2020-10-17T06:26:47","guid":{"rendered":"https:\/\/tecnoglobalgt.com\/es\/?post_type=product&#038;p=455"},"modified":"2020-10-17T06:30:17","modified_gmt":"2020-10-17T06:30:17","slug":"xts-800","status":"publish","type":"product","link":"https:\/\/tecnoglobalgt.com\/es\/product\/xts-800\/","title":{"rendered":"XTS-800"},"content":{"rendered":"<p style=\"text-align: center;\">XTS-800<\/p>\n<h3 style=\"text-align: center;\"><b>BARRA DE SONIDO <\/b><b>BLADE<\/b><\/h3>\n<p style=\"text-align: center;\">Barra de sonido de 2.0 canales Compatible con Bluetooth\u00ae<\/p>\n<p style=\"text-align: center;\">\n","protected":false},"excerpt":{"rendered":"<ul>\n<li>Barra de sonido de 2.0 canales de moderno y estilizado dise\u00f1o con una potencia m\u00e1xima de salida de 40 watts<\/li>\n<li>La funcionalidad Bluetooth\u00ae facilita la reproducci\u00f3n de m\u00fasica en forma inal\u00e1mbrica desde dispositivos compatibles<\/li>\n<li>Mayor versatilidad a trav\u00e9s de dos puertos auxiliares dise\u00f1ados para conectar cualquier dispositivo equipado con un conjuntor de audio de 3,5mm<\/li>\n<li>Puerto USB incorporado para reproducir directamente m\u00fasica grabada en una unidad de memoria externa<\/li>\n<li>Pr\u00e1ctico control remoto<\/li>\n<li>M\u00e1xima potencia de salida (RMS):\u00a0<b>40W<\/b><\/li>\n<\/ul>\n","protected":false},"featured_media":456,"comment_status":"open","ping_status":"closed","template":"","meta":[],"product_cat":[90,127],"product_tag":[134,133],"class_list":{"0":"post-455","1":"product","2":"type-product","3":"status-publish","4":"has-post-thumbnail","6":"product_cat-accesorios","7":"product_cat-audio","8":"product_tag-barra-de-sonido","9":"product_tag-bocinas","11":"first","12":"instock","13":"taxable","14":"shipping-taxable","15":"product-type-simple"},"_links":{"self":[{"href":"https:\/\/tecnoglobalgt.com\/es\/wp-json\/wp\/v2\/product\/455","targetHints":{"allow":["GET"]}}],"collection":[{"href":"https:\/\/tecnoglobalgt.com\/es\/wp-json\/wp\/v2\/product"}],"about":[{"href":"https:\/\/tecnoglobalgt.com\/es\/wp-json\/wp\/v2\/types\/product"}],"replies":[{"embeddable":true,"href":"https:\/\/tecnoglobalgt.com\/es\/wp-json\/wp\/v2\/comments?post=455"}],"wp:featuredmedia":[{"embeddable":true,"href":"https:\/\/tecnoglobalgt.com\/es\/wp-json\/wp\/v2\/media\/456"}],"wp:attachment":[{"href":"https:\/\/tecnoglobalgt.com\/es\/wp-json\/wp\/v2\/media?parent=455"}],"wp:term":[{"taxonomy":"product_cat","embeddable":true,"href":"https:\/\/tecnoglobalgt.com\/es\/wp-json\/wp\/v2\/product_cat?post=455"},{"taxonomy":"product_tag","embeddable":true,"href":"https:\/\/tecnoglobalgt.com\/es\/wp-json\/wp\/v2\/product_tag?post=455"}],"curies":[{"name":"wp","href":"https:\/\/api.w.org\/{rel}","templated":true}]}}