{"id":445,"date":"2020-10-17T06:18:12","date_gmt":"2020-10-17T06:18:12","guid":{"rendered":"https:\/\/tecnoglobalgt.com\/es\/?post_type=product&#038;p=445"},"modified":"2020-10-17T06:22:01","modified_gmt":"2020-10-17T06:22:01","slug":"xta-380","status":"publish","type":"product","link":"https:\/\/tecnoglobalgt.com\/es\/product\/xta-380\/","title":{"rendered":"XTA-380"},"content":{"rendered":"<p style=\"text-align: center;\"><b>XTA-380<\/b><\/p>\n<h3 style=\"text-align: center;\"><b>SOPORTE DE TV<\/b><\/h3>\n<p style=\"text-align: center;\">\n","protected":false},"excerpt":{"rendered":"<ul>\n<li>Ideal para pantallas LED\/LCD y plasma<\/li>\n<li>Compatible con VESA<\/li>\n<li>Para televisores con pantallas de <b>32\u2019 a 90\u2019 <\/b>pulgadas<\/li>\n<li>Inclinaci\u00f3n de 10 grados para el \u00e1ngulo de visi\u00f3n perfecto<\/li>\n<li>Capacidad de carga de hasta <b>75kg<\/b><\/li>\n<li>Especificaci\u00f3n m\u00e1x. VESA: 700x400mm<\/li>\n<li>Kit de herrajes: Incluido<\/li>\n<\/ul>\n","protected":false},"featured_media":448,"comment_status":"open","ping_status":"closed","template":"","meta":[],"product_cat":[90,128],"product_tag":[129,131,130],"class_list":{"0":"post-445","1":"product","2":"type-product","3":"status-publish","4":"has-post-thumbnail","6":"product_cat-accesorios","7":"product_cat-tv","8":"product_tag-soporte","9":"product_tag-sporte-tv","10":"product_tag-tv","12":"first","13":"instock","14":"taxable","15":"shipping-taxable","16":"product-type-simple"},"_links":{"self":[{"href":"https:\/\/tecnoglobalgt.com\/es\/wp-json\/wp\/v2\/product\/445","targetHints":{"allow":["GET"]}}],"collection":[{"href":"https:\/\/tecnoglobalgt.com\/es\/wp-json\/wp\/v2\/product"}],"about":[{"href":"https:\/\/tecnoglobalgt.com\/es\/wp-json\/wp\/v2\/types\/product"}],"replies":[{"embeddable":true,"href":"https:\/\/tecnoglobalgt.com\/es\/wp-json\/wp\/v2\/comments?post=445"}],"wp:featuredmedia":[{"embeddable":true,"href":"https:\/\/tecnoglobalgt.com\/es\/wp-json\/wp\/v2\/media\/448"}],"wp:attachment":[{"href":"https:\/\/tecnoglobalgt.com\/es\/wp-json\/wp\/v2\/media?parent=445"}],"wp:term":[{"taxonomy":"product_cat","embeddable":true,"href":"https:\/\/tecnoglobalgt.com\/es\/wp-json\/wp\/v2\/product_cat?post=445"},{"taxonomy":"product_tag","embeddable":true,"href":"https:\/\/tecnoglobalgt.com\/es\/wp-json\/wp\/v2\/product_tag?post=445"}],"curies":[{"name":"wp","href":"https:\/\/api.w.org\/{rel}","templated":true}]}}