{"id":420,"date":"2020-10-17T05:40:22","date_gmt":"2020-10-17T05:40:22","guid":{"rendered":"https:\/\/tecnoglobalgt.com\/es\/?post_type=product&#038;p=420"},"modified":"2023-08-25T19:22:59","modified_gmt":"2023-08-25T19:22:59","slug":"xtc-626","status":"publish","type":"product","link":"https:\/\/tecnoglobalgt.com\/es\/product\/xtc-626\/","title":{"rendered":"CABLE XTECH HDMI XTC-626 4K 1.8M\/6FEET NEGRO\/PLATEADO"},"content":{"rendered":"<h2>Caracter\u00edsticas<\/h2>\n<ul>\n<li>Cable HDMI compatible con canal Ethernet, con tecnolog\u00eda de Canal de retorno de audio (ARC) y un ancho de banda de 18Gbps<\/li>\n<li>Funciona con la \u00faltima generaci\u00f3n de televisores de alta definici\u00f3n, Blue ray\/reproductores de CD de alta definici\u00f3n, consolas para videojuegos de alta definici\u00f3n, proyectores y otros dispositivos de alta definici\u00f3n con HDMI<\/li>\n<li>Equipado con conductores de cobre de alta conductividad libres de ox\u00edgeno, que eliminan convenientemente el ruido y las interferencias en la se\u00f1al<\/li>\n<li>Elaborado con contactos ba\u00f1ados en oro de 24K resistentes a la corrosi\u00f3n<\/li>\n<li>Compatible con los est\u00e1ndares HDMI V2.0, V1.4 y V1.3 para un rendimiento de calidad superior<\/li>\n<li>Dise\u00f1o trenzado y antienredos para un f\u00e1cil manejo<\/li>\n<\/ul>\n<h2>Especificaciones t\u00e9cnicas<\/h2>\n<ul>\n<li>Tipo: Cable para audio y video digital<\/li>\n<li>Tipo de conector: HDMI macho a HDMI macho<\/li>\n<li>Calibre: 30AWG<\/li>\n<li>Resoluci\u00f3n: Hasta 3840X2160p a 60Hz<\/li>\n<li>Velocidad de transferencia de datos: 18Gbps<\/li>\n<li>Di\u00e1metro externo: 7,5mm<\/li>\n<li>Admite los formatos: 4K Ultra alta definici\u00f3n a 60Hz (2160p), reproducci\u00f3n de video dual y amplio espacio de color. Admite HDMI con canal Ethernet, tecnolog\u00eda de Canal de retorno de audio (ARC) y banda ancha de 18Gbps. Compatible con los est\u00e1ndares HDMI V2.0, V1.4, V1.3<\/li>\n<li>Aplicaciones: Reproductores de DVD de alta definici\u00f3n, consolas para videojuegos de alta definici\u00f3n, proyectores de alta definici\u00f3n, computadoras, pantallas LED, LCD, plasma y 3D, PS4\/ PS3, XBOX ONE \/ XBOX 360<\/li>\n<li>Material de contacto: Conectores enchapados en oro de 24K<\/li>\n<li>Material del conductor: Conductores de cobre de alta conductividad libres de ox\u00edgeno<\/li>\n<li>Material de blindaje: Aluminio<\/li>\n<li>Revestimiento: PVC y malla de algod\u00f3n<\/li>\n<li>Longitud: 1,8m<\/li>\n<li>Peso: 198,4g<\/li>\n<li>Garant\u00eda: Un a\u00f1o<\/li>\n<\/ul>\n","protected":false},"excerpt":{"rendered":"<div class=\"col-md-4 col-12\" data-v-6831a363=\"\">\n<ul>\n<li class=\"text-left text-grey p-3\"><strong><span class=\"font-weight-bold text-primary\" data-v-6831a363=\"\">Material del contacto : <\/span><\/strong><span style=\"font-size: 14.4px;\">Conectores enchapados en oro de 24K<\/span><\/li>\n<li class=\"text-left text-grey p-3\"><strong style=\"font-size: 14.4px;\"><span class=\"font-weight-bold text-primary\" data-v-6831a363=\"\">Resoluci\u00f3n: <\/span><\/strong><span style=\"font-size: 14.4px;\">Hasta 3840X2160p a 60Hz<\/span><\/li>\n<li class=\"text-left text-grey p-3\"><strong style=\"font-size: 14.4px;\"><span class=\"font-weight-bold text-primary\" data-v-6831a363=\"\">Longitud: <\/span><\/strong><span style=\"font-size: 14.4px;\">1,8m<\/span><\/li>\n<\/ul>\n<\/div>\n","protected":false},"featured_media":422,"comment_status":"open","ping_status":"closed","template":"","meta":[],"product_cat":[90,168,117],"product_tag":[119,118],"class_list":{"0":"post-420","1":"product","2":"type-product","3":"status-publish","4":"has-post-thumbnail","6":"product_cat-accesorios","7":"product_cat-cables","8":"product_cat-hdmi","9":"product_tag-cables-hdmi","10":"product_tag-hdmi","12":"first","13":"instock","14":"taxable","15":"shipping-taxable","16":"purchasable","17":"product-type-simple"},"_links":{"self":[{"href":"https:\/\/tecnoglobalgt.com\/es\/wp-json\/wp\/v2\/product\/420","targetHints":{"allow":["GET"]}}],"collection":[{"href":"https:\/\/tecnoglobalgt.com\/es\/wp-json\/wp\/v2\/product"}],"about":[{"href":"https:\/\/tecnoglobalgt.com\/es\/wp-json\/wp\/v2\/types\/product"}],"replies":[{"embeddable":true,"href":"https:\/\/tecnoglobalgt.com\/es\/wp-json\/wp\/v2\/comments?post=420"}],"wp:featuredmedia":[{"embeddable":true,"href":"https:\/\/tecnoglobalgt.com\/es\/wp-json\/wp\/v2\/media\/422"}],"wp:attachment":[{"href":"https:\/\/tecnoglobalgt.com\/es\/wp-json\/wp\/v2\/media?parent=420"}],"wp:term":[{"taxonomy":"product_cat","embeddable":true,"href":"https:\/\/tecnoglobalgt.com\/es\/wp-json\/wp\/v2\/product_cat?post=420"},{"taxonomy":"product_tag","embeddable":true,"href":"https:\/\/tecnoglobalgt.com\/es\/wp-json\/wp\/v2\/product_tag?post=420"}],"curies":[{"name":"wp","href":"https:\/\/api.w.org\/{rel}","templated":true}]}}