{"id":3485,"date":"2025-09-24T23:45:09","date_gmt":"2025-09-24T23:45:09","guid":{"rendered":"https:\/\/tecnoglobalgt.com\/es\/?post_type=product&#038;p=3485"},"modified":"2025-09-24T23:46:30","modified_gmt":"2025-09-24T23:46:30","slug":"cargador-samsung-45w-original-samsung-sin-cable","status":"publish","type":"product","link":"https:\/\/tecnoglobalgt.com\/es\/product\/cargador-samsung-45w-original-samsung-sin-cable\/","title":{"rendered":"CARGADOR SAMSUNG 45W ORIGINAL SAMSUNG SIN CABLE"},"content":{"rendered":"<section id=\"features\" class=\"ftd21-feature-section-title\">\n<div class=\"ftd21-feature-section-title__headline-wrap\">\n<h2 class=\"ftd21-feature-section-title__headline-text\">Caracter\u00edsticas<\/h2>\n<\/div>\n<\/section>\n<div class=\"feature-benefit feature-beneift--padding-top-normal feature-beneift--padding-bottom-normal bg-white\">\n<div class=\"feature-benefit__text-wrap\">\n<div class=\"feature-benefit__text\">\n<h2 class=\"feature-benefit__title contrast-target\" data-font-size-mo=\"30\" data-font-size-pc=\"48\">Carga superr\u00e1pida para una amplia gama de dispositivos<\/h2>\n<div class=\"feature-benefit__desc-wrap\">\n<p class=\"feature-benefit__desc contrast-target\" data-font-size-mo=\"12\" data-font-size-pc=\"18\">El cargador de 45 W te permite cargar la bater\u00eda de tu Galaxy a una velocidad superr\u00e1pida.<\/p>\n<\/div>\n<\/div>\n<\/div>\n<div class=\"feature-benefit__img-wrap\">\n<div class=\"image image--dyn-height image--main-loaded\"><img decoding=\"async\" class=\"image__preview responsive-img image--loaded image--hide\" src=\"https:\/\/images.samsung.com\/is\/image\/samsung\/p6pim\/latin\/feature\/164494100\/latin-feature-super-fast-charging-for-a-wide-range-of-devices--536016035?$LazyLoad_Home_PNG$\" alt=\"Carga superr\u00e1pida para una amplia gama de dispositivos\" data-desktop-alt=\"Carga superr\u00e1pida para una amplia gama de dispositivos\" data-comp-name=\"image\" data-desktop-src=\"\/\/images.samsung.com\/is\/image\/samsung\/p6pim\/latin\/feature\/164494100\/latin-feature-super-fast-charging-for-a-wide-range-of-devices--536016035?$LazyLoad_Home_PNG$\" data-mobile-alt=\"Carga superr\u00e1pida para una amplia gama de dispositivos\" data-mobile-src=\"\/\/images.samsung.com\/is\/image\/samsung\/p6pim\/latin\/feature\/164494100\/latin-feature-super-fast-charging-for-a-wide-range-of-devices--536016036?$LazyLoad_Home_PNG$\" aria-hidden=\"true\" \/><img decoding=\"async\" class=\"image__main responsive-img image--loaded\" src=\"https:\/\/images.samsung.com\/is\/image\/samsung\/p6pim\/latin\/feature\/164494100\/latin-feature-super-fast-charging-for-a-wide-range-of-devices--536016035?$FB_TYPE_A_JPG$\" alt=\"Carga superr\u00e1pida para una amplia gama de dispositivos\" data-desktop-alt=\"Carga superr\u00e1pida para una amplia gama de dispositivos\" data-comp-name=\"image\" data-desktop-src=\"\/\/images.samsung.com\/is\/image\/samsung\/p6pim\/latin\/feature\/164494100\/latin-feature-super-fast-charging-for-a-wide-range-of-devices--536016035?$FB_TYPE_A_JPG$\" data-mobile-alt=\"Carga superr\u00e1pida para una amplia gama de dispositivos\" data-mobile-src=\"\/\/images.samsung.com\/is\/image\/samsung\/p6pim\/latin\/feature\/164494100\/latin-feature-super-fast-charging-for-a-wide-range-of-devices--536016036?$FB_TYPE_A_MO_JPG$\" \/><\/div>\n<\/div>\n<div class=\"feature-benefit__disclaimer-wrap\">\n<p class=\"feature-benefit__disclaimer contrast-target\">*\u00a0La velocidad de carga puede variar seg\u00fan el dispositivo.<br \/>\n**\u00a0SFC\u00a02.0 (45\u00a0W) est\u00e1 disponible en los Galaxy S20 Ultra, Note10+, Tab\u00a0S7+ y superiores. Se pueden agregar dispositivos compatibles.<\/p>\n<\/div>\n<\/div>\n<div class=\"feature-benefit feature-beneift--padding-top-normal feature-beneift--padding-bottom-normal bg-white\">\n<div class=\"feature-benefit__text-wrap\">\n<div class=\"feature-benefit__text\">\n<h2 class=\"feature-benefit__title contrast-target\" data-font-size-mo=\"30\" data-font-size-pc=\"48\">Compatibilidad universal<\/h2>\n<div class=\"feature-benefit__desc-wrap\">\n<p class=\"feature-benefit__desc contrast-target\" data-font-size-mo=\"12\" data-font-size-pc=\"18\">Desde auriculares hasta tabletas, carga una amplia gama de dispositivos a velocidades \u00f3ptimas y aprovecha los tiempos de carga r\u00e1pidos para tus dispositivos.<\/p>\n<\/div>\n<\/div>\n<\/div>\n<div class=\"feature-benefit__img-wrap\">\n<div class=\"image image--dyn-height image--main-loaded\"><img decoding=\"async\" class=\"image__preview responsive-img image--loaded image--hide\" src=\"https:\/\/images.samsung.com\/is\/image\/samsung\/p6pim\/latin\/feature\/164494099\/latin-feature-universal-compatibility-536016033?$LazyLoad_Home_PNG$\" alt=\"Compatibilidad universal\" data-desktop-alt=\"Compatibilidad universal\" data-comp-name=\"image\" data-desktop-src=\"\/\/images.samsung.com\/is\/image\/samsung\/p6pim\/latin\/feature\/164494099\/latin-feature-universal-compatibility-536016033?$LazyLoad_Home_PNG$\" data-mobile-alt=\"Compatibilidad universal\" data-mobile-src=\"\/\/images.samsung.com\/is\/image\/samsung\/p6pim\/latin\/feature\/164494099\/latin-feature-universal-compatibility-536016034?$LazyLoad_Home_PNG$\" aria-hidden=\"true\" \/><img decoding=\"async\" class=\"image__main responsive-img image--loaded\" src=\"https:\/\/images.samsung.com\/is\/image\/samsung\/p6pim\/latin\/feature\/164494099\/latin-feature-universal-compatibility-536016033?$FB_TYPE_A_JPG$\" alt=\"Compatibilidad universal\" data-desktop-alt=\"Compatibilidad universal\" data-comp-name=\"image\" data-desktop-src=\"\/\/images.samsung.com\/is\/image\/samsung\/p6pim\/latin\/feature\/164494099\/latin-feature-universal-compatibility-536016033?$FB_TYPE_A_JPG$\" data-mobile-alt=\"Compatibilidad universal\" data-mobile-src=\"\/\/images.samsung.com\/is\/image\/samsung\/p6pim\/latin\/feature\/164494099\/latin-feature-universal-compatibility-536016034?$FB_TYPE_A_MO_JPG$\" \/><\/div>\n<\/div>\n<div class=\"feature-benefit__disclaimer-wrap\">\n<p class=\"feature-benefit__disclaimer contrast-target\">*\u00a0Es posible que los dispositivos no se carguen correctamente, seg\u00fan factores como el tipo de dispositivo, el cable u otros factores ambientales.<\/p>\n<\/div>\n<\/div>\n<div class=\"feature-benefit feature-beneift--padding-top-normal feature-beneift--padding-bottom-normal bg-white\">\n<div class=\"feature-benefit__text-wrap\">\n<div class=\"feature-benefit__text\">\n<h2 class=\"feature-benefit__title contrast-target\" data-font-size-mo=\"30\" data-font-size-pc=\"48\">Seguro y estable tambi\u00e9n puede ser r\u00e1pido y poderoso<\/h2>\n<div class=\"feature-benefit__desc-wrap\">\n<p class=\"feature-benefit__desc contrast-target\" data-font-size-mo=\"12\" data-font-size-pc=\"18\">Dales a tus dispositivos Galaxy la fuente de alimentaci\u00f3n estable y segura que merecen. Bajo condiciones de uso normal, este cargador proporciona protecci\u00f3n contra peligros como sobrecorriente, cortocircuitos, fluctuaciones de temperatura y mucho m\u00e1s.<\/p>\n<\/div>\n<\/div>\n<\/div>\n<div class=\"feature-benefit__img-wrap\">\n<div class=\"image image--dyn-height image--main-loaded\"><img decoding=\"async\" class=\"image__preview responsive-img image--loaded image--hide\" src=\"https:\/\/images.samsung.com\/is\/image\/samsung\/p6pim\/latin\/feature\/164494098\/latin-feature-safe-and-stable-can-be-fast-and-powerful-too--536016031?$LazyLoad_Home_PNG$\" alt=\"Seguro y estable tambi\u00e9n puede ser r\u00e1pido y poderoso\" data-desktop-alt=\"Seguro y estable tambi\u00e9n puede ser r\u00e1pido y poderoso\" data-comp-name=\"image\" data-desktop-src=\"\/\/images.samsung.com\/is\/image\/samsung\/p6pim\/latin\/feature\/164494098\/latin-feature-safe-and-stable-can-be-fast-and-powerful-too--536016031?$LazyLoad_Home_PNG$\" data-mobile-alt=\"Seguro y estable tambi\u00e9n puede ser r\u00e1pido y poderoso\" data-mobile-src=\"\/\/images.samsung.com\/is\/image\/samsung\/p6pim\/latin\/feature\/164494098\/latin-feature-safe-and-stable-can-be-fast-and-powerful-too--536016032?$LazyLoad_Home_PNG$\" aria-hidden=\"true\" \/><img decoding=\"async\" class=\"image__main responsive-img image--loaded\" src=\"https:\/\/images.samsung.com\/is\/image\/samsung\/p6pim\/latin\/feature\/164494098\/latin-feature-safe-and-stable-can-be-fast-and-powerful-too--536016031?$FB_TYPE_A_JPG$\" alt=\"Seguro y estable tambi\u00e9n puede ser r\u00e1pido y poderoso\" data-desktop-alt=\"Seguro y estable tambi\u00e9n puede ser r\u00e1pido y poderoso\" data-comp-name=\"image\" data-desktop-src=\"\/\/images.samsung.com\/is\/image\/samsung\/p6pim\/latin\/feature\/164494098\/latin-feature-safe-and-stable-can-be-fast-and-powerful-too--536016031?$FB_TYPE_A_JPG$\" data-mobile-alt=\"Seguro y estable tambi\u00e9n puede ser r\u00e1pido y poderoso\" data-mobile-src=\"\/\/images.samsung.com\/is\/image\/samsung\/p6pim\/latin\/feature\/164494098\/latin-feature-safe-and-stable-can-be-fast-and-powerful-too--536016032?$FB_TYPE_A_MO_JPG$\" \/><\/div>\n<\/div>\n<div class=\"feature-benefit__disclaimer-wrap\">\n<p class=\"feature-benefit__disclaimer contrast-target\">\n<\/div>\n<\/div>\n","protected":false},"excerpt":{"rendered":"<p class=\"pdd32-product-spec__content-item-title\"><strong>Caracter\u00edsticas<\/strong><\/p>\n<ul>\n<li>Carga r\u00e1pida.<\/li>\n<li>Carga eficiente.<\/li>\n<li>La tecnolog\u00eda Smart IC ayuda a reducir el consumo de energ\u00eda en modo de espera.<\/li>\n<li>Compatible con Galaxy S25 Series, S24 Ultra, S24+, S23 Ultra, S23+, Galaxy Tab S9 Series.<\/li>\n<\/ul>\n","protected":false},"featured_media":3484,"comment_status":"open","ping_status":"closed","template":"","meta":[],"product_cat":[256,241],"product_tag":[],"class_list":{"0":"post-3485","1":"product","2":"type-product","3":"status-publish","4":"has-post-thumbnail","6":"product_cat-cargador-para-celular","7":"product_cat-celulares","9":"first","10":"instock","11":"taxable","12":"shipping-taxable","13":"purchasable","14":"product-type-simple"},"_links":{"self":[{"href":"https:\/\/tecnoglobalgt.com\/es\/wp-json\/wp\/v2\/product\/3485","targetHints":{"allow":["GET"]}}],"collection":[{"href":"https:\/\/tecnoglobalgt.com\/es\/wp-json\/wp\/v2\/product"}],"about":[{"href":"https:\/\/tecnoglobalgt.com\/es\/wp-json\/wp\/v2\/types\/product"}],"replies":[{"embeddable":true,"href":"https:\/\/tecnoglobalgt.com\/es\/wp-json\/wp\/v2\/comments?post=3485"}],"wp:featuredmedia":[{"embeddable":true,"href":"https:\/\/tecnoglobalgt.com\/es\/wp-json\/wp\/v2\/media\/3484"}],"wp:attachment":[{"href":"https:\/\/tecnoglobalgt.com\/es\/wp-json\/wp\/v2\/media?parent=3485"}],"wp:term":[{"taxonomy":"product_cat","embeddable":true,"href":"https:\/\/tecnoglobalgt.com\/es\/wp-json\/wp\/v2\/product_cat?post=3485"},{"taxonomy":"product_tag","embeddable":true,"href":"https:\/\/tecnoglobalgt.com\/es\/wp-json\/wp\/v2\/product_tag?post=3485"}],"curies":[{"name":"wp","href":"https:\/\/api.w.org\/{rel}","templated":true}]}}