{"id":3478,"date":"2025-09-24T23:32:14","date_gmt":"2025-09-24T23:32:14","guid":{"rendered":"https:\/\/tecnoglobalgt.com\/es\/?post_type=product&#038;p=3478"},"modified":"2025-09-24T23:46:40","modified_gmt":"2025-09-24T23:46:40","slug":"audifono-redmi-buds-6-active-bluetooth-negro","status":"publish","type":"product","link":"https:\/\/tecnoglobalgt.com\/es\/product\/audifono-redmi-buds-6-active-bluetooth-negro\/","title":{"rendered":"AUDIFONO REDMI BUDS 6 ACTIVE BLUETOOTH NEGRO"},"content":{"rendered":"<p>Especificaciones:<\/p>\n<h3>Diafragma din\u00e1mico de gran tama\u00f1o (14,2 mm)<\/h3>\n<p>Woofer potente<br \/>\nAc\u00fastica de calidad<br \/>\nEl diafragma din\u00e1mico de gran tama\u00f1o (14,2 mm) y los ajustes precisos de Xiaomi Acoustic Lab han mejorado el woofer para ofrecer una experiencia sonora espectacular.<\/p>\n<h3>Reducci\u00f3n de ruido con doble micr\u00f3fono para una voz m\u00e1s clara*<\/h3>\n<p>Filtra el ruido ambiental<br \/>\nDisfruta de llamadas n\u00edtidas e inteligentes<br \/>\nEl algoritmo de cancelaci\u00f3n de ruido de doble canal puede generar un efecto de cancelaci\u00f3n del ruido del viento hasta 4 m\/s* para las llamadas. En combinaci\u00f3n con la tecnolog\u00eda de reducci\u00f3n de ruido con doble micr\u00f3fono, reduce eficazmente el ruido ambiental para que puedas disfrutar de llamadas m\u00e1s claras, tanto en espacios interiores como exteriores.<\/p>\n<h3>Hasta 30 horas de duraci\u00f3n de la bater\u00eda*<\/h3>\n<p>Sonido de gran calidad durante todo el d\u00eda<br \/>\nEscucha hasta 6 horas de m\u00fasica con una sola carga de los auriculares o comb\u00ednalos con el estuche de carga para poder usarlos durante hasta 30 horas. Deja de preocuparte por la bater\u00eda. Disfruta de hasta 1 hora de reproducci\u00f3n con tan solo 10 minutos de carga. Disfruta de un sonido musical excepcional sin interrupciones.<br \/>\n* 90 canciones Escucha continua<br \/>\n* 3 pel\u00edculas Reproducci\u00f3n continua<\/p>\n<h3>Cinco ajustes de ecualizaci\u00f3n integrados<\/h3>\n<p>Cambia f\u00e1cilmente<br \/>\nAdapta la escucha a tus preferencias<br \/>\nLos cinco ajustes de ecualizaci\u00f3n integrados se adaptan a tus necesidades de escucha para distintas situaciones. Para cambiar de ajuste, solo tienes que acceder a la aplicaci\u00f3n Xiaomi Earbuds y tocar un bot\u00f3n. Disfruta de un ritmo de bater\u00eda potente y din\u00e1mico en el modo de mejora de los graves. Supera los l\u00edmites del volumen y disfruta de una experiencia de escucha excepcional en el modo de potenciaci\u00f3n del volumen.<br \/>\n* Est\u00e1ndar<br \/>\n* Mejora de los agudos<br \/>\n* Mejora de los graves<br \/>\n* Mejora de la voz<br \/>\n* Potenciaci\u00f3n del volumen<\/p>\n<h3>Dise\u00f1o ligero y semiinterno<\/h3>\n<p>Escucha sin restricciones<br \/>\nComodidad sin tensiones<br \/>\nEl dise\u00f1o ergon\u00f3mico y semiinterno con forma arqueada equilibra con eficacia el peso de los auriculares dentro y fuera de la oreja para que disfrutes de un ajuste c\u00f3modo y sin tensiones. Al ajustarse firmemente a la oreja, proporcionan una experiencia de escucha sin restricciones.<\/p>\n<h3>Un accesorio de moda port\u00e1til<\/h3>\n<p>Por primera vez, los auriculares est\u00e1n disponibles en color azul y rosa con una franja decorativa brillante. En combinaci\u00f3n con la tapa transparente del estuche, rezuman vitalidad y te mantienen de buen humor durante todo el d\u00eda. El dise\u00f1o curvado de las esquinas del estuche transmite sensaciones visuales m\u00e1s estilizadas. Sencillez, elegancia y tama\u00f1o compacto con un estilo que cabe en la palma de la mano.<\/p>\n<h3>M\u00e1s detalles, gran calidad<\/h3>\n<p><strong>Pulsa para activar*<\/strong>\u00a0el asistente de voz<br \/>\nMant\u00e9n pulsado un auricular durante 2 segundos para activar el asistente de voz.<\/p>\n<p><strong>Bluetooth\u00ae 5.4<\/strong><br \/>\nLa latencia ultrabaja de 90 ms* es m\u00e1s r\u00e1pida y estable<\/p>\n<p><strong>Rapidez de conexi\u00f3n<\/strong><br \/>\nFacilidad para emparejar y rapidez de manejo<\/p>\n<h3>Google Fast Pair*<\/h3>\n<p>Abre la tapa para que salgan los auriculares y toca para conectar<br \/>\nCon un solo toque, los Redmi Buds 6 Active se pueden emparejar r\u00e1pidamente y sin esfuerzo con tus dispositivos Android* a trav\u00e9s de Bluetooth. Incluso podr\u00e1s saber d\u00f3nde dejaste los auriculares por \u00faltima vez.<br \/>\nDetecta autom\u00e1ticamente los dispositivos cuando la tapa del estuche est\u00e9 abierta y con\u00e9ctalos con solo tocar el mensaje emergente<\/p>\n<h3>Clasificaci\u00f3n IPX4*<\/h3>\n<p>Deja de preocuparte por los da\u00f1os que puedan causar las salpicaduras de agua al hacer deporte o ir de viaje<\/p>\n<h3>Admite el audio espacial en el smartphone*<\/h3>\n<p>Una experiencia de audio envolvente que te hace sentir como si estuvieras ah\u00ed<\/p>\n<h3>Conexi\u00f3n r\u00e1pida<\/h3>\n<p>Conserva registros de las conexiones con otros dispositivos y olv\u00eddate de tener que volver a emparejarlos<\/p>\n<h3>Personaliza los auriculares a tu manera<\/h3>\n<p>Descarga la aplicaci\u00f3n Xiaomi Earbuds para personalizar los controles t\u00e1ctiles de los Redmi Buds 6 Active. T\u00fa tienes el control: ajusta la configuraci\u00f3n para disfrutar de una experiencia auditiva \u00f3ptima e instala actualizaciones de firmware en l\u00ednea.<br \/>\nTodav\u00eda te quedan muchas funciones\u00a0por\u00a0descubrir.<\/p>\n","protected":false},"excerpt":{"rendered":"<p>Caracteristicas:<\/p>\n<h1>Redmi Buds 6 Active<\/h1>\n<h2>El ritmo de tu vida<\/h2>\n<ul>\n<li>Diafragma din\u00e1mico de gran tama\u00f1o (14,2 mm) para un sonido potente y con poca distorsi\u00f3n<\/li>\n<li>Reducci\u00f3n de ruido con doble micr\u00f3fono para una voz m\u00e1s clara<\/li>\n<li>Hasta 30 horas de duraci\u00f3n de la bater\u00eda con el estuche de carga*<\/li>\n<li>Cancelaci\u00f3n del ruido del viento hasta 4 m\/s durante las llamadas*<\/li>\n<li>Cinco ajustes de ecualizaci\u00f3n a trav\u00e9s de la aplicaci\u00f3n Xiaomi Earbuds para distintas necesidades de escucha*<\/li>\n<\/ul>\n","protected":false},"featured_media":3479,"comment_status":"open","ping_status":"closed","template":"","meta":[],"product_cat":[127,189],"product_tag":[],"class_list":{"0":"post-3478","1":"product","2":"type-product","3":"status-publish","4":"has-post-thumbnail","6":"product_cat-audio","7":"product_cat-auriculares-audio","9":"first","10":"instock","11":"taxable","12":"shipping-taxable","13":"purchasable","14":"product-type-simple"},"_links":{"self":[{"href":"https:\/\/tecnoglobalgt.com\/es\/wp-json\/wp\/v2\/product\/3478","targetHints":{"allow":["GET"]}}],"collection":[{"href":"https:\/\/tecnoglobalgt.com\/es\/wp-json\/wp\/v2\/product"}],"about":[{"href":"https:\/\/tecnoglobalgt.com\/es\/wp-json\/wp\/v2\/types\/product"}],"replies":[{"embeddable":true,"href":"https:\/\/tecnoglobalgt.com\/es\/wp-json\/wp\/v2\/comments?post=3478"}],"wp:featuredmedia":[{"embeddable":true,"href":"https:\/\/tecnoglobalgt.com\/es\/wp-json\/wp\/v2\/media\/3479"}],"wp:attachment":[{"href":"https:\/\/tecnoglobalgt.com\/es\/wp-json\/wp\/v2\/media?parent=3478"}],"wp:term":[{"taxonomy":"product_cat","embeddable":true,"href":"https:\/\/tecnoglobalgt.com\/es\/wp-json\/wp\/v2\/product_cat?post=3478"},{"taxonomy":"product_tag","embeddable":true,"href":"https:\/\/tecnoglobalgt.com\/es\/wp-json\/wp\/v2\/product_tag?post=3478"}],"curies":[{"name":"wp","href":"https:\/\/api.w.org\/{rel}","templated":true}]}}