{"id":3461,"date":"2025-09-19T23:22:27","date_gmt":"2025-09-19T23:22:27","guid":{"rendered":"https:\/\/tecnoglobalgt.com\/es\/?post_type=product&#038;p=3461"},"modified":"2025-09-19T23:22:27","modified_gmt":"2025-09-19T23:22:27","slug":"audifonos-jbl-bluetooth-tune-buds-2-color-negro","status":"publish","type":"product","link":"https:\/\/tecnoglobalgt.com\/es\/product\/audifonos-jbl-bluetooth-tune-buds-2-color-negro\/","title":{"rendered":"AUDIFONOS JBL BLUETOOTH TUNE BUDS 2 COLOR NEGRO"},"content":{"rendered":"<p><strong>Especificaciones:<\/strong><\/p>\n<ul>\n<li><strong>Tama\u00f1o del controlador:<\/strong>\u00a0Din\u00e1mico de 10 mm (0,39&#8243;)<\/li>\n<li><strong>Resistencia al agua y polvo:<\/strong>\u00a0IP54<\/li>\n<li><strong>Respuesta de frecuencia:<\/strong>\u00a020 Hz &#8211; 20 kHz<\/li>\n<li><strong>Impedancia:<\/strong>\u00a016 ohm<\/li>\n<li><strong>Sensibilidad:<\/strong>\u00a0100 dB SPL a 1 kHz<\/li>\n<li><strong>Nivel de presi\u00f3n sonora m\u00e1ximo:<\/strong>\u00a095 dB<\/li>\n<li><strong>Sensibilidad del micr\u00f3fono:<\/strong>\u00a0-38 dBV\/Pa a 1 kHz<\/li>\n<li><strong>Fuente de alimentaci\u00f3n:<\/strong>\u00a05 V 1 A<\/li>\n<li><strong>Bater\u00eda de los auriculares:<\/strong>\u00a068 mAh \/ 3,85 V (iones de litio)<\/li>\n<li><strong>Bater\u00eda del estuche de carga:<\/strong>\u00a0630 mAh \/ 3,8 V (iones de litio)<\/li>\n<li><strong>Tiempo de carga:<\/strong>\u00a02 horas (desde vac\u00edo)<\/li>\n<li><strong>Tiempo de reproducci\u00f3n:<\/strong><\/li>\n<li>Hasta 12 horas (Bluetooth activado, ANC desactivado)<\/li>\n<li>Hasta 10 horas (Bluetooth activado, ANC activado)<\/li>\n<li><strong>Tiempo de conversaci\u00f3n:<\/strong><\/li>\n<li>Hasta 6 horas (ANC desactivado)<\/li>\n<li>Hasta 5 horas (ANC activado)<\/li>\n<li><strong>Versi\u00f3n de Bluetooth:<\/strong>\u00a05.3<\/li>\n<li><strong>Perfiles de Bluetooth:<\/strong>\u00a0A2DP V1.4, AVRCP V1.6.2, HFP V1.8<\/li>\n<li><strong>Rango de frecuencia del transmisor Bluetooth:<\/strong>\u00a02,4 GHz &#8211; 2,4835 GHz<\/li>\n<li><strong>Potencia del transmisor Bluetooth:<\/strong>\u00a0\u2264 12 dBm (PIRE)<\/li>\n<li><strong>Modulaci\u00f3n del transmisor Bluetooth:<\/strong>\u00a0GFSK, \u03c0\/4-DQPSK, 8DPSK<\/li>\n<\/ul>\n<p><strong>contenido del producto:<\/strong><\/p>\n<ul>\n<li>auriculares <strong>JBL Tune Buds 2<\/strong><\/li>\n<li>1 estuche de carga<\/li>\n<li>1 cable de carga USB tipo C<\/li>\n<li>3 tama\u00f1os de tapones para los o\u00eddos<\/li>\n<li>1 garant\u00eda<\/li>\n<li>1 hoja de seguridad<\/li>\n<\/ul>\n<p>&nbsp;<\/p>\n<div class=\"lifestyle-feature\"><picture class=\"carousel-images-container\"><img decoding=\"async\" src=\"https:\/\/www.jbl.com.gt\/dw\/image\/v2\/BFND_PRD\/on\/demandware.static\/-\/Sites-masterCatalog_Harman\/default\/dw2da5a81f\/pdp\/01_JBL_Tune-Buds-2_LS_Sound_White.png?sw=904&amp;sh=560\" alt=\"JBL Tune Buds 2 JBL Pure Bass con sonido Spatial - Image\" \/><\/picture>\n<div class=\"feature-text\">\n<h3>JBL Pure Bass con sonido Spatial<\/h3>\n<p>Los auriculares JBL Tune Buds 2 incorporan drivers din\u00e1micos de 10\u00a0mm que son los responsables del potente sonido JBL Pure Bass. As\u00ed que tanto si est\u00e1s escuchando tu lista de reproducci\u00f3n favorita como viendo una pel\u00edcula o jugando con la consola, el sonido JBL Spatial transforma el sonido est\u00e9reo de cualquier fuente o dispositivo en una experiencia auditiva m\u00e1s envolvente.<\/p>\n<\/div>\n<\/div>\n<div class=\"lifestyle-feature\"><picture class=\"carousel-images-container\"><source srcset=\"https:\/\/www.jbl.com.gt\/dw\/image\/v2\/BFND_PRD\/on\/demandware.static\/-\/Sites-masterCatalog_Harman\/default\/dw27015c5b\/pdp\/02_JBL_Tune-Buds-2_LS_ANC_Black.png?sw=1356&amp;sh=840, https:\/\/www.jbl.com.gt\/dw\/image\/v2\/BFND_PRD\/on\/demandware.static\/-\/Sites-masterCatalog_Harman\/default\/dw27015c5b\/pdp\/02_JBL_Tune-Buds-2_LS_ANC_Black.png?sw=2034&amp;sh=1260 2x\" media=\"(min-width: 1200px)\" \/><source srcset=\"https:\/\/www.jbl.com.gt\/dw\/image\/v2\/BFND_PRD\/on\/demandware.static\/-\/Sites-masterCatalog_Harman\/default\/dw27015c5b\/pdp\/02_JBL_Tune-Buds-2_LS_ANC_Black.png?sw=904&amp;sh=560, https:\/\/www.jbl.com.gt\/dw\/image\/v2\/BFND_PRD\/on\/demandware.static\/-\/Sites-masterCatalog_Harman\/default\/dw27015c5b\/pdp\/02_JBL_Tune-Buds-2_LS_ANC_Black.png?sw=1356&amp;sh=840 2x \" media=\"(min-width: 992px) and (max-width: 1199.98px)\" \/><source srcset=\"https:\/\/www.jbl.com.gt\/dw\/image\/v2\/BFND_PRD\/on\/demandware.static\/-\/Sites-masterCatalog_Harman\/default\/dw27015c5b\/pdp\/02_JBL_Tune-Buds-2_LS_ANC_Black.png?sw=904&amp;sh=560, https:\/\/www.jbl.com.gt\/dw\/image\/v2\/BFND_PRD\/on\/demandware.static\/-\/Sites-masterCatalog_Harman\/default\/dw27015c5b\/pdp\/02_JBL_Tune-Buds-2_LS_ANC_Black.png?sw=356&amp;sh=356%202x\" media=\"(min-width: 768px) and (max-width: 991.98px)\" \/><source srcset=\"https:\/\/www.jbl.com.gt\/dw\/image\/v2\/BFND_PRD\/on\/demandware.static\/-\/Sites-masterCatalog_Harman\/default\/dw27015c5b\/pdp\/02_JBL_Tune-Buds-2_LS_ANC_Black.png?sw=390&amp;sh=241, https:\/\/www.jbl.com.gt\/dw\/image\/v2\/BFND_PRD\/on\/demandware.static\/-\/Sites-masterCatalog_Harman\/default\/dw27015c5b\/pdp\/02_JBL_Tune-Buds-2_LS_ANC_Black.png?sw=390&amp;sh=241%202x\" media=\"(min-width: 576px) and (max-width: 767.98px)\" \/><source srcset=\"https:\/\/www.jbl.com.gt\/dw\/image\/v2\/BFND_PRD\/on\/demandware.static\/-\/Sites-masterCatalog_Harman\/default\/dw27015c5b\/pdp\/02_JBL_Tune-Buds-2_LS_ANC_Black.png?sw=390&amp;sh=241, https:\/\/www.jbl.com.gt\/dw\/image\/v2\/BFND_PRD\/on\/demandware.static\/-\/Sites-masterCatalog_Harman\/default\/dw27015c5b\/pdp\/02_JBL_Tune-Buds-2_LS_ANC_Black.png?sw=390&amp;sh=241%202x\" media=\"(max-width: 575px)\" \/><img decoding=\"async\" src=\"https:\/\/www.jbl.com.gt\/dw\/image\/v2\/BFND_PRD\/on\/demandware.static\/-\/Sites-masterCatalog_Harman\/default\/dw27015c5b\/pdp\/02_JBL_Tune-Buds-2_LS_ANC_Black.png?sw=904&amp;sh=560\" alt=\"JBL Tune Buds 2 Cancelaci\u00f3n de ruido adaptativa con Smart Ambient - Image\" \/><\/picture>\n<div class=\"feature-text\">\n<h3>Cancelaci\u00f3n de ruido adaptativa con Smart Ambient<\/h3>\n<p>Los auriculares JBL Tune Buds 2 incorporan cancelaci\u00f3n de ruido adaptativa para que puedas aislarte completamente del ruido ambiente o para que sigas oyendo el mundo real al nivel que quieras. Ambient Aware adapta el nivel sonoro del mundo exterior que deseas escuchar, mientras que TalkThru te permite hablar con los que te rodean sin quitarte los auriculares.<\/p>\n<\/div>\n<\/div>\n<div class=\"lifestyle-feature\"><picture class=\"carousel-images-container\"><source srcset=\"https:\/\/www.jbl.com.gt\/dw\/image\/v2\/BFND_PRD\/on\/demandware.static\/-\/Sites-masterCatalog_Harman\/default\/dw448b4dcb\/pdp\/03_JBL_Tune-Buds-2_LS_Mic_Blue.png?sw=1356&amp;sh=840, https:\/\/www.jbl.com.gt\/dw\/image\/v2\/BFND_PRD\/on\/demandware.static\/-\/Sites-masterCatalog_Harman\/default\/dw448b4dcb\/pdp\/03_JBL_Tune-Buds-2_LS_Mic_Blue.png?sw=2034&amp;sh=1260 2x\" media=\"(min-width: 1200px)\" \/><source srcset=\"https:\/\/www.jbl.com.gt\/dw\/image\/v2\/BFND_PRD\/on\/demandware.static\/-\/Sites-masterCatalog_Harman\/default\/dw448b4dcb\/pdp\/03_JBL_Tune-Buds-2_LS_Mic_Blue.png?sw=904&amp;sh=560, https:\/\/www.jbl.com.gt\/dw\/image\/v2\/BFND_PRD\/on\/demandware.static\/-\/Sites-masterCatalog_Harman\/default\/dw448b4dcb\/pdp\/03_JBL_Tune-Buds-2_LS_Mic_Blue.png?sw=1356&amp;sh=840 2x \" media=\"(min-width: 992px) and (max-width: 1199.98px)\" \/><source srcset=\"https:\/\/www.jbl.com.gt\/dw\/image\/v2\/BFND_PRD\/on\/demandware.static\/-\/Sites-masterCatalog_Harman\/default\/dw448b4dcb\/pdp\/03_JBL_Tune-Buds-2_LS_Mic_Blue.png?sw=904&amp;sh=560, https:\/\/www.jbl.com.gt\/dw\/image\/v2\/BFND_PRD\/on\/demandware.static\/-\/Sites-masterCatalog_Harman\/default\/dw448b4dcb\/pdp\/03_JBL_Tune-Buds-2_LS_Mic_Blue.png?sw=356&amp;sh=356%202x\" media=\"(min-width: 768px) and (max-width: 991.98px)\" \/><source srcset=\"https:\/\/www.jbl.com.gt\/dw\/image\/v2\/BFND_PRD\/on\/demandware.static\/-\/Sites-masterCatalog_Harman\/default\/dw448b4dcb\/pdp\/03_JBL_Tune-Buds-2_LS_Mic_Blue.png?sw=390&amp;sh=241, https:\/\/www.jbl.com.gt\/dw\/image\/v2\/BFND_PRD\/on\/demandware.static\/-\/Sites-masterCatalog_Harman\/default\/dw448b4dcb\/pdp\/03_JBL_Tune-Buds-2_LS_Mic_Blue.png?sw=390&amp;sh=241%202x\" media=\"(min-width: 576px) and (max-width: 767.98px)\" \/><source srcset=\"https:\/\/www.jbl.com.gt\/dw\/image\/v2\/BFND_PRD\/on\/demandware.static\/-\/Sites-masterCatalog_Harman\/default\/dw448b4dcb\/pdp\/03_JBL_Tune-Buds-2_LS_Mic_Blue.png?sw=390&amp;sh=241, https:\/\/www.jbl.com.gt\/dw\/image\/v2\/BFND_PRD\/on\/demandware.static\/-\/Sites-masterCatalog_Harman\/default\/dw448b4dcb\/pdp\/03_JBL_Tune-Buds-2_LS_Mic_Blue.png?sw=390&amp;sh=241%202x\" media=\"(max-width: 575px)\" \/><img decoding=\"async\" src=\"https:\/\/www.jbl.com.gt\/dw\/image\/v2\/BFND_PRD\/on\/demandware.static\/-\/Sites-masterCatalog_Harman\/default\/dw448b4dcb\/pdp\/03_JBL_Tune-Buds-2_LS_Mic_Blue.png?sw=904&amp;sh=560\" alt=\"JBL Tune Buds 2 Llamadas perfectas y una experiencia personalizada con 6 micr\u00f3fonos - Image\" \/><\/picture>\n<div class=\"feature-text\">\n<h3>Llamadas perfectas y una experiencia personalizada con 6 micr\u00f3fonos<\/h3>\n<p>Los dos micr\u00f3fonos exteriores direccionales de cada auricular captan tu voz y la transmiten con la mayor claridad posible, mientras que otro micr\u00f3fono interior a\u00edsla el ruido. Los algoritmos de cancelaci\u00f3n del ruido ambiental y supresi\u00f3n de ecos captan cada matiz de tu voz sin ruido ni distorsi\u00f3n, aunque est\u00e9s al aire libre un d\u00eda con viento. Usa la aplicaci\u00f3n JBL Headphones para personalizar c\u00f3mo suenan tu voz y la de tu interlocutor al hablar a trav\u00e9s de tus auriculares.<\/p>\n<\/div>\n<\/div>\n","protected":false},"excerpt":{"rendered":"<p><strong>Caracteristicas:<\/strong><\/p>\n<ul>\n<li>Con controladores din\u00e1micos de 10 mm, ofrecen bajos profundos y una experiencia auditiva equilibrada.<\/li>\n<li>Hasta 12 horas de reproducci\u00f3n sin ANC y 10 horas con ANC activado, ideales para largas jornadas sin necesidad de recarga constante.<\/li>\n<li>Dise\u00f1ados para soportar salpicaduras y polvo, perfectos para entrenamientos y uso diario en exteriores.<\/li>\n<li>Ofrece una conexi\u00f3n m\u00e1s r\u00e1pida y estable con menor consumo de energ\u00eda y menor latencia.<\/li>\n<li>Reduce el ruido ambiental para una experiencia auditiva m\u00e1s inmersiva en cualquier entorno.<\/li>\n<\/ul>\n","protected":false},"featured_media":3467,"comment_status":"open","ping_status":"closed","template":"","meta":[],"product_cat":[127,189],"product_tag":[],"class_list":{"0":"post-3461","1":"product","2":"type-product","3":"status-publish","4":"has-post-thumbnail","6":"product_cat-audio","7":"product_cat-auriculares-audio","9":"first","10":"instock","11":"taxable","12":"shipping-taxable","13":"purchasable","14":"product-type-simple"},"_links":{"self":[{"href":"https:\/\/tecnoglobalgt.com\/es\/wp-json\/wp\/v2\/product\/3461","targetHints":{"allow":["GET"]}}],"collection":[{"href":"https:\/\/tecnoglobalgt.com\/es\/wp-json\/wp\/v2\/product"}],"about":[{"href":"https:\/\/tecnoglobalgt.com\/es\/wp-json\/wp\/v2\/types\/product"}],"replies":[{"embeddable":true,"href":"https:\/\/tecnoglobalgt.com\/es\/wp-json\/wp\/v2\/comments?post=3461"}],"wp:featuredmedia":[{"embeddable":true,"href":"https:\/\/tecnoglobalgt.com\/es\/wp-json\/wp\/v2\/media\/3467"}],"wp:attachment":[{"href":"https:\/\/tecnoglobalgt.com\/es\/wp-json\/wp\/v2\/media?parent=3461"}],"wp:term":[{"taxonomy":"product_cat","embeddable":true,"href":"https:\/\/tecnoglobalgt.com\/es\/wp-json\/wp\/v2\/product_cat?post=3461"},{"taxonomy":"product_tag","embeddable":true,"href":"https:\/\/tecnoglobalgt.com\/es\/wp-json\/wp\/v2\/product_tag?post=3461"}],"curies":[{"name":"wp","href":"https:\/\/api.w.org\/{rel}","templated":true}]}}