{"id":3458,"date":"2025-09-19T23:15:26","date_gmt":"2025-09-19T23:15:26","guid":{"rendered":"https:\/\/tecnoglobalgt.com\/es\/?post_type=product&#038;p=3458"},"modified":"2025-09-19T23:15:26","modified_gmt":"2025-09-19T23:15:26","slug":"amazon-fire-tv-stick-streaming-3ra-generacion-wifi","status":"publish","type":"product","link":"https:\/\/tecnoglobalgt.com\/es\/product\/amazon-fire-tv-stick-streaming-3ra-generacion-wifi\/","title":{"rendered":"AMAZON FIRE TV STICK STREAMING 3RA GENERACION  WIFI"},"content":{"rendered":"<p><strong>Especificaciones:<\/strong><\/p>\n<ul>\n<li><strong>Tipo de Dispositivo:<\/strong>\u00a0Modelo de 3ra generaci\u00f3n<\/li>\n<li><strong>Conexi\u00f3n a internet:\u00a0<\/strong>Redes Wifi \/ Cable Ethernet para amazon Fire TV(No incluido)<\/li>\n<li><strong>Mando a distancia incluido:\u00a0<\/strong>Alexa Voice Remote (2da generaci\u00f3n)<\/li>\n<li><strong>Salida de Audio:\u00a0<\/strong>Dolby Digital Plus con envi\u00f3 de se\u00f1al codificada de audio hasta 7.1<\/li>\n<li><strong>Dispositivos USB compatibles<\/strong>\u00a0No disponible<\/li>\n<li><strong>Dispositivos Bluetooth Compatibles:<\/strong>\u00a0Mando de juego bluethooth 3.0 Compatible con A2DP, HID y HFP<\/li>\n<li><strong>Espacio de Almacenamiento:<\/strong>\u00a08GB (4.5GB disponibles de almacenamiento interno) 1GB de Memoria sin almacenamiento interno.<\/li>\n<\/ul>\n","protected":false},"excerpt":{"rendered":"<p><strong>Caracteristicas:<\/strong><\/p>\n<ul>\n<li>Interacci\u00f3n por voz: busca contenido e interact\u00faa con Alexa usando tu voz<\/li>\n<li>V\u00eddeo: compatibilidad con v\u00eddeo en alta definici\u00f3n (HD) en un televisor HD compatible conectado<\/li>\n<li>Funciona con aplicaciones y juegos compatibles y disponibles en Amazon Appstore<\/li>\n<li>Accede a la aplicaci\u00f3n Amazon Music, as\u00ed como a muchas otras aplicaciones y servicios de m\u00fasica de terceros<\/li>\n<\/ul>\n","protected":false},"featured_media":3459,"comment_status":"open","ping_status":"closed","template":"","meta":[],"product_cat":[250,90],"product_tag":[],"class_list":{"0":"post-3458","1":"product","2":"type-product","3":"status-publish","4":"has-post-thumbnail","6":"product_cat-accesorio-para-tv","7":"product_cat-accesorios","9":"first","10":"instock","11":"taxable","12":"shipping-taxable","13":"purchasable","14":"product-type-simple"},"_links":{"self":[{"href":"https:\/\/tecnoglobalgt.com\/es\/wp-json\/wp\/v2\/product\/3458","targetHints":{"allow":["GET"]}}],"collection":[{"href":"https:\/\/tecnoglobalgt.com\/es\/wp-json\/wp\/v2\/product"}],"about":[{"href":"https:\/\/tecnoglobalgt.com\/es\/wp-json\/wp\/v2\/types\/product"}],"replies":[{"embeddable":true,"href":"https:\/\/tecnoglobalgt.com\/es\/wp-json\/wp\/v2\/comments?post=3458"}],"wp:featuredmedia":[{"embeddable":true,"href":"https:\/\/tecnoglobalgt.com\/es\/wp-json\/wp\/v2\/media\/3459"}],"wp:attachment":[{"href":"https:\/\/tecnoglobalgt.com\/es\/wp-json\/wp\/v2\/media?parent=3458"}],"wp:term":[{"taxonomy":"product_cat","embeddable":true,"href":"https:\/\/tecnoglobalgt.com\/es\/wp-json\/wp\/v2\/product_cat?post=3458"},{"taxonomy":"product_tag","embeddable":true,"href":"https:\/\/tecnoglobalgt.com\/es\/wp-json\/wp\/v2\/product_tag?post=3458"}],"curies":[{"name":"wp","href":"https:\/\/api.w.org\/{rel}","templated":true}]}}