{"id":3334,"date":"2025-06-25T23:27:12","date_gmt":"2025-06-25T23:27:12","guid":{"rendered":"https:\/\/tecnoglobalgt.com\/es\/?post_type=product&#038;p=3334"},"modified":"2025-06-25T23:27:12","modified_gmt":"2025-06-25T23:27:12","slug":"caja-de-mantenimiento-canon-mc-g01-para-maxify-gx6010-y-gx7010","status":"publish","type":"product","link":"https:\/\/tecnoglobalgt.com\/es\/product\/caja-de-mantenimiento-canon-mc-g01-para-maxify-gx6010-y-gx7010\/","title":{"rendered":"CAJA DE MANTENIMIENTO CANON MC-G01 PARA MAXIFY GX6010 Y GX7010"},"content":{"rendered":"<ul>\n<li>El cartucho de mantenimiento MC-G01 de Canon sirve como recept\u00e1culo para la tinta de desecho durante la limpieza y las subrutinas normales de inicio, y es necesario para el funcionamiento.<\/li>\n<li>El cambio peri\u00f3dico del cartucho asegura resultados de impresi\u00f3n de la m\u00e1s alta calidad con su impresora.<\/li>\n<li>Compatible con las impresoras GX6010 &amp; GX7010<\/li>\n<\/ul>\n","protected":false},"excerpt":{"rendered":"<ul>\n<li>Compatible con las impresoras GX6010 &amp; GX7010<\/li>\n<\/ul>\n","protected":false},"featured_media":3335,"comment_status":"open","ping_status":"closed","template":"","meta":[],"product_cat":[183,198],"product_tag":[],"class_list":{"0":"post-3334","1":"product","2":"type-product","3":"status-publish","4":"has-post-thumbnail","6":"product_cat-impresoras","7":"product_cat-repuestos-para-impresora","9":"first","10":"instock","11":"taxable","12":"shipping-taxable","13":"purchasable","14":"product-type-simple"},"_links":{"self":[{"href":"https:\/\/tecnoglobalgt.com\/es\/wp-json\/wp\/v2\/product\/3334","targetHints":{"allow":["GET"]}}],"collection":[{"href":"https:\/\/tecnoglobalgt.com\/es\/wp-json\/wp\/v2\/product"}],"about":[{"href":"https:\/\/tecnoglobalgt.com\/es\/wp-json\/wp\/v2\/types\/product"}],"replies":[{"embeddable":true,"href":"https:\/\/tecnoglobalgt.com\/es\/wp-json\/wp\/v2\/comments?post=3334"}],"wp:featuredmedia":[{"embeddable":true,"href":"https:\/\/tecnoglobalgt.com\/es\/wp-json\/wp\/v2\/media\/3335"}],"wp:attachment":[{"href":"https:\/\/tecnoglobalgt.com\/es\/wp-json\/wp\/v2\/media?parent=3334"}],"wp:term":[{"taxonomy":"product_cat","embeddable":true,"href":"https:\/\/tecnoglobalgt.com\/es\/wp-json\/wp\/v2\/product_cat?post=3334"},{"taxonomy":"product_tag","embeddable":true,"href":"https:\/\/tecnoglobalgt.com\/es\/wp-json\/wp\/v2\/product_tag?post=3334"}],"curies":[{"name":"wp","href":"https:\/\/api.w.org\/{rel}","templated":true}]}}