{"id":3325,"date":"2025-04-30T20:57:08","date_gmt":"2025-04-30T20:57:08","guid":{"rendered":"https:\/\/tecnoglobalgt.com\/es\/?post_type=product&#038;p=3325"},"modified":"2025-09-19T23:23:53","modified_gmt":"2025-09-19T23:23:53","slug":"bocina-bluetooth-jbl-go4-negra","status":"publish","type":"product","link":"https:\/\/tecnoglobalgt.com\/es\/product\/bocina-bluetooth-jbl-go4-negra\/","title":{"rendered":"BOCINA BLUETOOTH JBL GO4 NEGRA"},"content":{"rendered":"<h2>Caracter\u00edsticas<\/h2>\n<div class=\"expanded-features\">\n<div class=\"expanded-feature -lifestyle not-in-view\">\n<div class=\"imagery\"><img decoding=\"async\" src=\"https:\/\/www.jbl.com.gt\/on\/demandware.static\/-\/Sites-masterCatalog_Harman\/default\/dwf093cfcd\/pdp\/JBL_GO_4_LIFESTYLE_01_904x560px.png\" alt=\"Sonido JBL Pro ultraport\u00e1til con graves m\u00e1s potentes\" data-src=\"\/on\/demandware.static\/-\/Sites-masterCatalog_Harman\/default\/dwf093cfcd\/pdp\/JBL_GO_4_LIFESTYLE_01_904x560px.png\" \/><\/div>\n<div class=\"copy\">\n<h3>Sonido JBL Pro ultraport\u00e1til con graves m\u00e1s potentes<\/h3>\n<p>No dejes que su peque\u00f1o tama\u00f1o te enga\u00f1e. El JBL Go 4 brinda una excelente experiencia musical, ofreciendo el gran sonido JBL Pro con graves impactantes. Tus amigos no se van a creer que un sonido tan potente pueda salir de un altavoz JBL Pro tan peque\u00f1o.<\/p>\n<\/div>\n<\/div>\n<div class=\"expanded-feature -lifestyle in-view\">\n<div class=\"imagery\"><img decoding=\"async\" src=\"https:\/\/www.jbl.com.gt\/on\/demandware.static\/-\/Sites-masterCatalog_Harman\/default\/dw0744a72b\/pdp\/JBL_GO_4_LIFESTYLE_03_904x560px.png\" alt=\"Hasta 7 horas de reproducci\u00f3n m\u00e1s 2 horas extra con Playtime Boost\" data-src=\"\/on\/demandware.static\/-\/Sites-masterCatalog_Harman\/default\/dw0744a72b\/pdp\/JBL_GO_4_LIFESTYLE_03_904x560px.png\" \/><\/div>\n<div class=\"copy\">\n<h3>Hasta 7 horas de reproducci\u00f3n m\u00e1s 2 horas extra con Playtime Boost<\/h3>\n<p>No te preocupes por cosas sin importancia como cargar la bater\u00eda. El JBL Go 4 te da hasta 7\u00a0horas de tiempo de reproducci\u00f3n con una sola carga. Solo tienes que pulsar Playtime Boost para prolongar el tiempo de reproducci\u00f3n y aumentar la duraci\u00f3n de la bater\u00eda hasta 2 horas. Esta funci\u00f3n sintoniza y optimiza el rendimiento para obtener un sonido m\u00e1s alto y n\u00edtido.<\/p>\n<\/div>\n<\/div>\n<div class=\"expanded-feature -lifestyle in-view\">\n<div class=\"imagery\"><img decoding=\"async\" src=\"https:\/\/www.jbl.com.gt\/on\/demandware.static\/-\/Sites-masterCatalog_Harman\/default\/dw3a7fa40a\/pdp\/JBL_GO_4_LIFESTYLE_02_904x560px.png\" alt=\"Resistente al polvo y al agua\" data-src=\"\/on\/demandware.static\/-\/Sites-masterCatalog_Harman\/default\/dw3a7fa40a\/pdp\/JBL_GO_4_LIFESTYLE_02_904x560px.png\" \/><\/div>\n<div class=\"copy\">\n<h3>Resistente al polvo y al agua<\/h3>\n<p>La clasificaci\u00f3n IP67 de resistencia al agua y al polvo del JBL Go 4 garantiza que el altavoz port\u00e1til pueda soportar casi cualquier entorno, desde una fiesta junto a la piscina hasta un p\u00edcnic junto al mar.<\/p>\n<\/div>\n<\/div>\n<\/div>\n","protected":false},"excerpt":{"rendered":"<p><strong>Especificaciones:<\/strong><\/p>\n<ul>\n<li>Protecci\u00f3n contra agua y polvo IP67.<\/li>\n<li>Duraci\u00f3n de bater\u00eda de 7hrs.<\/li>\n<li>Potencia 4.2 W.<\/li>\n<\/ul>\n","protected":false},"featured_media":3328,"comment_status":"open","ping_status":"closed","template":"","meta":[],"product_cat":[127,191],"product_tag":[],"class_list":{"0":"post-3325","1":"product","2":"type-product","3":"status-publish","4":"has-post-thumbnail","6":"product_cat-audio","7":"product_cat-bocinas","9":"first","10":"outofstock","11":"taxable","12":"shipping-taxable","13":"purchasable","14":"product-type-simple"},"_links":{"self":[{"href":"https:\/\/tecnoglobalgt.com\/es\/wp-json\/wp\/v2\/product\/3325","targetHints":{"allow":["GET"]}}],"collection":[{"href":"https:\/\/tecnoglobalgt.com\/es\/wp-json\/wp\/v2\/product"}],"about":[{"href":"https:\/\/tecnoglobalgt.com\/es\/wp-json\/wp\/v2\/types\/product"}],"replies":[{"embeddable":true,"href":"https:\/\/tecnoglobalgt.com\/es\/wp-json\/wp\/v2\/comments?post=3325"}],"wp:featuredmedia":[{"embeddable":true,"href":"https:\/\/tecnoglobalgt.com\/es\/wp-json\/wp\/v2\/media\/3328"}],"wp:attachment":[{"href":"https:\/\/tecnoglobalgt.com\/es\/wp-json\/wp\/v2\/media?parent=3325"}],"wp:term":[{"taxonomy":"product_cat","embeddable":true,"href":"https:\/\/tecnoglobalgt.com\/es\/wp-json\/wp\/v2\/product_cat?post=3325"},{"taxonomy":"product_tag","embeddable":true,"href":"https:\/\/tecnoglobalgt.com\/es\/wp-json\/wp\/v2\/product_tag?post=3325"}],"curies":[{"name":"wp","href":"https:\/\/api.w.org\/{rel}","templated":true}]}}