{"id":3295,"date":"2025-01-31T23:47:29","date_gmt":"2025-01-31T23:47:29","guid":{"rendered":"https:\/\/tecnoglobalgt.com\/es\/?post_type=product&#038;p=3295"},"modified":"2026-03-19T22:07:10","modified_gmt":"2026-03-19T22:07:10","slug":"moto-buds-audifonos-inalambricos-motorola-color-azul-blue-berry","status":"publish","type":"product","link":"https:\/\/tecnoglobalgt.com\/es\/product\/moto-buds-audifonos-inalambricos-motorola-color-azul-blue-berry\/","title":{"rendered":"MOTO BUDS AUDIFONOS INALAMBRICOS MOTOROLA COLOR AZUL BLUE BERRY"},"content":{"rendered":"<div id=\"sound\" class=\"comoto-store-2-x-left_columns_container\">\n<div class=\"comoto-store-2-x-left_columns_container__text\n\n                  \"><\/p>\n<h2 class=\"comoto-store-2-x-left_columns_container__text__title\">Sonido superior que se siente<\/h2>\n<p class=\"comoto-store-2-x-left_columns_container__text__paragraph\">Presentamos los auriculares\u00a0<strong>moto buds<\/strong>\u00a0con un gran controlador din\u00e1mico y audio de alta resoluci\u00f3n\u00b9. Vive una experiencia envolvente con tu m\u00fasica y pel\u00edculas gracias al sonido equilibrado de alta calidad y graves mejorados.<\/p>\n<\/div>\n<div class=\"comoto-store-2-x-left_columns_container__photo\n\n                  \"><img decoding=\"async\" class=\"comoto-store-2-x-left_columns_container__photo__image\" src=\"https:\/\/comoto.myvtex.com\/arquivos\/motorola-buds-pdp-sizzle-static-d-1zugm5qo.jpg\" alt=\"undefined\" \/><\/div>\n<\/div>\n<section id=\"feelTheBeat\">\n<section id=\"feel-the-beat\" class=\"comoto-store-32CYFlFtkPDxH2DMVxUtDw\">\n<div class=\"comoto-store-1vGQaYbelRXlP4TPi4PCC2\">\n<h2>Disfruta del equilibrio.<br \/>\nSiente el ritmo.<\/h2>\n<p>M\u00fasica, pel\u00edculas y m\u00e1s, tienen calidad de estudio con el sistema de sonido certificado de alta resoluci\u00f3n\u00b9 . Ten un mayor rango din\u00e1mico y triplica la velocidad de datos\u00b2 para no perderte ning\u00fan detalle. La m\u00fasica se reproduce en aplicaciones de transmisi\u00f3n de alta resoluci\u00f3n como deber\u00eda<\/p>\n<\/div>\n<div class=\"comoto-store-3cJr5tGOpafwsBN5bnSJ1C comoto-store-5hPuUy5Vs06XghR16eTUX\"><\/div>\n<\/section>\n<\/section>\n<section id=\"NoiseCancellation\">\n<div id=\"sound\" class=\"comoto-store-2-x-left_columns_container\">\n<div class=\"comoto-store-2-x-left_columns_container__text\n\n                  \"><\/p>\n<h2 class=\"comoto-store-2-x-left_columns_container__text__title\">Cancelaci\u00f3n de ruido activa y din\u00e1mica<\/h2>\n<p class=\"comoto-store-2-x-left_columns_container__text__paragraph\">Elige entre diferentes modos de cancelaci\u00f3n de ruido para encontrar el adecuado para ti. Hay hasta 50 dB de cancelaci\u00f3n\u00b3 y hasta 4 KHz de rango ultra amplio\u2074. Activa el modo adaptativo y los auriculares inteligentes identificar\u00e1n y cambiar\u00e1n autom\u00e1ticamente el nivel de cancelaci\u00f3n de ruido.<\/p>\n<p>Mantente al tanto de lo que sucede sin quitarte los auriculares. El modo de transparencia captura el sonido a tu alrededor para que sepas lo que est\u00e1 sucediendo.<\/p>\n<\/div>\n<div class=\"comoto-store-2-x-left_columns_container__photo\n\n                  \"><img decoding=\"async\" class=\"comoto-store-2-x-left_columns_container__photo__image\" src=\"https:\/\/comoto.myvtex.com\/arquivos\/buds-guitar.png\" alt=\"undefined\" \/><\/div>\n<\/div>\n<\/section>\n<section id=\"Conection\">\n<div id=\"sound\" class=\"comoto-store-2-x-left_columns_container\">\n<div class=\"comoto-store-2-x-left_columns_container__text\n\n                  \"><\/p>\n<h2 class=\"comoto-store-2-x-left_columns_container__text__title\">Experiencia integrada<\/h2>\n<p class=\"comoto-store-2-x-left_columns_container__text__paragraph\">Ten una integraci\u00f3n perfecta con los tel\u00e9fonos inteligentes Motorola , mejorando la experiencia con la aplicaci\u00f3n Moto Buds\u2075. Te encantar\u00e1 la practicidad y las opciones de personalizaci\u00f3n. Empareja auriculares, personaliza controles, ajusta la configuraci\u00f3n de cancelaci\u00f3n de ruido, permite la conexi\u00f3n de hasta dos dispositivos diferentes y mucho m\u00e1s.<\/p>\n<\/div>\n<div class=\"comoto-store-2-x-left_columns_container__photo\n\n                  \"><img decoding=\"async\" class=\"comoto-store-2-x-left_columns_container__photo__image\" src=\"https:\/\/comoto.myvtex.com\/arquivos\/Guitar_desktop_mobile_b.png\" alt=\"undefined\" \/><\/div>\n<\/div>\n<\/section>\n<section id=\"FastCharge\">\n<section id=\"fast-charge\" class=\"comoto-store-32CYFlFtkPDxH2DMVxUtDw\">\n<div class=\"comoto-store-1vGQaYbelRXlP4TPi4PCC2\">\n<h2>Carga m\u00e1s r\u00e1pido para disfrutar m\u00e1s tiempo<\/h2>\n<p>Disfruta de hasta 9 horas de audio con una sola carga\u2076 . Cuando necesites recargar, obt\u00e9n hasta 2 horas m\u00e1s en solo 10 minutos\u2076 . Adem\u00e1s, con el estuche completamente cargado, tienes hasta 42 horas a tu disposici\u00f3n para lo que se te presente\u2076.<\/p>\n<\/div>\n<div class=\"comoto-store-3cJr5tGOpafwsBN5bnSJ1C comoto-store-5hPuUy5Vs06XghR16eTUX\">\n<div class=\"comoto-store-3ZKx0h75En56zyVv-sFG1 comoto-store-231zaUdkGGnkLftfBI286n\">\n<div class=\"comoto-store-3G9Vf9Frvyug2vHIp5nzcw undefined\"><img decoding=\"async\" src=\"https:\/\/comoto.myvtex.com\/arquivos\/Desktop%20-%202800x1200%20px.png\" alt=\"Smartphone\" \/><\/div>\n<p>&nbsp;<\/p>\n<\/div>\n<\/div>\n<\/section>\n<\/section>\n<div id=\"datasheet\" class=\"comoto-store-2-x-datasheet\">\n<div class=\"comoto-store-2-x-datasheet__c_specs \">\n<h2>Especificaciones<\/h2>\n<div class=\"comoto-store-2-x-datasheet__c_specs__c_item_spec\">\n<div class=\"comoto-store-2-x-datasheet__c_specs__c_item_spec__item_spec\">\n<div class=\"comoto-store-2-x-datasheet__c_specs__c_item_spec__item_spec__text\">\n<h3>Sonido de calidad y alta resoluci\u00f3n\u00b9<\/h3>\n<p>Siente el sonido multidimensional para disfrutar de audio equilibrado y graves mejorados.<\/p>\n<\/div>\n<\/div>\n<div class=\"comoto-store-2-x-datasheet__c_specs__c_item_spec__item_spec\">\n<div class=\"comoto-store-2-x-datasheet__c_specs__c_item_spec__item_spec__text\">\n<h3>Cancelaci\u00f3n activa de ruido.<\/h3>\n<p>Descon\u00e9ctate del mundo que te rodea, o bien activa el modo transparente y mantente al tanto de lo que est\u00e1 sucediendo a tus alrededores.<\/p>\n<\/div>\n<\/div>\n<div class=\"comoto-store-2-x-datasheet__c_specs__c_item_spec__item_spec\">\n<div class=\"comoto-store-2-x-datasheet__c_specs__c_item_spec__item_spec__text\">\n<h3>Sistema de tres micr\u00f3fonos.<\/h3>\n<p>Haz que tu mensaje se escuche con claridad gracias a la cancelaci\u00f3n de eco y ruido ambiente, CrystalTalk AI y la reducci\u00f3n de ruido del viento.<\/p>\n<\/div>\n<\/div>\n<div class=\"comoto-store-2-x-datasheet__c_specs__c_item_spec__item_spec\">\n<div class=\"comoto-store-2-x-datasheet__c_specs__c_item_spec__item_spec__text\">\n<h3>Hasta 42 horas de uso\u00b3 y carga r\u00e1pida.<\/h3>\n<p>Disfruta de hasta 9 horas de m\u00fasica sin parar. Recarga tus aud\u00edfonos en cualquier momento y en cualquier lugar con su estuche de carga\u00b3. Con solo 10 minutos de carga obt\u00e9n hasta 2 horas de bater\u00eda\u00b3.<\/p>\n<\/div>\n<\/div>\n<div class=\"comoto-store-2-x-datasheet__c_specs__c_item_spec__item_spec\">\n<div class=\"comoto-store-2-x-datasheet__c_specs__c_item_spec__item_spec__text\">\n<h3>Integraci\u00f3n sencilla al ecosistema Moto\u00b2.<\/h3>\n<p>Ajusta, personaliza y controla tu experiencia de m\u00fasica al instante\u00b2.<\/p>\n<\/div>\n<\/div>\n<div class=\"comoto-store-2-x-datasheet__c_specs__c_item_spec__item_spec\">\n<div class=\"comoto-store-2-x-datasheet__c_specs__c_item_spec__item_spec__text\">\n<h3>Dise\u00f1o repelente al agua\u2078.<\/h3>\n<p>No te preocupes por derrames o salpicaduras, el dise\u00f1o de los aud\u00edfonos te garantiza protecci\u00f3n para que disfrutes de tus actividades favoritas incluso bajo la lluvia.<\/p>\n<\/div>\n<\/div>\n<\/div>\n<\/div>\n<\/div>\n","protected":false},"excerpt":{"rendered":"<p>Sonido superior que se siente Presentamos los auriculares\u00a0moto buds\u00a0con un gran controlador din\u00e1mico y audio de alta resoluci\u00f3n\u00b9. Vive una experiencia envolvente con tu m\u00fasica y pel\u00edculas gracias al sonido equilibrado de alta calidad y graves mejorados. Disfruta del equilibrio. Siente el ritmo. M\u00fasica, pel\u00edculas y m\u00e1s, tienen calidad de estudio con el sistema de [&#8230;]\n","protected":false},"featured_media":3297,"comment_status":"open","ping_status":"closed","template":"","meta":[],"product_cat":[127,189],"product_tag":[],"class_list":{"0":"post-3295","1":"product","2":"type-product","3":"status-publish","4":"has-post-thumbnail","6":"product_cat-audio","7":"product_cat-auriculares-audio","9":"first","10":"outofstock","11":"taxable","12":"shipping-taxable","13":"purchasable","14":"product-type-simple"},"_links":{"self":[{"href":"https:\/\/tecnoglobalgt.com\/es\/wp-json\/wp\/v2\/product\/3295","targetHints":{"allow":["GET"]}}],"collection":[{"href":"https:\/\/tecnoglobalgt.com\/es\/wp-json\/wp\/v2\/product"}],"about":[{"href":"https:\/\/tecnoglobalgt.com\/es\/wp-json\/wp\/v2\/types\/product"}],"replies":[{"embeddable":true,"href":"https:\/\/tecnoglobalgt.com\/es\/wp-json\/wp\/v2\/comments?post=3295"}],"wp:featuredmedia":[{"embeddable":true,"href":"https:\/\/tecnoglobalgt.com\/es\/wp-json\/wp\/v2\/media\/3297"}],"wp:attachment":[{"href":"https:\/\/tecnoglobalgt.com\/es\/wp-json\/wp\/v2\/media?parent=3295"}],"wp:term":[{"taxonomy":"product_cat","embeddable":true,"href":"https:\/\/tecnoglobalgt.com\/es\/wp-json\/wp\/v2\/product_cat?post=3295"},{"taxonomy":"product_tag","embeddable":true,"href":"https:\/\/tecnoglobalgt.com\/es\/wp-json\/wp\/v2\/product_tag?post=3295"}],"curies":[{"name":"wp","href":"https:\/\/api.w.org\/{rel}","templated":true}]}}