{"id":3244,"date":"2025-01-24T00:41:11","date_gmt":"2025-01-24T00:41:11","guid":{"rendered":"https:\/\/tecnoglobalgt.com\/es\/?post_type=product&#038;p=3244"},"modified":"2025-09-19T23:37:18","modified_gmt":"2025-09-19T23:37:18","slug":"audifonos-jbl-vibe-buds-2-negro","status":"publish","type":"product","link":"https:\/\/tecnoglobalgt.com\/es\/product\/audifonos-jbl-vibe-buds-2-negro\/","title":{"rendered":"AUDIFONOS JBL VIBE BUDS 2 NEGRO"},"content":{"rendered":"<p><strong>Caracter\u00edsticas y ventajas<\/strong><\/p>\n<p><strong>Sonido JBL Pure Bass<\/strong><br \/>\nLos auriculares JBL Vibe Buds 2 incorporan drivers din\u00e1micos de 8 mm<br \/>\nque son los responsables del emocionante sonido JBL Pure Bass.<\/p>\n<p><strong>Cancelaci\u00f3n de ruido activa con Smart Ambient<\/strong><br \/>\nLos auriculares JBL Vibe Buds 2 disponen de cancelaci\u00f3n de ruido<br \/>\nactiva para escuchar lo que te rodea y filtrar los ruidos molestos. Smart<br \/>\nAmbient te permite controlar qu\u00e9 parte del mundo exterior quieres<br \/>\nescuchar, para que puedas hablar con los dem\u00e1s o estar atento a tu<br \/>\nentorno, todo sin quitarte los auriculares.<\/p>\n<p><strong>4 micr\u00f3fonos para unas llamadas n\u00edtidas y claras<\/strong><\/p>\n<p>Dos micr\u00f3fonos en cada auricular captan y transmiten claramente tu voz<br \/>\nmientras cancelan el ruido ambiental. Para que puedas hacer llamadas<br \/>\nclaras y n\u00edtidas incluso cuando deambulas por un ajetreado parque en un<br \/>\nd\u00eda fresco.<\/p>\n<p><strong>Resistencia al agua y al polvo<\/strong><\/p>\n<p>Los JBL Vibe Buds 2 son resistentes al agua y al polvo con \u00edndice de<br \/>\nprotecci\u00f3n IP54, por lo que puedes usarlos bajo la lluvia o el viento.<br \/>\nIncluso la funda es resistente a los elementos (\u00edndice IPX2), as\u00ed que no te<br \/>\npreocupes por llevarlo contigo.<\/p>\n<p><strong>Aplicaci\u00f3n JBL Headphones<\/strong><br \/>\nUsa la aplicaci\u00f3n JBL Headphones para seleccionar la ecualizaci\u00f3n que<br \/>\nmejor se adapte a tu estilo o personaliza el tuyo propio. Los mensajes de<br \/>\nvoz en varios idiomas te proporcionan informaci\u00f3n \u00fatil, como cuando la<br \/>\nbater\u00eda se est\u00e1 agotando. O rel\u00e1jate y recarga energ\u00edas en el modo Relax<br \/>\neligiendo uno de los cinco sonidos disponibles, como unas suaves olas del<br \/>\nmar o un fuego de le\u00f1a chispeante.<\/p>\n<p><strong>40 horas de reproducci\u00f3n en total y carga r\u00e1pida<\/strong><\/p>\n<p>Disfruta de 10 horas de reproducci\u00f3n, adem\u00e1s \u00b4de otras tres cargas<br \/>\ncompletas (30 horas) en la funda de carga.* \u00bfNecesitas recargar a\u00fan m\u00e1s<br \/>\nr\u00e1pido? 10 minutos con un cable de carga USB tipo C te proporcionar\u00e1n<br \/>\notras tres horas de reproducci\u00f3n. (*con ANC desactivado)<\/p>\n<p><strong>Conexi\u00f3n multipunto<\/strong><br \/>\nVincula primero tus auriculares JBL Vibe Buds 2 con dos dispositivos<br \/>\nBluetooth\u00ae al mismo tiempo y cambia despu\u00e9s sin esfuerzo de uno a<br \/>\notro. Si est\u00e1s viendo un v\u00eddeo en tu tableta port\u00e1til, no perder\u00e1s ninguna<br \/>\nllamada en tu m\u00f3vil.<\/p>\n<p><strong>Conexi\u00f3n perfecta por Bluetooth\u00ae<\/strong><br \/>\nLos JBL Vibe Buds 2 incorporan Fast Pair de Google y Swift Pair de<br \/>\nMicrosoft para que puedas vincularlos con tus dispositivos Android y tu<br \/>\nordenador Microsoft con un solo toque.<\/p>\n<ul>\n<li><strong>Especificaciones t\u00e9cnicas<\/strong><\/li>\n<li>Tama\u00f1o del driver: tipo din\u00e1mico de<br \/>\n8,0 mm<\/li>\n<li>Fuente de alimentaci\u00f3n: 5 V 1 A<\/li>\n<li>Temperatura m\u00e1xima de<br \/>\nfuncionamiento: 45 \u00b0C<\/li>\n<li>Respuesta de frecuencia: 20 Hz &#8211; 20 kHz<\/li>\n<li>Impedancia: 16 \u03a9<\/li>\n<li>Sensibilidad: 110 dB SPL a 1 kHz<\/li>\n<li>SPL m\u00e1xima: 95 dB<\/li>\n<li>Sensibilidad del micr\u00f3fono:<br \/>\n-38 dB\/Pa a 1 kHz<\/li>\n<li>Versi\u00f3n de Bluetooth: 5.3<\/li>\n<li>Versi\u00f3n del perfil Bluetooth: A2DP V1.4,<br \/>\nAVRCP V1.6.2, HFP V1.8<br \/>\nFrecuencia del transmisor Bluetooth<\/li>\n<li>rango: 2,4 GHz &#8211; 2,4835 GHz<\/li>\n<li>Potencia del transmisor Bluetooth:<br \/>\n&lt; 13 dBm (EIRP)<\/li>\n<li>Modulaci\u00f3n del transmisor Bluetooth:<br \/>\nGFSK, \u00f0\/4-DQPSK, 8DPSK<\/li>\n<li>Peso de los auriculares: 4,5 g por<br \/>\nunidad (9 g combinados)<\/li>\n<li>Peso de la funda de carga: 35 g<\/li>\n<li>Dimensiones de los auriculares:<br \/>\n21,6 x 15,8 x 20,4 mm<\/li>\n<li>Dimensiones de la funda de carga:<br \/>\n68,9 x 26,7 x 37 mm<\/li>\n<li>Tipo de bater\u00eda de los auriculares:<br \/>\nBater\u00eda de ion-litio (49 mAh\/ 3,85 V)<\/li>\n<li>Tipo de bater\u00eda del estuche de carga:<br \/>\nBater\u00eda de ion-litio (550 mAh\/ 3,8 V)<\/li>\n<li>Tiempo de carga: 2 horas si est\u00e1n<br \/>\ntotalmente descargados<\/li>\n<li>Tiempo de reproducci\u00f3n de m\u00fasica con<\/li>\n<li>Bluetooth y sin ANC: hasta 10 horas<\/li>\n<li>Tiempo de reproducci\u00f3n de m\u00fasica con<\/li>\n<li>Bluetooth y ANC: hasta 8 horas<\/li>\n<li>Tiempo de conversaci\u00f3n con ANC<\/li>\n<li>desactivado: hasta 6 horas<br \/>\nTiempo de conversaci\u00f3n con Bluetooth<br \/>\nactivado: Hasta 5,5 horas<\/li>\n<li>Contenido de la caja<br \/>\n1 par de auriculares JBL Vibe Buds 2<br \/>\n1 cable de carga USB tipo C<br \/>\n3 tama\u00f1os de almohadilla<br \/>\n1 funda de carga<br \/>\n1 garant\u00eda\/advertencia (W\/!)<br \/>\n1 QSG\/hoja de seguridad (S\/i)<\/li>\n<\/ul>\n","protected":false},"excerpt":{"rendered":"<p>Caracter\u00edsticas<\/p>\n<ul>\n<li>Sonido JBL Pure Bass Cancelaci\u00f3n de ruido activa con Smart Ambient<\/li>\n<li>4 micr\u00f3fonos para unas llamadas n\u00edtidas y claras<\/li>\n<li>Resistencia al agua y al polvo<\/li>\n<li>Aplicaci\u00f3n JBL Headphones<\/li>\n<li>40\u00a0horas de reproducci\u00f3n en total<\/li>\n<li>y carga r\u00e1pida Conexi\u00f3n multipunto Conexi\u00f3n perfecta por Bluetooth<\/li>\n<\/ul>\n","protected":false},"featured_media":3248,"comment_status":"open","ping_status":"closed","template":"","meta":[],"product_cat":[127,189],"product_tag":[],"class_list":{"0":"post-3244","1":"product","2":"type-product","3":"status-publish","4":"has-post-thumbnail","6":"product_cat-audio","7":"product_cat-auriculares-audio","9":"first","10":"outofstock","11":"taxable","12":"shipping-taxable","13":"purchasable","14":"product-type-simple"},"_links":{"self":[{"href":"https:\/\/tecnoglobalgt.com\/es\/wp-json\/wp\/v2\/product\/3244","targetHints":{"allow":["GET"]}}],"collection":[{"href":"https:\/\/tecnoglobalgt.com\/es\/wp-json\/wp\/v2\/product"}],"about":[{"href":"https:\/\/tecnoglobalgt.com\/es\/wp-json\/wp\/v2\/types\/product"}],"replies":[{"embeddable":true,"href":"https:\/\/tecnoglobalgt.com\/es\/wp-json\/wp\/v2\/comments?post=3244"}],"wp:featuredmedia":[{"embeddable":true,"href":"https:\/\/tecnoglobalgt.com\/es\/wp-json\/wp\/v2\/media\/3248"}],"wp:attachment":[{"href":"https:\/\/tecnoglobalgt.com\/es\/wp-json\/wp\/v2\/media?parent=3244"}],"wp:term":[{"taxonomy":"product_cat","embeddable":true,"href":"https:\/\/tecnoglobalgt.com\/es\/wp-json\/wp\/v2\/product_cat?post=3244"},{"taxonomy":"product_tag","embeddable":true,"href":"https:\/\/tecnoglobalgt.com\/es\/wp-json\/wp\/v2\/product_tag?post=3244"}],"curies":[{"name":"wp","href":"https:\/\/api.w.org\/{rel}","templated":true}]}}