{"id":3239,"date":"2025-01-23T23:47:58","date_gmt":"2025-01-23T23:47:58","guid":{"rendered":"https:\/\/tecnoglobalgt.com\/es\/?post_type=product&#038;p=3239"},"modified":"2025-01-23T23:48:28","modified_gmt":"2025-01-23T23:48:28","slug":"tablet-xiaomi-redmi-pad-se-8-7-4g-gris-grafito","status":"publish","type":"product","link":"https:\/\/tecnoglobalgt.com\/es\/product\/tablet-xiaomi-redmi-pad-se-8-7-4g-gris-grafito\/","title":{"rendered":"TABLET XIAOMI REDMI PAD SE 8.7 4G GRIS GRAFITO"},"content":{"rendered":"<h1>Redmi Pad SE 8.7\u2033 4G<\/h1>\n<h2>Pad peque\u00f1o, diversi\u00f3n a lo grande<\/h2>\n<h3>Razones para comprar el Redmi Pad SE 8.7\u2033<\/h3>\n<ul>\n<li>Pantalla de 8,7 pulgadas con protecci\u00f3n ocular.<\/li>\n<li>Portabilidad sencilla.<\/li>\n<li>Frecuencia de actualizaci\u00f3n fluida de 90 Hz.<\/li>\n<li>Gran bater\u00eda de 6650 mAh (t\u00edp.).<\/li>\n<li>Potente procesador de ocho n\u00facleos.<\/li>\n<li>Hasta 2 TB de almacenamiento ampliable.<\/li>\n<li>Conectividad m\u00f3vil fluida con soporte para llamadas 4G.<\/li>\n<\/ul>\n<h2>Pantalla de 8,7 pulgadas, peque\u00f1a y port\u00e1til<\/h2>\n<p>Cuenta con una pantalla LCD de 8,7 pulgadas que ofrece un color y brillo \u00f3ptimos. Es f\u00e1cil de usar con una sola mano, lo que permite llevarla c\u00f3modamente a cualquier lugar.<\/p>\n<h2>Alta frecuencia de actualizaci\u00f3n de 90 Hz<\/h2>\n<p>Im\u00e1genes m\u00e1s fluidas y desenfoque por movimiento reducido para disfrutar de una experiencia optimizada en todo momento.<\/p>\n<h2>Brillo n\u00edtido en exteriores<\/h2>\n<p>Con hasta 600 nits de brillo en el modo de exteriores, puedes seguir disfrutando de tu contenido favorito incluso bajo una luz solar intensa.<\/p>\n<h2>Certificaci\u00f3n de comodidad visual<\/h2>\n<p>Con la certificaci\u00f3n T\u00dcV Rheinland de luz azul reducida y de tecnolog\u00eda sin parpadeos, cuida de tus ojos y te proporciona tranquilidad durante un uso prolongado.<\/p>\n<h2>Dolby Atmos\u00ae<\/h2>\n<p>Los dos altavoces est\u00e9reo equilibrados compatibles con Dolby Atmos ofrecen un sonido m\u00e1s rico y envolvente para un entretenimiento superior.<\/p>\n<h2>Bater\u00eda de larga duraci\u00f3n<\/h2>\n<p>Con una bater\u00eda de 6650 mAh (t\u00edp.), ofrece hasta 22,1 horas de reproducci\u00f3n de video y 131,7 horas de reproducci\u00f3n de m\u00fasica. La carga r\u00e1pida de 18 W permite cargarla completamente en solo 140 minutos.<\/p>\n<h2>Potente procesador de ocho n\u00facleos<\/h2>\n<p>Equipado con un procesador MediaTek Helio G85 que garantiza fluidez en las aplicaciones y un alto rendimiento para todo tipo de tareas.<\/p>\n<h2>Red m\u00f3vil 4G<\/h2>\n<p>Compatible con Wi-Fi de alta velocidad y 4G, lo que te permite disfrutar de una conexi\u00f3n estable para navegar, descargar y realizar videollamadas en cualquier momento y lugar.<\/p>\n<h2>Gran capacidad de almacenamiento<\/h2>\n<p>Hasta 128 GB de almacenamiento interno y ampliable hasta 2 TB, para que puedas guardar grandes cantidades de contenido sin preocupaciones.<\/p>\n<h2>C\u00e1maras para videollamadas y fotos<\/h2>\n<p>La c\u00e1mara frontal de 5 MP y la c\u00e1mara trasera de 8 MP te permiten realizar videollamadas claras y grabar v\u00eddeos n\u00edtidos, tanto en interiores como en exteriores.<\/p>\n<h2>Dise\u00f1o ligero y port\u00e1til<\/h2>\n<p>Con un peso de solo 375 g y un grosor de 8,8 mm, es delgada, ligera y f\u00e1cil de transportar, perfecta para llevar a todas partes.<\/p>\n","protected":false},"excerpt":{"rendered":"<p><strong>Caracteristicas: <\/strong><\/p>\n<ul>\n<li>Protecci\u00f3n Eye Care<\/li>\n<li>90 Hz en pantalla<\/li>\n<li>Bateria de 6650mAh<\/li>\n<li>Procesador de 8 nucleos<\/li>\n<\/ul>\n","protected":false},"featured_media":3243,"comment_status":"open","ping_status":"closed","template":"","meta":[],"product_cat":[177,178],"product_tag":[],"class_list":{"0":"post-3239","1":"product","2":"type-product","3":"status-publish","4":"has-post-thumbnail","6":"product_cat-computadores","7":"product_cat-tableta","9":"first","10":"instock","11":"taxable","12":"shipping-taxable","13":"purchasable","14":"product-type-simple"},"_links":{"self":[{"href":"https:\/\/tecnoglobalgt.com\/es\/wp-json\/wp\/v2\/product\/3239","targetHints":{"allow":["GET"]}}],"collection":[{"href":"https:\/\/tecnoglobalgt.com\/es\/wp-json\/wp\/v2\/product"}],"about":[{"href":"https:\/\/tecnoglobalgt.com\/es\/wp-json\/wp\/v2\/types\/product"}],"replies":[{"embeddable":true,"href":"https:\/\/tecnoglobalgt.com\/es\/wp-json\/wp\/v2\/comments?post=3239"}],"wp:featuredmedia":[{"embeddable":true,"href":"https:\/\/tecnoglobalgt.com\/es\/wp-json\/wp\/v2\/media\/3243"}],"wp:attachment":[{"href":"https:\/\/tecnoglobalgt.com\/es\/wp-json\/wp\/v2\/media?parent=3239"}],"wp:term":[{"taxonomy":"product_cat","embeddable":true,"href":"https:\/\/tecnoglobalgt.com\/es\/wp-json\/wp\/v2\/product_cat?post=3239"},{"taxonomy":"product_tag","embeddable":true,"href":"https:\/\/tecnoglobalgt.com\/es\/wp-json\/wp\/v2\/product_tag?post=3239"}],"curies":[{"name":"wp","href":"https:\/\/api.w.org\/{rel}","templated":true}]}}