{"id":3226,"date":"2025-01-09T21:54:32","date_gmt":"2025-01-09T21:54:32","guid":{"rendered":"https:\/\/tecnoglobalgt.com\/es\/?post_type=product&#038;p=3226"},"modified":"2025-09-19T23:37:36","modified_gmt":"2025-09-19T23:37:36","slug":"audifonos-jbl-tune-beam-blanco","status":"publish","type":"product","link":"https:\/\/tecnoglobalgt.com\/es\/product\/audifonos-jbl-tune-beam-blanco\/","title":{"rendered":"AUDIFONOS JBL TUNE BEAM BLANCO"},"content":{"rendered":"<h3>Sonido JBL Pure Bass<\/h3>\n<p>Los drivers de 6\u00a0mm de dise\u00f1o inteligente, mejorados por el factor de forma de stick, ofrecen el sonido de graves puros de JBL para que sienta cada beat.<picture><source srcset=\"https:\/\/gadguat.com.gt\/wp-content\/webp-express\/webp-images\/doc-root\/wp-content\/uploads\/2023\/08\/descripcion-productos-1-1.jpg.webp 1800w, https:\/\/gadguat.com.gt\/wp-content\/webp-express\/webp-images\/doc-root\/wp-content\/uploads\/2023\/08\/descripcion-productos-1-1-600x333.jpg.webp 600w, https:\/\/gadguat.com.gt\/wp-content\/webp-express\/webp-images\/doc-root\/wp-content\/uploads\/2023\/08\/descripcion-productos-1-1-64x36.jpg.webp 64w, https:\/\/gadguat.com.gt\/wp-content\/webp-express\/webp-images\/doc-root\/wp-content\/uploads\/2023\/08\/descripcion-productos-1-1-300x167.jpg.webp 300w, https:\/\/gadguat.com.gt\/wp-content\/webp-express\/webp-images\/doc-root\/wp-content\/uploads\/2023\/08\/descripcion-productos-1-1-1024x569.jpg.webp 1024w, https:\/\/gadguat.com.gt\/wp-content\/webp-express\/webp-images\/doc-root\/wp-content\/uploads\/2023\/08\/descripcion-productos-1-1-768x427.jpg.webp 768w, https:\/\/gadguat.com.gt\/wp-content\/webp-express\/webp-images\/doc-root\/wp-content\/uploads\/2023\/08\/descripcion-productos-1-1-1536x853.jpg.webp 1536w, https:\/\/gadguat.com.gt\/wp-content\/webp-express\/webp-images\/doc-root\/wp-content\/uploads\/2023\/08\/descripcion-productos-1-1-63x35.jpg.webp 63w, https:\/\/gadguat.com.gt\/wp-content\/webp-express\/webp-images\/doc-root\/wp-content\/uploads\/2023\/08\/descripcion-productos-1-1-108x60.jpg.webp 108w\" type=\"image\/webp\" sizes=\"(max-width: 1800px) 100vw, 1800px\" \/><img loading=\"lazy\" decoding=\"async\" class=\"aligncenter size-full wp-image-25013 webpexpress-processed\" src=\"https:\/\/gadguat.com.gt\/wp-content\/uploads\/2023\/08\/descripcion-productos-1-1.jpg\" sizes=\"auto, (max-width: 1800px) 100vw, 1800px\" srcset=\"https:\/\/gadguat.com.gt\/wp-content\/uploads\/2023\/08\/descripcion-productos-1-1.jpg 1800w, https:\/\/gadguat.com.gt\/wp-content\/uploads\/2023\/08\/descripcion-productos-1-1-600x333.jpg 600w, https:\/\/gadguat.com.gt\/wp-content\/uploads\/2023\/08\/descripcion-productos-1-1-64x36.jpg 64w, https:\/\/gadguat.com.gt\/wp-content\/uploads\/2023\/08\/descripcion-productos-1-1-300x167.jpg 300w, https:\/\/gadguat.com.gt\/wp-content\/uploads\/2023\/08\/descripcion-productos-1-1-1024x569.jpg 1024w, https:\/\/gadguat.com.gt\/wp-content\/uploads\/2023\/08\/descripcion-productos-1-1-768x427.jpg 768w, https:\/\/gadguat.com.gt\/wp-content\/uploads\/2023\/08\/descripcion-productos-1-1-1536x853.jpg 1536w, https:\/\/gadguat.com.gt\/wp-content\/uploads\/2023\/08\/descripcion-productos-1-1-63x35.jpg 63w, https:\/\/gadguat.com.gt\/wp-content\/uploads\/2023\/08\/descripcion-productos-1-1-108x60.jpg 108w\" alt=\"jbl tune beam\" width=\"1800\" height=\"1000\" \/><\/picture>\n<hr \/>\n<h3>Cancelaci\u00f3n de ruido activa con Smart Ambient<\/h3>\n<p>Escucha m\u00e1s de lo que quieres y menos de lo que no. La tecnolog\u00eda Active Noise Cancelling te permite minimizar las distracciones de audio. Con Ambient Aware, puedes sintonizar con tu entorno en cualquier momento para que te sientas m\u00e1s seguro cuando est\u00e1s en la calle, mientras que TalkThru te permite detenerte para una charla r\u00e1pida sin tener que quitarte los auriculares.<\/p>\n<picture><source srcset=\"https:\/\/gadguat.com.gt\/wp-content\/webp-express\/webp-images\/doc-root\/wp-content\/uploads\/2023\/08\/descripcion-productos-4.jpg.webp 1800w, https:\/\/gadguat.com.gt\/wp-content\/webp-express\/webp-images\/doc-root\/wp-content\/uploads\/2023\/08\/descripcion-productos-4-600x333.jpg.webp 600w, https:\/\/gadguat.com.gt\/wp-content\/webp-express\/webp-images\/doc-root\/wp-content\/uploads\/2023\/08\/descripcion-productos-4-64x36.jpg.webp 64w, https:\/\/gadguat.com.gt\/wp-content\/webp-express\/webp-images\/doc-root\/wp-content\/uploads\/2023\/08\/descripcion-productos-4-300x167.jpg.webp 300w, https:\/\/gadguat.com.gt\/wp-content\/webp-express\/webp-images\/doc-root\/wp-content\/uploads\/2023\/08\/descripcion-productos-4-1024x569.jpg.webp 1024w, https:\/\/gadguat.com.gt\/wp-content\/webp-express\/webp-images\/doc-root\/wp-content\/uploads\/2023\/08\/descripcion-productos-4-768x427.jpg.webp 768w, https:\/\/gadguat.com.gt\/wp-content\/webp-express\/webp-images\/doc-root\/wp-content\/uploads\/2023\/08\/descripcion-productos-4-1536x853.jpg.webp 1536w, https:\/\/gadguat.com.gt\/wp-content\/webp-express\/webp-images\/doc-root\/wp-content\/uploads\/2023\/08\/descripcion-productos-4-63x35.jpg.webp 63w, https:\/\/gadguat.com.gt\/wp-content\/webp-express\/webp-images\/doc-root\/wp-content\/uploads\/2023\/08\/descripcion-productos-4-108x60.jpg.webp 108w\" type=\"image\/webp\" sizes=\"(max-width: 1800px) 100vw, 1800px\" \/><img loading=\"lazy\" decoding=\"async\" class=\"aligncenter size-full wp-image-25014 webpexpress-processed\" src=\"https:\/\/gadguat.com.gt\/wp-content\/uploads\/2023\/08\/descripcion-productos-4.jpg\" sizes=\"auto, (max-width: 1800px) 100vw, 1800px\" srcset=\"https:\/\/gadguat.com.gt\/wp-content\/uploads\/2023\/08\/descripcion-productos-4.jpg 1800w, https:\/\/gadguat.com.gt\/wp-content\/uploads\/2023\/08\/descripcion-productos-4-600x333.jpg 600w, https:\/\/gadguat.com.gt\/wp-content\/uploads\/2023\/08\/descripcion-productos-4-64x36.jpg 64w, https:\/\/gadguat.com.gt\/wp-content\/uploads\/2023\/08\/descripcion-productos-4-300x167.jpg 300w, https:\/\/gadguat.com.gt\/wp-content\/uploads\/2023\/08\/descripcion-productos-4-1024x569.jpg 1024w, https:\/\/gadguat.com.gt\/wp-content\/uploads\/2023\/08\/descripcion-productos-4-768x427.jpg 768w, https:\/\/gadguat.com.gt\/wp-content\/uploads\/2023\/08\/descripcion-productos-4-1536x853.jpg 1536w, https:\/\/gadguat.com.gt\/wp-content\/uploads\/2023\/08\/descripcion-productos-4-63x35.jpg 63w, https:\/\/gadguat.com.gt\/wp-content\/uploads\/2023\/08\/descripcion-productos-4-108x60.jpg 108w\" alt=\"jbl tune beam\" width=\"1800\" height=\"1000\" \/><\/picture>\n<hr \/>\n<h3>Especificaciones<\/h3>\n<ul>\n<li>\n<ul>\n<li>Driver de 6mm<\/li>\n<li>4 micr\u00f3fonos incorporados<\/li>\n<li>Sensibilidad del driver a 1kHz1mW (dB): 97<\/li>\n<li>Respuesta de frecuencia din\u00e1mica: 20 Hz \u2013 20 kHz<\/li>\n<li>Impedancia de entrada (ohms): 16<\/li>\n<li>Peso Auricular: 5,0 g por unidad (10 g combinados)<\/li>\n<li>Funda de carga: 50,3 g<\/li>\n<li>Versi\u00f3n Bluetooth: 5.3<\/li>\n<li>Perfiles Bluetooth: A2DP 1.3.2, AVRCP 1.6.2, HFP 1.8<\/li>\n<li>Rango de frecuencia de transmisi\u00f3n Bluetooth: 2.4 GHz \u2013 2.4835 GHz<\/li>\n<li>Transmisi\u00f3n de modulaci\u00f3n GFSK v\u00eda Bluetooth: GFSK, \u03c0\/4-DQPSK, 8-DPSK<\/li>\n<li>Potencia de transmisi\u00f3n Bluetooth: &lt;13 dBm<\/li>\n<li>Tiempo de carga: 2 horas<\/li>\n<li>Tiempo m\u00e1ximo de reproducci\u00f3n de m\u00fasica con ANC (cancelaci\u00f3n activa de ruido) desactivado: 12 horas<\/li>\n<li>\u00a0Tiempo m\u00e1ximo de reproducci\u00f3n de m\u00fasica con ANC (cancelaci\u00f3n activa de ruido) activado: 10 horas<\/li>\n<li>Tiempo de uso m\u00e1ximo: 48 horas<\/li>\n<\/ul>\n<\/li>\n<\/ul>\n<h3>Lo que hay dentro de la caja<\/h3>\n<ul>\n<li>1x Aud\u00edfonos JBL Tune Beam<\/li>\n<li>1x Caja de carga<\/li>\n<li>1x Cable de carga USB tipo C<\/li>\n<li>3x Tama\u00f1os de almohadilla<\/li>\n<li>1x Garant\u00eda<\/li>\n<li>1x Hoja de seguridad<\/li>\n<\/ul>\n","protected":false},"excerpt":{"rendered":"<p><strong>Caracteristicas:<\/strong><\/p>\n<p>Aud\u00edfonos\u00a0<strong>JBL Tune Beam<\/strong>\u00a0In-Ear, inal\u00e1mbricos, resistentes al agua, con cancelaci\u00f3n de ruido y tecnolog\u00eda de 4 micr\u00f3fonos, con bater\u00eda de hasta 48 horas de duraci\u00f3n.<\/p>\n","protected":false},"featured_media":3232,"comment_status":"open","ping_status":"closed","template":"","meta":[],"product_cat":[127,189],"product_tag":[],"class_list":{"0":"post-3226","1":"product","2":"type-product","3":"status-publish","4":"has-post-thumbnail","6":"product_cat-audio","7":"product_cat-auriculares-audio","9":"first","10":"outofstock","11":"taxable","12":"shipping-taxable","13":"purchasable","14":"product-type-simple"},"_links":{"self":[{"href":"https:\/\/tecnoglobalgt.com\/es\/wp-json\/wp\/v2\/product\/3226","targetHints":{"allow":["GET"]}}],"collection":[{"href":"https:\/\/tecnoglobalgt.com\/es\/wp-json\/wp\/v2\/product"}],"about":[{"href":"https:\/\/tecnoglobalgt.com\/es\/wp-json\/wp\/v2\/types\/product"}],"replies":[{"embeddable":true,"href":"https:\/\/tecnoglobalgt.com\/es\/wp-json\/wp\/v2\/comments?post=3226"}],"wp:featuredmedia":[{"embeddable":true,"href":"https:\/\/tecnoglobalgt.com\/es\/wp-json\/wp\/v2\/media\/3232"}],"wp:attachment":[{"href":"https:\/\/tecnoglobalgt.com\/es\/wp-json\/wp\/v2\/media?parent=3226"}],"wp:term":[{"taxonomy":"product_cat","embeddable":true,"href":"https:\/\/tecnoglobalgt.com\/es\/wp-json\/wp\/v2\/product_cat?post=3226"},{"taxonomy":"product_tag","embeddable":true,"href":"https:\/\/tecnoglobalgt.com\/es\/wp-json\/wp\/v2\/product_tag?post=3226"}],"curies":[{"name":"wp","href":"https:\/\/api.w.org\/{rel}","templated":true}]}}