{"id":3218,"date":"2025-01-09T21:36:48","date_gmt":"2025-01-09T21:36:48","guid":{"rendered":"https:\/\/tecnoglobalgt.com\/es\/?post_type=product&#038;p=3218"},"modified":"2025-09-19T23:37:42","modified_gmt":"2025-09-19T23:37:42","slug":"mini-bocina-karaoke-con-microfono-de-stich-xtech","status":"publish","type":"product","link":"https:\/\/tecnoglobalgt.com\/es\/product\/mini-bocina-karaoke-con-microfono-de-stich-xtech\/","title":{"rendered":"MINI BOCINA KARAOKE CON MICROFONO DE STICH XTECH"},"content":{"rendered":"<h3>Caracter\u00edsticas<\/h3>\n<ul>\n<li>Poderoso parlante con 5W de potencia m\u00e1xima de salida<\/li>\n<li>Conexi\u00f3n inal\u00e1mbrica compatible con Bluetooth<sup>\u00ae<\/sup>\u00a0v5.3 para reproducir m\u00fasica desde tu dispositivo m\u00f3vil<\/li>\n<li>Hasta 12h** de reproducci\u00f3n ininterrumpida.<\/li>\n<li>Salida auxiliar de 3,5 mm para conectar tus aud\u00edfonos<\/li>\n<li>Ranura para tarjeta de microSD\u2122 de hasta 16 GB<\/li>\n<li>Dise\u00f1o ultraliviano con una correa resistente para una transportaci\u00f3n c\u00f3moda y segura<\/li>\n<li>Micr\u00f3fono inal\u00e1mbrico de karaoke con eco, cinco efectos de cambio de voz y una bater\u00eda que ofrece hasta 5 horas de diversi\u00f3n.<\/li>\n<li>Puerto USB-C<sup>\u00ae<\/sup>\u00a0para carga<\/li>\n<li>Garant\u00eda de un a\u00f1o<\/li>\n<\/ul>\n<h3>Especificaciones<\/h3>\n<ul>\n<li><strong>Tipo:\u00a0<\/strong>Conjunto de parlante inal\u00e1mbrico port\u00e1til compatible con Bluetooth<sup>\u00ae<\/sup>\u00a0y micr\u00f3fono<\/li>\n<li><strong>Salida de potencia m\u00e1xima (RMS nominal):\u00a0<\/strong>5W<\/li>\n<li><strong>Botones del parlante:\u00a0<\/strong>4 botones: Encendido\/Apagado &#8211; Reproducir\/Pausar | Modo | Subir volumen\/ Canci\u00f3n siguiente | Bajar volumen\/Canci\u00f3n anterior<\/li>\n<li><strong>Botones del micr\u00f3fono:\u00a0<\/strong>4 botones: Encendido\/Apagado &#8211; Reproducir\/Pausar | Subir volumen\/ Canci\u00f3n siguiente | Bajar volumen\/Canci\u00f3n anterior | Efectos de voz<\/li>\n<\/ul>\n<p><strong>Parlante<\/strong><\/p>\n<ul>\n<li><strong>Unidad del parlante:\u00a0<\/strong>57mm<\/li>\n<li><strong>Salida de potencia m\u00e1xima (RMS nominal):\u00a0<\/strong>5W<\/li>\n<li><strong>Frecuencia:\u00a0<\/strong>34Hz-18KHz<\/li>\n<li><strong>Impedancia:\u00a0<\/strong>4\u03a9<\/li>\n<li><strong>Sensibilidad:\u00a0<\/strong>400\u00b150mV<\/li>\n<li><strong>Relaci\u00f3n se\u00f1al-ruido:\u00a0<\/strong>\u226580dB<\/li>\n<li><strong>THD:\u00a0<\/strong>\u226410%<\/li>\n<\/ul>\n<p><strong>Micr\u00f3fono<\/strong><\/p>\n<ul>\n<li><strong>Conectividad:\u00a0<\/strong>Inal\u00e1mbrico con frecuencia de 2.4GHz<\/li>\n<li><strong>Directividad:\u00a0<\/strong>Direccional<\/li>\n<li><strong>Frecuencia:\u00a0<\/strong>2.4GHz<\/li>\n<li><strong>Impedancia:\u00a0<\/strong>M\u00e1x. 2.2K\u03a9 1KHz (RL=2.2K\u03a9)<\/li>\n<li><strong>Sensibilidad:\u00a0<\/strong>38dB<\/li>\n<\/ul>\n<p><strong>Conectividad<\/strong><\/p>\n<ul>\n<li><strong>Tipo de conexi\u00f3n:\u00a0<\/strong>Inal\u00e1mbrico compatible con Bluetooth<sup>\u00ae<\/sup>\u00a0v5.3 | Salida auxiliar de 3,5 mm | Puerto USB-C<sup>\u00ae<\/sup>\u00a0| Ranura para tarjeta de memoria<\/li>\n<li><strong>Ranura para tarjeta de memoria:\u00a0<\/strong>Tarjeta MicroSD\u2122\/TF de hasta 16 GB<\/li>\n<li><strong>Frecuencia de RF inal\u00e1mbrica:\u00a0<\/strong>2402-2480MHz<\/li>\n<li><strong>Alcance inal\u00e1mbrico:\u00a0<\/strong>Hasta 10 metros*<\/li>\n<li><strong>Salida de audio:\u00a0<\/strong>Salida de auriculares\/auriculares mediante conector de 3,5 mm<\/li>\n<\/ul>\n<p><strong>Bater\u00eda (parlante)<\/strong><\/p>\n<ul>\n<li><strong>Tipo de bater\u00eda del parlante:\u00a0<\/strong>3.7V 1200mAh<\/li>\n<li><strong>Tiempo de carga de la bater\u00eda del parlante:\u00a0<\/strong>2 h<\/li>\n<li><strong>Tiempo de funcionamiento de la bater\u00eda del\u00a0<\/strong><strong>parlante al 50% del volumen:\u00a0<\/strong>12 h**<\/li>\n<li><strong>Tiempo de funcionamiento de la bater\u00eda del\u00a0<\/strong><strong>parlante al 100% del volumen:\u00a0<\/strong>2 h**<\/li>\n<li><strong>Tiempo de espera de la bater\u00eda del parlante:\u00a0<\/strong>1 a\u00f1o<\/li>\n<li><strong>M\u00e9todo de carga de la bater\u00eda del parlante:\u00a0<\/strong>USB-C<sup>\u00ae<\/sup>\u00a05 VCC<\/li>\n<\/ul>\n<p><strong>Bater\u00eda (micr\u00f3fono)<\/strong><\/p>\n<ul>\n<li><strong>Tipo de bater\u00eda del micr\u00f3fono:\u00a0<\/strong>500mAh<\/li>\n<li><strong>Tiempo de carga de la bater\u00eda del micr\u00f3fono:\u00a0<\/strong>2 h<\/li>\n<li><strong>Tiempo de funcionamiento de la bater\u00eda del\u00a0<\/strong><strong>micr\u00f3fono (promedio):\u00a0<\/strong>5 h**<\/li>\n<li><strong>Tiempo de espera de la bater\u00eda del micr\u00f3fono\u00a0<\/strong><strong>(promedio):\u00a0<\/strong>1 a\u00f1o<\/li>\n<li><strong>M\u00e9todo de carga de la bater\u00eda del micr\u00f3fono:\u00a0<\/strong>USB-C<sup>\u00ae<\/sup>\u00a05 VCC<\/li>\n<\/ul>\n<p><strong>Caracter\u00edsticas destacadas<\/strong><\/p>\n<ul>\n<li><strong>Efectos de sonido del micr\u00f3fono:\u00a0<\/strong>Efectos de eco y voz (a trav\u00e9s del micr\u00f3fono)<\/li>\n<li><strong>Efectos de voz a trav\u00e9s del micr\u00f3fono:\u00a0<\/strong>Ciclo de 5 efectos de voz (incluyendo \u201cefectos de voz deshabilitados\u201d)<\/li>\n<li><strong>Asa:\u00a0<\/strong>Asa fija<\/li>\n<\/ul>\n<p><strong>Caracter\u00edsticas f\u00edsicas<\/strong><\/p>\n<ul>\n<li><strong>Dimensiones:\u00a0<\/strong>Parlante: 9 x 7,5 x 6,5 cm |\u00a0Micr\u00f3fono: 13,5 x 3,7 x 3,7 cm<\/li>\n<li><strong>Peso:\u00a0<\/strong>Parlante: 320 g | Micr\u00f3fono: 80 g | Total = 400 g<\/li>\n<li><strong>Longitud del cable:\u00a0<\/strong>50 cm<\/li>\n<li><strong>Contenidos del paquete:\u00a0<\/strong>Parlante | Micr\u00f3fono | Dos cables de carga USB-C<sup>\u00ae\u00a0<\/sup>(para parlante y micr\u00f3fono) | Manual del usuario<\/li>\n<li><strong>Garant\u00eda:\u00a0<\/strong>Un a\u00f1o<\/li>\n<\/ul>\n<p>*La estimaci\u00f3n del alcance se basa en un \u00e1rea libre de obst\u00e1culos e interferencias, y dentro de la l\u00ednea de visi\u00f3n entre dispositivos.<br \/>\n**Dependiendo del nivel de volumen y del tipo de archivos de audio que se est\u00e9n reproduciendo.<\/p>\n","protected":false},"excerpt":{"rendered":"<div class=\"col-md-4 col-12\" data-v-65763108=\"\">\n<div data-v-65763108=\"\"><strong>Caracteristicas:\u00a0<\/strong><\/div>\n<ul>\n<li class=\"text-left text-grey p-3\"><span class=\"font-weight-bold text-primary\" data-v-65763108=\"\">Salida de potencia m\u00e1xima (RMS nominal): <\/span><span style=\"font-size: 14.4px;\">5W<\/span><\/li>\n<li class=\"text-left text-grey p-3\">Tipo de conexi\u00f3n: <span style=\"font-size: 14.4px;\">Inal\u00e1mbrica compatible con Bluetooth<\/span><sup>\u00ae<\/sup><span style=\"font-size: 14.4px;\"> v5.3, tarjeta MicroSD\u2122 y salida auxiliar de 3,5 mm<\/span><\/li>\n<li class=\"text-left text-grey p-3\">Tiempo de reproducci\u00f3n: <span style=\"font-size: 14.4px;\">12 horas*<\/span><\/li>\n<\/ul>\n<\/div>\n","protected":false},"featured_media":3221,"comment_status":"open","ping_status":"closed","template":"","meta":[],"product_cat":[127,191],"product_tag":[],"class_list":{"0":"post-3218","1":"product","2":"type-product","3":"status-publish","4":"has-post-thumbnail","6":"product_cat-audio","7":"product_cat-bocinas","9":"first","10":"outofstock","11":"taxable","12":"shipping-taxable","13":"purchasable","14":"product-type-simple"},"_links":{"self":[{"href":"https:\/\/tecnoglobalgt.com\/es\/wp-json\/wp\/v2\/product\/3218","targetHints":{"allow":["GET"]}}],"collection":[{"href":"https:\/\/tecnoglobalgt.com\/es\/wp-json\/wp\/v2\/product"}],"about":[{"href":"https:\/\/tecnoglobalgt.com\/es\/wp-json\/wp\/v2\/types\/product"}],"replies":[{"embeddable":true,"href":"https:\/\/tecnoglobalgt.com\/es\/wp-json\/wp\/v2\/comments?post=3218"}],"wp:featuredmedia":[{"embeddable":true,"href":"https:\/\/tecnoglobalgt.com\/es\/wp-json\/wp\/v2\/media\/3221"}],"wp:attachment":[{"href":"https:\/\/tecnoglobalgt.com\/es\/wp-json\/wp\/v2\/media?parent=3218"}],"wp:term":[{"taxonomy":"product_cat","embeddable":true,"href":"https:\/\/tecnoglobalgt.com\/es\/wp-json\/wp\/v2\/product_cat?post=3218"},{"taxonomy":"product_tag","embeddable":true,"href":"https:\/\/tecnoglobalgt.com\/es\/wp-json\/wp\/v2\/product_tag?post=3218"}],"curies":[{"name":"wp","href":"https:\/\/api.w.org\/{rel}","templated":true}]}}