{"id":3213,"date":"2025-01-09T21:30:19","date_gmt":"2025-01-09T21:30:19","guid":{"rendered":"https:\/\/tecnoglobalgt.com\/es\/?post_type=product&#038;p=3213"},"modified":"2025-09-19T23:38:03","modified_gmt":"2025-09-19T23:38:03","slug":"audifonos-inalambricos-xiaomi-redmi-buds-6-play","status":"publish","type":"product","link":"https:\/\/tecnoglobalgt.com\/es\/product\/audifonos-inalambricos-xiaomi-redmi-buds-6-play\/","title":{"rendered":"AUDIFONOS INALAMBRICOS XIAOMI REDMI BUDS 6 PLAY"},"content":{"rendered":"<h1>Redmi Buds 6 Play<\/h1>\n<h2>Ritmo a tu manera<\/h2>\n<ul>\n<li>Hasta 36 horas de reproducci\u00f3n continua con el estuche de carga<\/li>\n<li>Driver din\u00e1mico de 10mm para un sonido potente.<\/li>\n<li>Reducci\u00f3n de ruido con IA para llamadas claras.<\/li>\n<li>Hasta 3 horas de m\u00fasica con solo 10 minutos de carga.<\/li>\n<li>Cinco opciones de ecualizaci\u00f3n disponibles a trav\u00e9s de la app Xiaomi Earbuds para personalizar tu sonido.<\/li>\n<\/ul>\n<h2>Ligeros<\/h2>\n<h3>Dise\u00f1o excepcional<\/h3>\n<p>Peso ultraligero de 3,6 g. Aud\u00edfonos tan ligeros que olvidar\u00e1s que los llevas puestos. El estuche de carga tiene un dise\u00f1o limpio y elegante. Cada aud\u00edfono pesa solo 3.6 g, lo que minimiza la presi\u00f3n en tus o\u00eddos y te ofrece una comodidad ligera.<\/p>\n<h2>Compactos y delicados<\/h2>\n<h3>C\u00f3modos y port\u00e1tiles<\/h3>\n<p>El estuche tiene un dise\u00f1o curvo y compacto que se adapta perfectamente a tu mano. Es sencillo, elegante y f\u00e1cil de llevar a cualquier lugar.<\/p>\n<h2>Elegante y vers\u00e1til<\/h2>\n<h3>Sonido superior<\/h3>\n<ul>\n<li>Driver din\u00e1mico de 10mm ajustado con precisi\u00f3n por el Xiaomi Acoustic Lab, ofreciendo un rendimiento excepcional para una experiencia auditiva inigualable.<\/li>\n<\/ul>\n<h3>Cinco modos de ecualizaci\u00f3n<\/h3>\n<p>Disfruta de cinco modos de ecualizaci\u00f3n preestablecidos, que ofrecen sonidos completos, potentes y detallados, adapt\u00e1ndose a tus preferencias y necesidades auditivas.<\/p>\n<h3>Reducci\u00f3n de ruido con AI para llamadas<\/h3>\n<p>El algoritmo AI para la voz distingue con precisi\u00f3n las voces humanas del ruido de fondo, reduciendo eficazmente las distracciones incluso en entornos ruidosos.<\/p>\n<h2>Bater\u00eda de larga duraci\u00f3n<\/h2>\n<h3>Carga r\u00e1pida<\/h3>\n<p>Disfruta de hasta 7.5 horas de m\u00fasica con una sola carga, y hasta 36 horas con el estuche de carga, asegurando que tu m\u00fasica est\u00e9 siempre contigo, d\u00eda y noche.<\/p>\n<ul>\n<li>7.5 horas de duraci\u00f3n de la bater\u00eda con una sola carga<\/li>\n<li>36 horas con el estuche de carga<\/li>\n<li>Carga r\u00e1pida en 10 minutos: obt\u00e9n 3 horas de m\u00fasica.<\/li>\n<\/ul>\n<h2>Conexi\u00f3n r\u00e1pida<\/h2>\n<h3>F\u00e1cil de usar<\/h3>\n<ul>\n<li>Bluetooth\u00ae 5.4: Conexi\u00f3n r\u00e1pida y estable con menor latencia.<\/li>\n<li>Modo de baja latencia para una experiencia inmersiva.<\/li>\n<\/ul>\n<h3>Control t\u00e1ctil<\/h3>\n<p>Accede a m\u00faltiples funciones con facilidad:<\/p>\n<ul>\n<li>Doble toque: Reproducir o pausar, Responder o finalizar la llamada.<\/li>\n<li>Triple toque: Pista anterior o siguiente.<\/li>\n<li>Mantener pulsado: Activar el asistente de voz.<\/li>\n<\/ul>\n<h3>Compatible con Google Fast Pair<\/h3>\n<p>Emparejamiento instant\u00e1neo con dispositivos Android y opciones para localizar tus aud\u00edfonos.<\/p>\n<h3>Resistencia al agua IPX4<\/h3>\n<p>Dise\u00f1o pensado para ofrecer tranquilidad, ya sea que est\u00e9s sudando o expuesto a los elementos.<\/p>\n","protected":false},"excerpt":{"rendered":"<p>Redmi Buds 6 Play Ritmo a tu manera Hasta 36 horas de reproducci\u00f3n continua con el estuche de carga Driver din\u00e1mico de 10mm para un sonido potente. Reducci\u00f3n de ruido con IA para llamadas claras. Hasta 3 horas de m\u00fasica con solo 10 minutos de carga. Cinco opciones de ecualizaci\u00f3n disponibles a trav\u00e9s de la [&#8230;]\n","protected":false},"featured_media":3217,"comment_status":"open","ping_status":"closed","template":"","meta":[],"product_cat":[127,189],"product_tag":[],"class_list":{"0":"post-3213","1":"product","2":"type-product","3":"status-publish","4":"has-post-thumbnail","6":"product_cat-audio","7":"product_cat-auriculares-audio","9":"first","10":"instock","11":"taxable","12":"shipping-taxable","13":"purchasable","14":"product-type-simple"},"_links":{"self":[{"href":"https:\/\/tecnoglobalgt.com\/es\/wp-json\/wp\/v2\/product\/3213","targetHints":{"allow":["GET"]}}],"collection":[{"href":"https:\/\/tecnoglobalgt.com\/es\/wp-json\/wp\/v2\/product"}],"about":[{"href":"https:\/\/tecnoglobalgt.com\/es\/wp-json\/wp\/v2\/types\/product"}],"replies":[{"embeddable":true,"href":"https:\/\/tecnoglobalgt.com\/es\/wp-json\/wp\/v2\/comments?post=3213"}],"wp:featuredmedia":[{"embeddable":true,"href":"https:\/\/tecnoglobalgt.com\/es\/wp-json\/wp\/v2\/media\/3217"}],"wp:attachment":[{"href":"https:\/\/tecnoglobalgt.com\/es\/wp-json\/wp\/v2\/media?parent=3213"}],"wp:term":[{"taxonomy":"product_cat","embeddable":true,"href":"https:\/\/tecnoglobalgt.com\/es\/wp-json\/wp\/v2\/product_cat?post=3213"},{"taxonomy":"product_tag","embeddable":true,"href":"https:\/\/tecnoglobalgt.com\/es\/wp-json\/wp\/v2\/product_tag?post=3213"}],"curies":[{"name":"wp","href":"https:\/\/api.w.org\/{rel}","templated":true}]}}