{"id":3126,"date":"2024-11-04T21:53:46","date_gmt":"2024-11-04T21:53:46","guid":{"rendered":"https:\/\/tecnoglobalgt.com\/es\/?post_type=product&#038;p=3126"},"modified":"2025-09-12T21:54:25","modified_gmt":"2025-09-12T21:54:25","slug":"ponchadora-nexxt-crimping-tool-aw250nxt02-rj45-8p8c","status":"publish","type":"product","link":"https:\/\/tecnoglobalgt.com\/es\/product\/ponchadora-nexxt-crimping-tool-aw250nxt02-rj45-8p8c\/","title":{"rendered":"PONCHADORA NEXXT CRIMPING TOOL AW250NXT02 (RJ45\/8P8C)"},"content":{"rendered":"<div id=\"__BVID__196\" class=\"tabs\">\n<div id=\"__BVID__196__BV_tab_container_\" class=\"tab-content mt-md-5 mt-3 ff-jura\">\n<div id=\"__BVID__201\" class=\"tab-pane active\" role=\"tabpanel\" aria-hidden=\"false\" aria-labelledby=\"__BVID__201___BV_tab_button__\">\n<div class=\"container-fluid\">\n<div class=\"row no-gutters align-items-center justify-content-start align-content-center\">\n<div class=\"col\">\n<h3 class=\"ff-jura\">Tenaza Met\u00e1lica con Prensa Terminal para RJ45<\/h3>\n<p class=\"ff-jura\">La tenaza met\u00e1lica con prensa terminal convierte la instalaci\u00f3n de cables en una tarea sencilla. Esta herramienta multiprop\u00f3sito se utiliza para entallar conectores RJ 45 con cables de cuatro pares trenzados sin apantallar. Con un solo movimiento, la tenaza permite cortar y desforrar cables con precisi\u00f3n, para realizar conexiones uniformes y de calidad profesional. Adem\u00e1s de la s\u00f3lida estructura elaborada con acero tratado al calor y acabado en \u00f3xido negro, tambi\u00e9n cuenta con c\u00f3modos mangos moldeados destinados a reducir la sensaci\u00f3n de fatiga del usuario.<\/p>\n<\/div>\n<\/div>\n<\/div>\n<\/div>\n<\/div>\n<\/div>\n","protected":false},"excerpt":{"rendered":"<p><strong>Caracter\u00edsticas:<\/strong><\/p>\n<div id=\"__BVID__196\" class=\"tabs\">\n<div id=\"__BVID__196__BV_tab_container_\" class=\"tab-content mt-md-5 mt-3 ff-jura\">\n<div id=\"__BVID__199\" class=\"tab-pane active\" role=\"tabpanel\" aria-hidden=\"false\" aria-labelledby=\"__BVID__199___BV_tab_button__\">\n<div class=\"container-fluid\">\n<div class=\"row no-gutters align-items-center justify-content-start align-content-center\">\n<div class=\"col\">\n<ul>\n<li>Seguro<\/li>\n<li>Desforrador<\/li>\n<li>M\u00f3dulo para entallar conectores<\/li>\n<li>Prensa terminal<\/li>\n<li>Desforrador para cable de par trenzado sin apantallar<\/li>\n<li>Cortador de cables<\/li>\n<\/ul>\n<\/div>\n<\/div>\n<\/div>\n<\/div>\n<\/div>\n<\/div>\n","protected":false},"featured_media":3127,"comment_status":"open","ping_status":"closed","template":"","meta":[],"product_cat":[238,87],"product_tag":[],"class_list":{"0":"post-3126","1":"product","2":"type-product","3":"status-publish","4":"has-post-thumbnail","6":"product_cat-herramientas-y-equipo-de-herramientas","7":"product_cat-redes","9":"first","10":"outofstock","11":"taxable","12":"shipping-taxable","13":"purchasable","14":"product-type-simple"},"_links":{"self":[{"href":"https:\/\/tecnoglobalgt.com\/es\/wp-json\/wp\/v2\/product\/3126","targetHints":{"allow":["GET"]}}],"collection":[{"href":"https:\/\/tecnoglobalgt.com\/es\/wp-json\/wp\/v2\/product"}],"about":[{"href":"https:\/\/tecnoglobalgt.com\/es\/wp-json\/wp\/v2\/types\/product"}],"replies":[{"embeddable":true,"href":"https:\/\/tecnoglobalgt.com\/es\/wp-json\/wp\/v2\/comments?post=3126"}],"wp:featuredmedia":[{"embeddable":true,"href":"https:\/\/tecnoglobalgt.com\/es\/wp-json\/wp\/v2\/media\/3127"}],"wp:attachment":[{"href":"https:\/\/tecnoglobalgt.com\/es\/wp-json\/wp\/v2\/media?parent=3126"}],"wp:term":[{"taxonomy":"product_cat","embeddable":true,"href":"https:\/\/tecnoglobalgt.com\/es\/wp-json\/wp\/v2\/product_cat?post=3126"},{"taxonomy":"product_tag","embeddable":true,"href":"https:\/\/tecnoglobalgt.com\/es\/wp-json\/wp\/v2\/product_tag?post=3126"}],"curies":[{"name":"wp","href":"https:\/\/api.w.org\/{rel}","templated":true}]}}