{"id":3096,"date":"2024-11-04T20:49:16","date_gmt":"2024-11-04T20:49:16","guid":{"rendered":"https:\/\/tecnoglobalgt.com\/es\/?post_type=product&#038;p=3096"},"modified":"2025-09-12T21:52:55","modified_gmt":"2025-09-12T21:52:55","slug":"switch-nexxt-naxos801-g-8-puertos-10-100-1000mbps-nsw-n801g","status":"publish","type":"product","link":"https:\/\/tecnoglobalgt.com\/es\/product\/switch-nexxt-naxos801-g-8-puertos-10-100-1000mbps-nsw-n801g\/","title":{"rendered":"SWITCH NEXXT NAXOS801-G 8 PUERTOS 10\/100\/1000MBPS NSW-N801G"},"content":{"rendered":"<div class=\"banner-text d-flex flex-column justify-content-center position-relative col-6\">\n<h4><strong>Aumente su productividad<\/strong><\/h4>\n<p><span>Conmutador de escritorio gigabit de 8 puertos<\/span><\/p>\n<\/div>\n<div class=\"banner-image col-6\"><img decoding=\"async\" class=\"img-fluid\" src=\"http:\/\/nexxt-connectivity-frontend.s3.amazonaws.com\/media\/img\/NSW-N801G_banner_01.jpg\" \/><\/div>\n<div><\/div>\n<div>\n<div class=\"row no-gutters align-items-stretch justify-content-center align-content-center flex-row-reverse\">\n<div class=\"banner-text d-flex flex-column justify-content-center position-relative col-6\">\n<h4><strong>Plug and Play, f\u00e1cil configuraci\u00f3n<\/strong><\/h4>\n<p><span>Configure su red dom\u00e9stica o de oficina sin necesidad de un t\u00e9cnico<\/span><\/p>\n<\/div>\n<div class=\"banner-image col-6\"><img decoding=\"async\" class=\"img-fluid\" src=\"http:\/\/nexxt-connectivity-frontend.s3.amazonaws.com\/media\/img\/NSW-N801G_banner_02.jpg\" \/><\/div>\n<\/div>\n<\/div>\n<div class=\"position-absolute text-center solution-number bg-i-primary h4 d-flex justify-content-center align-items-center num-left\"><\/div>\n<div>\n<div class=\"banner-text d-flex flex-column justify-content-center position-relative col-6\">\n<h4><strong>Vers\u00e1til y resistente<\/strong><\/h4>\n<p><span>Dise\u00f1o elegante, ideal para montaje en pared o instalaci\u00f3n de escritorio con protecci\u00f3n contra rayos integrada.<\/span><\/p>\n<\/div>\n<div class=\"banner-image col-6\"><img decoding=\"async\" class=\"img-fluid\" src=\"http:\/\/nexxt-connectivity-frontend.s3.amazonaws.com\/media\/img\/NSW-N801G_banner_03.jpg\" \/><\/div>\n<\/div>\n","protected":false},"excerpt":{"rendered":"<h3 class=\"ff-jura\"><span>Internet energ\u00e9ticamente eficiente para redes de pr\u00f3xima generaci\u00f3n<\/span><\/h3>\n<p class=\"ff-jura\"><span>Este conmutador mejora la conectividad de red de alto rendimiento y las capacidades avanzadas de Internet. Cuenta con ocho puertos Gigabit Ethernet con detecci\u00f3n autom\u00e1tica, que optimizan autom\u00e1ticamente la velocidad para cada dispositivo conectado y le permiten enviar archivos grandes a servidores, unidades e impresoras a velocidad de gigabit.<\/span><\/p>\n","protected":false},"featured_media":3098,"comment_status":"open","ping_status":"closed","template":"","meta":[],"product_cat":[87,100],"product_tag":[],"class_list":{"0":"post-3096","1":"product","2":"type-product","3":"status-publish","4":"has-post-thumbnail","6":"product_cat-redes","7":"product_cat-swichts","9":"first","10":"instock","11":"taxable","12":"shipping-taxable","13":"purchasable","14":"product-type-simple"},"_links":{"self":[{"href":"https:\/\/tecnoglobalgt.com\/es\/wp-json\/wp\/v2\/product\/3096","targetHints":{"allow":["GET"]}}],"collection":[{"href":"https:\/\/tecnoglobalgt.com\/es\/wp-json\/wp\/v2\/product"}],"about":[{"href":"https:\/\/tecnoglobalgt.com\/es\/wp-json\/wp\/v2\/types\/product"}],"replies":[{"embeddable":true,"href":"https:\/\/tecnoglobalgt.com\/es\/wp-json\/wp\/v2\/comments?post=3096"}],"wp:featuredmedia":[{"embeddable":true,"href":"https:\/\/tecnoglobalgt.com\/es\/wp-json\/wp\/v2\/media\/3098"}],"wp:attachment":[{"href":"https:\/\/tecnoglobalgt.com\/es\/wp-json\/wp\/v2\/media?parent=3096"}],"wp:term":[{"taxonomy":"product_cat","embeddable":true,"href":"https:\/\/tecnoglobalgt.com\/es\/wp-json\/wp\/v2\/product_cat?post=3096"},{"taxonomy":"product_tag","embeddable":true,"href":"https:\/\/tecnoglobalgt.com\/es\/wp-json\/wp\/v2\/product_tag?post=3096"}],"curies":[{"name":"wp","href":"https:\/\/api.w.org\/{rel}","templated":true}]}}