{"id":3086,"date":"2024-11-04T19:13:44","date_gmt":"2024-11-04T19:13:44","guid":{"rendered":"https:\/\/tecnoglobalgt.com\/es\/?post_type=product&#038;p=3086"},"modified":"2025-09-12T21:50:37","modified_gmt":"2025-09-12T21:50:37","slug":"router-tenda-f6-300mbps-1-puerto-wan-3-puertos-lan-4-antenas","status":"publish","type":"product","link":"https:\/\/tecnoglobalgt.com\/es\/product\/router-tenda-f6-300mbps-1-puerto-wan-3-puertos-lan-4-antenas\/","title":{"rendered":"ROUTER TENDA F6 300MBPS 1 PUERTO WAN 3 PUERTOS LAN 4 ANTENAS"},"content":{"rendered":"<div class=\"BoxCell ProBox2 start\">\n<div class=\"txtABS\">\n<h3>Cuatro antenas, dise\u00f1adas para apartamentos peque\u00f1os y medianos, cobertura de toda la habitaci\u00f3n<\/h3>\n<h4>Cuatro antenas externas de 5dBi, basadas en tecnolog\u00eda MIMO, m\u00faltiples transmisiones, aseguran una transmisi\u00f3n de datos inal\u00e1mbrica r\u00e1pida y estable y mejoran efectivamente las se\u00f1ales de Wi-Fi.<\/h4>\n<\/div>\n<p><img decoding=\"async\" class=\"lazy ProBox11\" src=\"http:\/\/files.tendacn.com\/pro_pictures\/f6v4\/2.jpg\" alt=\"TEF1109D\" data-original=\"http:\/\/files.tendacn.com\/pro_pictures\/f6v4\/2.jpg\" \/><\/div>\n<div class=\"BoxCell ProBox3 start\">\n<div class=\"txtABS\">\n<h3>Chip Qualcomm, m\u00e1s estable<\/h3>\n<h4>El chip Qualcomm incorporado es compatible con cualquier m\u00f3dulo de se\u00f1al de tel\u00e9fono m\u00f3vil convencional y mantiene estable su conexi\u00f3n.<\/h4>\n<\/div>\n<p><img decoding=\"async\" class=\"lazy ProBox11\" src=\"http:\/\/files.tendacn.com\/pro_pictures\/f6v4\/3.jpg\" alt=\"TEF1109D\" data-original=\"http:\/\/files.tendacn.com\/pro_pictures\/f6v4\/3.jpg\" \/><\/div>\n<div class=\"BoxCell ProBox4 start\">\n<div class=\"txtABS\">\n<h3>El \u00faltimo modo de repetidor, mejor que el modo WDS tradicional<\/h3>\n<h4>Nuevo modo de repetidor WISP, es m\u00e1s f\u00e1cil y compatible y amplifica las se\u00f1ales WiFi en un solo paso, puede disfrutar de cobertura WiFi en toda la habitaci\u00f3n y rendimiento WiFi sin demoras.<\/h4>\n<\/div>\n<p><img decoding=\"async\" class=\"lazy ProBox11\" src=\"http:\/\/files.tendacn.com\/pro_pictures\/f6v4\/4.jpg\" alt=\"Tenda\" data-original=\"http:\/\/files.tendacn.com\/pro_pictures\/f6v4\/4.jpg\" \/><\/div>\n<div class=\"BoxCell ProBox5 start\">\n<div class=\"txtABS\">\n<h3>Interruptor de tiempo WiFi, configuraci\u00f3n de un toque, no m\u00e1s p\u00e9rdida de tiempo<\/h3>\n<h4>Con la funci\u00f3n de interruptor de temporizador de Wi-Fi, puede disfrutar de su wifi pero sin preocuparse por pasar demasiado tiempo en \u00e9l.<\/h4>\n<\/div>\n<\/div>\n<div class=\"BoxCell ProBox7 start\">\n<div class=\"txtABS\">\n<h3>Apariencia simple, ligera y de moda.<\/h3>\n<h4>El nuevo F6 est\u00e1 bendecido con una apariencia blanca, cuerpo ligero, l\u00edneas suaves, est\u00e9tica simple y hermosa para adaptarse y combinar con una variedad de estilos hogare\u00f1os.<\/h4>\n<p>&nbsp;<\/p>\n<\/div>\n<\/div>\n","protected":false},"excerpt":{"rendered":"<p>Cuatro antenas, dise\u00f1adas para apartamentos peque\u00f1os y medianos, cobertura de toda la habitaci\u00f3n Cuatro antenas externas de 5dBi, basadas en tecnolog\u00eda MIMO, m\u00faltiples transmisiones, aseguran una transmisi\u00f3n de datos inal\u00e1mbrica r\u00e1pida y estable y mejoran efectivamente las se\u00f1ales de Wi-Fi. Chip Qualcomm, m\u00e1s estable El chip Qualcomm incorporado es compatible con cualquier m\u00f3dulo de se\u00f1al [&#8230;]\n","protected":false},"featured_media":3087,"comment_status":"open","ping_status":"closed","template":"","meta":[],"product_brand":[],"product_cat":[87,91],"product_tag":[],"class_list":{"0":"post-3086","1":"product","2":"type-product","3":"status-publish","4":"has-post-thumbnail","6":"product_cat-redes","7":"product_cat-router","9":"first","10":"instock","11":"taxable","12":"shipping-taxable","13":"purchasable","14":"product-type-simple"},"_links":{"self":[{"href":"https:\/\/tecnoglobalgt.com\/es\/wp-json\/wp\/v2\/product\/3086","targetHints":{"allow":["GET"]}}],"collection":[{"href":"https:\/\/tecnoglobalgt.com\/es\/wp-json\/wp\/v2\/product"}],"about":[{"href":"https:\/\/tecnoglobalgt.com\/es\/wp-json\/wp\/v2\/types\/product"}],"replies":[{"embeddable":true,"href":"https:\/\/tecnoglobalgt.com\/es\/wp-json\/wp\/v2\/comments?post=3086"}],"wp:featuredmedia":[{"embeddable":true,"href":"https:\/\/tecnoglobalgt.com\/es\/wp-json\/wp\/v2\/media\/3087"}],"wp:attachment":[{"href":"https:\/\/tecnoglobalgt.com\/es\/wp-json\/wp\/v2\/media?parent=3086"}],"wp:term":[{"taxonomy":"product_brand","embeddable":true,"href":"https:\/\/tecnoglobalgt.com\/es\/wp-json\/wp\/v2\/product_brand?post=3086"},{"taxonomy":"product_cat","embeddable":true,"href":"https:\/\/tecnoglobalgt.com\/es\/wp-json\/wp\/v2\/product_cat?post=3086"},{"taxonomy":"product_tag","embeddable":true,"href":"https:\/\/tecnoglobalgt.com\/es\/wp-json\/wp\/v2\/product_tag?post=3086"}],"curies":[{"name":"wp","href":"https:\/\/api.w.org\/{rel}","templated":true}]}}