{"id":3077,"date":"2024-11-04T18:55:24","date_gmt":"2024-11-04T18:55:24","guid":{"rendered":"https:\/\/tecnoglobalgt.com\/es\/?post_type=product&#038;p=3077"},"modified":"2025-09-12T21:53:28","modified_gmt":"2025-09-12T21:53:28","slug":"switch-nexxt-naxos501-g-5-puertos-10-100-1000mbps-nsw-n501g","status":"publish","type":"product","link":"https:\/\/tecnoglobalgt.com\/es\/product\/switch-nexxt-naxos501-g-5-puertos-10-100-1000mbps-nsw-n501g\/","title":{"rendered":"SWITCH NEXXT NAXOS501-G 5 PUERTOS 10\/100\/1000MBPS NSW-N501G"},"content":{"rendered":"<div class=\"row h-100 no-gutters align-items-stretch justify-content-center align-content-center\">\n<div class=\"col\">\n<div id=\"product-content\" class=\"px-2 px-lg-3 container-fluid\">\n<div class=\"row no-gutters align-items-stretch justify-content-center align-content-center\">\n<div class=\"mb-5 mt-3 my-md-0 col-md-6 col-12\">\n<div id=\"__BVID__190\" class=\"tabs\">\n<div id=\"__BVID__190__BV_tab_container_\" class=\"tab-content mt-md-5 mt-3 ff-jura\">\n<div id=\"__BVID__191\" class=\"tab-pane active\" role=\"tabpanel\" aria-hidden=\"false\" aria-labelledby=\"__BVID__191___BV_tab_button__\">\n<div class=\"container-fluid\">\n<div class=\"row px-2 no-gutters align-items-center justify-content-start align-content-center\">\n<div class=\"col\"><\/div>\n<\/div>\n<\/div>\n<\/div>\n<\/div>\n<\/div>\n<\/div>\n<\/div>\n<\/div>\n<\/div>\n<\/div>\n<div class=\"row h-100 border banner-row mt-4 d-none d-md-block no-gutters align-items-stretch justify-content-center align-content-center\" style=\"text-align: left;\">\n<div class=\"col\">\n<div class=\"p-0 container-fluid\">\n<div class=\"row no-gutters align-items-stretch justify-content-center align-content-center flex-row-reverse\" style=\"text-align: left;\">\n<div class=\"banner-text d-flex flex-column justify-content-center position-relative col-6\">\n<div class=\"banner-text d-flex flex-column justify-content-center position-relative col-6\">\n<h4><strong>Aumente su productividad<\/strong><\/h4>\n<p><span>Conmutador de escritorio gigabit de 5 puertos<\/span><\/p>\n<\/div>\n<div class=\"banner-image col-6\"><img decoding=\"async\" class=\"img-fluid\" src=\"http:\/\/nexxt-connectivity-frontend.s3.amazonaws.com\/media\/img\/Banner-interna-NSW-N501G-1.jpg\" \/><\/div>\n<\/div>\n<\/div>\n<\/div>\n<\/div>\n<\/div>\n<div class=\"row h-100 mt-5 no-gutters align-items-stretch justify-content-center align-content-center\">\n<div class=\"mt-2 col\">\n<div class=\"py-2 px-2 container-fluid\">\n<div class=\"row col-11 mx-auto no-gutters align-items-stretch justify-content-center align-content-center\">\n<div class=\"col-md-11 col-12\">\n<div class=\"swiper-container swiper text-center border border-light swiper-container-initialized swiper-container-horizontal\">\n<div class=\"swiper-wrapper\">\n<div class=\"swiper-slide swiper-slide-duplicate\" style=\"text-align: left;\" data-swiper-slide-index=\"2\">\n<div class=\"h-100 d-flex flex-column bg-icon-gray align-items-center px-4 py-3 rounded-4 iconos-alignament\">\n<div class=\"row no-gutters align-items-stretch justify-content-center align-content-center flex-row-reverse\">\n<div class=\"banner-text d-flex flex-column justify-content-center position-relative col-6\">\n<h4><strong>Plug and Play, f\u00e1cil configuraci\u00f3n<\/strong><\/h4>\n<p><span>Configure su red dom\u00e9stica o de oficina sin necesidad de un t\u00e9cnico<\/span><\/p>\n<\/div>\n<div class=\"banner-image col-6\"><img decoding=\"async\" class=\"img-fluid\" src=\"http:\/\/nexxt-connectivity-frontend.s3.amazonaws.com\/media\/img\/Banner-interna-NSW-N501G-2.jpg\" \/><\/div>\n<\/div>\n<div class=\"row no-gutters align-items-stretch justify-content-center align-content-center\">\n<div class=\"banner-text d-flex flex-column justify-content-center position-relative col-6\"><\/div>\n<\/div>\n<\/div>\n<\/div>\n<div class=\"swiper-slide\" data-swiper-slide-index=\"2\">\n<div class=\"text-white text-center text-icon-subtitle\">\n<div class=\"swiper-slide swiper-slide-duplicate\" data-swiper-slide-index=\"2\">\n<div class=\"h-100 d-flex flex-column bg-icon-gray align-items-center px-4 py-3 rounded-4 iconos-alignament\">\n<div class=\"d-flex h-50 w-100 justify-content-center align-items-center\" style=\"text-align: left;\">\n<div class=\"banner-text d-flex flex-column justify-content-center position-relative col-6\">\n<h4><strong>Vers\u00e1til y resistente<\/strong><\/h4>\n<p><span>Dise\u00f1o elegante, ideal para montaje en pared o instalaci\u00f3n de escritorio con protecci\u00f3n contra rayos integrada.<\/span><\/p>\n<\/div>\n<div class=\"banner-image col-6\"><img decoding=\"async\" class=\"img-fluid\" src=\"http:\/\/nexxt-connectivity-frontend.s3.amazonaws.com\/media\/img\/Banner-interna-NSW-N501G-3.jpg\" \/><\/div>\n<\/div>\n<\/div>\n<\/div>\n<\/div>\n<\/div>\n<\/div>\n<\/div>\n<\/div>\n<\/div>\n<\/div>\n<\/div>\n<\/div>\n","protected":false},"excerpt":{"rendered":"<div id=\"__BVID__190\" class=\"tabs\">\n<div id=\"__BVID__190__BV_tab_container_\" class=\"tab-content mt-md-5 mt-3 ff-jura\">\n<div id=\"__BVID__195\" class=\"tab-pane active\" role=\"tabpanel\" aria-hidden=\"false\" aria-labelledby=\"__BVID__195___BV_tab_button__\">\n<div class=\"container-fluid\">\n<div class=\"row no-gutters align-items-center justify-content-start align-content-center\">\n<div class=\"col\">\n<h3 class=\"ff-jura\">Internet energ\u00e9ticamente eficiente para redes de pr\u00f3xima generaci\u00f3n<\/h3>\n<p class=\"ff-jura\">Este conmutador mejora la conectividad de red de alto rendimiento y las capacidades avanzadas de Internet. Cuenta con ocho puertos Gigabit Ethernet con detecci\u00f3n autom\u00e1tica, que optimizan autom\u00e1ticamente la velocidad para cada dispositivo conectado y le permiten enviar archivos grandes a servidores, unidades e impresoras a velocidad de gigabit.<\/p>\n<\/div>\n<\/div>\n<\/div>\n<\/div>\n<\/div>\n<\/div>\n","protected":false},"featured_media":3078,"comment_status":"open","ping_status":"closed","template":"","meta":[],"product_cat":[15,87,100],"product_tag":[],"class_list":{"0":"post-3077","1":"product","2":"type-product","3":"status-publish","4":"has-post-thumbnail","6":"product_cat-sin-categoria","7":"product_cat-redes","8":"product_cat-swichts","10":"first","11":"instock","12":"taxable","13":"shipping-taxable","14":"purchasable","15":"product-type-simple"},"_links":{"self":[{"href":"https:\/\/tecnoglobalgt.com\/es\/wp-json\/wp\/v2\/product\/3077","targetHints":{"allow":["GET"]}}],"collection":[{"href":"https:\/\/tecnoglobalgt.com\/es\/wp-json\/wp\/v2\/product"}],"about":[{"href":"https:\/\/tecnoglobalgt.com\/es\/wp-json\/wp\/v2\/types\/product"}],"replies":[{"embeddable":true,"href":"https:\/\/tecnoglobalgt.com\/es\/wp-json\/wp\/v2\/comments?post=3077"}],"wp:featuredmedia":[{"embeddable":true,"href":"https:\/\/tecnoglobalgt.com\/es\/wp-json\/wp\/v2\/media\/3078"}],"wp:attachment":[{"href":"https:\/\/tecnoglobalgt.com\/es\/wp-json\/wp\/v2\/media?parent=3077"}],"wp:term":[{"taxonomy":"product_cat","embeddable":true,"href":"https:\/\/tecnoglobalgt.com\/es\/wp-json\/wp\/v2\/product_cat?post=3077"},{"taxonomy":"product_tag","embeddable":true,"href":"https:\/\/tecnoglobalgt.com\/es\/wp-json\/wp\/v2\/product_tag?post=3077"}],"curies":[{"name":"wp","href":"https:\/\/api.w.org\/{rel}","templated":true}]}}