{"id":3074,"date":"2024-11-04T18:40:55","date_gmt":"2024-11-04T18:40:55","guid":{"rendered":"https:\/\/tecnoglobalgt.com\/es\/?post_type=product&#038;p=3074"},"modified":"2025-09-12T21:51:03","modified_gmt":"2025-09-12T21:51:03","slug":"router-tenda-wireless-n301-300mbps-2-antenas","status":"publish","type":"product","link":"https:\/\/tecnoglobalgt.com\/es\/product\/router-tenda-wireless-n301-300mbps-2-antenas\/","title":{"rendered":"ROUTER TENDA WIRELESS N301 300MBPS 2 ANTENAS"},"content":{"rendered":"<table style=\"height: 94px;\" width=\"787\" cellspacing=\"0\" cellpadding=\"0\">\n<tbody>\n<tr>\n<td>\n<h3 class=\"td_h3\">\u00a0Configuraci\u00f3n sencilla.<\/h3>\n<div class=\"td_des\">\u00a0En solo tres pasos y tendr\u00e1 su red inal\u00e1mbrica segura funcionando en minutos.<\/div>\n<\/td>\n<td><\/td>\n<\/tr>\n<\/tbody>\n<\/table>\n<table style=\"height: 130px;\" width=\"787\" cellspacing=\"0\" cellpadding=\"0\">\n<tbody>\n<tr>\n<td><\/td>\n<td>\n<h3 class=\"td_h3\">Seguridad avanzada<\/h3>\n<div class=\"td_des\">El modelo N301 ofrece opciones de cifrado inal\u00e1mbrico multinivel para evitar accesos no autorizados y proteger los datos importantes.<br \/>\n1. WEP de 64\/128 bits, WPA-PSK, WPA2-PSK<br \/>\n2. Control de acceso inal\u00e1mbrico basado en la direcci\u00f3n MAC del adaptador inal\u00e1mbrico<\/div>\n<\/td>\n<td><\/td>\n<\/tr>\n<\/tbody>\n<\/table>\n<table style=\"height: 126px;\" width=\"787\" cellspacing=\"0\" cellpadding=\"0\">\n<tbody>\n<tr>\n<td><\/td>\n<td>\n<h3 class=\"td_h3\">WiFi segura con tan solo pulsar el bot\u00f3n WPS<\/h3>\n<div class=\"td_des\">El modelo N301 cuenta con Wi-Fi Protected Setup\u2122 (WPS), lo cual permite al usuario configurar la seguridad de forma casi instant\u00e1nea. Basta con pulsar el bot\u00f3n WPS y se establecer\u00e1 una conexi\u00f3n segura autom\u00e1ticamente. Este m\u00e9todo no solo es m\u00e1s r\u00e1pido que los m\u00e9todos de configuraci\u00f3n de seguridad convencionales, sino que adem\u00e1s es m\u00e1s conveniente, ya que no es necesario recordar una contrase\u00f1a.<\/div>\n<\/td>\n<td><\/td>\n<\/tr>\n<\/tbody>\n<\/table>\n<table style=\"height: 117px;\" width=\"787\" cellspacing=\"0\" cellpadding=\"0\">\n<tbody>\n<tr>\n<td><\/td>\n<td>\n<h3 class=\"td_h3\">Control parental<\/h3>\n<div class=\"td_des\">Admite las funciones de filtro de cliente, filtro de MAC y filtro de sitios web. Permite definir controles parentales como el tiempo de uso o el bloqueo de dominios.<\/div>\n<\/td>\n<td><\/td>\n<\/tr>\n<\/tbody>\n<\/table>\n<table style=\"height: 112px;\" width=\"787\" cellspacing=\"0\" cellpadding=\"0\">\n<tbody>\n<tr>\n<td><\/td>\n<td>\n<h3 class=\"td_h3\">Modo de Router cliente &#8211; Cliente WISP<\/h3>\n<div class=\"td_des\">El N301 puede usarse en modo cliente para conectar con la red del ISP o como punto de acceso inal\u00e1mbrico de v\u00ednculo superior para llevar la se\u00f1al de Internet a todos los rincones y evitar puntos muertos.<\/div>\n<\/td>\n<td><\/td>\n<\/tr>\n<\/tbody>\n<\/table>\n<table style=\"height: 136px;\" width=\"787\" cellspacing=\"0\" cellpadding=\"0\">\n<tbody>\n<tr>\n<td><\/td>\n<td>\n<h3 class=\"td_h3\">C\u00f3mo funciona<\/h3>\n<div class=\"td_des\">Para disfrutar de la magia inal\u00e1mbrica, inicie el servicio de Internet y el m\u00f3dem y, a continuaci\u00f3n, conecte un Router Tenda. El Router emitir\u00e1 una se\u00f1al inal\u00e1mbrica que le permitir\u00e1 conectar f\u00e1cilmente sus dispositivos y aparatos inteligentes.<\/div>\n<div><\/div>\n<div><\/div>\n<\/td>\n<td><\/td>\n<\/tr>\n<\/tbody>\n<\/table>\n","protected":false},"excerpt":{"rendered":"<p><strong>Caracter\u00edsticas:<\/strong><\/p>\n<p><span class=\"whatbold\">&gt;&gt;<\/span>Sencilla configuraci\u00f3n, disfrute de una red inal\u00e1mbrica segura en un minuto<br \/>\n<span class=\"whatbold\">&gt;&gt;<\/span>Cifrado de seguridad inal\u00e1mbrica con tan solo pulsar el bot\u00f3n WPS<br \/>\n<span class=\"whatbold\">&gt;&gt;<\/span>Puede funcionar como cliente para conectar con la red del ISP y compartir la se\u00f1al de Internet<br \/>\n<span class=\"whatbold\">&gt;&gt;<\/span>Velocidad inal\u00e1mbrica de 300 Mbps, ideal para aplicaciones sensibles a las interrupciones<\/p>\n<p>&nbsp;<\/p>\n","protected":false},"featured_media":3075,"comment_status":"open","ping_status":"closed","template":"","meta":[],"product_cat":[87,91],"product_tag":[],"class_list":{"0":"post-3074","1":"product","2":"type-product","3":"status-publish","4":"has-post-thumbnail","6":"product_cat-redes","7":"product_cat-router","9":"first","10":"outofstock","11":"taxable","12":"shipping-taxable","13":"purchasable","14":"product-type-simple"},"_links":{"self":[{"href":"https:\/\/tecnoglobalgt.com\/es\/wp-json\/wp\/v2\/product\/3074","targetHints":{"allow":["GET"]}}],"collection":[{"href":"https:\/\/tecnoglobalgt.com\/es\/wp-json\/wp\/v2\/product"}],"about":[{"href":"https:\/\/tecnoglobalgt.com\/es\/wp-json\/wp\/v2\/types\/product"}],"replies":[{"embeddable":true,"href":"https:\/\/tecnoglobalgt.com\/es\/wp-json\/wp\/v2\/comments?post=3074"}],"wp:featuredmedia":[{"embeddable":true,"href":"https:\/\/tecnoglobalgt.com\/es\/wp-json\/wp\/v2\/media\/3075"}],"wp:attachment":[{"href":"https:\/\/tecnoglobalgt.com\/es\/wp-json\/wp\/v2\/media?parent=3074"}],"wp:term":[{"taxonomy":"product_cat","embeddable":true,"href":"https:\/\/tecnoglobalgt.com\/es\/wp-json\/wp\/v2\/product_cat?post=3074"},{"taxonomy":"product_tag","embeddable":true,"href":"https:\/\/tecnoglobalgt.com\/es\/wp-json\/wp\/v2\/product_tag?post=3074"}],"curies":[{"name":"wp","href":"https:\/\/api.w.org\/{rel}","templated":true}]}}