{"id":3069,"date":"2024-11-04T18:28:06","date_gmt":"2024-11-04T18:28:06","guid":{"rendered":"https:\/\/tecnoglobalgt.com\/es\/?post_type=product&#038;p=3069"},"modified":"2025-09-12T21:51:13","modified_gmt":"2025-09-12T21:51:13","slug":"router-tenda-ac5-ac1200-300mbps-5ghz-867mbps","status":"publish","type":"product","link":"https:\/\/tecnoglobalgt.com\/es\/product\/router-tenda-ac5-ac1200-300mbps-5ghz-867mbps\/","title":{"rendered":"ROUTER TENDA AC5 AC1200 300MBPS 5GHZ 867MBPS"},"content":{"rendered":"<div class=\"BoxCell ProBox1 start\">\n<div class=\"txtABS\">\n<div class=\"txt\"><\/div>\n<\/div>\n<div class=\"mac5\"><\/div>\n<\/div>\n<div class=\"BoxCell ProBox2 start\">\n<div class=\"txtABS\">\n<h3>Admite Internet de fibra hasta 100 Mbps<\/h3>\n<h4>AC5 es un enrutador WiFi de doble banda, proporciona una velocidad de hasta 1167 Mbps (5 GHz: 867 Mbps y 2,4 GHz: 300 Mbps) para aprovechar al m\u00e1ximo su acceso de fibra de 100 Mbps y brinda una mejor experiencia de Internet, seis veces m\u00e1s r\u00e1pido que una sola banda enrutador<\/h4>\n<div class=\"r9\">\n<div class=\"table-responsive\">\n<table class=\"table table-bordered\">\n<thead>\n<tr>\n<th>M\u00f3dulo Wi-Fi de tel\u00e9fono m\u00f3vil<\/th>\n<th>Enrutador de banda \u00fanica<\/th>\n<th>Enrutador de doble banda AC5<\/th>\n<\/tr>\n<\/thead>\n<tbody>\n<tr class=\"even\">\n<td>1*1 de doble banda<\/td>\n<td>72 Mbps<\/td>\n<td>433Mbps<\/td>\n<\/tr>\n<tr class=\"odd\">\n<td>2*2 de doble banda<\/td>\n<td>144Mbps<\/td>\n<td>867Mbps<\/td>\n<\/tr>\n<\/tbody>\n<\/table>\n<\/div>\n<p>* Debido al consumo de energ\u00eda, la mayor\u00eda de los tel\u00e9fonos inteligentes solo se equipan con un m\u00f3dulo WiFi de doble banda 1 * 1. Cuando conecta su tel\u00e9fono con un enrutador de banda \u00fanica de 2.4G, la velocidad WiFi est\u00e1 limitada a menos de 72Mbps, que no puede explotar sus 100Mbps Internet de fibra.<\/p>\n<\/div>\n<\/div>\n<\/div>\n<div class=\"BoxCell ProBox3 start\">\n<div class=\"txtABS\">\n<h3>Priorizaci\u00f3n de tr\u00e1fico inteligente<\/h3>\n<h4>Adopt\u00f3 la tecnolog\u00eda integrada de doble banda, combinando se\u00f1ales de 2,4 GHz y 5 GHz bajo un nombre WiFi. Nuestro sistema de optimizaci\u00f3n din\u00e1mica asignar\u00e1 autom\u00e1ticamente la banda m\u00e1s r\u00e1pida a sus dispositivos.<\/h4>\n<\/div>\n<p><img decoding=\"async\" class=\"lazy pb32\" style=\"font-size: 14.4px;\" src=\"https:\/\/pic.tendacn.com\/pro_pictures\/AC5V3\/3-2.png\" alt=\"AC23\" data-original=\"\/\/pic.tendacn.com\/pro_pictures\/AC5V3\/3-2.png\" \/><\/div>\n<div class=\"BoxCell ProBox5 start\">\n<div class=\"txtABS\">\n<h3>Configuraci\u00f3n en minutos<\/h3>\n<h4>La funci\u00f3n de migraci\u00f3n de cuenta de banda ancha lo ayuda a transferir su cuenta desde el enrutador original, configur\u00e1ndose en minutos.<\/h4>\n<\/div>\n<p><img decoding=\"async\" class=\"lazy ProBox11\" src=\"https:\/\/pic.tendacn.com\/pro_pictures\/AC5V3\/4.jpg\" alt=\"AC23\" data-original=\"\/\/pic.tendacn.com\/pro_pictures\/AC5V3\/4.jpg\" \/><\/div>\n<div class=\"BoxCell ProBox6 start\">\n<div class=\"txtABS\">\n<h3>Soporta protocolo IPv6<\/h3>\n<h4>AC5 es compatible con IPv6, puede reducir el tiempo de transmisi\u00f3n de datos y minimizar el retraso, brindando una mejor experiencia de juego.<\/h4>\n<\/div>\n<\/div>\n<div class=\"BoxCell ProBox7 start\">\n<div class=\"txtABS\">\n<h3>Administre f\u00e1cilmente su AC5<\/h3>\n<h4>La aplicaci\u00f3n Tenda WiFi proporciona la forma m\u00e1s f\u00e1cil de administrar AC5.<\/h4>\n<\/div>\n<div class=\"txtcell txt1\">\n<h3>Control parental:<\/h3>\n<p>Administre el tiempo en l\u00ednea de sus hijos y supervise el contenido en l\u00ednea a trav\u00e9s de la aplicaci\u00f3n inteligente.<\/p>\n<\/div>\n<div class=\"txtcell txt2\">\n<h3>Red de invitados:<\/h3>\n<p>El uso de su tel\u00e9fono inteligente configura f\u00e1cilmente una lista negra y limita el acceso de los invitados.<\/p>\n<\/div>\n<\/div>\n","protected":false},"excerpt":{"rendered":"<p>Admite Internet de fibra hasta 100 Mbps AC5 es un enrutador WiFi de doble banda, proporciona una velocidad de hasta 1167 Mbps (5 GHz: 867 Mbps y 2,4 GHz: 300 Mbps) para aprovechar al m\u00e1ximo su acceso de fibra de 100 Mbps y brinda una mejor experiencia de Internet, seis veces m\u00e1s r\u00e1pido que una [&#8230;]\n","protected":false},"featured_media":3070,"comment_status":"open","ping_status":"closed","template":"","meta":[],"product_cat":[87,91],"product_tag":[],"class_list":{"0":"post-3069","1":"product","2":"type-product","3":"status-publish","4":"has-post-thumbnail","6":"product_cat-redes","7":"product_cat-router","9":"first","10":"outofstock","11":"taxable","12":"shipping-taxable","13":"purchasable","14":"product-type-simple"},"_links":{"self":[{"href":"https:\/\/tecnoglobalgt.com\/es\/wp-json\/wp\/v2\/product\/3069","targetHints":{"allow":["GET"]}}],"collection":[{"href":"https:\/\/tecnoglobalgt.com\/es\/wp-json\/wp\/v2\/product"}],"about":[{"href":"https:\/\/tecnoglobalgt.com\/es\/wp-json\/wp\/v2\/types\/product"}],"replies":[{"embeddable":true,"href":"https:\/\/tecnoglobalgt.com\/es\/wp-json\/wp\/v2\/comments?post=3069"}],"wp:featuredmedia":[{"embeddable":true,"href":"https:\/\/tecnoglobalgt.com\/es\/wp-json\/wp\/v2\/media\/3070"}],"wp:attachment":[{"href":"https:\/\/tecnoglobalgt.com\/es\/wp-json\/wp\/v2\/media?parent=3069"}],"wp:term":[{"taxonomy":"product_cat","embeddable":true,"href":"https:\/\/tecnoglobalgt.com\/es\/wp-json\/wp\/v2\/product_cat?post=3069"},{"taxonomy":"product_tag","embeddable":true,"href":"https:\/\/tecnoglobalgt.com\/es\/wp-json\/wp\/v2\/product_tag?post=3069"}],"curies":[{"name":"wp","href":"https:\/\/api.w.org\/{rel}","templated":true}]}}