{"id":3049,"date":"2024-11-04T17:35:49","date_gmt":"2024-11-04T17:35:49","guid":{"rendered":"https:\/\/tecnoglobalgt.com\/es\/?post_type=product&#038;p=3049"},"modified":"2024-11-04T17:35:50","modified_gmt":"2024-11-04T17:35:50","slug":"access-point-ubiquiti-aircube-acb-isp-2-4ghz-tipo-cubo","status":"publish","type":"product","link":"https:\/\/tecnoglobalgt.com\/es\/product\/access-point-ubiquiti-aircube-acb-isp-2-4ghz-tipo-cubo\/","title":{"rendered":"ACCESS POINT UBIQUITI AIRCUBE ACB-ISP 2.4GHZ TIPO CUBO"},"content":{"rendered":"<div id=\"descripcion\" class=\"page-body-title_page-body-title__KueLY long-description_title__MvYcB\">\n<h2 class=\"page-body-title_heading__qL5u6\">Descripci\u00f3n<\/h2>\n<\/div>\n<div class=\"long-description_body__ysMS3\">\n<p>Con un dise\u00f1o compacto y una conexi\u00f3n PoE integrada de 24V, airCube ISP es un punto de acceso Wi-Fi dom\u00e9stico de bajo costo hecho para interactuar con dispositivos airMAX CPE, con administraci\u00f3n remota por UNMS &#8211; Ubiquiti Network Management System.<\/p>\n<ul>\n<li>802.11n 2&#215;2<\/li>\n<li>24V PoE<\/li>\n<li>Soporte de la aplicaci\u00f3n m\u00f3vil UNMS para una configuraci\u00f3n r\u00e1pida<\/li>\n<li>Soporte UNMS para gesti\u00f3n remota de redes<\/li>\n<\/ul>\n<p>Tenga en cuenta que una fuente de alimentaci\u00f3n no est\u00e1 incluida con airCube ISP.\u00a0El AirCube ISP puede ser alimentado por una fuente de alimentaci\u00f3n pasiva PoE de 24V, o por micro USB de 5V.<\/p>\n<p><strong>General<\/strong><\/p>\n<ul>\n<li>Cantidad empaquetada: 1<\/li>\n<li>Compatibilidad: PC<\/li>\n<li>Gama de productos: airCube<\/li>\n<li>Marca: Ubiquiti<\/li>\n<li>Modelo: ACB-ISP<\/li>\n<\/ul>\n<p><strong>Conexi\u00f3n de redes<\/strong><\/p>\n<ul>\n<li>Alimentaci\u00f3n por Ethernet (PoE): PoE<\/li>\n<li>Factor de forma: Externo<\/li>\n<li>Protocolo de interconexi\u00f3n de datos: IEEE 802.11n<\/li>\n<li>Tecnolog\u00eda de conectividad: Inal\u00e1mbrico<\/li>\n<li>Tipo: Punto de acceso inal\u00e1mbrico<\/li>\n<li>Velocidad de transferencia de datos: 300 Mbps<\/li>\n<\/ul>\n<p><strong>Dimensiones y peso<\/strong><\/p>\n<ul>\n<li>Altura: 8.925 cm<\/li>\n<li>Anchura: 8.78 cm<\/li>\n<li>Peso: 215 g<\/li>\n<li>Profundidad: 8.95 cm<\/li>\n<\/ul>\n<p><strong>Diverso<\/strong><\/p>\n<ul>\n<li>Categor\u00eda de color: Negro<\/li>\n<\/ul>\n<\/div>\n","protected":false},"excerpt":{"rendered":"<p>Descripci\u00f3n Con un dise\u00f1o compacto y una conexi\u00f3n PoE integrada de 24V, airCube ISP es un punto de acceso Wi-Fi dom\u00e9stico de bajo costo hecho para interactuar con dispositivos airMAX CPE, con administraci\u00f3n remota por UNMS &#8211; Ubiquiti Network Management System. 802.11n 2&#215;2 24V PoE Soporte de la aplicaci\u00f3n m\u00f3vil UNMS para una configuraci\u00f3n r\u00e1pida [&#8230;]\n","protected":false},"featured_media":3050,"comment_status":"open","ping_status":"closed","template":"","meta":[],"product_cat":[87],"product_tag":[],"class_list":{"0":"post-3049","1":"product","2":"type-product","3":"status-publish","4":"has-post-thumbnail","6":"product_cat-redes","8":"first","9":"instock","10":"taxable","11":"shipping-taxable","12":"purchasable","13":"product-type-simple"},"_links":{"self":[{"href":"https:\/\/tecnoglobalgt.com\/es\/wp-json\/wp\/v2\/product\/3049","targetHints":{"allow":["GET"]}}],"collection":[{"href":"https:\/\/tecnoglobalgt.com\/es\/wp-json\/wp\/v2\/product"}],"about":[{"href":"https:\/\/tecnoglobalgt.com\/es\/wp-json\/wp\/v2\/types\/product"}],"replies":[{"embeddable":true,"href":"https:\/\/tecnoglobalgt.com\/es\/wp-json\/wp\/v2\/comments?post=3049"}],"wp:featuredmedia":[{"embeddable":true,"href":"https:\/\/tecnoglobalgt.com\/es\/wp-json\/wp\/v2\/media\/3050"}],"wp:attachment":[{"href":"https:\/\/tecnoglobalgt.com\/es\/wp-json\/wp\/v2\/media?parent=3049"}],"wp:term":[{"taxonomy":"product_cat","embeddable":true,"href":"https:\/\/tecnoglobalgt.com\/es\/wp-json\/wp\/v2\/product_cat?post=3049"},{"taxonomy":"product_tag","embeddable":true,"href":"https:\/\/tecnoglobalgt.com\/es\/wp-json\/wp\/v2\/product_tag?post=3049"}],"curies":[{"name":"wp","href":"https:\/\/api.w.org\/{rel}","templated":true}]}}