{"id":3037,"date":"2024-11-04T16:43:52","date_gmt":"2024-11-04T16:43:52","guid":{"rendered":"https:\/\/tecnoglobalgt.com\/es\/?post_type=product&#038;p=3037"},"modified":"2024-11-04T16:43:52","modified_gmt":"2024-11-04T16:43:52","slug":"regleta-apc-essential-surgearrest-6-salidas-120v-pe63","status":"publish","type":"product","link":"https:\/\/tecnoglobalgt.com\/es\/product\/regleta-apc-essential-surgearrest-6-salidas-120v-pe63\/","title":{"rendered":"REGLETA APC ESSENTIAL SURGEARREST 6 SALIDAS 120V PE63"},"content":{"rendered":"<div id=\"descripcion\" class=\"page-body-title_page-body-title__KueLY long-description_title__MvYcB\">\n<h2 class=\"page-body-title_heading__qL5u6\">Descripci\u00f3n<\/h2>\n<\/div>\n<div class=\"long-description_body__ysMS3\">\n<ul>\n<li><strong>Cantidad empaquetada<\/strong>: 1<\/li>\n<li><strong>Compatibilidad<\/strong>: PC<\/li>\n<li><strong>Fabricante<\/strong>: Schneider Electric<\/li>\n<li><strong>Gama de productos<\/strong>: APC Essential Surgearrest<\/li>\n<li><strong>Marca<\/strong>: APC<\/li>\n<li><strong>Modelo<\/strong>: PE63<\/li>\n<li><strong>Subcategor\u00eda<\/strong>: Protecci\u00f3n de sobrevoltaje y acondicionamiento de alimentaci\u00f3n<\/li>\n<li><strong>Tipo de producto<\/strong>: Protector contra sobretensiones<\/li>\n<li><strong>Corriente el\u00e9ctrica m\u00e1xima<\/strong>: 15 A<\/li>\n<li><strong>Formato<\/strong>: Externa<\/li>\n<li><strong>Longitud del cable<\/strong>: 91 cm<\/li>\n<li><strong>N\u00famero de conectores de salida<\/strong>: 6<\/li>\n<li><strong>Potencia suministrada<\/strong>: 1200 vatios<\/li>\n<li><strong>Supresi\u00f3n de sobrevoltaje<\/strong>: S\u00ed<\/li>\n<li><strong>Voltaje necesario<\/strong>: AC 104-126 V<\/li>\n<li><strong>Voltaje proporcionado<\/strong>: AC 104-126 V<\/li>\n<li><strong>Color<\/strong>: Negro , Gris<\/li>\n<\/ul>\n<\/div>\n<p>&nbsp;<\/p>\n","protected":false},"excerpt":{"rendered":"<p>El protector de sobrevoltaje de 6 tomacorrientes Essential SurgeArrest de APC le brinda seis tomacorrientes para que conecte dispositivos el\u00e9ctricos como computadoras, televisores y m\u00e1s. Protege sus equipos conectados de picos y picos de tensi\u00f3n el\u00e9ctrica y tambi\u00e9n cuenta con filtrado de ruido EMI y RFI, lo que reduce el ruido de la l\u00ednea que puede causar la p\u00e9rdida de datos.<\/p>\n","protected":false},"featured_media":3038,"comment_status":"open","ping_status":"closed","template":"","meta":[],"product_brand":[],"product_cat":[88,246],"product_tag":[],"class_list":{"0":"post-3037","1":"product","2":"type-product","3":"status-publish","4":"has-post-thumbnail","6":"product_cat-proteccion","7":"product_cat-regletas","9":"first","10":"instock","11":"taxable","12":"shipping-taxable","13":"purchasable","14":"product-type-simple"},"_links":{"self":[{"href":"https:\/\/tecnoglobalgt.com\/es\/wp-json\/wp\/v2\/product\/3037","targetHints":{"allow":["GET"]}}],"collection":[{"href":"https:\/\/tecnoglobalgt.com\/es\/wp-json\/wp\/v2\/product"}],"about":[{"href":"https:\/\/tecnoglobalgt.com\/es\/wp-json\/wp\/v2\/types\/product"}],"replies":[{"embeddable":true,"href":"https:\/\/tecnoglobalgt.com\/es\/wp-json\/wp\/v2\/comments?post=3037"}],"wp:featuredmedia":[{"embeddable":true,"href":"https:\/\/tecnoglobalgt.com\/es\/wp-json\/wp\/v2\/media\/3038"}],"wp:attachment":[{"href":"https:\/\/tecnoglobalgt.com\/es\/wp-json\/wp\/v2\/media?parent=3037"}],"wp:term":[{"taxonomy":"product_brand","embeddable":true,"href":"https:\/\/tecnoglobalgt.com\/es\/wp-json\/wp\/v2\/product_brand?post=3037"},{"taxonomy":"product_cat","embeddable":true,"href":"https:\/\/tecnoglobalgt.com\/es\/wp-json\/wp\/v2\/product_cat?post=3037"},{"taxonomy":"product_tag","embeddable":true,"href":"https:\/\/tecnoglobalgt.com\/es\/wp-json\/wp\/v2\/product_tag?post=3037"}],"curies":[{"name":"wp","href":"https:\/\/api.w.org\/{rel}","templated":true}]}}