{"id":3020,"date":"2024-11-04T15:55:31","date_gmt":"2024-11-04T15:55:31","guid":{"rendered":"https:\/\/tecnoglobalgt.com\/es\/?post_type=product&#038;p=3020"},"modified":"2025-09-12T21:12:32","modified_gmt":"2025-09-12T21:12:32","slug":"regulador-de-voltaje-forza-1000va-500w-115v-fvr-1011-nc","status":"publish","type":"product","link":"https:\/\/tecnoglobalgt.com\/es\/product\/regulador-de-voltaje-forza-1000va-500w-115v-fvr-1011-nc\/","title":{"rendered":"REGULADOR DE VOLTAJE FORZA 1000VA\/500W 115V FVR-1011 NC"},"content":{"rendered":"<div class=\"col-sm-6 col-xs-12\" data-v-330fe4b6=\"\"><img decoding=\"async\" title=\"Regulaci\u00f3n autom\u00e1tica de voltaje (AVR)\" src=\"https:\/\/forza-ups-frontend.s3.amazonaws.com\/media\/img\/icon-automatic.png\" alt=\"Regulaci\u00f3n autom\u00e1tica de voltaje (AVR)\" data-v-330fe4b6=\"\" \/>\u00a0<strong data-v-330fe4b6=\"\">Regulaci\u00f3n autom\u00e1tica de voltaje (AVR)<\/strong><br data-v-330fe4b6=\"\" \/>Suministra corriente de CA pura y estable al elevar autom\u00e1ticamente la tensi\u00f3n cuando disminuye el voltaje, mientras que reduce la tensi\u00f3n si excede el valor m\u00e1ximo admisible, sin necesidad de utilizar la energ\u00eda de reserva de la bater\u00eda cada vez que se detectan irregularidades en la l\u00ednea de suministro el\u00e9ctrico.<\/div>\n<div class=\"col-sm-6 col-xs-12\" data-v-330fe4b6=\"\"><img decoding=\"async\" title=\"Protecci\u00f3n contra sobretensi\u00f3n, sobrecarga, descarga el\u00e9ctrica y de voltaje\" src=\"https:\/\/forza-ups-frontend.s3.amazonaws.com\/media\/img\/icon-serge.png\" alt=\"Protecci\u00f3n contra sobretensi\u00f3n, sobrecarga, descarga el\u00e9ctrica y de voltaje\" data-v-330fe4b6=\"\" \/>\u00a0<strong data-v-330fe4b6=\"\">Protecci\u00f3n contra sobretensi\u00f3n, sobrecarga, descarga el\u00e9ctrica y de voltaje<\/strong><br data-v-330fe4b6=\"\" \/>Ofrece protecci\u00f3n superior al redireccionar el exceso de tensi\u00f3n de los equipos conectados durante sobrecargas o subidas de tensi\u00f3n.<\/div>\n<div class=\"col-sm-6 col-xs-12\" data-v-330fe4b6=\"\"><img decoding=\"async\" title=\"Interruptor de reposici\u00f3n autom\u00e1tico\" src=\"https:\/\/forza-ups-frontend.s3.amazonaws.com\/media\/img\/icon-resetable.png\" alt=\"Interruptor de reposici\u00f3n autom\u00e1tico\" data-v-330fe4b6=\"\" \/>\u00a0<strong data-v-330fe4b6=\"\">Interruptor de reposici\u00f3n autom\u00e1tico<\/strong><br data-v-330fe4b6=\"\" \/>Evita autom\u00e1ticamente el flujo de corriente en un circuito el\u00e9ctrico como medida de seguridad al detectar niveles de alta tensi\u00f3n inapropiados. Se puede volver a configurar para reanudar el funcionamiento.<\/div>\n<div class=\"col-sm-6 col-xs-12\" data-v-330fe4b6=\"\"><img decoding=\"async\" title=\"Tecnolog\u00eda MOV\" src=\"https:\/\/forza-ups-frontend.s3.amazonaws.com\/media\/img\/icon-move.png\" alt=\"Tecnolog\u00eda MOV\" data-v-330fe4b6=\"\" \/>\u00a0<strong data-v-330fe4b6=\"\">Tecnolog\u00eda MOV<\/strong><br data-v-330fe4b6=\"\" \/>La tecnolog\u00eda MOV (varistor de \u00f3xido de metal) ofrece mayor protecci\u00f3n para componentes electr\u00f3nicos contra sobrecargas y subidas repentinas de tensi\u00f3n.<\/div>\n<div class=\"col-sm-6 col-xs-12\" data-v-330fe4b6=\"\"><img decoding=\"async\" title=\"Termofusible de protecci\u00f3n\" src=\"https:\/\/forza-ups-frontend.s3.amazonaws.com\/media\/img\/icon-therm.png\" alt=\"Termofusible de protecci\u00f3n\" data-v-330fe4b6=\"\" \/>\u00a0<strong data-v-330fe4b6=\"\">Termofusible de protecci\u00f3n<\/strong><br data-v-330fe4b6=\"\" \/>Desconecta la corriente en forma instant\u00e1nea cuando la temperatura interna se eleva a niveles potencialmente perjudiciales.<\/div>\n<div class=\"col-sm-6 col-xs-12\" data-v-330fe4b6=\"\"><img decoding=\"async\" title=\"Material retardador de llama\" src=\"https:\/\/forza-ups-frontend.s3.amazonaws.com\/media\/img\/icon-flame.png\" alt=\"Material retardador de llama\" data-v-330fe4b6=\"\" \/>\u00a0<strong data-v-330fe4b6=\"\">Material retardador de llama<\/strong><br data-v-330fe4b6=\"\" \/>Todos nuestros sistemas UPS est\u00e1n elaborados con material ABS retardador de llama, lo cual garantiza que de presentarse alguna falla, el equipo no es susceptible de prender fuego.<\/div>\n<div class=\"col-sm-6 col-xs-12\" data-v-330fe4b6=\"\"><img decoding=\"async\" title=\"Indicadores visuales LED\" src=\"https:\/\/forza-ups-frontend.s3.amazonaws.com\/media\/img\/LED-visual-indicators.png\" alt=\"Indicadores visuales LED\" data-v-330fe4b6=\"\" \/>\u00a0<strong data-v-330fe4b6=\"\">Indicadores visuales LED<\/strong><br data-v-330fe4b6=\"\" \/>Las luces LED en el panel frontal indican el estado funcional de la UPS, la duraci\u00f3n de la bater\u00eda as\u00ed como fallas potenciales detectadas en el sistema.<\/div>\n<div class=\"col-sm-6 col-xs-12\" data-v-330fe4b6=\"\"><img decoding=\"async\" title=\"Temporizador de retardo\" src=\"https:\/\/forza-ups-frontend.s3.amazonaws.com\/media\/img\/Delay-timer.png\" alt=\"Temporizador de retardo\" data-v-330fe4b6=\"\" \/>\u00a0<strong data-v-330fe4b6=\"\">Temporizador de retardo<\/strong><br data-v-330fe4b6=\"\" \/>El temporizador de retardo regula el flujo diferido de electricidad hacia los equipos, para prevenir puntas de tensi\u00f3n repentinas al momento de restablecerse el suministro de la red.<\/div>\n<div class=\"col-sm-6 col-xs-12\" data-v-330fe4b6=\"\"><img decoding=\"async\" title=\"Montaje en la pared\" src=\"https:\/\/forza-ups-frontend.s3.amazonaws.com\/media\/img\/Wall-mountable.png\" alt=\"Montaje en la pared\" data-v-330fe4b6=\"\" \/>\u00a0<strong data-v-330fe4b6=\"\">Montaje en la pared<\/strong><br data-v-330fe4b6=\"\" \/>Las ranuras de montaje en el panel posterior de la carcasa permiten fijar f\u00e1cilmente la regleta a la pared en posici\u00f3n vertical.<\/div>\n<div class=\"col-sm-6 col-xs-12\" data-v-330fe4b6=\"\"><img decoding=\"async\" title=\"M\u00faltiples recept\u00e1culos con conexi\u00f3n a tierra\" src=\"https:\/\/forza-ups-frontend.s3.amazonaws.com\/media\/img\/Grounded-multi-outlet-design.png\" alt=\"M\u00faltiples recept\u00e1culos con conexi\u00f3n a tierra\" data-v-330fe4b6=\"\" \/>\u00a0<strong data-v-330fe4b6=\"\">M\u00faltiples recept\u00e1culos con conexi\u00f3n a tierra<\/strong><br data-v-330fe4b6=\"\" \/>Convierte en forma segura un tomacorriente de pared individual en tres recept\u00e1culos con conexi\u00f3n a tierra.<\/div>\n<div class=\"col-sm-6 col-xs-12\" data-v-330fe4b6=\"\"><img decoding=\"async\" title=\"2 a\u00f1os de garant\u00eda\" src=\"https:\/\/forza-ups-frontend.s3.amazonaws.com\/media\/img\/icon-2year.png\" alt=\"2 a\u00f1os de garant\u00eda\" data-v-330fe4b6=\"\" \/>\u00a0<strong data-v-330fe4b6=\"\">2 a\u00f1os de garant\u00eda<\/strong><br data-v-330fe4b6=\"\" \/>Forza Power Technologies ofrece un programa directo seg\u00fan el cual la marca ofrece el reemplazo de un sistema UPS defectuoso dentro de un plazo de tres a\u00f1os a partir de la fecha de adquisici\u00f3n del producto. Consultar los t\u00e9rminos de la garant\u00eda para m\u00e1s detalles.<\/div>\n<div data-v-330fe4b6=\"\"><\/div>\n<div data-v-330fe4b6=\"\"><\/div>\n<div data-v-330fe4b6=\"\">\n<div class=\"more-details\" data-v-330fe4b6=\"\">\n<div class=\"detail-first-section\" data-v-330fe4b6=\"\"><img loading=\"lazy\" decoding=\"async\" class=\"d-none d-sm-none d-md-block\" title=\"FVR-1011_Banner_01_DK_SPA.jpg\" src=\"https:\/\/forza-ups-frontend.s3.amazonaws.com\/media\/img\/FVR-1011_Banner_01_DK_SPA.jpg\" alt=\"FVR-1011_Banner_01_DK_SPA.jpg\" width=\"1900\" height=\"800\" data-v-330fe4b6=\"\" \/><\/div>\n<div class=\"detail-content-section\" data-v-330fe4b6=\"\">\n<div class=\"container\" data-v-330fe4b6=\"\">\n<div class=\"row\" data-v-330fe4b6=\"\">\n<div class=\"col-sm-6\" data-v-330fe4b6=\"\">\n<div class=\"detail-content-inner text-center\" data-v-330fe4b6=\"\">\n<h4 class=\"text-black\" data-v-330fe4b6=\"\">INDICADOR VISUAL LED<\/h4>\n<div data-v-330fe4b6=\"\">Informaci\u00f3n a la vista<\/div>\n<h5 data-v-330fe4b6=\"\"><span data-v-330fe4b6=\"\">Exhibe el estado funcional del regulador de voltaje (AVR)<\/span><\/h5>\n<div class=\"detail-content-img\" data-v-330fe4b6=\"\"><img decoding=\"async\" title=\"ICONO_FVR-1011_01.png\" src=\"https:\/\/forza-ups-frontend.s3.amazonaws.com\/media\/img\/ICONO_FVR-1011_01.png\" alt=\"ICONO_FVR-1011_01.png\" data-v-330fe4b6=\"\" \/><\/div>\n<\/div>\n<\/div>\n<div class=\"col-sm-6\" data-v-330fe4b6=\"\">\n<div class=\"detail-content-inner text-center\" data-v-330fe4b6=\"\">\n<h4 class=\"text-black\" data-v-330fe4b6=\"\">TERMOFUSIBLE DE PROTECCI\u00d3N<\/h4>\n<div data-v-330fe4b6=\"\">M\u00e1s confiable, tranquilidad a toda prueba<\/div>\n<h5 data-v-330fe4b6=\"\"><span data-v-330fe4b6=\"\">Desconexi\u00f3n autom\u00e1tica de la electricidad cuando se eleva demasiado la temperatura del transformador<\/span><\/h5>\n<div class=\"detail-content-img\" data-v-330fe4b6=\"\"><img decoding=\"async\" title=\"ICONO_FVR-1011_02.png\" src=\"https:\/\/forza-ups-frontend.s3.amazonaws.com\/media\/img\/ICONO_FVR-1011_02.png\" alt=\"ICONO_FVR-1011_02.png\" data-v-330fe4b6=\"\" \/><\/div>\n<\/div>\n<\/div>\n<\/div>\n<\/div>\n<\/div>\n<div class=\"detail-first-section\" data-v-330fe4b6=\"\"><img loading=\"lazy\" decoding=\"async\" class=\"d-none d-sm-none d-md-block\" title=\"FVR-1011_Banner-02_DK_SPA.jpg\" src=\"https:\/\/forza-ups-frontend.s3.amazonaws.com\/media\/img\/FVR-1011_Banner-02_DK_SPA.jpg\" alt=\"FVR-1011_Banner-02_DK_SPA.jpg\" width=\"1900\" height=\"800\" data-v-330fe4b6=\"\" \/><\/div>\n<div class=\"detail-content-section\" data-v-330fe4b6=\"\">\n<div class=\"container\" data-v-330fe4b6=\"\">\n<div class=\"row\" data-v-330fe4b6=\"\">\n<div class=\"col-sm-6\" data-v-330fe4b6=\"\">\n<div class=\"detail-content-inner text-center\" data-v-330fe4b6=\"\">\n<h4 class=\"text-black\" data-v-330fe4b6=\"\">CORTACIRCUITO DE REPOSICI\u00d3N MANUAL<\/h4>\n<div data-v-330fe4b6=\"\">Facilita la recuperaci\u00f3n de la unidad tras una sobrecarga<\/div>\n<h5 data-v-330fe4b6=\"\"><span data-v-330fe4b6=\"\">Protecci\u00f3n segura y eficiente para sus electr\u00f3nicos personales<\/span><\/h5>\n<div class=\"detail-content-img\" data-v-330fe4b6=\"\"><img decoding=\"async\" title=\"ICONO_FVR-1011_03.png\" src=\"https:\/\/forza-ups-frontend.s3.amazonaws.com\/media\/img\/ICONO_FVR-1011_03.png\" alt=\"ICONO_FVR-1011_03.png\" data-v-330fe4b6=\"\" \/><\/div>\n<\/div>\n<\/div>\n<div class=\"col-sm-6\" data-v-330fe4b6=\"\">\n<div class=\"detail-content-inner text-center\" data-v-330fe4b6=\"\">\n<h4 class=\"text-black\" data-v-330fe4b6=\"\">MONTAJE EN LA PARED<\/h4>\n<div data-v-330fe4b6=\"\">Se instala f\u00e1cilmente con s\u00f3lo dos tornillos<\/div>\n<h5 data-v-330fe4b6=\"\"><span data-v-330fe4b6=\"\">Opci\u00f3n de montaje en la pared o debajo del escritorio permite crear un espacio despejado y seguro<\/span><\/h5>\n<div class=\"detail-content-img\" data-v-330fe4b6=\"\"><img decoding=\"async\" title=\"ICONO_FVR-1011_04.png\" src=\"https:\/\/forza-ups-frontend.s3.amazonaws.com\/media\/img\/ICONO_FVR-1011_04.png\" alt=\"ICONO_FVR-1011_04.png\" data-v-330fe4b6=\"\" \/><\/div>\n<\/div>\n<\/div>\n<\/div>\n<\/div>\n<\/div>\n<div class=\"detail-first-section\" data-v-330fe4b6=\"\"><img loading=\"lazy\" decoding=\"async\" class=\"d-none d-sm-none d-md-block\" title=\"FVR-1011_Banner_03_DK_SPA.jpg\" src=\"https:\/\/forza-ups-frontend.s3.amazonaws.com\/media\/img\/FVR-1011_Banner_03_DK_SPA.jpg\" alt=\"FVR-1011_Banner_03_DK_SPA.jpg\" width=\"1900\" height=\"800\" data-v-330fe4b6=\"\" \/><\/div>\n<\/div>\n<\/div>\n","protected":false},"excerpt":{"rendered":"<p><strong>Caracter\u00edsticas:<\/strong><\/p>\n<ul class=\"ul-specs product-detail-ul\" data-v-330fe4b6=\"\">\n<li data-v-330fe4b6=\"\"><strong data-v-330fe4b6=\"\">MPN:<\/strong>\u00a0FVR-1011<\/li>\n<li data-v-330fe4b6=\"\"><strong data-v-330fe4b6=\"\">Capacidad:<\/strong>\u00a0<span data-v-330fe4b6=\"\">1000VA\/500W<\/span><\/li>\n<li data-v-330fe4b6=\"\"><strong data-v-330fe4b6=\"\">Voltaje:\u00a0<\/strong>\n<div data-v-330fe4b6=\"\">220V<\/div>\n<\/li>\n<li data-v-330fe4b6=\"\"><strong data-v-330fe4b6=\"\">Tipo de entrada:\u00a0<\/strong>\n<div data-v-330fe4b6=\"\">NEMA 5-15P<\/div>\n<\/li>\n<li data-v-330fe4b6=\"\"><strong data-v-330fe4b6=\"\">Tipo de salida:\u00a0<\/strong>\n<div data-v-330fe4b6=\"\">4 x NEMA 5-15R<\/div>\n<\/li>\n<li data-v-330fe4b6=\"\"><strong data-v-330fe4b6=\"\">Indicador visual:\u00a0<\/strong>\n<div data-v-330fe4b6=\"\">Luz LED de estado<\/div>\n<\/li>\n<li data-v-330fe4b6=\"\"><strong data-v-330fe4b6=\"\">Garantia: <\/strong>2 a\u00f1os<\/li>\n<\/ul>\n","protected":false},"featured_media":3023,"comment_status":"open","ping_status":"closed","template":"","meta":[],"product_brand":[],"product_cat":[88,214],"product_tag":[],"class_list":{"0":"post-3020","1":"product","2":"type-product","3":"status-publish","4":"has-post-thumbnail","6":"product_cat-proteccion","7":"product_cat-reguladores","9":"first","10":"instock","11":"taxable","12":"shipping-taxable","13":"purchasable","14":"product-type-simple"},"_links":{"self":[{"href":"https:\/\/tecnoglobalgt.com\/es\/wp-json\/wp\/v2\/product\/3020","targetHints":{"allow":["GET"]}}],"collection":[{"href":"https:\/\/tecnoglobalgt.com\/es\/wp-json\/wp\/v2\/product"}],"about":[{"href":"https:\/\/tecnoglobalgt.com\/es\/wp-json\/wp\/v2\/types\/product"}],"replies":[{"embeddable":true,"href":"https:\/\/tecnoglobalgt.com\/es\/wp-json\/wp\/v2\/comments?post=3020"}],"wp:featuredmedia":[{"embeddable":true,"href":"https:\/\/tecnoglobalgt.com\/es\/wp-json\/wp\/v2\/media\/3023"}],"wp:attachment":[{"href":"https:\/\/tecnoglobalgt.com\/es\/wp-json\/wp\/v2\/media?parent=3020"}],"wp:term":[{"taxonomy":"product_brand","embeddable":true,"href":"https:\/\/tecnoglobalgt.com\/es\/wp-json\/wp\/v2\/product_brand?post=3020"},{"taxonomy":"product_cat","embeddable":true,"href":"https:\/\/tecnoglobalgt.com\/es\/wp-json\/wp\/v2\/product_cat?post=3020"},{"taxonomy":"product_tag","embeddable":true,"href":"https:\/\/tecnoglobalgt.com\/es\/wp-json\/wp\/v2\/product_tag?post=3020"}],"curies":[{"name":"wp","href":"https:\/\/api.w.org\/{rel}","templated":true}]}}