{"id":2981,"date":"2024-09-09T21:44:09","date_gmt":"2024-09-09T21:44:09","guid":{"rendered":"https:\/\/tecnoglobalgt.com\/es\/?post_type=product&#038;p=2981"},"modified":"2024-09-09T21:44:09","modified_gmt":"2024-09-09T21:44:09","slug":"ezviz-h8c-camara-wi-fi-con-paneo-e-inclinacion","status":"publish","type":"product","link":"https:\/\/tecnoglobalgt.com\/es\/product\/ezviz-h8c-camara-wi-fi-con-paneo-e-inclinacion\/","title":{"rendered":"EZVIZ H8c  CAMARA WI-FI CON PANEO E INCLINACION"},"content":{"rendered":"<p><img loading=\"lazy\" decoding=\"async\" class=\"alignnone size-medium wp-image-2983\" src=\"https:\/\/tecnoglobalgt.com\/es\/wp-content\/uploads\/2024\/09\/EZVIZ-797x400.png\" alt=\"\" width=\"797\" height=\"400\" srcset=\"https:\/\/tecnoglobalgt.com\/es\/wp-content\/uploads\/2024\/09\/EZVIZ-797x400.png 797w, https:\/\/tecnoglobalgt.com\/es\/wp-content\/uploads\/2024\/09\/EZVIZ-768x385.png 768w, https:\/\/tecnoglobalgt.com\/es\/wp-content\/uploads\/2024\/09\/EZVIZ-600x301.png 600w, https:\/\/tecnoglobalgt.com\/es\/wp-content\/uploads\/2024\/09\/EZVIZ.png 1192w\" sizes=\"auto, (max-width: 797px) 100vw, 797px\" \/><\/p>\n<div class=\"content-product-mainheader clearfix\">\n<div class=\"row\">\n<div class=\"content-product-right content-product-right-width col-md-5 col-sm-12 col-xs-12\">\n<div id=\"product\">\n<div class=\"model\">\n<ul>\n<li>Resoluci\u00f3n de 1080p<\/li>\n<li>Visi\u00f3n nocturna en color<\/li>\n<li>Conversaci\u00f3n bidireccional<\/li>\n<li>Vista panor\u00e1mica de 360\u00b0<\/li>\n<li>Detecci\u00f3n humana impulsada por IA<\/li>\n<li>Seguimiento inteligente<\/li>\n<li>Dise\u00f1o resistente a la intemperie.<\/li>\n<li>Compresi\u00f3n de v\u00eddeo H.265<\/li>\n<li>Heredando la tecnolog\u00eda base de la laureada gama de EZVIZ con giro e inclinaci\u00f3n, la c\u00e1mara H8c es compacta y cuenta con innumerables funciones inteligentes para la protecci\u00f3n del hogar inteligente.<\/li>\n<li>Esta asequible c\u00e1mara es fiable en todo tipo de condiciones ambientales y funciona sin interrupciones en las plataformas de internet residenciales.<\/li>\n<li>La c\u00e1mara cuenta con la funci\u00f3n de defensa activa que proporciona una capa adicional de protecci\u00f3n.<\/li>\n<li>Al detectar intrusos, la c\u00e1mara activa una potente sirena y enciende sus dos resplandecientes focos\u00b3 para disuadirlos.<\/li>\n<li>Sin importar lo complicado que pueda ser el seguimiento, la c\u00e1mara siempre regresa a su \u00e1ngulo de visi\u00f3n predilecto.<\/li>\n<li>Puede determinar hasta 12 \u00e1ngulos mediante la aplicaci\u00f3n EZVIZ. Simplemente haga clic en sus puntos preestablecidos y la c\u00e1mara retomar\u00e1 autom\u00e1ticamente su posici\u00f3n.<\/li>\n<\/ul>\n<\/div>\n<\/div>\n<\/div>\n<div id=\"buybox\" class=\"content-product-right col-md-2 col-sm-12 col-xs-12\">\n<div class=\"box-cart clearfix form-group\">\n<div class=\"pwhole\">\n<div class=\"text-ele\">\n<p>La visi\u00f3n n\u00edtida de 360\u00b0 no deja zonas grises<\/p>\n<\/div>\n<div class=\"text-ele\">\n<p>\u00bfSu c\u00e1mara actual no le ofrece una imagen lo suficientemente amplia? \u00bfDuda a la hora de invertir en un sistema de seguridad con varias c\u00e1maras? La c\u00e1mara motorizada H8c reduce los puntos ciegos para que pueda ver cada esquina. Adem\u00e1s, reproduce n\u00edtidas im\u00e1genes con una resoluci\u00f3n de 1080p. Con tan solo una asequible c\u00e1mara H8c, podr\u00e1 mantenerse informado gracias a una vista general o a los peque\u00f1os detalles.<\/p>\n<\/div>\n<p><img decoding=\"async\" src=\"https:\/\/mfs.ezvizlife.com\/ff19b8abce055765f9ecada3f712d2c7.jpg\" \/><\/div>\n<div class=\"pwhole\">\n<div class=\"text-ele\">\n<p>Detecta y rastrea los momentos importantes<\/p>\n<\/div>\n<div class=\"text-ele\">\n<p>La c\u00e1mara H8c diferencia a las personas de las mascotas o los objetos m\u00f3viles sin importancia. Al detectar actividad humana, la c\u00e1mara se bloquea sobre el objetivo y gira autom\u00e1ticamente siguiendo su movimiento. Nada escapar\u00e1 f\u00e1cilmente a su atenci\u00f3n.<\/p>\n<\/div>\n<div class=\"text-ele\">\n<p>Detecci\u00f3n de siluetas humanas mediante tecnolog\u00eda de IA<\/p>\n<\/div>\n<div class=\"text-ele\">\n<p>Seguimiento autom\u00e1tico de personas<\/p>\n<\/div>\n<div class=\"text-ele\">\n<p>Sin tarifa de suscripci\u00f3n<\/p>\n<\/div>\n<\/div>\n<\/div>\n<\/div>\n<\/div>\n<\/div>\n<div class=\"content-product-mainbody clearfix row\">\n<div class=\"content-product-content col-sm-12\">\n<div class=\"content-product-midde clearfix\">\n<div data-retailrocket-markup-block=\"652ebd27ff0453f92c67b245\" data-product-id=\"308299\">\n<div class=\"rr-widget rr-widget-652ebd27ff0453f92c67b245 rr-active\" data-algorithm=\"related\" data-algorithm-argument=\"308299\" data-algorithm-param-version=\"2\" data-template-param-header-text=\"Podr\u00eda interesarte\" data-template-param-number-of-items=\"10\" data-template-param-item-image-width=\"314\" data-template-param-item-image-height=\"314\" data-on-pre-render=\"retailrocket['store652ebd27ff0453f92c67b245'].preRenderFn(this, data, renderFn)\" data-on-post-render=\"retailrocket['store652ebd27ff0453f92c67b245'].postRenderFn(this)\" data-template-container-id=\"widget-template-652ebd27ff0453f92c67b245\" data-s=\"652ebd27ff0453f92c67b245\" data-next=\"rr-widget-652ebd27ff0453f92c67b245-related\" data-widget-applied=\"true\" data-number-of-rendered-items=\"6\" data-rendered-items-ids=\"312020,216053,48382,74634,434429,434427\"><\/div>\n<\/div>\n<\/div>\n<\/div>\n<\/div>\n","protected":false},"excerpt":{"rendered":"<p><strong>Caracteristicas:<\/strong><\/p>\n<ul>\n<li>Con la c\u00e1mara H8c, podr\u00e1 utilizar simplemente su tel\u00e9fono para hablar con el repartidor, saludar a los invitados o pedir a los desconocidos que salgan de su propiedad; aunque no est\u00e9 en casa.<\/li>\n<\/ul>\n","protected":false},"featured_media":2985,"comment_status":"open","ping_status":"closed","template":"","meta":[],"product_cat":[247,85],"product_tag":[],"class_list":{"0":"post-2981","1":"product","2":"type-product","3":"status-publish","4":"has-post-thumbnail","6":"product_cat-camaras-wifi","7":"product_cat-seguridad","9":"first","10":"instock","11":"taxable","12":"shipping-taxable","13":"purchasable","14":"product-type-simple"},"_links":{"self":[{"href":"https:\/\/tecnoglobalgt.com\/es\/wp-json\/wp\/v2\/product\/2981","targetHints":{"allow":["GET"]}}],"collection":[{"href":"https:\/\/tecnoglobalgt.com\/es\/wp-json\/wp\/v2\/product"}],"about":[{"href":"https:\/\/tecnoglobalgt.com\/es\/wp-json\/wp\/v2\/types\/product"}],"replies":[{"embeddable":true,"href":"https:\/\/tecnoglobalgt.com\/es\/wp-json\/wp\/v2\/comments?post=2981"}],"wp:featuredmedia":[{"embeddable":true,"href":"https:\/\/tecnoglobalgt.com\/es\/wp-json\/wp\/v2\/media\/2985"}],"wp:attachment":[{"href":"https:\/\/tecnoglobalgt.com\/es\/wp-json\/wp\/v2\/media?parent=2981"}],"wp:term":[{"taxonomy":"product_cat","embeddable":true,"href":"https:\/\/tecnoglobalgt.com\/es\/wp-json\/wp\/v2\/product_cat?post=2981"},{"taxonomy":"product_tag","embeddable":true,"href":"https:\/\/tecnoglobalgt.com\/es\/wp-json\/wp\/v2\/product_tag?post=2981"}],"curies":[{"name":"wp","href":"https:\/\/api.w.org\/{rel}","templated":true}]}}