{"id":2955,"date":"2024-08-23T21:23:12","date_gmt":"2024-08-23T21:23:12","guid":{"rendered":"https:\/\/tecnoglobalgt.com\/es\/?post_type=product&#038;p=2955"},"modified":"2025-09-12T21:16:32","modified_gmt":"2025-09-12T21:16:32","slug":"protector-de-voltaje-forza-2-tomas-fvp-0200c-120v-1400j-zion-2k30","status":"publish","type":"product","link":"https:\/\/tecnoglobalgt.com\/es\/product\/protector-de-voltaje-forza-2-tomas-fvp-0200c-120v-1400j-zion-2k30\/","title":{"rendered":"PROTECTOR DE VOLTAJE FORZA 2 TOMAS FVP-0200C 120V 1400J  ZION-2K30"},"content":{"rendered":"<div class=\"col-md-3 border-colum\" data-v-330fe4b6=\"\">\n<h5 data-v-330fe4b6=\"\"><strong>Tipo de Soluci\u00f3n<\/strong><\/h5>\n<ul data-v-330fe4b6=\"\">\n<li data-v-330fe4b6=\"\">Residencial<\/li>\n<li data-v-330fe4b6=\"\">Punto de venta<\/li>\n<li data-v-330fe4b6=\"\">Educaci\u00f3n<\/li>\n<\/ul>\n<\/div>\n<div class=\"col-md-3\" data-v-330fe4b6=\"\">\n<h5 data-v-330fe4b6=\"\"><strong>Aplicaciones<\/strong><\/h5>\n<ul data-v-330fe4b6=\"\">\n<li data-v-330fe4b6=\"\">Televisores de 19-80&#8243;<\/li>\n<li data-v-330fe4b6=\"\">Consolas para video<\/li>\n<li data-v-330fe4b6=\"\">Video vigilancia<\/li>\n<\/ul>\n<\/div>\n<div class=\"col-md-3\" data-v-330fe4b6=\"\">\n<ul data-v-330fe4b6=\"\">\n<li data-v-330fe4b6=\"\">Consolas para videojuegos<\/li>\n<li data-v-330fe4b6=\"\">Se\u00f1alizaci\u00f3n digital<\/li>\n<li data-v-330fe4b6=\"\">Electr\u00f3nicos personales<\/li>\n<\/ul>\n<p>La nueva serie FVP de Forza protege autom\u00e1ticamente sus equipos contra ca\u00eddas de tensi\u00f3n o sobrecargas transitorias asociadas con rel\u00e1mpagos o problemas de baja tensi\u00f3n en la red de suministro el\u00e9ctrico. El dispositivo es capaz de funcionar con equipos de alto consumo con una capacidad de hasta 1800 watts.El pr\u00e1ctico interruptor de encendido\/apagado contribuye a disminuir el consumo de electricidad, en tanto que la funci\u00f3n de giro de hasta 350\u00b0 le permite ajustar sus dispositivos en el \u00e1ngulo m\u00e1s adecuado, para no obstruir las dem\u00e1s tomas de corriente.<\/p>\n<h2 data-v-330fe4b6=\"\">Protector de voltaje 1400J\/1800W, 2 slds, giro de 350\u00b0, coax-120V | Consumo<\/h2>\n<div class=\"table-responsive\" data-v-330fe4b6=\"\">\n<div class=\"row featurelist\" data-v-330fe4b6=\"\">\n<div class=\"col-sm-6 col-xs-12\" data-v-330fe4b6=\"\"><img decoding=\"async\" title=\"Apagado autom\u00e1tico\" src=\"https:\/\/forza-ups-frontend.s3.amazonaws.com\/media\/img\/icon-auto-power.png\" alt=\"Apagado autom\u00e1tico\" data-v-330fe4b6=\"\" \/>\u00a0<strong data-v-330fe4b6=\"\">Apagado autom\u00e1tico<\/strong><br data-v-330fe4b6=\"\" \/>Produce la desconexi\u00f3n autom\u00e1tica cuando los niveles de tensi\u00f3n son demasiado altos o demasiado bajos con el fin de proteger sus equipos contra fluctuaciones potencialmente perjudiciales y dem\u00e1s irregularidades en el suministro el\u00e9ctrico.<\/div>\n<div class=\"col-sm-6 col-xs-12\" data-v-330fe4b6=\"\"><img decoding=\"async\" title=\"Protecci\u00f3n contra sobretensi\u00f3n, sobrecarga, descarga el\u00e9ctrica y de voltaje\" src=\"https:\/\/forza-ups-frontend.s3.amazonaws.com\/media\/img\/icon-serge.png\" alt=\"Protecci\u00f3n contra sobretensi\u00f3n, sobrecarga, descarga el\u00e9ctrica y de voltaje\" data-v-330fe4b6=\"\" \/>\u00a0<strong data-v-330fe4b6=\"\">Protecci\u00f3n contra sobretensi\u00f3n, sobrecarga, descarga el\u00e9ctrica y de voltaje<\/strong><br data-v-330fe4b6=\"\" \/>Ofrece protecci\u00f3n superior al redireccionar el exceso de tensi\u00f3n de los equipos conectados durante sobrecargas o subidas de tensi\u00f3n.<\/div>\n<div class=\"col-sm-6 col-xs-12\" data-v-330fe4b6=\"\"><img decoding=\"async\" title=\"Interruptor de reposici\u00f3n autom\u00e1tico\" src=\"https:\/\/forza-ups-frontend.s3.amazonaws.com\/media\/img\/icon-resetable.png\" alt=\"Interruptor de reposici\u00f3n autom\u00e1tico\" data-v-330fe4b6=\"\" \/>\u00a0<strong data-v-330fe4b6=\"\">Interruptor de reposici\u00f3n autom\u00e1tico<\/strong><br data-v-330fe4b6=\"\" \/>Evita autom\u00e1ticamente el flujo de corriente en un circuito el\u00e9ctrico como medida de seguridad al detectar niveles de alta tensi\u00f3n inapropiados. Se puede volver a configurar para reanudar el funcionamiento.<\/div>\n<div class=\"col-sm-6 col-xs-12\" data-v-330fe4b6=\"\"><img decoding=\"async\" title=\"Tecnolog\u00eda MOV\" src=\"https:\/\/forza-ups-frontend.s3.amazonaws.com\/media\/img\/icon-move.png\" alt=\"Tecnolog\u00eda MOV\" data-v-330fe4b6=\"\" \/>\u00a0<strong data-v-330fe4b6=\"\">Tecnolog\u00eda MOV<\/strong><br data-v-330fe4b6=\"\" \/>La tecnolog\u00eda MOV (varistor de \u00f3xido de metal) ofrece mayor protecci\u00f3n para componentes electr\u00f3nicos contra sobrecargas y subidas repentinas de tensi\u00f3n.<\/div>\n<div class=\"col-sm-6 col-xs-12\" data-v-330fe4b6=\"\"><img decoding=\"async\" title=\"Material retardador de llama\" src=\"https:\/\/forza-ups-frontend.s3.amazonaws.com\/media\/img\/icon-flame.png\" alt=\"Material retardador de llama\" data-v-330fe4b6=\"\" \/>\u00a0<strong data-v-330fe4b6=\"\">Material retardador de llama<\/strong><br data-v-330fe4b6=\"\" \/>Todos nuestros sistemas UPS est\u00e1n elaborados con material ABS retardador de llama, lo cual garantiza que de presentarse alguna falla, el equipo no es susceptible de prender fuego.<\/div>\n<div class=\"col-sm-6 col-xs-12\" data-v-330fe4b6=\"\"><img decoding=\"async\" title=\"Indicadores visuales LED\" src=\"https:\/\/forza-ups-frontend.s3.amazonaws.com\/media\/img\/LED-visual-indicators.png\" alt=\"Indicadores visuales LED\" data-v-330fe4b6=\"\" \/>\u00a0<strong data-v-330fe4b6=\"\">Indicadores visuales LED<\/strong><br data-v-330fe4b6=\"\" \/>Las luces LED en el panel frontal indican el estado funcional de la UPS, la duraci\u00f3n de la bater\u00eda as\u00ed como fallas potenciales detectadas en el sistema.<\/div>\n<div class=\"col-sm-6 col-xs-12\" data-v-330fe4b6=\"\"><img decoding=\"async\" title=\"Protecci\u00f3n coaxial\" src=\"https:\/\/forza-ups-frontend.s3.amazonaws.com\/media\/img\/Coaxial-protection.png\" alt=\"Protecci\u00f3n coaxial\" data-v-330fe4b6=\"\" \/>\u00a0<strong data-v-330fe4b6=\"\">Protecci\u00f3n coaxial<\/strong><br data-v-330fe4b6=\"\" \/>Protege equipos sensibles y vitales en instalaciones de videovigilancia contra posibles da\u00f1os causados por subidas de tensi\u00f3n y descargas electrost\u00e1ticas en las l\u00edneas de transmisi\u00f3n coaxial.<\/div>\n<div class=\"col-sm-6 col-xs-12\" data-v-330fe4b6=\"\"><img decoding=\"async\" title=\"Temporizador de retardo\" src=\"https:\/\/forza-ups-frontend.s3.amazonaws.com\/media\/img\/Delay-timer.png\" alt=\"Temporizador de retardo\" data-v-330fe4b6=\"\" \/>\u00a0<strong data-v-330fe4b6=\"\">Temporizador de retardo<\/strong><br data-v-330fe4b6=\"\" \/>El temporizador de retardo regula el flujo diferido de electricidad hacia los equipos, para prevenir puntas de tensi\u00f3n repentinas al momento de restablecerse el suministro de la red.<\/div>\n<div class=\"col-sm-6 col-xs-12\" data-v-330fe4b6=\"\"><img decoding=\"async\" title=\"Tomacorriente totalmente giratorio\" src=\"https:\/\/forza-ups-frontend.s3.amazonaws.com\/media\/img\/Fully-rotational-plug.png\" alt=\"Tomacorriente totalmente giratorio\" data-v-330fe4b6=\"\" \/>\u00a0<strong data-v-330fe4b6=\"\">Tomacorriente totalmente giratorio<\/strong><br data-v-330fe4b6=\"\" \/>Presenta innovadores tomacorrientes protegidos y giratorios para acomodar y posicionar f\u00e1cilmente todos sus componentes sin obstruir las dem\u00e1s salidas existentes.<\/div>\n<div class=\"col-sm-6 col-xs-12\" data-v-330fe4b6=\"\"><img decoding=\"async\" title=\"M\u00faltiples recept\u00e1culos con conexi\u00f3n a tierra\" src=\"https:\/\/forza-ups-frontend.s3.amazonaws.com\/media\/img\/Grounded-multi-outlet-design.png\" alt=\"M\u00faltiples recept\u00e1culos con conexi\u00f3n a tierra\" data-v-330fe4b6=\"\" \/>\u00a0<strong data-v-330fe4b6=\"\">M\u00faltiples recept\u00e1culos con conexi\u00f3n a tierra<\/strong><br data-v-330fe4b6=\"\" \/>Convierte en forma segura un tomacorriente de pared individual en tres recept\u00e1culos con conexi\u00f3n a tierra.<\/div>\n<div class=\"col-sm-6 col-xs-12\" data-v-330fe4b6=\"\"><img decoding=\"async\" title=\"2 a\u00f1os de garant\u00eda\" src=\"https:\/\/forza-ups-frontend.s3.amazonaws.com\/media\/img\/icon-2year.png\" alt=\"2 a\u00f1os de garant\u00eda\" data-v-330fe4b6=\"\" \/>\u00a0<strong data-v-330fe4b6=\"\">2 a\u00f1os de garant\u00eda<\/strong><br data-v-330fe4b6=\"\" \/>Forza Power Technologies ofrece un programa directo seg\u00fan el cual la marca ofrece el reemplazo de un sistema UPS defectuoso dentro de un plazo de tres a\u00f1os a partir de la fecha de adquisici\u00f3n del producto. Consultar los t\u00e9rminos de la garant\u00eda para m\u00e1s detalles.<\/div>\n<\/div>\n<\/div>\n<\/div>\n","protected":false},"excerpt":{"rendered":"<p><strong>Especificaciones:<\/strong><\/p>\n<ul class=\"ul-specs product-detail-ul\" data-v-330fe4b6=\"\">\n<li data-v-330fe4b6=\"\"><strong data-v-330fe4b6=\"\">MPN:<\/strong>\u00a0FVP-0200C<\/li>\n<li data-v-330fe4b6=\"\"><strong data-v-330fe4b6=\"\">Capacidad:<\/strong>\u00a0<span data-v-330fe4b6=\"\">1800W<\/span><\/li>\n<li data-v-330fe4b6=\"\"><strong data-v-330fe4b6=\"\">Voltaje:\u00a0<\/strong>\n<div data-v-330fe4b6=\"\">120V<\/div>\n<\/li>\n<li data-v-330fe4b6=\"\"><strong data-v-330fe4b6=\"\">Tipo de entrada:\u00a0<\/strong>\n<div data-v-330fe4b6=\"\">NEMA 5-15P<\/div>\n<\/li>\n<li data-v-330fe4b6=\"\"><strong data-v-330fe4b6=\"\">Tipo de salida:\u00a0<\/strong>\n<div data-v-330fe4b6=\"\">2 x NEMA 5-15R<\/div>\n<\/li>\n<li data-v-330fe4b6=\"\"><strong data-v-330fe4b6=\"\">Indicador visual:\u00a0<\/strong>\n<div data-v-330fe4b6=\"\">Luz LED de estado<\/div>\n<\/li>\n<li data-v-330fe4b6=\"\"><strong data-v-330fe4b6=\"\">Garantia:\u00a0<\/strong>\n<div data-v-330fe4b6=\"\">2 a\u00f1os<\/div>\n<\/li>\n<\/ul>\n","protected":false},"featured_media":2956,"comment_status":"open","ping_status":"closed","template":"","meta":[],"product_brand":[],"product_cat":[88,214],"product_tag":[],"class_list":{"0":"post-2955","1":"product","2":"type-product","3":"status-publish","4":"has-post-thumbnail","6":"product_cat-proteccion","7":"product_cat-reguladores","9":"first","10":"instock","11":"taxable","12":"shipping-taxable","13":"purchasable","14":"product-type-simple"},"_links":{"self":[{"href":"https:\/\/tecnoglobalgt.com\/es\/wp-json\/wp\/v2\/product\/2955","targetHints":{"allow":["GET"]}}],"collection":[{"href":"https:\/\/tecnoglobalgt.com\/es\/wp-json\/wp\/v2\/product"}],"about":[{"href":"https:\/\/tecnoglobalgt.com\/es\/wp-json\/wp\/v2\/types\/product"}],"replies":[{"embeddable":true,"href":"https:\/\/tecnoglobalgt.com\/es\/wp-json\/wp\/v2\/comments?post=2955"}],"wp:featuredmedia":[{"embeddable":true,"href":"https:\/\/tecnoglobalgt.com\/es\/wp-json\/wp\/v2\/media\/2956"}],"wp:attachment":[{"href":"https:\/\/tecnoglobalgt.com\/es\/wp-json\/wp\/v2\/media?parent=2955"}],"wp:term":[{"taxonomy":"product_brand","embeddable":true,"href":"https:\/\/tecnoglobalgt.com\/es\/wp-json\/wp\/v2\/product_brand?post=2955"},{"taxonomy":"product_cat","embeddable":true,"href":"https:\/\/tecnoglobalgt.com\/es\/wp-json\/wp\/v2\/product_cat?post=2955"},{"taxonomy":"product_tag","embeddable":true,"href":"https:\/\/tecnoglobalgt.com\/es\/wp-json\/wp\/v2\/product_tag?post=2955"}],"curies":[{"name":"wp","href":"https:\/\/api.w.org\/{rel}","templated":true}]}}