{"id":2946,"date":"2024-08-13T19:15:59","date_gmt":"2024-08-13T19:15:59","guid":{"rendered":"https:\/\/tecnoglobalgt.com\/es\/?post_type=product&#038;p=2946"},"modified":"2024-08-23T21:12:21","modified_gmt":"2024-08-23T21:12:21","slug":"caja-plastica-de-registro-100x100x50mm-ip65-marca-tibox","status":"publish","type":"product","link":"https:\/\/tecnoglobalgt.com\/es\/product\/caja-plastica-de-registro-100x100x50mm-ip65-marca-tibox\/","title":{"rendered":"CAJA PLASTICA DE REGISTRO 100X100X50MM IP65 MARCA TIBOX"},"content":{"rendered":"<p><strong>Especificaciones:<\/strong><\/p>\n<ul>\n<li><strong>Dimensiones:\u00a0<\/strong>\u00a0100x100x50mm<\/li>\n<\/ul>\n","protected":false},"excerpt":{"rendered":"<p>Nivel de protecci\u00f3n IP65, fabricaci\u00f3n en pl\u00e1stico ABS, perforaciones traseras para montaje a pared. Temperatura de operaci\u00f3n: -20 a 60\u00b0 C, ideal para instalaci\u00f3n de equipo en exterior. Se recomienda el uso de prensaestopas para salida de cableado. Dimensiones: 10X10X5cms<\/p>\n","protected":false},"featured_media":2947,"comment_status":"open","ping_status":"closed","template":"","meta":[],"product_cat":[244,87],"product_tag":[],"class_list":{"0":"post-2946","1":"product","2":"type-product","3":"status-publish","4":"has-post-thumbnail","6":"product_cat-placas-y-soporte-de-pared","7":"product_cat-redes","9":"first","10":"instock","11":"taxable","12":"shipping-taxable","13":"purchasable","14":"product-type-simple"},"_links":{"self":[{"href":"https:\/\/tecnoglobalgt.com\/es\/wp-json\/wp\/v2\/product\/2946","targetHints":{"allow":["GET"]}}],"collection":[{"href":"https:\/\/tecnoglobalgt.com\/es\/wp-json\/wp\/v2\/product"}],"about":[{"href":"https:\/\/tecnoglobalgt.com\/es\/wp-json\/wp\/v2\/types\/product"}],"replies":[{"embeddable":true,"href":"https:\/\/tecnoglobalgt.com\/es\/wp-json\/wp\/v2\/comments?post=2946"}],"wp:featuredmedia":[{"embeddable":true,"href":"https:\/\/tecnoglobalgt.com\/es\/wp-json\/wp\/v2\/media\/2947"}],"wp:attachment":[{"href":"https:\/\/tecnoglobalgt.com\/es\/wp-json\/wp\/v2\/media?parent=2946"}],"wp:term":[{"taxonomy":"product_cat","embeddable":true,"href":"https:\/\/tecnoglobalgt.com\/es\/wp-json\/wp\/v2\/product_cat?post=2946"},{"taxonomy":"product_tag","embeddable":true,"href":"https:\/\/tecnoglobalgt.com\/es\/wp-json\/wp\/v2\/product_tag?post=2946"}],"curies":[{"name":"wp","href":"https:\/\/api.w.org\/{rel}","templated":true}]}}