{"id":2930,"date":"2024-07-05T16:37:46","date_gmt":"2024-07-05T16:37:46","guid":{"rendered":"https:\/\/tecnoglobalgt.com\/es\/?post_type=product&#038;p=2930"},"modified":"2024-08-21T22:19:55","modified_gmt":"2024-08-21T22:19:55","slug":"monitor-xiaomi-a27i-envio-gratis","status":"publish","type":"product","link":"https:\/\/tecnoglobalgt.com\/es\/product\/monitor-xiaomi-a27i-envio-gratis\/","title":{"rendered":"MONITOR XIAOMI A27i \/ ENVIO GRATIS"},"content":{"rendered":"<ul>\n<li>La pantalla dura IPS con un \u00e1ngulo visual de 178\u00b0 y una resoluci\u00f3n de 1920 \u00d7 1080 garantiza una calidad de imagen de alta definici\u00f3n y una experiencia de visualizaci\u00f3n v\u00edvida, ya sea que est\u00e9 viendo tablas y documentos o viendo videos.<\/li>\n<li>16,7 millones de colores, una alta profundidad de color de hasta 8 bits* y una gama de colores sRGB del 99 % crean im\u00e1genes v\u00edvidas de alta calidad y fotograf\u00edas y v\u00eddeos m\u00e1s naturales y brillantes.<\/li>\n<li>Cada monitor Xiaomi A27i ha sido inspeccionado estrictamente para verificar la correcta calibraci\u00f3n del color antes de salir de f\u00e1brica, lo que reduce efectivamente los problemas de color de la pantalla. \u00a1Una pantalla profesional para aquellos con exigencias profesionales!<\/li>\n<li>Con una frecuencia de actualizaci\u00f3n de hasta 100 Hz, puede reducir eficazmente el retraso y la congelaci\u00f3n al navegar por p\u00e1ginas web y tablas, no solo mejorando la eficiencia del trabajo sino tambi\u00e9n proporcionando una mejor visualizaci\u00f3n de im\u00e1genes din\u00e1micas para el entretenimiento diario.<\/li>\n<li>Con la certificaci\u00f3n T\u00dcV Low Blue Light, el modo de baja luz azul puede filtrar la luz azul de onda corta, lo que garantiza comodidad incluso despu\u00e9s de trabajar largas horas. La atenuaci\u00f3n de CC puede reducir eficazmente el parpadeo de la pantalla para proteger a\u00fan m\u00e1s sus ojos.<\/li>\n<li>El exclusivo dise\u00f1o de bisel estrecho en tres lados mejora enormemente los \u00e1ngulos de visi\u00f3n y ofrece una experiencia mejorada y m\u00e1s inmersiva. Cuando se utilizan varias pantallas juntas, la experiencia visual es a\u00fan m\u00e1s impresionante.<\/li>\n<li>M\u00faltiples puertos integrados, incluido el puerto HDMI 2.0 y el puerto DisplayPort 1.4 recientemente actualizados, le permiten satisfacer una variedad de necesidades externas. \u00a1La transmisi\u00f3n de se\u00f1al de visualizaci\u00f3n m\u00e1s r\u00e1pida y estable ayuda a mejorar la eficiencia de la oficina!<\/li>\n<\/ul>\n","protected":false},"excerpt":{"rendered":"<ul>\n<li><strong>Entrada de alimentaci\u00f3n:<\/strong><strong>\u00a0<\/strong>12V\u23932.0A<\/li>\n<li><strong>Potencia nominal:<\/strong><strong>\u00a0<\/strong>24W<\/li>\n<li><strong>Tama\u00f1o de pantalla:<\/strong>\u00a027&#8243;<\/li>\n<li><strong>\u00c1ngulo de visi\u00f3n:<\/strong><strong>\u00a0<\/strong>178 (H) \/ 178 (V)<\/li>\n<li><strong>Brillo:<\/strong><strong>\u00a0<\/strong>250 nits (t\u00edpico)<\/li>\n<li><strong>Relaci\u00f3n de contraste:<\/strong><strong>\u00a0<\/strong>1000:1<\/li>\n<li><strong>Profundidad del color:<\/strong><strong>\u00a0<\/strong>16,7 millones<\/li>\n<li><strong>Relaci\u00f3n de aspecto:<\/strong><strong>\u00a0<\/strong>16:9<\/li>\n<li><strong>Resoluci\u00f3n:<\/strong>\u00a01920 \u00d7 1080<\/li>\n<li><strong>Frecuencia de actualizaci\u00f3n del panel (m\u00e1x.):<\/strong>\u00a0100Hz<\/li>\n<li><strong>G a G Tiempo de respuesta:<\/strong><strong>\u00a0<\/strong>6 ms (t\u00edpico)<\/li>\n<li><strong>Dimensiones (incluida la base):<\/strong>\u00a0612,3 (largo) \u00d7 170 (ancho) \u00d7 451,7 (alto) mm<\/li>\n<li><strong>Peso (incluida la base):<\/strong><strong>\u00a0<\/strong>3,6 kilos<\/li>\n<li><strong>Tama\u00f1o de montaje en pared:<\/strong><strong>\u00a0<\/strong>VESA 75 mm \u00d7 75 mm<\/li>\n<li><strong>\u00c1ngulo de inclinaci\u00f3n:<\/strong>\u00a0-5\u00b0 \u00b1 2 ~ +15\u00b0 \u00b1 2<\/li>\n<\/ul>\n","protected":false},"featured_media":2932,"comment_status":"open","ping_status":"closed","template":"","meta":[],"product_cat":[200,199],"product_tag":[],"class_list":{"0":"post-2930","1":"product","2":"type-product","3":"status-publish","4":"has-post-thumbnail","6":"product_cat-monitores","7":"product_cat-video","9":"first","10":"instock","11":"taxable","12":"shipping-taxable","13":"purchasable","14":"product-type-simple"},"_links":{"self":[{"href":"https:\/\/tecnoglobalgt.com\/es\/wp-json\/wp\/v2\/product\/2930","targetHints":{"allow":["GET"]}}],"collection":[{"href":"https:\/\/tecnoglobalgt.com\/es\/wp-json\/wp\/v2\/product"}],"about":[{"href":"https:\/\/tecnoglobalgt.com\/es\/wp-json\/wp\/v2\/types\/product"}],"replies":[{"embeddable":true,"href":"https:\/\/tecnoglobalgt.com\/es\/wp-json\/wp\/v2\/comments?post=2930"}],"wp:featuredmedia":[{"embeddable":true,"href":"https:\/\/tecnoglobalgt.com\/es\/wp-json\/wp\/v2\/media\/2932"}],"wp:attachment":[{"href":"https:\/\/tecnoglobalgt.com\/es\/wp-json\/wp\/v2\/media?parent=2930"}],"wp:term":[{"taxonomy":"product_cat","embeddable":true,"href":"https:\/\/tecnoglobalgt.com\/es\/wp-json\/wp\/v2\/product_cat?post=2930"},{"taxonomy":"product_tag","embeddable":true,"href":"https:\/\/tecnoglobalgt.com\/es\/wp-json\/wp\/v2\/product_tag?post=2930"}],"curies":[{"name":"wp","href":"https:\/\/api.w.org\/{rel}","templated":true}]}}