{"id":2886,"date":"2024-04-03T23:10:21","date_gmt":"2024-04-03T23:10:21","guid":{"rendered":"https:\/\/tecnoglobalgt.com\/es\/?post_type=product&#038;p=2886"},"modified":"2025-09-12T20:43:58","modified_gmt":"2025-09-12T20:43:58","slug":"brocs-venture-cam-camara-de-accion-4k-ultra-hd","status":"publish","type":"product","link":"https:\/\/tecnoglobalgt.com\/es\/product\/brocs-venture-cam-camara-de-accion-4k-ultra-hd\/","title":{"rendered":"BROCS, VENTURE CAM, CAMARA DE ACCION 4K ULTRA HD"},"content":{"rendered":"<h1 class=\"product_title entry-title\">Selfie Stick, Flotador, Pechera<\/h1>\n<h2><strong>Descripci\u00f3n<\/strong><\/h2>\n<ul>\n<li><strong>Caracter\u00edsticas:<\/strong>\u00a0Carcasa impermeable \/ Funci\u00f3n de disparo \/ Funci\u00f3n de fotograf\u00eda lenta \/ Bajo consumo de energ\u00eda<\/li>\n<li><strong>Pantalla:<\/strong>\u00a0t\u00e1ctil UHD de 2\u2033 y pantalla frontal de 1.3\u2033<\/li>\n<li><strong>Color:<\/strong>\u00a0negro<\/li>\n<li><strong>Resoluci\u00f3n video:<\/strong>\u00a0M\u00e1x. 4k, lente gran angular &gt; 170\u00b0<\/li>\n<li><strong>Formatos de video:<\/strong>\u00a04k, 2.7k, 1080P, 720P<\/li>\n<li><strong>Resoluci\u00f3n de foto:<\/strong>\u00a020mp, 16mp, 14mp, 10mp, 8mp, 5mp<\/li>\n<li><strong>Micro SD:<\/strong>\u00a0hasta 128gb<\/li>\n<li><strong>Conexiones:<\/strong>\u00a0USB2.0 \/ HDMI \/ WIFI<\/li>\n<li><strong>Bater\u00eda:<\/strong>\u00a0litio 1050mAh, intercambiable y f\u00e1cil de remplazar<\/li>\n<li><strong>Tiempo de carga:<\/strong>\u00a01.5 horas aproximadamente<\/li>\n<li><strong>Dimensiones:<\/strong>\u00a059.4 x 30.8 x 41.3 mm<\/li>\n<li><strong>Idiomas:<\/strong>\u00a0Chino, alem\u00e1n, ingl\u00e9s, franc\u00e9s, italiano, japon\u00e9s, coreano, portugu\u00e9s, chino<\/li>\n<li><strong>Incluye:<\/strong>\u00a0Estuche r\u00edgido, soporte para bicicleta, estuche impermeable, soporte vertical, soporte redondo, cuerda de alambre, pegatinas 3m, cubierta, anti polvo, cable USB y manual.<\/li>\n<\/ul>\n<p>&nbsp;<\/p>\n<p><iframe loading=\"lazy\" title=\"VentureCAM BROCS \/\/ Action cam con excelente rendimiento\" width=\"1020\" height=\"574\" src=\"https:\/\/www.youtube.com\/embed\/oSV3xVBtVzA?feature=oembed\" frameborder=\"0\" allow=\"accelerometer; autoplay; clipboard-write; encrypted-media; gyroscope; picture-in-picture; web-share\" referrerpolicy=\"strict-origin-when-cross-origin\" allowfullscreen><\/iframe><\/p>\n","protected":false},"excerpt":{"rendered":"<p>La venture cam es un producto de alta gama para satisfacer las necesidades del cliente. Cuenta con funciones como tomar videos HD hasta 4k, fotos, c\u00e1mara lenta, grabaci\u00f3n de voz, bater\u00eda intercambiable, entre otros. Es la mejor opci\u00f3n para deportes al aire libre, aprueba de agua, puede grabar cuando\u00a0y donde quiera.<\/p>\n","protected":false},"featured_media":2892,"comment_status":"open","ping_status":"closed","template":"","meta":[],"product_cat":[90,167],"product_tag":[],"class_list":{"0":"post-2886","1":"product","2":"type-product","3":"status-publish","4":"has-post-thumbnail","6":"product_cat-accesorios","7":"product_cat-accesorios-para-celular","9":"first","10":"outofstock","11":"taxable","12":"shipping-taxable","13":"purchasable","14":"product-type-simple"},"_links":{"self":[{"href":"https:\/\/tecnoglobalgt.com\/es\/wp-json\/wp\/v2\/product\/2886","targetHints":{"allow":["GET"]}}],"collection":[{"href":"https:\/\/tecnoglobalgt.com\/es\/wp-json\/wp\/v2\/product"}],"about":[{"href":"https:\/\/tecnoglobalgt.com\/es\/wp-json\/wp\/v2\/types\/product"}],"replies":[{"embeddable":true,"href":"https:\/\/tecnoglobalgt.com\/es\/wp-json\/wp\/v2\/comments?post=2886"}],"wp:featuredmedia":[{"embeddable":true,"href":"https:\/\/tecnoglobalgt.com\/es\/wp-json\/wp\/v2\/media\/2892"}],"wp:attachment":[{"href":"https:\/\/tecnoglobalgt.com\/es\/wp-json\/wp\/v2\/media?parent=2886"}],"wp:term":[{"taxonomy":"product_cat","embeddable":true,"href":"https:\/\/tecnoglobalgt.com\/es\/wp-json\/wp\/v2\/product_cat?post=2886"},{"taxonomy":"product_tag","embeddable":true,"href":"https:\/\/tecnoglobalgt.com\/es\/wp-json\/wp\/v2\/product_tag?post=2886"}],"curies":[{"name":"wp","href":"https:\/\/api.w.org\/{rel}","templated":true}]}}