{"id":2768,"date":"2024-03-06T23:55:00","date_gmt":"2024-03-06T23:55:00","guid":{"rendered":"https:\/\/tecnoglobalgt.com\/es\/?post_type=product&#038;p=2768"},"modified":"2024-03-19T17:14:44","modified_gmt":"2024-03-19T17:14:44","slug":"motherboard-asus-prime-j4005i-c-con-procesador-celeron-incorporado-1-mes-de-garantia","status":"publish","type":"product","link":"https:\/\/tecnoglobalgt.com\/es\/product\/motherboard-asus-prime-j4005i-c-con-procesador-celeron-incorporado-1-mes-de-garantia\/","title":{"rendered":"MOTHERBOARD ASUS PRIME J4005I-C CON PROCESADOR CELERON INCORPORADO 1 MES DE GARANTIA"},"content":{"rendered":"<div class=\"KvSummary__content__1uWlC\">\n<div class=\"KvSummary__productHeadiing__UPRDo KvSummary__themeWhite__21KI0\">Tarjeta madre de bajo consumo y sin ventilador para el procesador Intel Celeron\u00ae SoC J4005, con 2 x DDR4 2400\/2133 MHz, 5X Protection II y compatibilidad con HDMI\/D-Sub\/LVDS.<\/div>\n<div class=\"KvSummary__productIntro__1WXF- KvSummary__themeWhite__21KI0\">\n<ul>\n<li>Calidad probada: 5X Protection. M\u00e1s de 1000 dispositivos compatibles. M\u00e1s de 8000 horas de validaci\u00f3n.<\/li>\n<li>AI Suite 3: Acceso integral a funciones innovadoras de ASUS.<\/li>\n<li>Nuevo BIOS UEFI y modo EZ: M\u00e1s amigable, m\u00e1s f\u00e1cil e intuitivo con informaci\u00f3n \u00fatil agregada.<\/li>\n<\/ul>\n<\/div>\n<\/div>\n<div class=\"KvSummary__OPProductMainImage__1Dy4f\">\n<div class=\"KvSummary__logoWrapper__2hRTy\"><\/div>\n<div class=\"KvSummary__imageWrapper__3tn4t\"><img decoding=\"async\" src=\"https:\/\/www.asus.com\/media\/global\/products\/tpDSsY0FgOipo4Xz\/P_setting_xxx_0_90_end_692.png\" alt=\"PRIME J4005I-C\" \/><\/div>\n<\/div>\n<div><\/div>\n<div>\n<section class=\"TechSpec__section__9V8DZ\">\n<div id=\"productTableBody\" class=\"TechSpec__productTable__1imwW\">\n<div class=\"TechSpec__rowTableBox__1AiRJ\">\n<div class=\"TechSpec__rowTable__1LR9D TechSpec__rowTableModel__31bdI\">\n<div class=\"TechSpec__rowTableTitle__3GLj4\"><\/div>\n<\/div>\n<div class=\"TechSpec__rowTable__1LR9D\">\n<div class=\"rowTableItemViewBox TechSpec__rowTableItemViewBox__edVaL undefined\">\n<div class=\"TechSpec__rowTableItemBox__8tmQd\">\n<div class=\"TechSpec__rowTableItems__KYWXp\">\n<div class=\"TechSpec__rowTableTitle__3GLj4\">\n<div class=\"rowTableTitle\"><strong>Model:<\/strong><\/div>\n<div class=\"rowTableTitle\"><span style=\"font-size: 14.4px;\">PRIME J4005I-C<\/span><\/div>\n<div>\n<div class=\"TechSpec__rowTableTitle__3GLj4\">\n<div><\/div>\n<div class=\"rowTableTitle\"><strong>UPC: <\/strong><\/div>\n<div class=\"rowTableTitle\"><span style=\"font-size: 14.4px;\">Procesadores integrados SoC Intel\u00ae Celeron\u00ae Dual-Core J4005<\/span><\/div>\n<div>\n<div class=\"TechSpec__rowTableTitle__3GLj4\">\n<div><\/div>\n<div class=\"rowTableTitle\"><strong>Memoria:<\/strong><\/div>\n<div class=\"rowTableTitle\"><span style=\"font-size: 14.4px;\">2 x U-DIMM, m\u00e1x.\u00a08 GB, DDR4 2400\/2133 MHz Sin ECC, Memoria sin b\u00fafer *\u00a0<\/span><sup>1<\/sup><\/div>\n<\/div>\n<div class=\"rowTableItemViewBox TechSpec__rowTableItemViewBox__edVaL undefined\">\n<div class=\"TechSpec__rowTableItemBox__8tmQd\">\n<div class=\"TechSpec__rowTableItems__KYWXp\"><span>Arquitectura de memoria de doble canal<\/span><br \/>\n<span>* Consulte\u00a0<\/span><a href=\"http:\/\/www.asus.com\/\"><span>www.asus.com<\/span><\/a><span>\u00a0para conocer la memoria QVL (listas de proveedores calificados).<\/span><\/div>\n<div><\/div>\n<div><strong>Gr\u00e1ficos:<\/strong><\/div>\n<div><span>Procesador de gr\u00e1ficos integrado<\/span><br \/>\n<span>Soporte de salida Multi-VGA: Puertos HDMI\/RGB\/LVDS<\/span><br \/>\n<span>&#8211; Soporta HDMI con m\u00e1x.\u00a0resoluci\u00f3n 4096 x 2304 @ 24 Hz<\/span><br \/>\n<span>&#8211; Soporta LVDS con m\u00e1x.\u00a0resoluci\u00f3n 1920 x 1200 @ 60 Hz<\/span><br \/>\n<span>&#8211; Admite RGB con m\u00e1x.\u00a0resoluci\u00f3n 1920 x 1200 @ 60 Hz<\/span><br \/>\n<span>Memoria compartida m\u00e1xima de 512 MB (exclusivamente para iGPU)<\/span><br \/>\n<span>Admite hasta 3 pantallas simult\u00e1neamente<\/span><\/div>\n<\/div>\n<\/div>\n<div><\/div>\n<div><strong>Almacenamiento:<\/strong><\/div>\n<\/div>\n<\/div>\n<\/div>\n<\/div>\n<\/div>\n<\/div>\n<\/div>\n<\/div>\n<\/div>\n<\/div>\n<\/section>\n<div class=\"disclaimerWrapper Disclaimer__wrapper__2btGc Disclaimer__themeWhite__3RVLp\">\n<div class=\"Disclaimer__content__3XxG- Disclaimer__themeWhite__3RVLp\">\n<div class=\"TechSpec__rowTable__1LR9D\">\n<div class=\"rowTableItemViewBox TechSpec__rowTableItemViewBox__edVaL undefined\">\n<div class=\"TechSpec__rowTableItemBox__8tmQd\">\n<div class=\"TechSpec__rowTableItems__KYWXp\"><span>1 x M.2 Socket 3, con M Key, soporte para dispositivos de almacenamiento tipo 2260\/2280 (modo PCIE)<\/span><br \/>\n<span>2 x puerto(s) SATA de 6 Gb\/s,<\/span><\/div>\n<\/div>\n<\/div>\n<\/div>\n<div class=\"TechSpec__rowTable__1LR9D\">\n<div class=\"TechSpec__rowTableTitle__3GLj4\">\n<div><\/div>\n<div class=\"rowTableTitle\"><strong>Y:<\/strong><\/div>\n<\/div>\n<div class=\"rowTableItemViewBox TechSpec__rowTableItemViewBox__edVaL undefined\">\n<div class=\"TechSpec__rowTableItemBox__8tmQd\">\n<div class=\"TechSpec__rowTableItems__KYWXp\"><span>Realtek\u00ae RTL8111H, 1 controlador(es) LAN Gigabit<\/span><\/div>\n<\/div>\n<\/div>\n<\/div>\n<div class=\"TechSpec__rowTable__1LR9D\">\n<div class=\"TechSpec__rowTableTitle__3GLj4\">\n<div><\/div>\n<div class=\"rowTableTitle\"><strong>Audio:<\/strong><\/div>\n<\/div>\n<div class=\"rowTableItemViewBox TechSpec__rowTableItemViewBox__edVaL undefined\">\n<div class=\"TechSpec__rowTableItemBox__8tmQd\">\n<div class=\"TechSpec__rowTableItems__KYWXp\"><span>CODEC de audio de alta definici\u00f3n de 8 canales Realtek\u00ae ALC887-VD2 *\u00a0<\/span><sup><span>2<\/span><\/sup><br \/>\n<span>&#8211; Admite: detecci\u00f3n de conector, reasignaci\u00f3n de conector del panel frontal<\/span><\/div>\n<div><\/div>\n<\/div>\n<\/div>\n<\/div>\n<div class=\"TechSpec__rowTable__1LR9D\">\n<div class=\"TechSpec__rowTableTitle__3GLj4\">\n<div class=\"rowTableTitle\"><strong>Puertos USB:<\/strong><\/div>\n<\/div>\n<div class=\"rowTableItemViewBox TechSpec__rowTableItemViewBox__edVaL undefined\">\n<div class=\"TechSpec__rowTableItemBox__8tmQd\">\n<div class=\"TechSpec__rowTableItems__KYWXp\"><strong><span>Controlador incorporado:<\/span><\/strong><br \/>\n<span>4 x puerto(s) USB 3.1 Gen 1 (2 en el panel posterior, 2 en la placa central)<\/span><br \/>\n<strong><span>Controlador incorporado:<\/span><\/strong><br \/>\n<span>2 x puerto(s) USB 2.0 (2 en el panel posterior,)<\/span><br \/>\n<strong><span>GL852G USB Hub:<\/span><\/strong><br \/>\n<span>4 x puerto(s) USB (4 en el medio de la placa)<\/span><\/div>\n<\/div>\n<\/div>\n<\/div>\n<div class=\"TechSpec__rowTable__1LR9D\">\n<div class=\"TechSpec__rowTableTitle__3GLj4\">\n<div><\/div>\n<div class=\"rowTableTitle\"><strong>Caracteristicas Especiales:<\/strong><\/div>\n<\/div>\n<div class=\"rowTableItemViewBox TechSpec__rowTableItemViewBox__edVaL undefined\">\n<div class=\"TechSpec__rowTableItemBox__8tmQd\">\n<div class=\"TechSpec__rowTableItems__KYWXp\"><strong><span>ASUS 5X Protection II:<\/span><\/strong><br \/>\n<span>&#8211; ASUS LANGuard &#8211; Tolerancia a sobretensiones 2,5 veces mayor<\/span><br \/>\n<span>&#8211; Protecci\u00f3n contra sobretensi\u00f3n de ASUS &#8211; Dise\u00f1o de energ\u00eda de protecci\u00f3n de circuitos de clase mundial<\/span><br \/>\n<span>&#8211; Protecci\u00f3n contra sobrecorriente DRAM de ASUS &#8211; Previene da\u00f1os por cortocircuitos<\/span><br \/>\n<span>&#8211; E\/S trasera de acero inoxidable de ASUS &#8211; Corrosi\u00f3n 3X -Resistencia para mayor durabilidad<\/span><br \/>\n<span>&#8211; Protectores ESD de ASUS &#8211; Protecci\u00f3n contra descargas electrost\u00e1ticas<\/span><\/div>\n<div class=\"TechSpec__rowTableItems__KYWXp\"><strong><span>Funciones exclusivas de ASUS<\/span><\/strong><span>\u00a0:<\/span><br \/>\n<span>&#8211; AI Suite 3<\/span><br \/>\n<span>&#8211; Cargador Ai<\/span><br \/>\n<strong><span>Soluci\u00f3n t\u00e9rmica silenciosa de ASUS<\/span><\/strong><span>\u00a0:<\/span><br \/>\n<span>&#8211; Dise\u00f1o elegante sin ventilador Soluci\u00f3n de disipador de calor<\/span><br \/>\n<strong><span>ASUS EZ DIY:<\/span><\/strong><br \/>\n<span>&#8211; ASUS EZ Flash 3\u00a0<\/span><br \/>\n<span>&#8211; ASUS MyLogo 2\u00a0<\/span><br \/>\n<span>&#8211; Modo ASUS UEFI BIOS EZ<\/span><br \/>\n<strong><span>ASUS Q-Design:<\/span><\/strong><br \/>\n<span>&#8211; ASUS Q-DIMM<\/span><\/div>\n<\/div>\n<\/div>\n<\/div>\n<div class=\"TechSpec__rowTable__1LR9D\">\n<div class=\"TechSpec__rowTableTitle__3GLj4\">\n<div><\/div>\n<div class=\"rowTableTitle\"><strong>Soporte del sistema operativo:<\/strong><\/div>\n<\/div>\n<div class=\"rowTableItemViewBox TechSpec__rowTableItemViewBox__edVaL undefined\">\n<div class=\"TechSpec__rowTableItemBox__8tmQd\">\n<div class=\"TechSpec__rowTableItems__KYWXp\"><span>Windows\u00ae 10 Linux de 64 bits<\/span><\/div>\n<div><\/div>\n<\/div>\n<\/div>\n<\/div>\n<div class=\"TechSpec__rowTable__1LR9D\">\n<div class=\"TechSpec__rowTableTitle__3GLj4\">\n<div class=\"rowTableTitle\"><strong>Puertos I\/O Traseros:<\/strong><\/div>\n<\/div>\n<div class=\"rowTableItemViewBox TechSpec__rowTableItemViewBox__edVaL undefined\">\n<div class=\"TechSpec__rowTableItemBox__8tmQd\">\n<div class=\"TechSpec__rowTableItems__KYWXp\"><span>1 teclado PS\/2 (p\u00farpura)<\/span><br \/>\n<span>1 mouse PS\/2 (verde)<\/span><br \/>\n<span>1 D-Sub<\/span><br \/>\n<span>1 HDMI<\/span><br \/>\n<span>1 puerto(s) LAN (RJ45)<\/span><br \/>\n<span>2 USB 3.1 Gen 1,<\/span><br \/>\n<span>2 USB 2.0<\/span><br \/>\n<span>1 COM Puerto(s)<\/span><br \/>\n<span>3 x Conector(es) de audio<\/span><\/div>\n<\/div>\n<\/div>\n<\/div>\n<div class=\"TechSpec__rowTable__1LR9D\">\n<div class=\"TechSpec__rowTableTitle__3GLj4\">\n<div><\/div>\n<div class=\"rowTableTitle\"><strong>E\/S interna:<\/strong><\/div>\n<\/div>\n<div class=\"rowTableItemViewBox TechSpec__rowTableItemViewBox__edVaL undefined\">\n<div class=\"TechSpec__rowTableItemBox__8tmQd\">\n<div class=\"TechSpec__rowTableItems__KYWXp\"><span>2 conectores USB 3.1 Gen 1 (hasta 5 Gbps) compatibles con 4 puertos USB 3.1 Gen 1 adicionales<\/span><br \/>\n<span>1 conector USB 2.0 compatible con 2 puertos USB 2.0 adicionales<\/span><br \/>\n<span>1 x M.2 Socket 1 con clave E, compatible con dispositivos WiFi\/BT tipo 2230 o modo PCIe\/USB<\/span><br \/>\n<span>1 x M.2 Socket 3 con clave M, compatible con dispositivos de almacenamiento tipo 2260\/2280 (modo PCIe x 2)<\/span><br \/>\n<span>1 x encabezado LPT<\/span><br \/>\n<span>1 x conector(es) de puerto(s) COM<\/span><br \/>\n<span>2 x conector(es) SATA de 6 Gb\/s<\/span><br \/>\n<span>1 x conector(es) de ventilador del chasis (1 x 4 pines)<\/span><br \/>\n<span>1 x encabezado(s) de salida S\/PDIF<\/span><br \/>\n<span>1 x 24-pin pin EATX Conector(es) de alimentaci\u00f3n<\/span><br \/>\n<span>1 x Conector(es) de alimentaci\u00f3n ATX 12V de 4 pines<\/span><br \/>\n<span>1 x Conector(es) de audio del panel frontal (AAFP)<\/span><br \/>\n<span>1 x Conector(es) de intrusi\u00f3n del chasis<\/span><br \/>\n<span>1 x Puente(s) CMOS transparente<\/span><br \/>\n<span>1 x Panel encabezado apagado<\/span><br \/>\n<span>1 x conector(es) LVDS<\/span><br \/>\n<span>1 x conector del panel del sistema<\/span><br \/>\n<span>1 x conector de brillo de la pantalla plana<\/span><br \/>\n<span>1 x selector de alimentaci\u00f3n VCC del panel de visualizaci\u00f3n<\/span><br \/>\n<span>1 x conector de altavoz<\/span><\/div>\n<\/div>\n<\/div>\n<\/div>\n<div class=\"TechSpec__rowTable__1LR9D\">\n<div class=\"TechSpec__rowTableTitle__3GLj4\">\n<div><\/div>\n<div class=\"rowTableTitle\"><strong>Accesorios:<\/strong><\/div>\n<div><span style=\"font-size: 14.4px;\">Manual de usuario<\/span><\/div>\n<\/div>\n<div class=\"rowTableItemViewBox TechSpec__rowTableItemViewBox__edVaL undefined\">\n<div class=\"TechSpec__rowTableItemBox__8tmQd\">\n<div class=\"TechSpec__rowTableItems__KYWXp\"><span>I\/O Shield<\/span><br \/>\n<span>2 x cable(s) SATA 6Gb\/s<\/span><br \/>\n<span>2 x Paquete de tornillos M.2<\/span><\/div>\n<\/div>\n<\/div>\n<\/div>\n<div class=\"TechSpec__rowTable__1LR9D\">\n<div class=\"TechSpec__rowTableTitle__3GLj4\">\n<div><\/div>\n<div class=\"rowTableTitle\"><strong>BIOS:<\/strong><\/div>\n<\/div>\n<div class=\"rowTableItemViewBox TechSpec__rowTableItemViewBox__edVaL undefined\">\n<div class=\"TechSpec__rowTableItemBox__8tmQd\">\n<div class=\"TechSpec__rowTableItems__KYWXp\"><span>128 Mb Flash ROM, UEFI AMI BIOS, PnP, DMI2.0, WfM2.0, SM BIOS 3.0, ACPI 6.0, BIOS multiling\u00fce, ASUS EZ Flash 3, Mis favoritos, Nota r\u00e1pida, Registro de \u00faltima modificaci\u00f3n, F12 PrintScreen, F3 Funciones de acceso directo e informaci\u00f3n de memoria ASUS DRAM SPD (Serial Presence Detect), preparada para ErP<\/span><\/div>\n<\/div>\n<\/div>\n<\/div>\n<div class=\"TechSpec__rowTable__1LR9D\">\n<div class=\"TechSpec__rowTableTitle__3GLj4\">\n<div><\/div>\n<div class=\"rowTableTitle\"><strong>Capacidad de gesti\u00f3n:<\/strong><\/div>\n<\/div>\n<div class=\"rowTableItemViewBox TechSpec__rowTableItemViewBox__edVaL undefined\">\n<div class=\"TechSpec__rowTableItemBox__8tmQd\">\n<div class=\"TechSpec__rowTableItems__KYWXp\"><span>WfM 2.0, DMI 2.0, WOL por PME, PXE<\/span><\/div>\n<\/div>\n<\/div>\n<\/div>\n<div class=\"TechSpec__rowTable__1LR9D\">\n<div class=\"TechSpec__rowTableTitle__3GLj4\">\n<div><\/div>\n<div class=\"rowTableTitle\"><strong>Disco Soporte:<\/strong><\/div>\n<\/div>\n<div class=\"rowTableItemViewBox TechSpec__rowTableItemViewBox__edVaL undefined\">\n<div class=\"TechSpec__rowTableItemBox__8tmQd\">\n<div class=\"TechSpec__rowTableItems__KYWXp\"><span>Controladores<\/span><br \/>\n<span>ASUS Utilities<\/span><br \/>\n<span>EZ Update<\/span><br \/>\n<span>Software antivirus (versi\u00f3n OEM)<\/span><\/div>\n<\/div>\n<\/div>\n<\/div>\n<div class=\"TechSpec__rowTable__1LR9D\">\n<div class=\"TechSpec__rowTableTitle__3GLj4\">\n<div><\/div>\n<div class=\"rowTableTitle\"><strong>Factor de forma:<\/strong><\/div>\n<\/div>\n<div class=\"rowTableItemViewBox TechSpec__rowTableItemViewBox__edVaL undefined\">\n<div class=\"TechSpec__rowTableItemBox__8tmQd\">\n<div class=\"TechSpec__rowTableItems__KYWXp\"><span>Factor de forma delgado Mini ITX<\/span><br \/>\n<span>6,7 pulgadas x 6,7 pulgadas (17 cm x 17 cm)<\/span><\/div>\n<\/div>\n<\/div>\n<\/div>\n<div class=\"TechSpec__rowTable__1LR9D\">\n<div class=\"TechSpec__rowTableTitle__3GLj4\">\n<div><\/div>\n<div class=\"rowTableTitle\"><strong>Nota:<\/strong><\/div>\n<\/div>\n<div class=\"rowTableItemViewBox TechSpec__rowTableItemViewBox__edVaL undefined\">\n<div class=\"TechSpec__rowTableItemBox__8tmQd\">\n<div class=\"TechSpec__rowTableItems__KYWXp\"><span>*1 Le recomendamos que utilice m\u00f3dulos de memoria de 8 GB o menos.<\/span><br \/>\n<span>*2 Utilice un chasis con m\u00f3dulo de audio HD en el panel frontal para admitir una salida de audio de 8 canales<\/span><\/div>\n<\/div>\n<\/div>\n<\/div>\n<\/div>\n<\/div>\n<\/div>\n","protected":false},"excerpt":{"rendered":"<p>Tarjeta madre de bajo consumo y sin ventilador para el procesador Intel Celeron\u00ae SoC J4005, con 2 x DDR4 2400\/2133 MHz, 5X Protection II y compatibilidad con HDMI\/D-Sub\/LVDS. Calidad probada: 5X Protection. M\u00e1s de 1000 dispositivos compatibles. M\u00e1s de 8000 horas de validaci\u00f3n. AI Suite 3: Acceso integral a funciones innovadoras de ASUS. Nuevo BIOS [&#8230;]\n","protected":false},"featured_media":2773,"comment_status":"open","ping_status":"closed","template":"","meta":[],"product_cat":[239,240],"product_tag":[],"class_list":{"0":"post-2768","1":"product","2":"type-product","3":"status-publish","4":"has-post-thumbnail","6":"product_cat-componentes-para-pc","7":"product_cat-tarjeta-madre","9":"first","10":"outofstock","11":"taxable","12":"shipping-taxable","13":"purchasable","14":"product-type-simple"},"_links":{"self":[{"href":"https:\/\/tecnoglobalgt.com\/es\/wp-json\/wp\/v2\/product\/2768","targetHints":{"allow":["GET"]}}],"collection":[{"href":"https:\/\/tecnoglobalgt.com\/es\/wp-json\/wp\/v2\/product"}],"about":[{"href":"https:\/\/tecnoglobalgt.com\/es\/wp-json\/wp\/v2\/types\/product"}],"replies":[{"embeddable":true,"href":"https:\/\/tecnoglobalgt.com\/es\/wp-json\/wp\/v2\/comments?post=2768"}],"wp:featuredmedia":[{"embeddable":true,"href":"https:\/\/tecnoglobalgt.com\/es\/wp-json\/wp\/v2\/media\/2773"}],"wp:attachment":[{"href":"https:\/\/tecnoglobalgt.com\/es\/wp-json\/wp\/v2\/media?parent=2768"}],"wp:term":[{"taxonomy":"product_cat","embeddable":true,"href":"https:\/\/tecnoglobalgt.com\/es\/wp-json\/wp\/v2\/product_cat?post=2768"},{"taxonomy":"product_tag","embeddable":true,"href":"https:\/\/tecnoglobalgt.com\/es\/wp-json\/wp\/v2\/product_tag?post=2768"}],"curies":[{"name":"wp","href":"https:\/\/api.w.org\/{rel}","templated":true}]}}