{"id":2757,"date":"2024-03-06T23:13:53","date_gmt":"2024-03-06T23:13:53","guid":{"rendered":"https:\/\/tecnoglobalgt.com\/es\/?post_type=product&#038;p=2757"},"modified":"2026-01-14T02:10:51","modified_gmt":"2026-01-14T02:10:51","slug":"disco-duro-kingston-ssd-500gb-nv2-nvme-m-2-3500mb-s-snv2s-500g","status":"publish","type":"product","link":"https:\/\/tecnoglobalgt.com\/es\/product\/disco-duro-kingston-ssd-500gb-nv2-nvme-m-2-3500mb-s-snv2s-500g\/","title":{"rendered":"DISCO DURO KINGSTON SSD 500GB NV2 NVME M.2 3500MB\/S SNV2S\/500G"},"content":{"rendered":"<div class=\"c-heading\">\n<div class=\"c-heading__block\">\n<div class=\"c-heading__block__header\">\n<h1 id=\"headline\">NV2 PCIe 4.0 NVMe SSD<span class=\"u-txt-subhead\">Rendimiento mejorado para los port\u00e1tiles y sistemas m\u00e1s delgados<\/span><\/h1>\n<\/div>\n<\/div>\n<\/div>\n<div class=\"l-inner\">\n<div class=\"s-productLite__intro\">\n<p>El disco SSD NVMe PCIe 4.0 NV2 es una soluci\u00f3n de almacenamiento de nueva generaci\u00f3n mejorada basada en un controlador NVME Gen 4&#215;4. NV2 alcanza velocidades de lectura\/escritura de hasta 3.500\/2.800 MB\/s<sup class=\"u-txt-footnote\" data-original=\"{{Footnote.N64559}}\">1<\/sup>, con menor consumo el\u00e9ctrico y generando menos calor, con lo cual optimiza el rendimiento de su sistema y mejora su valor sin sacrificar nada.<\/p>\n<ul class=\"s-ecommerce__details__features ecommerce-features\" data-pn-bullet=\"C\u00f3digo de art\u00edculo:\">\n<li>Rendimiento de NVMe PCIe Gen 4&#215;4<\/li>\n<li>Hasta 3.500 MB\/s en lectura y 2.100 MB\/s en escritura<\/li>\n<li>Software de clonaci\u00f3n no incluido<\/li>\n<li>C\u00f3digo de art\u00edculo: SNV2S\/500G<\/li>\n<\/ul>\n<\/div>\n<\/div>\n","protected":false},"excerpt":{"rendered":"<p>NV2 PCIe 4.0 NVMe SSDRendimiento mejorado para los port\u00e1tiles y sistemas m\u00e1s delgados El disco SSD NVMe PCIe 4.0 NV2 es una soluci\u00f3n de almacenamiento de nueva generaci\u00f3n mejorada basada en un controlador NVME Gen 4&#215;4. NV2 alcanza velocidades de lectura\/escritura de hasta 3.500\/2.800 MB\/s1, con menor consumo el\u00e9ctrico y generando menos calor, con lo [&#8230;]\n","protected":false},"featured_media":2759,"comment_status":"open","ping_status":"closed","template":"","meta":[],"product_brand":[],"product_cat":[171,225],"product_tag":[],"class_list":{"0":"post-2757","1":"product","2":"type-product","3":"status-publish","4":"has-post-thumbnail","6":"product_cat-almacenamiento","7":"product_cat-discos-duros-estado-solido","9":"first","10":"outofstock","11":"taxable","12":"shipping-taxable","13":"purchasable","14":"product-type-simple"},"_links":{"self":[{"href":"https:\/\/tecnoglobalgt.com\/es\/wp-json\/wp\/v2\/product\/2757","targetHints":{"allow":["GET"]}}],"collection":[{"href":"https:\/\/tecnoglobalgt.com\/es\/wp-json\/wp\/v2\/product"}],"about":[{"href":"https:\/\/tecnoglobalgt.com\/es\/wp-json\/wp\/v2\/types\/product"}],"replies":[{"embeddable":true,"href":"https:\/\/tecnoglobalgt.com\/es\/wp-json\/wp\/v2\/comments?post=2757"}],"wp:featuredmedia":[{"embeddable":true,"href":"https:\/\/tecnoglobalgt.com\/es\/wp-json\/wp\/v2\/media\/2759"}],"wp:attachment":[{"href":"https:\/\/tecnoglobalgt.com\/es\/wp-json\/wp\/v2\/media?parent=2757"}],"wp:term":[{"taxonomy":"product_brand","embeddable":true,"href":"https:\/\/tecnoglobalgt.com\/es\/wp-json\/wp\/v2\/product_brand?post=2757"},{"taxonomy":"product_cat","embeddable":true,"href":"https:\/\/tecnoglobalgt.com\/es\/wp-json\/wp\/v2\/product_cat?post=2757"},{"taxonomy":"product_tag","embeddable":true,"href":"https:\/\/tecnoglobalgt.com\/es\/wp-json\/wp\/v2\/product_tag?post=2757"}],"curies":[{"name":"wp","href":"https:\/\/api.w.org\/{rel}","templated":true}]}}