{"id":2741,"date":"2024-02-28T16:29:04","date_gmt":"2024-02-28T16:29:04","guid":{"rendered":"https:\/\/tecnoglobalgt.com\/es\/?post_type=product&#038;p=2741"},"modified":"2025-09-13T18:19:26","modified_gmt":"2025-09-13T18:19:26","slug":"disco-duro-kingston-estado-solido-ssd-240gb-2-5-a400","status":"publish","type":"product","link":"https:\/\/tecnoglobalgt.com\/es\/product\/disco-duro-kingston-estado-solido-ssd-240gb-2-5-a400\/","title":{"rendered":"DISCO DURO KINGSTON ESTADO SOLIDO SSD 240GB 2.5 A400"},"content":{"rendered":"<ul>\n<li>La unidad A400 de estado s\u00f3lido de Kingston ofrece enormes mejoras en la velocidad de respuesta, sin actualizaciones adicionales del hardware. Brinda lapsos de arranque, carga y de transferencia de archivos incre\u00edblemente m\u00e1s breves en comparaci\u00f3n con las unidades de disco duro mec\u00e1nico.<\/li>\n<li>Apoyada en su controlador de la m\u00e1s reciente generaci\u00f3n, que ofrece velocidades de lectura y escritura de hasta 500 MB\/s y 450 MB\/s<sup class=\"u-txt-footnote\" data-original=\"{{Footnote.N56784}}\">1<\/sup>, respectivamente, esta unidad SSD es 10 veces m\u00e1s r\u00e1pida que los discos duros tradicionales y provee un mejor rendimiento, velocidad de respuesta ultrarr\u00e1pida en el procesamiento multitareas y una aceleraci\u00f3n general del sistema. Adem\u00e1s son m\u00e1s fiables y duraderas que las unidades de disco duro.<\/li>\n<\/ul>\n","protected":false},"excerpt":{"rendered":"<p><strong>ESPECIFICACIONES:<\/strong><\/p>\n<ul>\n<li><strong>Factor de forma:\u00a0<\/strong>2,5<\/li>\n<li><strong>Interfaz:\u00a0<\/strong>SATA Rev. 3.0 (6 Gb\/s), retro compatible con SATA Rev. 2.0 (3 Gb\/s)<\/li>\n<li><strong>Capacidad:\u00a0<\/strong>240GB<\/li>\n<li><strong>NAND:\u00a0<\/strong>3D<\/li>\n<li><strong>Transferencia de datos (ATTO):<\/strong>\u00a0hasta 500 MB\/s en lectura y 350 MB\/s en escritura<\/li>\n<li><strong>Consumo de energ\u00eda:\u00a0<\/strong>0,195 W en reposo \/ 0,279 W promedio \/ 0,642 W (m\u00e1x.) lectura \/ 1,535 W (m\u00e1x.) escritura<\/li>\n<li><strong>Temperatura de almacenamiento:<\/strong>\u00a0-40\u00b0C~85\u00b0C<\/li>\n<li><strong>Temperatura de servicio:<\/strong>\u00a00\u00b0C~70\u00b0C<\/li>\n<li><strong>Dimensiones:\u00a0<\/strong>100,0 mm x 69,9 mm x 7,0 mm (2,5\u201d)<\/li>\n<li><strong>Peso:<\/strong>\u00a041 g (240 GB \u2013 2,5\u201d)<\/li>\n<li><strong>Vibraci\u00f3n en funcionamiento:<\/strong>\u00a02,17 G m\u00e1xima (7\u2013800 Hz)<\/li>\n<li><strong>Vibraci\u00f3n en reposo:<\/strong>\u00a020 G m\u00e1xima (10\u20132000 Hz)<\/li>\n<li><strong>Vida \u00fatil:\u00a0<\/strong>1 mill\u00f3n de horas MTBF<\/li>\n<\/ul>\n","protected":false},"featured_media":2742,"comment_status":"open","ping_status":"closed","template":"","meta":[],"product_cat":[171,225],"product_tag":[],"class_list":{"0":"post-2741","1":"product","2":"type-product","3":"status-publish","4":"has-post-thumbnail","6":"product_cat-almacenamiento","7":"product_cat-discos-duros-estado-solido","9":"first","10":"outofstock","11":"taxable","12":"shipping-taxable","13":"purchasable","14":"product-type-simple"},"_links":{"self":[{"href":"https:\/\/tecnoglobalgt.com\/es\/wp-json\/wp\/v2\/product\/2741","targetHints":{"allow":["GET"]}}],"collection":[{"href":"https:\/\/tecnoglobalgt.com\/es\/wp-json\/wp\/v2\/product"}],"about":[{"href":"https:\/\/tecnoglobalgt.com\/es\/wp-json\/wp\/v2\/types\/product"}],"replies":[{"embeddable":true,"href":"https:\/\/tecnoglobalgt.com\/es\/wp-json\/wp\/v2\/comments?post=2741"}],"wp:featuredmedia":[{"embeddable":true,"href":"https:\/\/tecnoglobalgt.com\/es\/wp-json\/wp\/v2\/media\/2742"}],"wp:attachment":[{"href":"https:\/\/tecnoglobalgt.com\/es\/wp-json\/wp\/v2\/media?parent=2741"}],"wp:term":[{"taxonomy":"product_cat","embeddable":true,"href":"https:\/\/tecnoglobalgt.com\/es\/wp-json\/wp\/v2\/product_cat?post=2741"},{"taxonomy":"product_tag","embeddable":true,"href":"https:\/\/tecnoglobalgt.com\/es\/wp-json\/wp\/v2\/product_tag?post=2741"}],"curies":[{"name":"wp","href":"https:\/\/api.w.org\/{rel}","templated":true}]}}