{"id":2735,"date":"2024-02-28T16:12:46","date_gmt":"2024-02-28T16:12:46","guid":{"rendered":"https:\/\/tecnoglobalgt.com\/es\/?post_type=product&#038;p=2735"},"modified":"2025-02-04T21:20:01","modified_gmt":"2025-02-04T21:20:01","slug":"impresora-canon-multifuncional-g3170-teclado-gamer","status":"publish","type":"product","link":"https:\/\/tecnoglobalgt.com\/es\/product\/impresora-canon-multifuncional-g3170-teclado-gamer\/","title":{"rendered":"IMPRESORA CANON MULTIFUNCIONAL G3170 + MOCHILA KEEP"},"content":{"rendered":"<section class=\"page__section page__section--dark page__section--section02\">\n<div class=\"row text-center\">\n<div class=\"col-xs-12\">\n<h2 class=\"tilelit\">IMPRESORA MULTIFUNCIONAL<\/h2>\n<h3 class=\"subtitl\">En nuestro mundo moderno de trabajo h\u00edbrido, las oficinas peque\u00f1as y los hogares ocupados buscan continuamente tecnolog\u00eda que respalde su productividad. Canon U.S.A., Inc., l\u00edder en soluciones de imagen digital, se complace en anunciar la nueva impresora multifuncional de inyecci\u00f3n de tinta, la G3170, que ampl\u00eda la l\u00ednea de productos PIXMA MegaTank. La nueva impresora PIXMA MegaTank puede ayudar a los usuarios dom\u00e9sticos que buscan un costo total de propiedad atractivo.<\/h3>\n<p><img decoding=\"async\" src=\"https:\/\/www.tiendacanon.com.mx\/wcsstore\/cmex\/es_MX\/marketing\/cmex-web-development\/mega-tank-g3170\/mega-tank-g3170_sec02img01.png\" alt=\"iconos de trabajo h\u00edbrido, las oficinas peque\u00f1as y los hogares\" \/><\/p>\n<\/div>\n<\/div>\n<\/section>\n<section class=\"page__section page__section--white page__section--section03\">\n<div class=\"row middle-xs no-gutter\">\n<div class=\"col-xs-12 col-sm-6 col-md-6 col-lg-6\"><img decoding=\"async\" src=\"https:\/\/www.tiendacanon.com.mx\/wcsstore\/cmex\/es_MX\/marketing\/cmex-web-development\/mega-tank-g3170\/mega-tank-g3170_sec03img01.jpg\" alt=\"La impresora G3170 imprime 6,000 p\u00e1ginas en blanco y negro y 7,700 a color con un juego de tinta.\" \/><\/div>\n<div class=\"col-xs-12 col-sm-6 col-md-6 col-lg-6 last-xs\">\n<div class=\"centered\">\n<p class=\"siz_txt\"><span class=\"tip_negr\">ADMINISTRA CARGAS DE TRABAJO M\u00c1S GRANDES<\/span><\/p>\n<p>La impresora G3170 tiene la capacidad de imprimir aproximadamente 6,000 p\u00e1ginas a blanco y negro y 7,700 p\u00e1ginas a color con un solo juego de botellas de tinta.<\/p>\n<p><img decoding=\"async\" src=\"https:\/\/www.tiendacanon.com.mx\/wcsstore\/cmex\/es_MX\/marketing\/cmex-web-development\/mega-tank-g3170\/mega-tank-g3170_sec03img1.png\" alt=\"Administra cargas de trabajo mas grandes\" \/><\/p>\n<\/div>\n<\/div>\n<\/div>\n<div class=\"row middle-xs no-gutter\">\n<div class=\"col-xs-12 col-sm-6 col-md-6 col-lg-6 last-xs first-sm first-md first-lg\">\n<div class=\"centered\">\n<p class=\"siz_txt\"><span class=\"tip_negr\">CALIDAD Y DURABILIDAD DE LAS IMPRESIONES<\/span><\/p>\n<p>Las botellas de tinta de alta capacidad tienen un mega rendimiento. Botella de tinta de pigmento negro con 170 ml de capacidad y botellas de tinta de color con capacidad de 70 ml cada una. La formulaci\u00f3n de tinta negra a base de pigmentos permite obtener un texto negro n\u00edtido y de larga duraci\u00f3n.<\/p>\n<\/div>\n<\/div>\n<div class=\"col-xs-12 col-sm-6 col-md-6 col-lg-6\"><img decoding=\"async\" src=\"https:\/\/www.tiendacanon.com.mx\/wcsstore\/cmex\/es_MX\/marketing\/cmex-web-development\/mega-tank-g3170\/mega-tank-g3170_sec03img02.jpg\" alt=\"Botellas de tinta de alta capacidad para texto negro duradero: 170 ml de tinta negra, 70 ml de tinta de color.\" \/><\/div>\n<\/div>\n<div class=\"row middle-xs no-gutter\">\n<div class=\"col-xs-12 col-sm-6 col-md-6 col-lg-6\"><img decoding=\"async\" src=\"https:\/\/www.tiendacanon.com.mx\/wcsstore\/cmex\/es_MX\/marketing\/cmex-web-development\/mega-tank-g3170\/mega-tank-g3170_sec03img03.jpg\" alt=\"Tanques de tinta integrados con recarga sencilla y botellas que encajan f\u00e1cilmente.\" \/><\/div>\n<div class=\"col-xs-12 col-sm-6 col-md-6 col-lg-6 last-xs\">\n<div class=\"centered\">\n<p class=\"siz_txt\"><span class=\"tip_negr\">F\u00c1CIL DE RECARGAR<\/span><\/p>\n<p>Los tanques de tinta integrados te permiten ver cu\u00e1nta tinta queda. Rellenar los tanques es m\u00e1s f\u00e1cil y sencillo ya que cada botella tiene una v\u00e1lvula que embona con cada tanque de color.<\/p>\n<p><img decoding=\"async\" src=\"https:\/\/www.tiendacanon.com.mx\/wcsstore\/cmex\/es_MX\/marketing\/cmex-web-development\/mega-tank-g3170\/mega-tank-g3170_sec03img2.png\" alt=\"Permiten ver cu\u00e1nta tinta queda\" \/><\/p>\n<\/div>\n<\/div>\n<\/div>\n<div class=\"row middle-xs no-gutter\">\n<div class=\"col-xs-12 col-sm-6 col-md-6 col-lg-6 last-xs first-sm first-md first-lg\">\n<div class=\"centered\">\n<p class=\"siz_txt\"><span class=\"tip_negr\">A\u00daN M\u00c1S F\u00c1CIL Y R\u00c1PIDO<\/span><\/p>\n<p>Realice su trabajo con una pantalla de segmentos de 3.0 cm LCD intuitiva y de f\u00e1cil uso.<\/p>\n<\/div>\n<\/div>\n<div class=\"col-xs-12 col-sm-6 col-md-6 col-lg-6\"><img decoding=\"async\" src=\"https:\/\/www.tiendacanon.com.mx\/wcsstore\/cmex\/es_MX\/marketing\/cmex-web-development\/mega-tank-g3170\/mega-tank-g3170_sec03img04.jpg\" alt=\"Trabaje con una pantalla LCD de 3.0 cm f\u00e1cil de usar.\" \/><\/div>\n<\/div>\n<div class=\"row middle-xs no-gutter\">\n<div class=\"col-xs-12 col-sm-6 col-md-6 col-lg-6\"><img decoding=\"async\" src=\"https:\/\/www.tiendacanon.com.mx\/wcsstore\/cmex\/es_MX\/marketing\/cmex-web-development\/mega-tank-g3170\/mega-tank-g3170_sec03img05.jpg\" alt=\"Imprime desde tus dispositivos m\u00f3viles con Canon Print, Apple AirPrint\u00ae y Mopria.\" \/><\/div>\n<div class=\"col-xs-12 col-sm-6 col-md-6 col-lg-6 last-xs\">\n<div class=\"centered\">\n<p class=\"siz_txt\"><span class=\"tip_negr\">IMPRESI\u00d3N DESDE TU DISPOSITIVO M\u00d3VIL<\/span><\/p>\n<p>Imprime desde tus dispositivos m\u00f3viles favoritos a trav\u00e9s de la aplicaci\u00f3n gratuita Canon Print. Manda a imprimir con el Apple AirPrint\u00ae y Mopria Print Service\u00ae.<\/p>\n<p><img decoding=\"async\" src=\"https:\/\/www.tiendacanon.com.mx\/wcsstore\/cmex\/es_MX\/marketing\/cmex-web-development\/mega-tank-g3170\/mega-tank-g3170_sec03img3.png\" alt=\"Apple AirPrint\u00ae y Mopria Print Service\u00ae\" \/><\/p>\n<\/div>\n<\/div>\n<\/div>\n<div class=\"row middle-xs no-gutter\">\n<div class=\"col-xs-12 col-sm-6 col-md-6 col-lg-6 last-xs first-sm first-md first-lg\">\n<div class=\"centered\">\n<p class=\"siz_txt\"><span class=\"tip_negr\">DISE\u00d1O COMPACTO<\/span><\/p>\n<p>Tama\u00f1o compacto dise\u00f1ado para adaptarse a su hogar o su lugar de trabajo.<\/p>\n<p>NOTA: La disponibilidad de color puede variar dependiendo del pa\u00eds.<\/p>\n<\/div>\n<\/div>\n<div class=\"col-xs-12 col-sm-6 col-md-6 col-lg-6\"><img decoding=\"async\" src=\"https:\/\/www.tiendacanon.com.mx\/wcsstore\/cmex\/es_MX\/marketing\/cmex-web-development\/mega-tank-g3170\/mega-tank-g3170_sec03img06.jpg\" alt=\"Compacto para hogar o trabajo.\" \/><\/div>\n<\/div>\n<div class=\"row middle-xs no-gutter\">\n<div class=\"col-xs-12 col-sm-6 col-md-6 col-lg-6\"><img decoding=\"async\" src=\"https:\/\/www.tiendacanon.com.mx\/wcsstore\/cmex\/es_MX\/marketing\/cmex-web-development\/mega-tank-g3170\/mega-tank-g3170_sec03img07.jpg\" alt=\"Mantenimiento sencillo y econ\u00f3mico con cabezales de impresi\u00f3n y esponjas reemplazables por el usuario.\" \/><\/div>\n<div class=\"col-xs-12 col-sm-6 col-md-6 col-lg-6 last-xs\">\n<div class=\"centered\">\n<p class=\"siz_txt\"><span class=\"tip_negr\">F\u00c1CIL MANTENIMIENTO SIN SALIR DE CASA<\/span><\/p>\n<p>Mantenimiento mucho m\u00e1s r\u00e1pido, f\u00e1cil y econ\u00f3mico gracias a los nuevos cabezales de impresi\u00f3n y kit de esponjas absorbentes reemplazables por el mismo usuario. Ahora puedes reemplazar f\u00e1cilmente estas piezas en la comodidad de tu hogar u oficina.<\/p>\n<\/div>\n<\/div>\n<\/div>\n<\/section>\n<section class=\"page__section page__section--section05\">\n<header class=\"page__section__header\">\n<h2 class=\"page__section__header__h tip_negr text-center\">Consumibles compatibles<\/h2>\n<\/header>\n<div class=\"row bottom-xs\">\n<div class=\"col-xs-12 col-sm-3 col-md-3 col-lg-3\">\n<div class=\"cnn-box\">\n<figure><img loading=\"lazy\" decoding=\"async\" class=\"alignnone\" src=\"https:\/\/www.tiendacanon.com.mx\/wcsstore\/cmex\/es_MX\/marketing\/cmex-web-development\/mega-tank-g3170\/mega-tank-g3170_sec04_img01.jpg\" alt=\"GI-11 PGBK\" width=\"319\" height=\"312\" \/><\/p>\n<p class=\"txt_cons_comp text-center\"><span class=\"tip_negr\">GI-11 PGBK<\/span><br \/>\nBotella de Tinta de Pigmento Negro<\/p>\n<\/figure>\n<\/div>\n<\/div>\n<div class=\"col-xs-12 col-sm-3 col-md-3 col-lg-3\">\n<div class=\"cnn-box\">\n<figure><img loading=\"lazy\" decoding=\"async\" class=\"alignnone\" src=\"https:\/\/www.tiendacanon.com.mx\/wcsstore\/cmex\/es_MX\/marketing\/cmex-web-development\/mega-tank-g3170\/mega-tank-g3170_sec04_img02.jpg\" alt=\"GI-11 Y\" width=\"319\" height=\"312\" \/><\/p>\n<p class=\"txt_cons_comp text-center\"><span class=\"tip_negr\">GI-11 Y<\/span><br \/>\nBotella de Tinta de Color Amarillo<\/p>\n<\/figure>\n<\/div>\n<\/div>\n<div class=\"col-xs-12 col-sm-3 col-md-3 col-lg-3\">\n<div class=\"cnn-box\">\n<figure><img loading=\"lazy\" decoding=\"async\" class=\"alignnone\" src=\"https:\/\/www.tiendacanon.com.mx\/wcsstore\/cmex\/es_MX\/marketing\/cmex-web-development\/mega-tank-g3170\/mega-tank-g3170_sec04_img03.jpg\" alt=\"GI-11 C\" width=\"319\" height=\"312\" \/><\/p>\n<p class=\"txt_cons_comp text-center\"><span class=\"tip_negr\">GI-11 C<\/span><br \/>\nBotella de Tinta Color Cyan<\/p>\n<\/figure>\n<\/div>\n<\/div>\n<div class=\"col-xs-12 col-sm-3 col-md-3 col-lg-3\">\n<div class=\"cnn-box\">\n<figure><img loading=\"lazy\" decoding=\"async\" class=\"alignnone\" src=\"https:\/\/www.tiendacanon.com.mx\/wcsstore\/cmex\/es_MX\/marketing\/cmex-web-development\/mega-tank-g3170\/mega-tank-g3170_sec04_img04.jpg\" alt=\"GI-11 M\" width=\"319\" height=\"312\" \/><\/p>\n<p class=\"txt_cons_comp text-center\"><span class=\"tip_negr\">GI-11 M<\/span><br \/>\nBotella de Tinta de Color Magenta<\/p>\n<\/figure>\n<\/div>\n<\/div>\n<\/div>\n<\/section>\n<section class=\"page__section page__section--section05\">\n<div class=\"row bottom-xs\">\n<div class=\"col-xs-12 col-sm-2 col-md-2 col-lg-2\"><\/div>\n<div class=\"col-xs-12 col-sm-4 col-md-4 col-lg-4\">\n<div class=\"cnn-box\">\n<figure><img loading=\"lazy\" decoding=\"async\" class=\"alignnone\" src=\"https:\/\/www.tiendacanon.com.mx\/wcsstore\/cmex\/es_MX\/marketing\/cmex-web-development\/mega-tank-g3170\/mega-tank-g3170_sec04_img05.jpg\" alt=\"cabezales de impresi\u00f3n\" width=\"319\" height=\"312\" \/><\/p>\n<p class=\"txt_cons_comp text-center\"><span class=\"tip_negr\">CABEZALES DE IMPRESI\u00d3N<\/span><br \/>\nNegro BH-10, Color CH-10<\/p>\n<\/figure>\n<\/div>\n<\/div>\n<div class=\"col-xs-12 col-sm-4 col-md-4 col-lg-4\">\n<div class=\"cnn-box\">\n<figure><img loading=\"lazy\" decoding=\"async\" class=\"alignnone\" src=\"https:\/\/www.tiendacanon.com.mx\/wcsstore\/cmex\/es_MX\/marketing\/cmex-web-development\/mega-tank-g3170\/mega-tank-g3170_sec04_img06.jpg\" alt=\"cartucho de mantenimiento\" width=\"319\" height=\"312\" \/><\/p>\n<p class=\"txt_cons_comp text-center\"><span class=\"tip_negr\">CARTUCHO DE MANTENIMIENTO<\/span><br \/>\nMC-G04 WW<\/p>\n<\/figure>\n<\/div>\n<\/div>\n<\/div>\n<\/section>\n","protected":false},"excerpt":{"rendered":"<div class=\"col12 acol12 ccol9 tabbedSlots9_10_11\">\n<div class=\"tabButtonContainer show-for-large\" role=\"tablist\">\n<div id=\"tab2Widget\" class=\"tab left hide-for-medium-down\" role=\"tabpanel\" data-slot-id=\"12\" aria-labelledby=\"tab2\">\n<div class=\"content\">1. Impresora multifuncional de inyecci\u00f3n de tinta con tanques integrados.<br \/>\n2. Sistema h\u00edbrido de tintas: La tinta negra est\u00e1 hecha a base de pigmentos que dan un texto mucho m\u00e1s n\u00edtido; las tintas Cian, Magenta y Amarillo est\u00e1n hechas a base de tintes, lo que permite tener im\u00e1genes con una gama de color mucho m\u00e1s vibrantes.<br \/>\n3. Ten un llenado de tanques m\u00e1s limpio y f\u00e1cil gracias a v\u00e1lvulas especiales las cuales embonan con las entradas de la impresora; cada color tiene una v\u00e1lvula especial que solo embona con el color del tanque, para evitar que los tanques sean llenados de otro color de manera accidental.<br \/>\n4. Alarga la vida de tu equipo gracias a los kits de cabezales y al cartucho de mantenimiento. Puedes hacer el cambio en 5 minutos desde tu casa u oficina.<br \/>\n5. Conexi\u00f3n por USB de alta velocidad y por Wi-Fi\u00ae (Inal\u00e1mbrica LAN, 2.4)<br \/>\n6. Compatibilidad con Windows y iOS Mac<\/p>\n<div class=\"definingAttributes\"><\/div>\n<div class=\"disclaimer\">\n<p>&nbsp;<\/p>\n<\/div>\n<\/div>\n<\/div>\n<\/div>\n<\/div>\n<div class=\"col12 acol12 ccol3 left slot10 recommended-prod hidden-mobile\" data-slot-id=\"10\">\n<div id=\"contentRecommendationWidget_10_-2005_13951\" class=\"contentRecommendationWidget\">\n<div class=\"left_espot\"><\/div>\n<\/div>\n<div id=\"contentRecommendationWidget_10_-2005_50962\" class=\"contentRecommendationWidget\">\n<div class=\"left_espot\">\n<section id=\"m-fixedBtn\">\n<div class=\"m-wrapper\"><\/div>\n<\/section>\n<\/div>\n<\/div>\n<\/div>\n","protected":false},"featured_media":2739,"comment_status":"open","ping_status":"closed","template":"","meta":[],"product_cat":[183,184],"product_tag":[],"class_list":{"0":"post-2735","1":"product","2":"type-product","3":"status-publish","4":"has-post-thumbnail","6":"product_cat-impresoras","7":"product_cat-multifuncionales","9":"first","10":"instock","11":"taxable","12":"shipping-taxable","13":"purchasable","14":"product-type-simple"},"_links":{"self":[{"href":"https:\/\/tecnoglobalgt.com\/es\/wp-json\/wp\/v2\/product\/2735","targetHints":{"allow":["GET"]}}],"collection":[{"href":"https:\/\/tecnoglobalgt.com\/es\/wp-json\/wp\/v2\/product"}],"about":[{"href":"https:\/\/tecnoglobalgt.com\/es\/wp-json\/wp\/v2\/types\/product"}],"replies":[{"embeddable":true,"href":"https:\/\/tecnoglobalgt.com\/es\/wp-json\/wp\/v2\/comments?post=2735"}],"wp:featuredmedia":[{"embeddable":true,"href":"https:\/\/tecnoglobalgt.com\/es\/wp-json\/wp\/v2\/media\/2739"}],"wp:attachment":[{"href":"https:\/\/tecnoglobalgt.com\/es\/wp-json\/wp\/v2\/media?parent=2735"}],"wp:term":[{"taxonomy":"product_cat","embeddable":true,"href":"https:\/\/tecnoglobalgt.com\/es\/wp-json\/wp\/v2\/product_cat?post=2735"},{"taxonomy":"product_tag","embeddable":true,"href":"https:\/\/tecnoglobalgt.com\/es\/wp-json\/wp\/v2\/product_tag?post=2735"}],"curies":[{"name":"wp","href":"https:\/\/api.w.org\/{rel}","templated":true}]}}