{"id":2729,"date":"2024-02-28T16:00:03","date_gmt":"2024-02-28T16:00:03","guid":{"rendered":"https:\/\/tecnoglobalgt.com\/es\/?post_type=product&#038;p=2729"},"modified":"2025-02-04T21:20:18","modified_gmt":"2025-02-04T21:20:18","slug":"impresora-canon-multifuncional-g2170-mochila-keep","status":"publish","type":"product","link":"https:\/\/tecnoglobalgt.com\/es\/product\/impresora-canon-multifuncional-g2170-mochila-keep\/","title":{"rendered":"IMPRESORA CANON MULTIFUNCIONAL G2170 + RESMA DE PAPEL CANON"},"content":{"rendered":"<p><strong>CARACTERISTICAS:<\/strong><\/p>\n<p>1. Impresora multifuncional de inyecci\u00f3n de tinta con tanques integrados.<br \/>\n2. Sistema h\u00edbrido de tintas: La tinta negra est\u00e1 hecha a base de pigmentos que dan un texto mucho m\u00e1s n\u00edtido; las tintas Cian, Magenta y Amarillo est\u00e1n hechas a base de tintes, lo que permite tener im\u00e1genes con una gama de color mucho m\u00e1s vibrantes.<br \/>\n3. Ten un llenado de tanques m\u00e1s limpio y f\u00e1cil gracias a v\u00e1lvulas especiales las cuales embonan con las entradas de la impresora; cada color tiene una v\u00e1lvula especial que solo embona con el color del tanque, para evitar que los tanques sean llenados de otro color de manera accidental.<br \/>\n4. Alarga la vida de tu equipo gracias a los kits de cabezales y al cartucho de mantenimiento. Puedes hacer el cambio en 5 minutos desde tu casa u oficina.<br \/>\n5. Conexi\u00f3n por USB de alta velocidad<br \/>\n6. Compatibilidad con Windows y iOS Mac<\/p>\n<p><strong>7. cable de datos NO INCLUIDO<\/strong><\/p>\n<p><strong>ESPECIFICACIONES:<\/strong><\/p>\n<div class=\"row row_border \">\n<div class=\"heading\"><strong>Caracter\u00edsticas del copiado :<\/strong><\/div>\n<div class=\"item\">Copia est\u00e1ndar, copia sin bordes\u00b3, Copia de documento, Ajuste de p\u00e1gina, Copia m\u00faltiple (hasta 99 p\u00e1ginas), Fotocopia<\/div>\n<\/div>\n<div class=\"row row_border zebra\">\n<div class=\"heading\"><strong>Velocidad de impresi\u00f3n :<\/strong><\/div>\n<div class=\"item\">Documento en Blanco y Negro (Carta) Aprox. 11.0 ipm Documento en color (Carta) Aprox. 6.0 ipm<\/div>\n<\/div>\n<div class=\"row row_border \">\n<div class=\"heading\"><strong>Resoluci\u00f3n de impresi\u00f3n :<\/strong><\/div>\n<div class=\"item\">Hasta 4800 x 1200 dpi<\/div>\n<\/div>\n<div class=\"row row_border zebra\">\n<div class=\"heading\"><strong>Ciclo de trabajo :<\/strong><\/div>\n<div class=\"item\">Hasta 3,000 P\u00e1ginas \/ Mes<\/div>\n<\/div>\n<div class=\"row row_border \">\n<div class=\"heading\"><strong>N\u00famero de boquillas :<\/strong><\/div>\n<div class=\"item\">Color (C\/M\/Y): 384&#215;3 \/ Pigmento negro: 640 \/ Total: 1,792<\/div>\n<\/div>\n<div class=\"row row_border \">\n<div class=\"heading\"><strong>Caracter\u00edsticas de Impresora :<\/strong><\/div>\n<div class=\"item\">Impresi\u00f3n de documentos, Impresi\u00f3n de fotograf\u00edas, Impresi\u00f3n inal\u00e1mbrica\u00b3, impresi\u00f3n de tarjetas de presentaci\u00f3n, Impresi\u00f3n de tarjetas de felicitaci\u00f3n, Impresi\u00f3n de etiquetas, Compatibilidad con impresiones sobre papel cuadrado, Compatibilidad con papel mate de doble cara<\/div>\n<\/div>\n<div class=\"row row_border zebra\">\n<div class=\"heading\"><strong>Notificaci\u00f3n Autom\u00e1tica :<\/strong><\/div>\n<div class=\"item\">Y<\/div>\n<\/div>\n<div class=\"row row_border \">\n<div class=\"heading\"><strong>Capacidad de impresi\u00f3n :<\/strong><\/div>\n<div class=\"item\">Impresi\u00f3n de una cara (Simplex), Impresi\u00f3n sin bordes\u00b3 (3.5\u201d x 3.5\u201d hasta 8.5\u201d x 11\u201d, (8.9 x 8.9 x 27.9 cm))<\/div>\n<\/div>\n<div class=\"row zebra\">\n<div class=\"heading\"><strong>Esc\u00e1ner :<\/strong><\/div>\n<div class=\"item\">Escaneo de documentos, Escaneo de fotograf\u00edas.<\/div>\n<\/div>\n<div><\/div>\n<div><strong>QUE HAY EN LA CAJA:<\/strong><\/div>\n<div>\u2022 Multifuncional G2170<br \/>\n\u2022Cable de Poder<\/div>\n<div>\u2022Cabezal de Impresion BH-10<br \/>\n\u2022Cabezal de Impresion CH-10<br \/>\n\u2022Botella de Tinta Inicial: GI-11 (PGBK, C, M, A)<\/div>\n<div><\/div>\n","protected":false},"excerpt":{"rendered":"<p>CARACTERISTICAS: 1. Impresora multifuncional de inyecci\u00f3n de tinta con tanques integrados. 2. Sistema h\u00edbrido de tintas: La tinta negra est\u00e1 hecha a base de pigmentos que dan un texto mucho m\u00e1s n\u00edtido; las tintas Cian, Magenta y Amarillo est\u00e1n hechas a base de tintes, lo que permite tener im\u00e1genes con una gama de color mucho [&#8230;]\n","protected":false},"featured_media":2733,"comment_status":"open","ping_status":"closed","template":"","meta":[],"product_brand":[],"product_cat":[183,184],"product_tag":[],"class_list":{"0":"post-2729","1":"product","2":"type-product","3":"status-publish","4":"has-post-thumbnail","6":"product_cat-impresoras","7":"product_cat-multifuncionales","9":"first","10":"instock","11":"taxable","12":"shipping-taxable","13":"purchasable","14":"product-type-simple"},"_links":{"self":[{"href":"https:\/\/tecnoglobalgt.com\/es\/wp-json\/wp\/v2\/product\/2729","targetHints":{"allow":["GET"]}}],"collection":[{"href":"https:\/\/tecnoglobalgt.com\/es\/wp-json\/wp\/v2\/product"}],"about":[{"href":"https:\/\/tecnoglobalgt.com\/es\/wp-json\/wp\/v2\/types\/product"}],"replies":[{"embeddable":true,"href":"https:\/\/tecnoglobalgt.com\/es\/wp-json\/wp\/v2\/comments?post=2729"}],"wp:featuredmedia":[{"embeddable":true,"href":"https:\/\/tecnoglobalgt.com\/es\/wp-json\/wp\/v2\/media\/2733"}],"wp:attachment":[{"href":"https:\/\/tecnoglobalgt.com\/es\/wp-json\/wp\/v2\/media?parent=2729"}],"wp:term":[{"taxonomy":"product_brand","embeddable":true,"href":"https:\/\/tecnoglobalgt.com\/es\/wp-json\/wp\/v2\/product_brand?post=2729"},{"taxonomy":"product_cat","embeddable":true,"href":"https:\/\/tecnoglobalgt.com\/es\/wp-json\/wp\/v2\/product_cat?post=2729"},{"taxonomy":"product_tag","embeddable":true,"href":"https:\/\/tecnoglobalgt.com\/es\/wp-json\/wp\/v2\/product_tag?post=2729"}],"curies":[{"name":"wp","href":"https:\/\/api.w.org\/{rel}","templated":true}]}}