{"id":2670,"date":"2024-02-21T23:59:57","date_gmt":"2024-02-21T23:59:57","guid":{"rendered":"https:\/\/tecnoglobalgt.com\/es\/?post_type=product&#038;p=2670"},"modified":"2025-09-13T18:28:06","modified_gmt":"2025-09-13T18:28:06","slug":"teclado-klip-xtreme-multimedia-kkm-252s-ultra-delgado-color-negro","status":"publish","type":"product","link":"https:\/\/tecnoglobalgt.com\/es\/product\/teclado-klip-xtreme-multimedia-kkm-252s-ultra-delgado-color-negro\/","title":{"rendered":"TECLADO KLIP XTREME MULTIMEDIA KKM-252S ULTRA DELGADO COLOR NEGRO"},"content":{"rendered":"<h2>Complementa tu laptop o PC con este elegante teclado de perfil ultradelgado.<\/h2>\n<p>Dotado con 9 teclas para funciones especiales, el KKM-252S te permite tener acceso a pel\u00edculas, m\u00fasica, presentaciones de diapositivas, juegos o navegar por el internet con tan s\u00f3lo pulsar un bot\u00f3n. El dise\u00f1o moderno de las teclas con superficie plana ofrece un accionamiento suave de los controles, adem\u00e1s de una digitaci\u00f3n m\u00e1s c\u00f3moda, uniforme y silenciosa que los botones de un dispositivo convencional. Este<br \/>\nteclado multimedia, el cual se caracteriza por su estructura resistente y acabado l\u00e1ser de gran durabilidad, es el accesorio perfecto para tu monitor LCD, computadora de escritorio o dispositivo port\u00e1til.<\/p>\n<h6 class=\"font-weight-bolder d-inline-block pl-2\"><span style=\"font-size: 120%;\">Especificaciones:<\/span><\/h6>\n<div>\n<ul>\n<li><strong>Tipo: <\/strong>Teclado de tama\u00f1o natural en espa\u00f1ol<\/li>\n<li><strong>Interfaz:\u00a0<\/strong>USB<\/li>\n<li><strong>N\u00famero de controles:\u00a0<\/strong>116<\/li>\n<li><strong>Teclas multimedia:<\/strong>9 (Multimedia, Bajar \u2013 volumen, Subir + volumen, Silenciamiento, Pista anterior, Pista siguiente, Reproducir\/Pausa, Detener, Buscar)<\/li>\n<li><strong>Botones programables:\u00a0<\/strong>4 teclas FN (Fn+F9, F10, F11, F12)<\/li>\n<li><strong>Indicadores:\u00a0<\/strong>Bloq. num\u00e9rico y may\u00fascula<\/li>\n<li><strong>Requisitos del sistema:\u00a0<\/strong>Windows 10\/8\/7\/Vista\/XP\/2000, Mac OS, Mac\u00a0OS X<\/li>\n<li><strong>Longitud de cable:\u00a0<\/strong>1,5m<\/li>\n<li><strong>Dimensiones (LaxAnxAl):\u00a0<\/strong>44,4&#215;15,3&#215;2,1cm<\/li>\n<li><strong>Peso:\u00a0<\/strong>433g<\/li>\n<li><strong>Garant\u00eda:\u00a0<\/strong>Un a\u00f1o<\/li>\n<\/ul>\n<\/div>\n","protected":false},"excerpt":{"rendered":"<ul>\n<li>Estilo contempor\u00e1neo y sofisticado<\/li>\n<li>9 teclas multimedia de acceso instant\u00e1neo<\/li>\n<li>Teclas grandes, planas y de forma rectangular garantizan m\u00e1xima exactitud y velocidad de digitaci\u00f3n<\/li>\n<li>Configuraci\u00f3n autom\u00e1tica plug and play<\/li>\n<li>Patas ajustables permiten definir la inclinaci\u00f3n adecuada del teclado<\/li>\n<li>Con cable USB<\/li>\n<li>Un a\u00f1o de garant\u00eda<\/li>\n<\/ul>\n","protected":false},"featured_media":2677,"comment_status":"open","ping_status":"closed","template":"","meta":[],"product_cat":[173,175],"product_tag":[],"class_list":{"0":"post-2670","1":"product","2":"type-product","3":"status-publish","4":"has-post-thumbnail","6":"product_cat-perifericos","7":"product_cat-teclados","9":"first","10":"outofstock","11":"taxable","12":"shipping-taxable","13":"purchasable","14":"product-type-simple"},"_links":{"self":[{"href":"https:\/\/tecnoglobalgt.com\/es\/wp-json\/wp\/v2\/product\/2670","targetHints":{"allow":["GET"]}}],"collection":[{"href":"https:\/\/tecnoglobalgt.com\/es\/wp-json\/wp\/v2\/product"}],"about":[{"href":"https:\/\/tecnoglobalgt.com\/es\/wp-json\/wp\/v2\/types\/product"}],"replies":[{"embeddable":true,"href":"https:\/\/tecnoglobalgt.com\/es\/wp-json\/wp\/v2\/comments?post=2670"}],"wp:featuredmedia":[{"embeddable":true,"href":"https:\/\/tecnoglobalgt.com\/es\/wp-json\/wp\/v2\/media\/2677"}],"wp:attachment":[{"href":"https:\/\/tecnoglobalgt.com\/es\/wp-json\/wp\/v2\/media?parent=2670"}],"wp:term":[{"taxonomy":"product_cat","embeddable":true,"href":"https:\/\/tecnoglobalgt.com\/es\/wp-json\/wp\/v2\/product_cat?post=2670"},{"taxonomy":"product_tag","embeddable":true,"href":"https:\/\/tecnoglobalgt.com\/es\/wp-json\/wp\/v2\/product_tag?post=2670"}],"curies":[{"name":"wp","href":"https:\/\/api.w.org\/{rel}","templated":true}]}}