{"id":2659,"date":"2024-02-19T23:13:29","date_gmt":"2024-02-19T23:13:29","guid":{"rendered":"https:\/\/tecnoglobalgt.com\/es\/?post_type=product&#038;p=2659"},"modified":"2024-02-19T23:13:30","modified_gmt":"2024-02-19T23:13:30","slug":"tablet-lenovo-tab-m9-folio-case-4gb-ram-128gb-9-tb310xu","status":"publish","type":"product","link":"https:\/\/tecnoglobalgt.com\/es\/product\/tablet-lenovo-tab-m9-folio-case-4gb-ram-128gb-9-tb310xu\/","title":{"rendered":"TABLET LENOVO TAB M9 + FOLIO CASE 4GB RAM\/ 128GB \/ 9&#8243;\/ TB310XU"},"content":{"rendered":"<p><span lang=\"EN-US\"><strong style=\"font-size: 14.4px;\">CARACTERISTICAS:<\/strong><\/span><\/p>\n<ul>\n<li><span lang=\"ES\">Modelo TB310XU<\/span><\/li>\n<li>Pantalla 9\u201d HD 1340 x 800, IPS, touchscreen, 400 nits<\/li>\n<li><span lang=\"ES\">Procesador MediaTek Helio G80 2.0 GHz, Octa-Core<\/span><\/li>\n<li><span lang=\"ES\">Memoria 4 GB LPDDR4X<\/span><\/li>\n<li><span lang=\"ES\">Memoria interna de 64GB eMCP4x, expandible hasta 1TB<\/span><\/li>\n<li><span lang=\"ES\">C\u00e1mara Frontal: 2 MP FF\/trasera 5 MP AF<\/span><\/li>\n<li><span lang=\"EN-US\">Conectividad 4G LTE\/ Wifi 802.11 ac, Bluetooth 5.1<\/span><\/li>\n<li>Sonido\u00a0Dolby Atmos, 2 altavoces, 2 microfonos<\/li>\n<li>Bateria 5100mAh<\/li>\n<li><span lang=\"EN-US\">GPS, BEIDOU, A-GPS, GLONASS<\/span><\/li>\n<li>Puertos Audio\/Mic 3.5mm, ranura MicroSD, Nano SIM, USB Tipo-C<\/li>\n<li>Sistema operativo Android 12<\/li>\n<li>Incluye Folio Case + Film<\/li>\n<\/ul>\n","protected":false},"excerpt":{"rendered":"<h3 class=\"indirectContentHidden\">Rel\u00e1jate con estilo<\/h3>\n<ul>\n<li>Dise\u00f1o de metal de primera calidad en dos tonos<\/li>\n<li>Mira y haz m\u00e1s durante m\u00e1s tiempo con una bater\u00eda de larga duraci\u00f3n<\/li>\n<li>Inicio de sesi\u00f3n con reconocimiento facial r\u00e1pido y seguro<\/li>\n<li>Preparada para el futuro con tres a\u00f1os de actualizaciones de seguridad<\/li>\n<li>Altavoces est\u00e9reo duales con Dolby Atmos<sup>\u00ae<\/sup><\/li>\n<\/ul>\n","protected":false},"featured_media":2661,"comment_status":"open","ping_status":"closed","template":"","meta":[],"product_cat":[177,178],"product_tag":[],"class_list":{"0":"post-2659","1":"product","2":"type-product","3":"status-publish","4":"has-post-thumbnail","6":"product_cat-computadores","7":"product_cat-tableta","9":"first","10":"instock","11":"taxable","12":"shipping-taxable","13":"purchasable","14":"product-type-simple"},"_links":{"self":[{"href":"https:\/\/tecnoglobalgt.com\/es\/wp-json\/wp\/v2\/product\/2659","targetHints":{"allow":["GET"]}}],"collection":[{"href":"https:\/\/tecnoglobalgt.com\/es\/wp-json\/wp\/v2\/product"}],"about":[{"href":"https:\/\/tecnoglobalgt.com\/es\/wp-json\/wp\/v2\/types\/product"}],"replies":[{"embeddable":true,"href":"https:\/\/tecnoglobalgt.com\/es\/wp-json\/wp\/v2\/comments?post=2659"}],"wp:featuredmedia":[{"embeddable":true,"href":"https:\/\/tecnoglobalgt.com\/es\/wp-json\/wp\/v2\/media\/2661"}],"wp:attachment":[{"href":"https:\/\/tecnoglobalgt.com\/es\/wp-json\/wp\/v2\/media?parent=2659"}],"wp:term":[{"taxonomy":"product_cat","embeddable":true,"href":"https:\/\/tecnoglobalgt.com\/es\/wp-json\/wp\/v2\/product_cat?post=2659"},{"taxonomy":"product_tag","embeddable":true,"href":"https:\/\/tecnoglobalgt.com\/es\/wp-json\/wp\/v2\/product_tag?post=2659"}],"curies":[{"name":"wp","href":"https:\/\/api.w.org\/{rel}","templated":true}]}}