{"id":2610,"date":"2023-08-25T16:24:44","date_gmt":"2023-08-25T16:24:44","guid":{"rendered":"https:\/\/tecnoglobalgt.com\/es\/?post_type=product&#038;p=2610"},"modified":"2025-09-13T18:31:06","modified_gmt":"2025-09-13T18:31:06","slug":"teclado-xtech-gaming-usb-clb-armiger-xtk-510s","status":"publish","type":"product","link":"https:\/\/tecnoglobalgt.com\/es\/product\/teclado-xtech-gaming-usb-clb-armiger-xtk-510s\/","title":{"rendered":"TECLADO XTECH GAMING USB\/CLB ARMIGER XTK-510S"},"content":{"rendered":"<div>\n<h3>Caracter\u00edsticas<\/h3>\n<ul>\n<li>Iluminaci\u00f3n de fondo con efecto multicolor &#8211; luces LED con modos est\u00e1tico y c\u00edclico de iluminaci\u00f3n, m\u00e1s la conexi\u00f3n y desconexi\u00f3n de las luces<\/li>\n<li>12 teclas multimedia especiales \u2013 Control y acceso instant\u00e1neo a archivos de m\u00fasica, v\u00eddeos, correo electr\u00f3nico y mucho m\u00e1s<\/li>\n<li>Conexi\u00f3n USB con configuraci\u00f3n autom\u00e1tica plug and play \u2013 No necesita instalaci\u00f3n de controladores ni de software<\/li>\n<li>Ergon\u00f3mico \u2013 Reposamu\u00f1ecas integrado con superficie texturizada<\/li>\n<li>Patas de goma antideslizantes &#8211; Ofrecen gran estabilidad<\/li>\n<li><\/li>\n<\/ul>\n<h3>Especificaciones<\/h3>\n<\/div>\n<div>\n<ul>\n<li><b>Tipo:<\/b>Teclado para videojuegos con cable<\/li>\n<li><b>Idioma:<\/b>Espa\u00f1ol<\/li>\n<li><b>N\u00famero de teclas:<\/b>\u00a0105<\/li>\n<li><b>Teclas multimedia:<\/b>12 a trav\u00e9s de la tecla Fn, se activan las siguientes funciones: Inicio, E-mail, Reproducci\u00f3n\/Pausa, Detener, Retroceder, Avanzar, Subir volumen, Bajar volumen, Silenciamiento, Bloqueo del teclado y Calculadora<\/li>\n<li><b>Interfaz:<\/b>\u00a0USB<\/li>\n<li><b>Luz de fondo:<\/b>Iluminaci\u00f3n LED multicolor<\/li>\n<li><b>Indicadores:<\/b>Bloqueo de teclas NUM, MAY\u00daS y de DESPL<\/li>\n<li><b>Requisitos del sistema:<\/b>\u00a0Familia de Windows<\/li>\n<li><b>Dimensiones (LaxAnxAl):<\/b>43,8&#215;17,62&#215;4,17 2 \u00b10.5cm<\/li>\n<li><b>Peso:<\/b>621,3g \u00b15g<\/li>\n<li><b>Longitud del cable:<\/b>1,8m<\/li>\n<li><b>Garant\u00eda:<\/b>Un a\u00f1o<\/li>\n<\/ul>\n<\/div>\n","protected":false},"excerpt":{"rendered":"<div class=\"col-md-4 col-12\" data-v-6831a363=\"\">\n<ul>\n<li class=\"text-left text-grey p-3\"><strong><span class=\"font-weight-bold text-primary\" data-v-6831a363=\"\">Idioma : <\/span><\/strong>Espa\u00f1ol<\/li>\n<li class=\"text-left text-grey p-3\">\n<div data-v-6831a363=\"\"><strong style=\"font-size: 14.4px;\"><span class=\"font-weight-bold text-primary\" data-v-6831a363=\"\">Luz de fondo Iluminaci\u00f3n: <\/span><\/strong><span style=\"font-size: 14.4px;\">LED multicolor<\/span><\/div>\n<\/li>\n<li class=\"text-left text-grey p-3\">\n<div data-v-6831a363=\"\"><strong style=\"font-size: 14.4px;\"><span class=\"font-weight-bold text-primary\" data-v-6831a363=\"\">Interfaz : <\/span><\/strong><span style=\"font-size: 14.4px;\">USB<\/span><\/div>\n<\/li>\n<\/ul>\n<\/div>\n","protected":false},"featured_media":2611,"comment_status":"open","ping_status":"closed","template":"","meta":[],"product_brand":[],"product_cat":[84,173,175],"product_tag":[],"class_list":{"0":"post-2610","1":"product","2":"type-product","3":"status-publish","4":"has-post-thumbnail","6":"product_cat-gamers","7":"product_cat-perifericos","8":"product_cat-teclados","10":"first","11":"instock","12":"taxable","13":"shipping-taxable","14":"purchasable","15":"product-type-simple"},"_links":{"self":[{"href":"https:\/\/tecnoglobalgt.com\/es\/wp-json\/wp\/v2\/product\/2610","targetHints":{"allow":["GET"]}}],"collection":[{"href":"https:\/\/tecnoglobalgt.com\/es\/wp-json\/wp\/v2\/product"}],"about":[{"href":"https:\/\/tecnoglobalgt.com\/es\/wp-json\/wp\/v2\/types\/product"}],"replies":[{"embeddable":true,"href":"https:\/\/tecnoglobalgt.com\/es\/wp-json\/wp\/v2\/comments?post=2610"}],"wp:featuredmedia":[{"embeddable":true,"href":"https:\/\/tecnoglobalgt.com\/es\/wp-json\/wp\/v2\/media\/2611"}],"wp:attachment":[{"href":"https:\/\/tecnoglobalgt.com\/es\/wp-json\/wp\/v2\/media?parent=2610"}],"wp:term":[{"taxonomy":"product_brand","embeddable":true,"href":"https:\/\/tecnoglobalgt.com\/es\/wp-json\/wp\/v2\/product_brand?post=2610"},{"taxonomy":"product_cat","embeddable":true,"href":"https:\/\/tecnoglobalgt.com\/es\/wp-json\/wp\/v2\/product_cat?post=2610"},{"taxonomy":"product_tag","embeddable":true,"href":"https:\/\/tecnoglobalgt.com\/es\/wp-json\/wp\/v2\/product_tag?post=2610"}],"curies":[{"name":"wp","href":"https:\/\/api.w.org\/{rel}","templated":true}]}}