{"id":2588,"date":"2023-08-22T15:45:51","date_gmt":"2023-08-22T15:45:51","guid":{"rendered":"https:\/\/tecnoglobalgt.com\/es\/?post_type=product&#038;p=2588"},"modified":"2025-09-13T18:31:57","modified_gmt":"2025-09-13T18:31:57","slug":"teclado-xtech-multimedia-usb-cableado-xtk-130","status":"publish","type":"product","link":"https:\/\/tecnoglobalgt.com\/es\/product\/teclado-xtech-multimedia-usb-cableado-xtk-130\/","title":{"rendered":"TECLADO XTECH MULTIMEDIA USB\/CABLEADO XTK-130"},"content":{"rendered":"<div>\n<h3>Caracter\u00edsticas<\/h3>\n<ul>\n<li>Perfil delgado para f\u00e1cil transporte<\/li>\n<li>Resistentes patas traseras permiten ajustar f\u00e1cilmente el teclado en el \u00e1ngulo de inclinaci\u00f3n adecuado<\/li>\n<li>Control y acceso instant\u00e1neo a archivos de m\u00fasica, v\u00eddeos, correo electr\u00f3nico y mucho m\u00e1s, directamente desde el teclado<\/li>\n<\/ul>\n<h3>Especificaciones<\/h3>\n<\/div>\n<div><strong>Dispositivo<\/strong><\/p>\n<ul>\n<li><b>Tipo:<\/b>\u00a0Teclado de tama\u00f1o natural en espa\u00f1ol<\/li>\n<li><b>N\u00famero de teclas:<\/b>\u00a0105 teclas est\u00e1ndar m\u00e1s 8 teclas multimedia y 7 teclas de acceso r\u00e1pido<\/li>\n<li><b>Conectividad:<\/b>\u00a0Con cable<\/li>\n<li><b>Interfaz:<\/b>\u00a0USB<\/li>\n<li><b>Est\u00e1ndar de compatibilidad:<\/b>\u00a0Configuraci\u00f3n autom\u00e1tica plug and play<\/li>\n<li><b>Requisitos del sistema:<\/b>\u00a0Familia Windows\u00ae<\/li>\n<li><b>Color:<\/b>\u00a0Negro<\/li>\n<li><b>Indicadores de estado:<\/b>\u00a0Bloqueo num\u00e9rico, de may\u00fasculas y de desplazamiento<\/li>\n<li><b>Botones multimedia:<\/b>\u00a0Reproducci\u00f3n\/ Pausa, Pista anterior \/ siguiente, Volumen +\/-, Silenciamiento, Detener y Reproductor multimedia<\/li>\n<li><b>Peso:<\/b>\u00a0600g<\/li>\n<li><b>Dimensiones (LaxAnxAl):<\/b>\u00a044.5 x 16.7 x 2.2cm<\/li>\n<li><b>Longitud del cable:<\/b>\u00a01,35m<\/li>\n<li><b>Garant\u00eda:<\/b>\u00a0Un a\u00f1o<\/li>\n<\/ul>\n<\/div>\n","protected":false},"excerpt":{"rendered":"<div class=\"col-md-4 col-12\" data-v-6831a363=\"\">\n<ul>\n<li class=\"text-left text-grey p-3\"><strong><span class=\"font-weight-bold text-primary\" data-v-6831a363=\"\">Conectividad: <\/span><span style=\"font-size: 14.4px;\">Cable<\/span><\/strong><\/li>\n<li class=\"text-left text-grey p-3\"><strong style=\"font-size: 14.4px;\"><span class=\"font-weight-bold text-primary\" data-v-6831a363=\"\">Tipo: <\/span><\/strong><span style=\"font-size: 14.4px;\">Multimedia<\/span><\/li>\n<li class=\"text-left text-grey p-3\"><strong style=\"font-size: 14.4px;\"><span class=\"font-weight-bold text-primary\" data-v-6831a363=\"\">Idioma: <\/span><\/strong><span style=\"font-size: 14.4px;\">Espa\u00f1ol<\/span><\/li>\n<\/ul>\n<\/div>\n","protected":false},"featured_media":2589,"comment_status":"open","ping_status":"closed","template":"","meta":[],"product_brand":[],"product_cat":[173,175],"product_tag":[],"class_list":{"0":"post-2588","1":"product","2":"type-product","3":"status-publish","4":"has-post-thumbnail","6":"product_cat-perifericos","7":"product_cat-teclados","9":"first","10":"instock","11":"taxable","12":"shipping-taxable","13":"purchasable","14":"product-type-simple"},"_links":{"self":[{"href":"https:\/\/tecnoglobalgt.com\/es\/wp-json\/wp\/v2\/product\/2588","targetHints":{"allow":["GET"]}}],"collection":[{"href":"https:\/\/tecnoglobalgt.com\/es\/wp-json\/wp\/v2\/product"}],"about":[{"href":"https:\/\/tecnoglobalgt.com\/es\/wp-json\/wp\/v2\/types\/product"}],"replies":[{"embeddable":true,"href":"https:\/\/tecnoglobalgt.com\/es\/wp-json\/wp\/v2\/comments?post=2588"}],"wp:featuredmedia":[{"embeddable":true,"href":"https:\/\/tecnoglobalgt.com\/es\/wp-json\/wp\/v2\/media\/2589"}],"wp:attachment":[{"href":"https:\/\/tecnoglobalgt.com\/es\/wp-json\/wp\/v2\/media?parent=2588"}],"wp:term":[{"taxonomy":"product_brand","embeddable":true,"href":"https:\/\/tecnoglobalgt.com\/es\/wp-json\/wp\/v2\/product_brand?post=2588"},{"taxonomy":"product_cat","embeddable":true,"href":"https:\/\/tecnoglobalgt.com\/es\/wp-json\/wp\/v2\/product_cat?post=2588"},{"taxonomy":"product_tag","embeddable":true,"href":"https:\/\/tecnoglobalgt.com\/es\/wp-json\/wp\/v2\/product_tag?post=2588"}],"curies":[{"name":"wp","href":"https:\/\/api.w.org\/{rel}","templated":true}]}}