{"id":2502,"date":"2023-08-11T18:06:06","date_gmt":"2023-08-11T18:06:06","guid":{"rendered":"https:\/\/tecnoglobalgt.com\/es\/?post_type=product&#038;p=2502"},"modified":"2023-08-11T18:06:06","modified_gmt":"2023-08-11T18:06:06","slug":"extension-usb-xtech-xtc-301-6ft-1-8m-color-negro","status":"publish","type":"product","link":"https:\/\/tecnoglobalgt.com\/es\/product\/extension-usb-xtech-xtc-301-6ft-1-8m-color-negro\/","title":{"rendered":"EXTENSION USB XTECH XTC-301 6FT\/1.8M COLOR NEGRO"},"content":{"rendered":"<p><strong>ESPECIFICACIONES:<\/strong><\/p>\n<ul>\n<li><strong>Tipo:<\/strong>\u00a0Cable de extensi\u00f3n USB para dispositivos perif\u00e9ricos de computaci\u00f3n<\/li>\n<li><strong>Tipo de conector:\u00a0<\/strong>USB macho A a hembra A<\/li>\n<li><strong>Velocidades de transmisi\u00f3n:<\/strong>\u00a0480Mbps<\/li>\n<li><strong>Calibre del cable:\u00a0<\/strong>30 AWG<\/li>\n<li><strong>Di\u00e1metro exterior:<\/strong>\u00a03,8mm<\/li>\n<li><strong>Material del conductor:<\/strong>\u00a0Acero revestido de cobre<\/li>\n<li><strong>Revestimiento:\u00a0<\/strong>PVC<\/li>\n<li><strong>Color:\u00a0<\/strong>Negro<\/li>\n<li><strong>Longitud:<\/strong>\u00a01,8m<\/li>\n<li><strong>Garant\u00eda:\u00a0<\/strong>Un a\u00f1o<\/li>\n<\/ul>\n<div class=\"row no-gutters align-items-stretch justify-content-center align-content-center\" data-v-6831a363=\"\">\n<div class=\"col-md-6 order-lg-0 col-12 order-0\" data-v-6831a363=\"\"><img decoding=\"async\" class=\"img-fluid w-100\" src=\"https:\/\/xtech-frontend.s3.amazonaws.com\/media\/img\/XTC-301_305_306-DT01.jpg\" data-v-6831a363=\"\" \/><\/div>\n<div class=\"bg-secondary p-4 p-md-5 d-flex flex-column justify-content-center align-items-center col-md-6 order-lg-1 col-12 order-1\" data-v-6831a363=\"\">\n<p class=\"text-grey text-left banner-text\" data-v-6831a363=\"\">Extiende la conexi\u00f3n USB entre tu computador y perif\u00e9ricos<\/p>\n<\/div>\n<\/div>\n<div class=\"row no-gutters align-items-stretch justify-content-center align-content-center\" data-v-6831a363=\"\">\n<div class=\"col-md-6 order-lg-1 col-12 order-0\" data-v-6831a363=\"\"><img decoding=\"async\" class=\"img-fluid w-100\" src=\"https:\/\/xtech-frontend.s3.amazonaws.com\/media\/img\/XTC-301_305_306-DT02.jpg\" data-v-6831a363=\"\" \/><\/div>\n<div class=\"bg-secondary p-4 p-md-5 d-flex flex-column justify-content-center align-items-center col-md-6 order-lg-0 col-12 order-1\" data-v-6831a363=\"\">\n<p class=\"text-grey text-left banner-text\" data-v-6831a363=\"\">Conectores blindados para minimizar las interferencias y mejorar el rendimiento<\/p>\n<\/div>\n<\/div>\n<div class=\"row no-gutters align-items-stretch justify-content-center align-content-center\" data-v-6831a363=\"\">\n<div class=\"col-md-6 order-lg-0 col-12 order-0\" data-v-6831a363=\"\"><img decoding=\"async\" class=\"img-fluid w-100\" src=\"https:\/\/xtech-frontend.s3.amazonaws.com\/media\/img\/XTC-301_305_306-DT03.jpg\" data-v-6831a363=\"\" \/><\/div>\n<div class=\"bg-secondary p-4 p-md-5 d-flex flex-column justify-content-center align-items-center col-md-6 order-lg-1 col-12 order-1\" data-v-6831a363=\"\">\n<p class=\"text-grey text-left banner-text\" data-v-6831a363=\"\">Revestimiento de PVC flexible<\/p>\n<\/div>\n<\/div>\n","protected":false},"excerpt":{"rendered":"<div class=\"col-md-4 col-12\" data-v-6831a363=\"\">\n<div data-v-6831a363=\"\"><strong>CARACTER\u00cdSTICAS:<\/strong><\/div>\n<ul>\n<li class=\"text-left text-grey p-3\"><strong><span class=\"font-weight-bold text-primary\" data-v-6831a363=\"\">Calibre del cable : <\/span><\/strong>30 AWG<\/li>\n<li class=\"text-left text-grey p-3\"><strong>Velocidades de transmisi\u00f3n:<\/strong> 480Mbps<\/li>\n<li class=\"text-left text-grey p-3\"><strong>Longitud :<\/strong> 1,8m<\/li>\n<\/ul>\n<\/div>\n","protected":false},"featured_media":2504,"comment_status":"open","ping_status":"closed","template":"","meta":[],"product_cat":[168],"product_tag":[],"class_list":{"0":"post-2502","1":"product","2":"type-product","3":"status-publish","4":"has-post-thumbnail","6":"product_cat-cables","8":"first","9":"instock","10":"taxable","11":"shipping-taxable","12":"purchasable","13":"product-type-simple"},"_links":{"self":[{"href":"https:\/\/tecnoglobalgt.com\/es\/wp-json\/wp\/v2\/product\/2502","targetHints":{"allow":["GET"]}}],"collection":[{"href":"https:\/\/tecnoglobalgt.com\/es\/wp-json\/wp\/v2\/product"}],"about":[{"href":"https:\/\/tecnoglobalgt.com\/es\/wp-json\/wp\/v2\/types\/product"}],"replies":[{"embeddable":true,"href":"https:\/\/tecnoglobalgt.com\/es\/wp-json\/wp\/v2\/comments?post=2502"}],"wp:featuredmedia":[{"embeddable":true,"href":"https:\/\/tecnoglobalgt.com\/es\/wp-json\/wp\/v2\/media\/2504"}],"wp:attachment":[{"href":"https:\/\/tecnoglobalgt.com\/es\/wp-json\/wp\/v2\/media?parent=2502"}],"wp:term":[{"taxonomy":"product_cat","embeddable":true,"href":"https:\/\/tecnoglobalgt.com\/es\/wp-json\/wp\/v2\/product_cat?post=2502"},{"taxonomy":"product_tag","embeddable":true,"href":"https:\/\/tecnoglobalgt.com\/es\/wp-json\/wp\/v2\/product_tag?post=2502"}],"curies":[{"name":"wp","href":"https:\/\/api.w.org\/{rel}","templated":true}]}}