{"id":2490,"date":"2023-08-11T17:48:23","date_gmt":"2023-08-11T17:48:23","guid":{"rendered":"https:\/\/tecnoglobalgt.com\/es\/?post_type=product&#038;p=2490"},"modified":"2023-08-11T17:55:07","modified_gmt":"2023-08-11T17:55:07","slug":"cable-xtech-para-iphone-ipad-ipod-xtg-216-varios-colores","status":"publish","type":"product","link":"https:\/\/tecnoglobalgt.com\/es\/product\/cable-xtech-para-iphone-ipad-ipod-xtg-216-varios-colores\/","title":{"rendered":"CABLE  XTECH PARA IPHONE\/IPAD\/IPOD XTG-216 VARIOS COLORES"},"content":{"rendered":"<div class=\"row no-gutters align-items-stretch justify-content-center align-content-center\" data-v-6831a363=\"\">\n<div class=\"col-md-6 order-lg-0 col-12 order-0\" data-v-6831a363=\"\"><img decoding=\"async\" class=\"img-fluid w-100\" src=\"https:\/\/xtech-frontend.s3.amazonaws.com\/media\/img\/XTG-216_Detalle_1.jpg\" data-v-6831a363=\"\" \/><\/div>\n<div class=\"bg-secondary p-4 p-md-5 d-flex flex-column justify-content-center align-items-center col-md-6 order-lg-1 col-12 order-1\" data-v-6831a363=\"\">\n<p class=\"text-grey text-left banner-text\" data-v-6831a363=\"\">Carga y sincroniza tu dispositivo iPhone, iPad, or iPod al insertar el conector USB a un adaptador de pared o a la computadora<\/p>\n<\/div>\n<\/div>\n<div class=\"row no-gutters align-items-stretch justify-content-center align-content-center\" data-v-6831a363=\"\">\n<div class=\"col-md-6 order-lg-1 col-12 order-0\" data-v-6831a363=\"\"><img decoding=\"async\" class=\"img-fluid w-100\" src=\"https:\/\/xtech-frontend.s3.amazonaws.com\/media\/img\/XTG-216_Detalle_2.jpg\" data-v-6831a363=\"\" \/><\/div>\n<div class=\"bg-secondary p-4 p-md-5 d-flex flex-column justify-content-center align-items-center col-md-6 order-lg-0 col-12 order-1\" data-v-6831a363=\"\">\n<p class=\"text-grey text-left banner-text\" data-v-6831a363=\"\">Cord\u00f3n plano que evita la formaci\u00f3n de nudos<\/p>\n<\/div>\n<\/div>\n<div class=\"row no-gutters align-items-stretch justify-content-center align-content-center\" data-v-6831a363=\"\">\n<div class=\"col-md-6 order-lg-0 col-12 order-0\" data-v-6831a363=\"\"><img decoding=\"async\" class=\"img-fluid w-100\" src=\"https:\/\/xtech-frontend.s3.amazonaws.com\/media\/img\/XTG-216_Detalle_3.jpg\" data-v-6831a363=\"\" \/><\/div>\n<div class=\"bg-secondary p-4 p-md-5 d-flex flex-column justify-content-center align-items-center col-md-6 order-lg-1 col-12 order-1\" data-v-6831a363=\"\">\n<p class=\"text-grey text-left banner-text\" data-v-6831a363=\"\">El peque\u00f1o conector se introduce sin problema en la mayor\u00eda de los estuches telef\u00f3nicos<\/p>\n<\/div>\n<h3>Caracter\u00edsticas<\/h3>\n<ul>\n<li>Cable de carga y sincronizaci\u00f3n de datos para iPhone<\/li>\n<li>Cord\u00f3n plano evita la formaci\u00f3n de nudos<\/li>\n<li>Lightning\u00ae<\/li>\n<li>1m<\/li>\n<\/ul>\n<\/div>\n","protected":false},"excerpt":{"rendered":"<div class=\"col-md-4 col-12\" data-v-6831a363=\"\">\n<ul>\n<li class=\"text-left text-grey p-3\"><strong><span class=\"font-weight-bold text-primary\" data-v-6831a363=\"\">Tipo de cable : <\/span><\/strong><span style=\"font-size: 14.4px;\">Cord\u00f3n plano evita la formaci\u00f3n de nudos<\/span><\/li>\n<li class=\"text-left text-grey p-3\"><strong style=\"font-size: 14.4px;\"><span class=\"font-weight-bold text-primary\" data-v-6831a363=\"\">Longitud: <\/span><\/strong><span style=\"font-size: 14.4px;\">1m<\/span><\/li>\n<\/ul>\n<\/div>\n","protected":false},"featured_media":2491,"comment_status":"open","ping_status":"closed","template":"","meta":[],"product_cat":[216],"product_tag":[],"class_list":{"0":"post-2490","1":"product","2":"type-product","3":"status-publish","4":"has-post-thumbnail","6":"product_cat-cable-para-celular","8":"first","9":"instock","10":"taxable","11":"shipping-taxable","12":"purchasable","13":"product-type-variable"},"_links":{"self":[{"href":"https:\/\/tecnoglobalgt.com\/es\/wp-json\/wp\/v2\/product\/2490","targetHints":{"allow":["GET"]}}],"collection":[{"href":"https:\/\/tecnoglobalgt.com\/es\/wp-json\/wp\/v2\/product"}],"about":[{"href":"https:\/\/tecnoglobalgt.com\/es\/wp-json\/wp\/v2\/types\/product"}],"replies":[{"embeddable":true,"href":"https:\/\/tecnoglobalgt.com\/es\/wp-json\/wp\/v2\/comments?post=2490"}],"wp:featuredmedia":[{"embeddable":true,"href":"https:\/\/tecnoglobalgt.com\/es\/wp-json\/wp\/v2\/media\/2491"}],"wp:attachment":[{"href":"https:\/\/tecnoglobalgt.com\/es\/wp-json\/wp\/v2\/media?parent=2490"}],"wp:term":[{"taxonomy":"product_cat","embeddable":true,"href":"https:\/\/tecnoglobalgt.com\/es\/wp-json\/wp\/v2\/product_cat?post=2490"},{"taxonomy":"product_tag","embeddable":true,"href":"https:\/\/tecnoglobalgt.com\/es\/wp-json\/wp\/v2\/product_tag?post=2490"}],"curies":[{"name":"wp","href":"https:\/\/api.w.org\/{rel}","templated":true}]}}